{"id":95253,"date":"2016-01-18T17:11:52","date_gmt":"2016-01-18T16:11:52","guid":{"rendered":"https:\/\/steelwrist.com\/about-steelwrist\/"},"modified":"2026-02-24T15:47:35","modified_gmt":"2026-02-24T14:47:35","slug":"o-steelwrist","status":"publish","type":"page","link":"https:\/\/steelwrist.com\/pl\/o-steelwrist\/","title":{"rendered":"O Steelwrist"},"content":{"rendered":"<p>Steelwrist to \u015bwiatowy producent tiltrotator\u00f3w, szybkoz\u0142\u0105czy i osprz\u0119tu roboczego do koparek z siedzib\u0105 w Szwecji. Zdecydowany nacisk na solidne i nowoczesne produkty, w po\u0142\u0105czeniu z szybk\u0105 obs\u0142ug\u0105, zosta\u0142 doceniony przez coraz wi\u0119ksz\u0105 liczb\u0119 klient\u00f3w.<\/p>\n<h2>Pomys\u0142 na biznes Steelwrist<\/h2>\n<p>\u201ePodstawow\u0105 dzia\u0142alno\u015bci\u0105 Steelwrist AB jest opracowywanie, produkcja i sprzeda\u017c tiltrotator\u00f3w, szybkoz\u0142\u0105czy, akcesori\u00f3w i osprz\u0119tu do koparek i koparko-\u0142adowarek.<br \/>\nCelem Steelwrist AB jest bycie\u201e najlepszym na \u015bwiecie w opracowywaniu, produkcji i sprzeda\u017cy sprz\u0119tu, kt\u00f3ry zwi\u0119ksza wydajno\u015b\u0107 koparek \u201dSteelwrist AB to szwedzka firma z siedzib\u0105 i produkcj\u0105 w Rosersberg, na p\u00f3\u0142noc od Sztokholmu. \u201d<\/p>\n<h2>Podstawowe warto\u015bci Steelwrist<\/h2>\n<p>Trzy podstawowe warto\u015bci, wraz z nasz\u0105 polityk\u0105 jako\u015bci i ochrony \u015brodowiska, wskazuj\u0105 spos\u00f3b, w jaki chcemy wsp\u00f3\u0142pracowa\u0107 z klientami, dealerami, dostawcami i pracownikami.<\/p>\n<h5>Reakcja<\/h5>\n<p>\u201eJeste\u015bmy responsywni i aktywnie pracujemy nad tym, aby s\u0142ucha\u0107 tego, czego oczekuj\u0105 nasi klienci. Pytamy, dop\u00f3ki nie zrozumiemy i staramy si\u0119 zachowa\u0107 jasno\u015b\u0107 w naszej komunikacji. W naszej codziennej pracy oznacza to, \u017ce aktywnie staramy si\u0119 uzyska\u0107 opinie i sugestie dotycz\u0105ce ulepsze\u0144 od naszych klient\u00f3w, dostawc\u00f3w i pracownik\u00f3w \u201d.<\/p>\n<h5>Prostota<\/h5>\n<p>\u201eJe\u015bli co\u015b mo\u017cna zrobi\u0107 \u0142atwiej, naszym celem jest to zrobi\u0107. Staramy si\u0119, aby nasze produkty i procesy pracy by\u0142y jak najprostsze \u201d.<\/p>\n<h5>Szybko\u015b\u0107<\/h5>\n<p>\u201eStaramy si\u0119 skraca\u0107 czas reakcji we wszystkich kontaktach z klientami, takich jak mailing, wsparcie techniczne i obs\u0142uga. Jako organizacja d\u0105\u017cymy do uzyskania przewagi konkurencyjnej poprzez szybkie uczenie si\u0119. W naszej codziennej pracy oznacza to, \u017ce staramy si\u0119 by\u0107 dost\u0119pni zawsze, gdy klient nas potrzebuje, i \u017ce nasz zapas cz\u0119\u015bci zamiennych umo\u017cliwia wysy\u0142k\u0119 kluczowych komponent\u00f3w w bardzo kr\u00f3tkim czasie.<\/p>\n","protected":false},"excerpt":{"rendered":"<p>Steelwrist to \u015bwiatowy producent tiltrotator\u00f3w, szybkoz\u0142\u0105czy i osprz\u0119tu roboczego do koparek z siedzib\u0105 w Szwecji. Zdecydowany nacisk na solidne i nowoczesne produkty, w po\u0142\u0105czeniu z szybk\u0105 obs\u0142ug\u0105, zosta\u0142 doceniony przez coraz wi\u0119ksz\u0105 liczb\u0119 klient\u00f3w. Pomys\u0142 na biznes Steelwrist \u201ePodstawow\u0105 dzia\u0142alno\u015bci\u0105&#8230;<\/p>\n","protected":false},"author":1,"featured_media":0,"parent":0,"menu_order":58,"comment_status":"closed","ping_status":"closed","template":"","meta":{"footnotes":""},"class_list":["post-95253","page","type-page","status-publish","hentry"],"acf":[],"_links":{"self":[{"href":"https:\/\/steelwrist.com\/pl\/wp-json\/wp\/v2\/pages\/95253","targetHints":{"allow":["GET"]}}],"collection":[{"href":"https:\/\/steelwrist.com\/pl\/wp-json\/wp\/v2\/pages"}],"about":[{"href":"https:\/\/steelwrist.com\/pl\/wp-json\/wp\/v2\/types\/page"}],"author":[{"embeddable":true,"href":"https:\/\/steelwrist.com\/pl\/wp-json\/wp\/v2\/users\/1"}],"replies":[{"embeddable":true,"href":"https:\/\/steelwrist.com\/pl\/wp-json\/wp\/v2\/comments?post=95253"}],"version-history":[{"count":6,"href":"https:\/\/steelwrist.com\/pl\/wp-json\/wp\/v2\/pages\/95253\/revisions"}],"predecessor-version":[{"id":317854,"href":"https:\/\/steelwrist.com\/pl\/wp-json\/wp\/v2\/pages\/95253\/revisions\/317854"}],"wp:attachment":[{"href":"https:\/\/steelwrist.com\/pl\/wp-json\/wp\/v2\/media?parent=95253"}],"curies":[{"name":"wp","href":"https:\/\/api.w.org\/{rel}","templated":true}]}}