{"id":95237,"date":"2016-02-17T14:35:32","date_gmt":"2016-02-17T13:35:32","guid":{"rendered":"https:\/\/steelwrist.com\/spare-parts\/"},"modified":"2025-12-17T14:27:05","modified_gmt":"2025-12-17T13:27:05","slug":"czesci-zamienne","status":"publish","type":"page","link":"https:\/\/steelwrist.com\/pl\/serwis\/czesci-zamienne\/","title":{"rendered":"Cz\u0119\u015bci zamienne"},"content":{"rendered":"<p>Je\u015bli potrzebujesz cz\u0119\u015bci zamiennych, istnieje kilka opcji:<\/p>\n<p>Skontaktuj si\u0119 ze sprzedawc\u0105, u kt\u00f3rego kupi\u0142e\u015b Steelwrist. Kilku dealer\u00f3w ma cz\u0119\u015bci zamienne w magazynie. Wyszukaj lokalnego dealera tutaj Zadzwo\u0144 na nasz numer cz\u0119\u015bci zamiennych pod numerem <a href=\"tel:+4686260713\">+46 (0) 8 626 07 13<\/a>, a my Ci pomo\u017cemy. Odwied\u017a nas na B\u00e4ckv\u00e4gen 18 w Sollentuna w Szwecji i odbierz cz\u0119\u015b\u0107. Cz\u0119\u015bci zam\u00f3wione przed godzin\u0105 14:00 zwykle wysy\u0142ane s\u0105 tego samego dnia. Nasz g\u0142\u00f3wny magazyn znajduje si\u0119 wraz z nasz\u0105 fabryk\u0105 w Sollentuna.<\/p>\n<h2><span data-sheets-root=\"1\" data-sheets-value=\"{&quot;1&quot;:2,&quot;2&quot;:&quot;Potrzebujesz pomocy w znalezieniu odpowiedniej cz\u0119\u015bci?&quot;}\" data-sheets-userformat=\"{&quot;2&quot;:21379,&quot;3&quot;:{&quot;1&quot;:0},&quot;4&quot;:{&quot;1&quot;:2,&quot;2&quot;:4884200},&quot;10&quot;:2,&quot;11&quot;:4,&quot;12&quot;:0,&quot;15&quot;:&quot;Arial&quot;,&quot;17&quot;:1}\">Potrzebujesz pomocy w znalezieniu odpowiedniej cz\u0119\u015bci?<\/span><\/h2>\n<p>Istniej\u0105 r\u00f3\u017cne opcje, je\u015bli nie jeste\u015b pewien, kt\u00f3re cz\u0119\u015bci potrzebujesz:<\/p>\n<p>Zaloguj si\u0119 do strony wsparcia Steelwrist i wyszukaj odpowiednie cz\u0119\u015bci.<br \/>\nPrzycisk logowania w prawym g\u00f3rnym rogu tej strony. Skontaktuj si\u0119 ze wsparciem Steelwrist:<a href=\"tel:+4686260712\">+46 (0) 8 626 07 12<\/a> lub wy\u015blij wiadomo\u015b\u0107 <a href=\"mailto:support@steelwrist.com\" target=\"_blank\" rel=\"noopener noreferrer\">email<\/a>, a my Ci pomo\u017cemy.<\/p>\n<h2><span data-sheets-root=\"1\" data-sheets-value=\"{&quot;1&quot;:2,&quot;2&quot;:&quot;Godziny otwarcia dzia\u0142u wsparcia Steelwrist&quot;}\" data-sheets-userformat=\"{&quot;2&quot;:21379,&quot;3&quot;:{&quot;1&quot;:0},&quot;4&quot;:{&quot;1&quot;:2,&quot;2&quot;:4884200},&quot;10&quot;:2,&quot;11&quot;:4,&quot;12&quot;:0,&quot;15&quot;:&quot;Arial&quot;,&quot;17&quot;:1}\">Godziny otwarcia dzia\u0142u wsparcia Steelwrist<\/span><\/h2>\n<p><span data-sheets-root=\"1\" data-sheets-value=\"{&quot;1&quot;:2,&quot;2&quot;:&quot;Nasz dzia\u0142 serwisowy jest czynny w dni powszednie od 7:00 do 17:00.&quot;}\" data-sheets-userformat=\"{&quot;2&quot;:4995,&quot;3&quot;:{&quot;1&quot;:0},&quot;4&quot;:{&quot;1&quot;:2,&quot;2&quot;:4884200},&quot;10&quot;:2,&quot;11&quot;:4,&quot;12&quot;:0,&quot;15&quot;:&quot;Arial&quot;}\">Nasz dzia\u0142 serwisowy jest czynny w dni powszednie od 7:00 do 17:00.<\/span><\/p>\n","protected":false},"excerpt":{"rendered":"<p>Je\u015bli potrzebujesz cz\u0119\u015bci zamiennych, istnieje kilka opcji: Skontaktuj si\u0119 ze sprzedawc\u0105, u kt\u00f3rego kupi\u0142e\u015b Steelwrist. Kilku dealer\u00f3w ma cz\u0119\u015bci zamienne w magazynie. Wyszukaj lokalnego dealera tutaj Zadzwo\u0144 na nasz numer cz\u0119\u015bci zamiennych pod numerem +46 (0) 8 626 07 13,&#8230;<\/p>\n","protected":false},"author":1,"featured_media":0,"parent":95238,"menu_order":0,"comment_status":"closed","ping_status":"closed","template":"","meta":{"footnotes":""},"class_list":["post-95237","page","type-page","status-publish","hentry"],"acf":[],"_links":{"self":[{"href":"https:\/\/steelwrist.com\/pl\/wp-json\/wp\/v2\/pages\/95237","targetHints":{"allow":["GET"]}}],"collection":[{"href":"https:\/\/steelwrist.com\/pl\/wp-json\/wp\/v2\/pages"}],"about":[{"href":"https:\/\/steelwrist.com\/pl\/wp-json\/wp\/v2\/types\/page"}],"author":[{"embeddable":true,"href":"https:\/\/steelwrist.com\/pl\/wp-json\/wp\/v2\/users\/1"}],"replies":[{"embeddable":true,"href":"https:\/\/steelwrist.com\/pl\/wp-json\/wp\/v2\/comments?post=95237"}],"version-history":[{"count":5,"href":"https:\/\/steelwrist.com\/pl\/wp-json\/wp\/v2\/pages\/95237\/revisions"}],"predecessor-version":[{"id":272848,"href":"https:\/\/steelwrist.com\/pl\/wp-json\/wp\/v2\/pages\/95237\/revisions\/272848"}],"up":[{"embeddable":true,"href":"https:\/\/steelwrist.com\/pl\/wp-json\/wp\/v2\/pages\/95238"}],"wp:attachment":[{"href":"https:\/\/steelwrist.com\/pl\/wp-json\/wp\/v2\/media?parent=95237"}],"curies":[{"name":"wp","href":"https:\/\/api.w.org\/{rel}","templated":true}]}}