{"id":95236,"date":"2016-02-17T14:35:48","date_gmt":"2016-02-17T13:35:48","guid":{"rendered":"https:\/\/steelwrist.com\/fullservice\/"},"modified":"2024-08-01T11:18:10","modified_gmt":"2024-08-01T09:18:10","slug":"pelen-serwis","status":"publish","type":"page","link":"https:\/\/steelwrist.com\/pl\/serwis\/pelen-serwis\/","title":{"rendered":"Pe\u0142en serwis"},"content":{"rendered":"<h2>Regeneracja po sta\u0142ej cenie<\/h2>\n<p>Po kilku latach u\u017cytkowania tiltrotatora Steelwrist mo\u017ce zaistnie\u0107 potrzeba przegl\u0105du i wymiany cz\u0119\u015bci zu\u017cywaj\u0105cych si\u0119, takich jak tuleje, \u0142o\u017cyska i w\u0119\u017ce. Zarezerwuj pe\u0142ny serwis dla swojego urz\u0105dzenia Steelwrist.<\/p>\n<h3>W ten spos\u00f3b wykonywana jest pe\u0142na us\u0142uga<\/h3>\n<p>Demontujemy tiltrotator, wymieniamy wszystkie cz\u0119\u015bci zu\u017cywaj\u0105ce si\u0119, myjemy go, a nast\u0119pnie montujemy i wreszcie testujemy. Tw\u00f3j Steelwrist zostanie odnowiony i b\u0119dzie gotowy na lata u\u017cytkowania. Je\u015bli wykryjemy jak\u0105kolwiek wad\u0119, kt\u00f3r\u0105 mo\u017cemy usun\u0105\u0107 w pe\u0142nym zakresie serwisu, w\u00f3wczas skontaktujemy si\u0119 z tob\u0105 z propozycj\u0105 i cen\u0105. Wszystkie prace i wszystkie cz\u0119\u015bci ulegaj\u0105ce zu\u017cyciu s\u0105 wliczone w cen\u0119 pe\u0142nego serwisu, aby\u015b wcze\u015bniej wiedzia\u0142, jaki jest koszt. Jedynym dodatkowym kosztem jest wysy\u0142ka (je\u015bli nie przeka\u017cesz go nam).<\/p>\n<p>Na napraw\u0119 potrzebujemy oko\u0142o 7 dni roboczych.<\/p>\n<p><strong>Wype\u0142nij ten formularz, je\u015bli chcesz dowiedzie\u0107 si\u0119 wi\u0119cej o Steelwrist Full Service!<\/strong><\/p>\n<p><iframe loading=\"lazy\" style=\"border: 0;\" src=\"https:\/\/pages.upsales.com\/6936u3cc1f33d6b3449919e3a63d129d25940-frame\" width=\"100%\" height=\"970\"><\/iframe><\/p>\n","protected":false},"excerpt":{"rendered":"<p>Regeneracja po sta\u0142ej cenie Po kilku latach u\u017cytkowania tiltrotatora Steelwrist mo\u017ce zaistnie\u0107 potrzeba przegl\u0105du i wymiany cz\u0119\u015bci zu\u017cywaj\u0105cych si\u0119, takich jak tuleje, \u0142o\u017cyska i w\u0119\u017ce. Zarezerwuj pe\u0142ny serwis dla swojego urz\u0105dzenia Steelwrist. W ten spos\u00f3b wykonywana jest pe\u0142na us\u0142uga Demontujemy&#8230;<\/p>\n","protected":false},"author":1,"featured_media":0,"parent":95238,"menu_order":8,"comment_status":"closed","ping_status":"closed","template":"","meta":{"footnotes":""},"class_list":["post-95236","page","type-page","status-publish","hentry"],"acf":[],"_links":{"self":[{"href":"https:\/\/steelwrist.com\/pl\/wp-json\/wp\/v2\/pages\/95236","targetHints":{"allow":["GET"]}}],"collection":[{"href":"https:\/\/steelwrist.com\/pl\/wp-json\/wp\/v2\/pages"}],"about":[{"href":"https:\/\/steelwrist.com\/pl\/wp-json\/wp\/v2\/types\/page"}],"author":[{"embeddable":true,"href":"https:\/\/steelwrist.com\/pl\/wp-json\/wp\/v2\/users\/1"}],"replies":[{"embeddable":true,"href":"https:\/\/steelwrist.com\/pl\/wp-json\/wp\/v2\/comments?post=95236"}],"version-history":[{"count":7,"href":"https:\/\/steelwrist.com\/pl\/wp-json\/wp\/v2\/pages\/95236\/revisions"}],"predecessor-version":[{"id":271719,"href":"https:\/\/steelwrist.com\/pl\/wp-json\/wp\/v2\/pages\/95236\/revisions\/271719"}],"up":[{"embeddable":true,"href":"https:\/\/steelwrist.com\/pl\/wp-json\/wp\/v2\/pages\/95238"}],"wp:attachment":[{"href":"https:\/\/steelwrist.com\/pl\/wp-json\/wp\/v2\/media?parent=95236"}],"curies":[{"name":"wp","href":"https:\/\/api.w.org\/{rel}","templated":true}]}}