{"id":95233,"date":"2016-02-17T14:36:23","date_gmt":"2016-02-17T13:36:23","guid":{"rendered":"https:\/\/steelwrist.com\/education\/"},"modified":"2020-11-03T10:40:47","modified_gmt":"2020-11-03T09:40:47","slug":"edukacja","status":"publish","type":"page","link":"https:\/\/steelwrist.com\/pl\/serwis\/edukacja\/","title":{"rendered":"Edukacja"},"content":{"rendered":"<h2>Aktualizowana i fachowa wiedza zapewnia sprawn\u0105 instalacj\u0119 i obs\u0142ug\u0119<\/h2>\n<p>Wszystkim naszym sprzedawcom oferujemy szkolenia dotycz\u0105ce naszych produkt\u00f3w, w naszym centrum szkoleniowym w Sollentuna lub na miejscu u dealera. Ca\u0142kowicie zale\u017cne jest to od tego, co jest naj\u0142atwiejsze. Przywi\u0105zujemy du\u017c\u0105 wag\u0119 do naszego systemu sterowania, poniewa\u017c wiemy, \u017ce jest to trudna cz\u0119\u015b\u0107 dla wielu dealer\u00f3w. Niekt\u00f3re z naszych kurs\u00f3w s\u0105 cz\u0119\u015bci\u0105 programu szkoleniowego dla certyfikowanego partnera serwisowego Steelwrist.<\/p>\n<p>Skontaktuj si\u0119 z nami, aby uzyska\u0107 wi\u0119cej informacji na temat kurs\u00f3w, tre\u015bci kursu i wymaga\u0144 wst\u0119pnych.<\/p>\n<p><iframe src=\"https:\/\/pages.upsales.com\/6936u5366a859ce294753839d15d8a515593f-frame\" \t\twidth=\"100%\" \t\theight=\"674\" \t\tstyle=\"border:0\"><\/iframe><\/p>\n","protected":false},"excerpt":{"rendered":"<p>Aktualizowana i fachowa wiedza zapewnia sprawn\u0105 instalacj\u0119 i obs\u0142ug\u0119 Wszystkim naszym sprzedawcom oferujemy szkolenia dotycz\u0105ce naszych produkt\u00f3w, w naszym centrum szkoleniowym w Sollentuna lub na miejscu u dealera. Ca\u0142kowicie zale\u017cne jest to od tego, co jest naj\u0142atwiejsze. Przywi\u0105zujemy du\u017c\u0105 wag\u0119&#8230;<\/p>\n","protected":false},"author":1,"featured_media":0,"parent":95238,"menu_order":0,"comment_status":"closed","ping_status":"closed","template":"","meta":{"footnotes":""},"class_list":["post-95233","page","type-page","status-publish","hentry"],"acf":[],"_links":{"self":[{"href":"https:\/\/steelwrist.com\/pl\/wp-json\/wp\/v2\/pages\/95233","targetHints":{"allow":["GET"]}}],"collection":[{"href":"https:\/\/steelwrist.com\/pl\/wp-json\/wp\/v2\/pages"}],"about":[{"href":"https:\/\/steelwrist.com\/pl\/wp-json\/wp\/v2\/types\/page"}],"author":[{"embeddable":true,"href":"https:\/\/steelwrist.com\/pl\/wp-json\/wp\/v2\/users\/1"}],"replies":[{"embeddable":true,"href":"https:\/\/steelwrist.com\/pl\/wp-json\/wp\/v2\/comments?post=95233"}],"version-history":[{"count":5,"href":"https:\/\/steelwrist.com\/pl\/wp-json\/wp\/v2\/pages\/95233\/revisions"}],"predecessor-version":[{"id":206588,"href":"https:\/\/steelwrist.com\/pl\/wp-json\/wp\/v2\/pages\/95233\/revisions\/206588"}],"up":[{"embeddable":true,"href":"https:\/\/steelwrist.com\/pl\/wp-json\/wp\/v2\/pages\/95238"}],"wp:attachment":[{"href":"https:\/\/steelwrist.com\/pl\/wp-json\/wp\/v2\/media?parent=95233"}],"curies":[{"name":"wp","href":"https:\/\/api.w.org\/{rel}","templated":true}]}}