{"id":95232,"date":"2016-02-17T14:36:51","date_gmt":"2016-02-17T13:36:51","guid":{"rendered":"https:\/\/steelwrist.com\/product-registration\/"},"modified":"2020-11-03T10:35:34","modified_gmt":"2020-11-03T09:35:34","slug":"rejestracja-produktu","status":"publish","type":"page","link":"https:\/\/steelwrist.com\/pl\/serwis\/rejestracja-produktu\/","title":{"rendered":"Rejestracja produktu"},"content":{"rendered":"<p class=\"ingress\">Rejestracja produktu odbywa si\u0119 zar\u00f3wno dla ochrony przed kradzie\u017c\u0105 (Datatag), jak i je\u015bli wybrano t\u0119 opcj\u0119 dla przed\u0142u\u017conej gwarancji (Rozszerzona gwarancja).<\/p>\n<p>Je\u015bli wybra\u0142e\u015b oznakowanie Datatag, mo\u017cesz od wi\u0119kszo\u015bci firm ubezpieczeniowych unikn\u0105\u0107 p\u0142acenia odlicze\u0144, je\u015bli co\u015b zosta\u0142o skradzione. Niekt\u00f3re firmy ubezpieczeniowe maj\u0105 r\u00f3wnie\u017c obni\u017ck\u0119 koszt\u00f3w sk\u0142adki. Dzi\u0119ki oznaczeniu Datatag Tw\u00f3j Steelwrist stanie si\u0119 identyfikowalny w 194 krajach w systemie Cesar.<\/p>\n<p>Je\u015bli chcesz mie\u0107 pewno\u015b\u0107, \u017ce obowi\u0105zuje przed\u0142u\u017cona gwarancja, musisz zarejestrowa\u0107 sw\u00f3j produkt w ci\u0105gu miesi\u0105ca od otrzymania maszyny od sprzedawcy.<\/p>\n<p>Wszystkie podane informacje s\u0105 chronione na mocy szwedzkiej ustawy o danych osobowych.<\/p>\n<p><iframe src=\"https:\/\/pages.upsales.com\/6936u474884726bc040be88f4a7b549e178c7-frame\" \t\twidth=\"100%\" \t\theight=\"1192\" \t\tstyle=\"border:0\"><\/iframe><\/p>\n","protected":false},"excerpt":{"rendered":"<p>Rejestracja produktu odbywa si\u0119 zar\u00f3wno dla ochrony przed kradzie\u017c\u0105 (Datatag), jak i je\u015bli wybrano t\u0119 opcj\u0119 dla przed\u0142u\u017conej gwarancji (Rozszerzona gwarancja). Je\u015bli wybra\u0142e\u015b oznakowanie Datatag, mo\u017cesz od wi\u0119kszo\u015bci firm ubezpieczeniowych unikn\u0105\u0107 p\u0142acenia odlicze\u0144, je\u015bli co\u015b zosta\u0142o skradzione. Niekt\u00f3re firmy ubezpieczeniowe&#8230;<\/p>\n","protected":false},"author":1,"featured_media":0,"parent":95238,"menu_order":21,"comment_status":"closed","ping_status":"closed","template":"","meta":{"footnotes":""},"class_list":["post-95232","page","type-page","status-publish","hentry"],"acf":[],"_links":{"self":[{"href":"https:\/\/steelwrist.com\/pl\/wp-json\/wp\/v2\/pages\/95232","targetHints":{"allow":["GET"]}}],"collection":[{"href":"https:\/\/steelwrist.com\/pl\/wp-json\/wp\/v2\/pages"}],"about":[{"href":"https:\/\/steelwrist.com\/pl\/wp-json\/wp\/v2\/types\/page"}],"author":[{"embeddable":true,"href":"https:\/\/steelwrist.com\/pl\/wp-json\/wp\/v2\/users\/1"}],"replies":[{"embeddable":true,"href":"https:\/\/steelwrist.com\/pl\/wp-json\/wp\/v2\/comments?post=95232"}],"version-history":[{"count":5,"href":"https:\/\/steelwrist.com\/pl\/wp-json\/wp\/v2\/pages\/95232\/revisions"}],"predecessor-version":[{"id":205987,"href":"https:\/\/steelwrist.com\/pl\/wp-json\/wp\/v2\/pages\/95232\/revisions\/205987"}],"up":[{"embeddable":true,"href":"https:\/\/steelwrist.com\/pl\/wp-json\/wp\/v2\/pages\/95238"}],"wp:attachment":[{"href":"https:\/\/steelwrist.com\/pl\/wp-json\/wp\/v2\/media?parent=95232"}],"curies":[{"name":"wp","href":"https:\/\/api.w.org\/{rel}","templated":true}]}}