{"id":95231,"date":"2016-02-17T14:57:21","date_gmt":"2016-02-17T13:57:21","guid":{"rendered":"https:\/\/steelwrist.com\/field-service\/"},"modified":"2019-11-05T16:12:51","modified_gmt":"2019-11-05T15:12:51","slug":"serwis-terenowy","status":"publish","type":"page","link":"https:\/\/steelwrist.com\/pl\/serwis\/serwis-terenowy\/","title":{"rendered":"Serwis terenowy"},"content":{"rendered":"<h2>Wsparcie bezpo\u015brednio od nas lub od najbli\u017cszego partnera serwisowego<\/h2>\n<p>Wsparcie bezpo\u015brednio od nas lub od najbli\u017cszego partnera serwisowego Nasz w\u0142asny serwis terenowy jest \u0142\u0105cznikiem mi\u0119dzy naszym dzia\u0142em rozwoju a klientem ko\u0144cowym. Najcz\u0119\u015bciej nasi dealerzy zajmuj\u0105 si\u0119 wi\u0119kszo\u015bci\u0105 problem\u00f3w, kt\u00f3re mog\u0105 pojawi\u0107 si\u0119 w terenie. Czasami potrzebujesz naszej pomocy lub jest to co\u015b, na co chcemy spojrze\u0107 w celu poprawy.<\/p>\n<p>Mamy wielk\u0105 zalet\u0119, jak\u0105 jest Sollentuna, poniewa\u017c mo\u017cemy \u0142atwo pokry\u0107 du\u017cy obszar, na kt\u00f3rym znajduje si\u0119 bardzo wiele koparek.<em> Niezale\u017cnie od tego wa\u017cne jest, aby wszelkie problemy by\u0142y rozwi\u0105zywane szybko, a nasza us\u0142uga terenowa jest dost\u0119pna w razie potrzeby jako dodatkowe \u017ar\u00f3d\u0142o.<\/em><\/p>\n<p>Zawsze mo\u017cesz skontaktowa\u0107 si\u0119 z naszym wsparciem pod numerem telefonu\u00a0<a href=\"tel:+4686260712\" target=\"_blank\" rel=\"noopener\">+46 (0)8 626 07 12<\/a><\/p>\n<p>&nbsp;<\/p>\n","protected":false},"excerpt":{"rendered":"<p>Wsparcie bezpo\u015brednio od nas lub od najbli\u017cszego partnera serwisowego Wsparcie bezpo\u015brednio od nas lub od najbli\u017cszego partnera serwisowego Nasz w\u0142asny serwis terenowy jest \u0142\u0105cznikiem mi\u0119dzy naszym dzia\u0142em rozwoju a klientem ko\u0144cowym. Najcz\u0119\u015bciej nasi dealerzy zajmuj\u0105 si\u0119 wi\u0119kszo\u015bci\u0105 problem\u00f3w, kt\u00f3re mog\u0105&#8230;<\/p>\n","protected":false},"author":1,"featured_media":0,"parent":95238,"menu_order":0,"comment_status":"closed","ping_status":"closed","template":"","meta":{"footnotes":""},"class_list":["post-95231","page","type-page","status-publish","hentry"],"acf":[],"_links":{"self":[{"href":"https:\/\/steelwrist.com\/pl\/wp-json\/wp\/v2\/pages\/95231","targetHints":{"allow":["GET"]}}],"collection":[{"href":"https:\/\/steelwrist.com\/pl\/wp-json\/wp\/v2\/pages"}],"about":[{"href":"https:\/\/steelwrist.com\/pl\/wp-json\/wp\/v2\/types\/page"}],"author":[{"embeddable":true,"href":"https:\/\/steelwrist.com\/pl\/wp-json\/wp\/v2\/users\/1"}],"replies":[{"embeddable":true,"href":"https:\/\/steelwrist.com\/pl\/wp-json\/wp\/v2\/comments?post=95231"}],"version-history":[{"count":5,"href":"https:\/\/steelwrist.com\/pl\/wp-json\/wp\/v2\/pages\/95231\/revisions"}],"predecessor-version":[{"id":153163,"href":"https:\/\/steelwrist.com\/pl\/wp-json\/wp\/v2\/pages\/95231\/revisions\/153163"}],"up":[{"embeddable":true,"href":"https:\/\/steelwrist.com\/pl\/wp-json\/wp\/v2\/pages\/95238"}],"wp:attachment":[{"href":"https:\/\/steelwrist.com\/pl\/wp-json\/wp\/v2\/media?parent=95231"}],"curies":[{"name":"wp","href":"https:\/\/api.w.org\/{rel}","templated":true}]}}