{"id":95227,"date":"2016-03-08T14:25:41","date_gmt":"2016-03-08T13:25:41","guid":{"rendered":"https:\/\/steelwrist.com\/support\/"},"modified":"2022-10-13T11:33:48","modified_gmt":"2022-10-13T09:33:48","slug":"wsparcie","status":"publish","type":"page","link":"https:\/\/steelwrist.com\/pl\/serwis\/wsparcie\/","title":{"rendered":"Wsparcie"},"content":{"rendered":"<p class=\"ingress\">Czasami mimo wszystko co\u015b si\u0119 psuje.<\/p>\n<p>Klient jest zawsze dla nas najwa\u017cniejszy w Steelwrist Support. Naszym celem jest zawsze zapewnienie szybkiej i profesjonalnej pomocy, bez wzgl\u0119du na produkt, z kt\u00f3rym potrzebujesz pomocy. Szkolimy i wspieramy naszych dealer\u00f3w w celu zapewnienia najlepszej obs\u0142ugi.<\/p>\n<h3>Us\u0142uga osobista<\/h3>\n<p>Nasze wsparcie jest otwarte &#8211; od poniedzia\u0142ku do pi\u0105tku w godzinach 07: 00-17: 00<br \/>\nWsparcie techniczne:\u00a0<a href=\"tel:+48728277614\" target=\"_blank\" rel=\"noopener\">+48 728 277 614<\/a><br \/>\nCz\u0119\u015bci zamienne:<a href=\"tel:+4686260713\" target=\"_blank\" rel=\"noopener\">+46 (0) 8 626 07 13 <\/a><br \/>\nMamy tak\u017ce lokalnych partner\u00f3w wsparcia i serwisu w wielu krajach.<br \/>\nKontakty znajdziesz pod partnerami serwisowymi.<\/p>\n<h3>Porozmawiaj z nami<\/h3>\n<p>Mo\u017cesz r\u00f3wnie\u017c do nas dotrze\u0107 za po\u015brednictwem funkcji czatu w prawym dolnym rogu!<\/p>\n<h3>Web Sie\u0107 wsparcia<\/h3>\n<p>Za po\u015brednictwem naszego Supportweb nasi partnerzy serwisowi maj\u0105 dost\u0119p do najnowszych informacji o naszych produktach &#8211; przez ca\u0142\u0105 dob\u0119. Tutaj mo\u017cesz znale\u017a\u0107 mi\u0119dzy innymi dokumentacj\u0119 naszych produkt\u00f3w, zam\u00f3wi\u0107 cz\u0119\u015bci zamienne, zadawa\u0107 pytania i sk\u0142ada\u0107 reklamacje. Specjalny zesp\u00f3\u0142 wsparcia Steelwrist odpowiada na pytania i rozpatruje reklamacje w godzinach pracy. Je\u015bli zadajesz pytania, kiedy jeste\u015bmy chwilowo niedost\u0119pni, zajmiemy si\u0119 nimi, gdy tylko b\u0119dziemy dost\u0119pni ponownie.<\/p>\n","protected":false},"excerpt":{"rendered":"<p>Czasami mimo wszystko co\u015b si\u0119 psuje. Klient jest zawsze dla nas najwa\u017cniejszy w Steelwrist Support. Naszym celem jest zawsze zapewnienie szybkiej i profesjonalnej pomocy, bez wzgl\u0119du na produkt, z kt\u00f3rym potrzebujesz pomocy. Szkolimy i wspieramy naszych dealer\u00f3w w celu zapewnienia&#8230;<\/p>\n","protected":false},"author":12,"featured_media":0,"parent":95238,"menu_order":0,"comment_status":"closed","ping_status":"closed","template":"","meta":{"footnotes":""},"class_list":["post-95227","page","type-page","status-publish","hentry"],"acf":[],"_links":{"self":[{"href":"https:\/\/steelwrist.com\/pl\/wp-json\/wp\/v2\/pages\/95227","targetHints":{"allow":["GET"]}}],"collection":[{"href":"https:\/\/steelwrist.com\/pl\/wp-json\/wp\/v2\/pages"}],"about":[{"href":"https:\/\/steelwrist.com\/pl\/wp-json\/wp\/v2\/types\/page"}],"author":[{"embeddable":true,"href":"https:\/\/steelwrist.com\/pl\/wp-json\/wp\/v2\/users\/12"}],"replies":[{"embeddable":true,"href":"https:\/\/steelwrist.com\/pl\/wp-json\/wp\/v2\/comments?post=95227"}],"version-history":[{"count":5,"href":"https:\/\/steelwrist.com\/pl\/wp-json\/wp\/v2\/pages\/95227\/revisions"}],"predecessor-version":[{"id":231531,"href":"https:\/\/steelwrist.com\/pl\/wp-json\/wp\/v2\/pages\/95227\/revisions\/231531"}],"up":[{"embeddable":true,"href":"https:\/\/steelwrist.com\/pl\/wp-json\/wp\/v2\/pages\/95238"}],"wp:attachment":[{"href":"https:\/\/steelwrist.com\/pl\/wp-json\/wp\/v2\/media?parent=95227"}],"curies":[{"name":"wp","href":"https:\/\/api.w.org\/{rel}","templated":true}]}}