{"id":95207,"date":"2016-03-15T16:31:12","date_gmt":"2016-03-15T15:31:12","guid":{"rendered":"https:\/\/steelwrist.com\/lannen\/"},"modified":"2026-01-15T16:39:29","modified_gmt":"2026-01-15T15:39:29","slug":"lannen","status":"publish","type":"page","link":"https:\/\/steelwrist.com\/pl\/twoja-koparka\/lannen\/","title":{"rendered":"L\u00e4nnen"},"content":{"rendered":"<p>Niezale\u017cnie od tego, czy potrzebujesz bezpiecznego i solidnego szybkoz\u0142\u0105cza, bardziej zaawansowanego szybkoz\u0142\u0105cza z funkcj\u0105 przechy\u0142u lub obrotu, czy najbardziej wydajnego tiltrotatora \u2013 mamy rozwi\u0105zanie dopasowane do Twoich potrzeb. Wybierz spo\u015br\u00f3d szerokiej gamy osprz\u0119tu, narz\u0119dzi roboczych i \u0142y\u017cek, zaprojektowanych tak, aby idealnie wsp\u00f3\u0142pracowa\u0142y z tiltrotatorem. Dzi\u0119ki temu Twoja koparka b\u0119dzie gotowa do realizacji wielu zada\u0144, takich jak kopanie, podnoszenie, niwelowanie, sortowanie, zag\u0119szczanie, prace wyburzeniowe i wiele innych.<\/p>\n<p><span data-sheets-root=\"1\">Skorzystaj z filtra poni\u017cej, aby \u2013 w zale\u017cno\u015bci od masy koparki \u2013 znale\u017a\u0107 wyposa\u017cenie Steelwrist odpowiednie dla Twojej maszyny.<\/span><\/p>\n<h4><strong><span data-sheets-root=\"1\">MASZ PYTANIA?<\/span><\/strong><\/h4>\n<p><span data-sheets-root=\"1\">Skontaktuj si\u0119 ze swoim dealerem i popro\u015b o ofert\u0119 lub zadzwo\u0144 do nas pod numer <a href=\"tel:+48618802470\">+48 618 802 470<\/a> \u2013 ch\u0119tnie pomo\u017cemy.<\/span><\/p>\n\n","protected":false},"excerpt":{"rendered":"","protected":false},"author":12,"featured_media":0,"parent":95266,"menu_order":17,"comment_status":"closed","ping_status":"closed","template":"template-excavator-brand.php","meta":{"footnotes":""},"class_list":["post-95207","page","type-page","status-publish","hentry"],"acf":[],"_links":{"self":[{"href":"https:\/\/steelwrist.com\/pl\/wp-json\/wp\/v2\/pages\/95207","targetHints":{"allow":["GET"]}}],"collection":[{"href":"https:\/\/steelwrist.com\/pl\/wp-json\/wp\/v2\/pages"}],"about":[{"href":"https:\/\/steelwrist.com\/pl\/wp-json\/wp\/v2\/types\/page"}],"author":[{"embeddable":true,"href":"https:\/\/steelwrist.com\/pl\/wp-json\/wp\/v2\/users\/12"}],"replies":[{"embeddable":true,"href":"https:\/\/steelwrist.com\/pl\/wp-json\/wp\/v2\/comments?post=95207"}],"version-history":[{"count":5,"href":"https:\/\/steelwrist.com\/pl\/wp-json\/wp\/v2\/pages\/95207\/revisions"}],"predecessor-version":[{"id":311742,"href":"https:\/\/steelwrist.com\/pl\/wp-json\/wp\/v2\/pages\/95207\/revisions\/311742"}],"up":[{"embeddable":true,"href":"https:\/\/steelwrist.com\/pl\/wp-json\/wp\/v2\/pages\/95266"}],"wp:attachment":[{"href":"https:\/\/steelwrist.com\/pl\/wp-json\/wp\/v2\/media?parent=95207"}],"curies":[{"name":"wp","href":"https:\/\/api.w.org\/{rel}","templated":true}]}}