{"id":95181,"date":"2016-04-04T14:29:32","date_gmt":"2016-04-04T12:29:32","guid":{"rendered":"https:\/\/steelwrist.com\/quote\/"},"modified":"2024-05-15T18:23:28","modified_gmt":"2024-05-15T16:23:28","slug":"wycena","status":"publish","type":"page","link":"https:\/\/steelwrist.com\/pl\/serwis\/wycena\/","title":{"rendered":"Wycena"},"content":{"rendered":"<p>Skontaktuj si\u0119 z nami w sprawie cen naszych produkt\u00f3w. Wype\u0142nij poni\u017cszy formularz, aby wys\u0142a\u0107 wiadomo\u015b\u0107 do naszego dzia\u0142u sprzeda\u017cy lub zadzwo\u0144 do nas pod numer +48 577 510 007, a my zapewnimy ci pomoc.<\/p>\n<p><iframe loading=\"lazy\" src=\"https:\/\/pages.upsales.com\/6936u0afcfc23f5874377911081e951e94a0c-frame\" width=\"100%\" height=\"1548\" style=\"border:0\"><\/iframe><\/p>\n","protected":false},"excerpt":{"rendered":"<p>Skontaktuj si\u0119 z nami w sprawie cen naszych produkt\u00f3w. Wype\u0142nij poni\u017cszy formularz, aby wys\u0142a\u0107 wiadomo\u015b\u0107 do naszego dzia\u0142u sprzeda\u017cy lub zadzwo\u0144 do nas pod numer +48 577 510 007, a my zapewnimy ci pomoc.<\/p>\n","protected":false},"author":12,"featured_media":0,"parent":95238,"menu_order":8,"comment_status":"closed","ping_status":"closed","template":"","meta":{"footnotes":""},"class_list":["post-95181","page","type-page","status-publish","hentry"],"acf":[],"_links":{"self":[{"href":"https:\/\/steelwrist.com\/pl\/wp-json\/wp\/v2\/pages\/95181","targetHints":{"allow":["GET"]}}],"collection":[{"href":"https:\/\/steelwrist.com\/pl\/wp-json\/wp\/v2\/pages"}],"about":[{"href":"https:\/\/steelwrist.com\/pl\/wp-json\/wp\/v2\/types\/page"}],"author":[{"embeddable":true,"href":"https:\/\/steelwrist.com\/pl\/wp-json\/wp\/v2\/users\/12"}],"replies":[{"embeddable":true,"href":"https:\/\/steelwrist.com\/pl\/wp-json\/wp\/v2\/comments?post=95181"}],"version-history":[{"count":5,"href":"https:\/\/steelwrist.com\/pl\/wp-json\/wp\/v2\/pages\/95181\/revisions"}],"predecessor-version":[{"id":268693,"href":"https:\/\/steelwrist.com\/pl\/wp-json\/wp\/v2\/pages\/95181\/revisions\/268693"}],"up":[{"embeddable":true,"href":"https:\/\/steelwrist.com\/pl\/wp-json\/wp\/v2\/pages\/95238"}],"wp:attachment":[{"href":"https:\/\/steelwrist.com\/pl\/wp-json\/wp\/v2\/media?parent=95181"}],"curies":[{"name":"wp","href":"https:\/\/api.w.org\/{rel}","templated":true}]}}