{"id":95175,"date":"2016-04-06T16:17:39","date_gmt":"2016-04-06T14:17:39","guid":{"rendered":"https:\/\/steelwrist.com\/rules-regulations-and-standards\/"},"modified":"2020-04-21T11:33:16","modified_gmt":"2020-04-21T09:33:16","slug":"zasady-przepisy-i-standardy","status":"publish","type":"page","link":"https:\/\/steelwrist.com\/pl\/faq\/zasady-przepisy-i-standardy\/","title":{"rendered":"Zasady, przepisy i standardy"},"content":{"rendered":"<p class=\"ingress\">Nie mo\u017cemy ci powiedzie\u0107, co masz robi\u0107, ale mo\u017cemy pom\u00f3c ci zrozumie\u0107, co musisz zrobi\u0107. Do\u015b\u0107 cz\u0119sto otrzymujemy pytania dotycz\u0105ce tego, kt\u00f3re zasady maj\u0105 zastosowanie i co mo\u017ce si\u0119 sta\u0107, je\u015bli nie b\u0119d\u0105 przestrzegane. Tutaj staramy si\u0119 udziela\u0107 odpowiedzi na niekt\u00f3re cz\u0119sto zadawane pytania. Pami\u0119taj, \u017ce nie wszystkie zasady maj\u0105 zastosowanie, ale skupiamy si\u0119 na kilku, kt\u00f3re warto zna\u0107.<\/p>\n<h2>Co to jest dyrektywa maszynowa?<\/h2>\n<p>Nowa dyrektywa maszynowa (2006\/42 \/ WE) wesz\u0142a w \u017cycie 29 grudnia 2009 r. I reguluje warunki, w kt\u00f3rych maszyny maj\u0105 by\u0107 oznakowane znakiem CE.<\/p>\n<p><strong>Znak CE pokazuje, \u017ce:<br \/>\n<\/strong>Producent gwarantuje, \u017ce urz\u0105dzenie jest zgodne z dyrektyw\u0105<br \/>\nProducent bierze odpowiedzialno\u015b\u0107 za bezpiecze\u0144stwo maszyny<br \/>\nMaszyna musi by\u0107 jak najbardziej bezpieczna Kupuj\u0105cy musi posiada\u0107 deklaracj\u0119 zgodno\u015bci Producent musi posiada\u0107 dokumentacj\u0119 techniczn\u0105 Maszyna mo\u017ce by\u0107 swobodnie sprzedawana na terenie UE<\/p>\n<h3>Kiedy zostanie wydany nowy standard ISO13031 dla szybkoz\u0142\u0105czy?<\/h3>\n<p>Aspekty bezpiecze\u0144stwa sterowania joystickiem s\u0105 regulowane w ISO5010, a elektronika w ISO15998. Kr\u00f3tko m\u00f3wi\u0105c, nast\u0119puj\u0105ce kryteria musz\u0105 by\u0107 spe\u0142nione, aby m\u00f3c zainstalowa\u0107 joystick na koparce ko\u0142owej.<\/p>\n<ul>\n<li>Normalna kierownica musi by\u0107 zawsze aktywna i mie\u0107 najwy\u017cszy priorytet.<\/li>\n<li>Sterowanie joystickiem musi by\u0107 mo\u017cliwe do dezaktywacji.<\/li>\n<li>Wskazanie wizualne pjest niezb\u0119dne, gdy aktywne jest sterowanie joystickiem.<\/li>\n<li>Ograniczenie pr\u0119dko\u015bci nie mo\u017ce przekracza\u0107 20 km \/ h i musi by\u0107 niemo\u017cliwe, aby jecha\u0107 szybciej ni\u017c okre\u015blona pr\u0119dko\u015b\u0107 z aktywowanym joystickiem.<\/li>\n<li>Operator musi ponownie w\u0142\u0105czy\u0107 funkcj\u0119 sterowania ko\u0142ami za pomoc\u0105 joysticka po ka\u017cdorazowym wej\u015bciu do maszyny.<\/li>\n<li>Je\u015bli sterowanie joystickiem wskazuje problemy, nale\u017cy przej\u015b\u0107 do \u201etrybu awaryjnego\u201d, np. b\u0105d\u017a zamkni\u0119ty.<\/li>\n<li>Ka\u017cdy pojazd musi wykona\u0107 jazd\u0119 pr\u00f3bn\u0105 i odby\u0107 kurs sterowania aby zweryfikowa\u0107 pr\u0119dko\u015b\u0107 maksymaln\u0105 przy aktywnym joysticku.<\/li>\n<\/ul>\n<h3>Co to jest standard symetryczny dla szybkoz\u0142\u0105czy?<\/h3>\n<p>Standard symetryczny jest niezale\u017cnym od maszyny standardem zarz\u0105dzanym przez szwedzkie stowarzyszenie handlowe dla dostawc\u00f3w maszyn mobilnych.<\/p>\n<p><strong>Celem normalizacji jest:<\/strong><\/p>\n<ul>\n<li>Stworzenie norm, kt\u00f3re b\u0119d\u0105 bezpieczne i przyjazne dla u\u017cytkownik\u00f3w a tak\u017ce zharmonizowane z normami mi\u0119dzynarodowymi, takimi jak EN474 i nadchodz\u0105ca ISO13031.<\/li>\n<li>tworzenie konkurencyjnego i otwartego standardu , kt\u00f3ry nie jest kontrolowany przez jednego producenta zamiast uznanej i bezstronnej organizacji zawodowej.<\/li>\n<li>Utworzenie jednolitego oznaczenia element\u00f3w z\u0142\u0105cznych o r\u00f3\u017cnych rozmiarach w ramach normy.<\/li>\n<li>Stworzenie jednolitego standardu produkcji z wymiarami i tolerancjami i dostosowany do wydajnej produkcji.<\/li>\n<li>Stworzenie projektu, dzi\u0119ki kt\u00f3remu tanie i \u0142atwe b\u0119dzie budowanie na nowych i u\u017cywanych \u0142y\u017ckach i akcesoriach.<\/li>\n<li>Stworzenie projektu, kt\u00f3ry b\u0119dzie odpowiedni do instalacji na r\u00f3\u017cnych typach uk\u0142ad\u00f3w przek\u0142adni za pomoc\u0105 tak zwanego narz\u0119dzia warstwowego, typu Rototilt \/ Tiltrotator i tym podobnych z szybkimi po\u0142\u0105czeniami zar\u00f3wno powy\u017cej, jak i poni\u017cej.<\/li>\n<li>Utworzenie standardu, o ile to mo\u017cliwe, zachowuj\u0105c koparce normalne w\u0142a\u015bciwo\u015bci.<\/li>\n<li>Posiadanie szeroko\u015bci wspornika, kt\u00f3ra harmonizuje si\u0119 z wi\u0119kszo\u015bci\u0105 szeroko\u015bci osprz\u0119t\u00f3w koparek w docelowych zakresach rozmiar\u00f3w i pasuj\u0105ce do nich.<\/li>\n<li>Praca bez zb\u0119dnej zabawy i bez indywidualnego dopasowywania podk\u0142adek dystansowych<\/li>\n<li>Posiadaj\u0105 konstrukcj\u0119, kt\u00f3ra pozwala na przysz\u0142\u0105 instalacj\u0119 w pe\u0142ni zautomatyzowanych system\u00f3w do \u0142\u0105czenia w\u0119\u017cy hydraulicznych i kabli elektrycznych.<\/li>\n<li>Norma powinna by\u0107 wspierana przez wi\u0119kszo\u015b\u0107 szwedzkich i skandynawskich dostawc\u00f3w producent\u00f3w maszyn i urz\u0105dze\u0144.<\/li>\n<\/ul>\n","protected":false},"excerpt":{"rendered":"<p>Nie mo\u017cemy ci powiedzie\u0107, co masz robi\u0107, ale mo\u017cemy pom\u00f3c ci zrozumie\u0107, co musisz zrobi\u0107. Do\u015b\u0107 cz\u0119sto otrzymujemy pytania dotycz\u0105ce tego, kt\u00f3re zasady maj\u0105 zastosowanie i co mo\u017ce si\u0119 sta\u0107, je\u015bli nie b\u0119d\u0105 przestrzegane. Tutaj staramy si\u0119 udziela\u0107 odpowiedzi na&#8230;<\/p>\n","protected":false},"author":12,"featured_media":0,"parent":95179,"menu_order":0,"comment_status":"closed","ping_status":"closed","template":"","meta":{"footnotes":""},"class_list":["post-95175","page","type-page","status-publish","hentry"],"acf":[],"_links":{"self":[{"href":"https:\/\/steelwrist.com\/pl\/wp-json\/wp\/v2\/pages\/95175","targetHints":{"allow":["GET"]}}],"collection":[{"href":"https:\/\/steelwrist.com\/pl\/wp-json\/wp\/v2\/pages"}],"about":[{"href":"https:\/\/steelwrist.com\/pl\/wp-json\/wp\/v2\/types\/page"}],"author":[{"embeddable":true,"href":"https:\/\/steelwrist.com\/pl\/wp-json\/wp\/v2\/users\/12"}],"replies":[{"embeddable":true,"href":"https:\/\/steelwrist.com\/pl\/wp-json\/wp\/v2\/comments?post=95175"}],"version-history":[{"count":5,"href":"https:\/\/steelwrist.com\/pl\/wp-json\/wp\/v2\/pages\/95175\/revisions"}],"predecessor-version":[{"id":199669,"href":"https:\/\/steelwrist.com\/pl\/wp-json\/wp\/v2\/pages\/95175\/revisions\/199669"}],"up":[{"embeddable":true,"href":"https:\/\/steelwrist.com\/pl\/wp-json\/wp\/v2\/pages\/95179"}],"wp:attachment":[{"href":"https:\/\/steelwrist.com\/pl\/wp-json\/wp\/v2\/media?parent=95175"}],"curies":[{"name":"wp","href":"https:\/\/api.w.org\/{rel}","templated":true}]}}