{"id":95171,"date":"2016-04-13T11:24:19","date_gmt":"2016-04-13T09:24:19","guid":{"rendered":"https:\/\/steelwrist.com\/ten-tips-choosing-tiltrotators\/"},"modified":"2025-02-19T14:01:34","modified_gmt":"2025-02-19T13:01:34","slug":"dziesiec-powodow","status":"publish","type":"page","link":"https:\/\/steelwrist.com\/pl\/dziesiec-powodow\/","title":{"rendered":"Dziesi\u0119\u0107 powod\u00f3w kt\u00f3re warto rozwa\u017cy\u0107 podczas zakupu obrotnicy"},"content":{"rendered":"<p><iframe loading=\"lazy\" style=\"border: 0;\" src=\"https:\/\/pages.upsales.com\/6936u4497c1ecc90d4043b65bc9624a82c5ca-frame\" width=\"360\" height=\"580\"><span data-mce-type=\"bookmark\" style=\"display: inline-block; width: 0px; overflow: hidden; line-height: 0;\" class=\"mce_SELRES_start\">\ufeff<\/span><span data-mce-type=\"bookmark\" style=\"display: inline-block; width: 0px; overflow: hidden; line-height: 0;\" class=\"mce_SELRES_start\">\ufeff<\/span><span data-mce-type=\"bookmark\" style=\"display: inline-block; width: 0px; overflow: hidden; line-height: 0;\" class=\"mce_SELRES_start\">\ufeff<\/span><span data-mce-type=\"bookmark\" style=\"display: inline-block; width: 0px; overflow: hidden; line-height: 0;\" class=\"mce_SELRES_start\">\ufeff<\/span><\/iframe><\/p>\n","protected":false},"excerpt":{"rendered":"<p>\ufeff\ufeff\ufeff\ufeff<\/p>\n","protected":false},"author":12,"featured_media":0,"parent":0,"menu_order":63,"comment_status":"closed","ping_status":"closed","template":"","meta":{"footnotes":""},"class_list":["post-95171","page","type-page","status-publish","hentry"],"acf":[],"_links":{"self":[{"href":"https:\/\/steelwrist.com\/pl\/wp-json\/wp\/v2\/pages\/95171","targetHints":{"allow":["GET"]}}],"collection":[{"href":"https:\/\/steelwrist.com\/pl\/wp-json\/wp\/v2\/pages"}],"about":[{"href":"https:\/\/steelwrist.com\/pl\/wp-json\/wp\/v2\/types\/page"}],"author":[{"embeddable":true,"href":"https:\/\/steelwrist.com\/pl\/wp-json\/wp\/v2\/users\/12"}],"replies":[{"embeddable":true,"href":"https:\/\/steelwrist.com\/pl\/wp-json\/wp\/v2\/comments?post=95171"}],"version-history":[{"count":5,"href":"https:\/\/steelwrist.com\/pl\/wp-json\/wp\/v2\/pages\/95171\/revisions"}],"predecessor-version":[{"id":285748,"href":"https:\/\/steelwrist.com\/pl\/wp-json\/wp\/v2\/pages\/95171\/revisions\/285748"}],"wp:attachment":[{"href":"https:\/\/steelwrist.com\/pl\/wp-json\/wp\/v2\/media?parent=95171"}],"curies":[{"name":"wp","href":"https:\/\/api.w.org\/{rel}","templated":true}]}}