{"id":95158,"date":"2016-05-03T15:43:20","date_gmt":"2016-05-03T13:43:20","guid":{"rendered":"https:\/\/steelwrist.com\/steelwrist-in-media\/"},"modified":"2025-11-20T10:38:18","modified_gmt":"2025-11-20T09:38:18","slug":"steelwrist-w-mediach","status":"publish","type":"page","link":"https:\/\/steelwrist.com\/pl\/o-steelwrist\/steelwrist-w-mediach\/","title":{"rendered":"Steelwrist w mediach"},"content":{"rendered":"<p><strong>Steelwrist SQ Automatic Couplers w praktyce<\/strong><br \/>\natb, 19.11.2025<\/p>\n<p><a href=\"https:\/\/atbudownictwo.pl\/artykul-atb\/steelwrist-sq-automatic-couplers-w-praktyce\" target=\"_blank\" rel=\"noopener\"><img loading=\"lazy\" decoding=\"async\" class=\"alignnone wp-image-304139 size-full\" src=\"https:\/\/steelwrist.com\/wp-content\/uploads\/Steelwrist-SQ-Automatic-Couplers-w-praktyce.png\" alt=\"\" width=\"600\" height=\"384\" srcset=\"https:\/\/steelwrist.com\/wp-content\/uploads\/Steelwrist-SQ-Automatic-Couplers-w-praktyce.png 600w, https:\/\/steelwrist.com\/wp-content\/uploads\/Steelwrist-SQ-Automatic-Couplers-w-praktyce-300x192.png 300w, https:\/\/steelwrist.com\/wp-content\/uploads\/Steelwrist-SQ-Automatic-Couplers-w-praktyce-150x96.png 150w, https:\/\/steelwrist.com\/wp-content\/uploads\/Steelwrist-SQ-Automatic-Couplers-w-praktyce-24x15.png 24w, https:\/\/steelwrist.com\/wp-content\/uploads\/Steelwrist-SQ-Automatic-Couplers-w-praktyce-36x23.png 36w, https:\/\/steelwrist.com\/wp-content\/uploads\/Steelwrist-SQ-Automatic-Couplers-w-praktyce-48x31.png 48w, https:\/\/steelwrist.com\/wp-content\/uploads\/Steelwrist-SQ-Automatic-Couplers-w-praktyce-110x70.png 110w, https:\/\/steelwrist.com\/wp-content\/uploads\/Steelwrist-SQ-Automatic-Couplers-w-praktyce-75x48.png 75w\" sizes=\"auto, (max-width: 600px) 100vw, 600px\" \/><\/a><\/p>\n<p>&nbsp;<\/p>\n<p><strong>Steelwrist wprowadza QuantumConnect &#8211; platform\u0119 sterowania tiltrotatorami nowej generacji<\/strong><br \/>\nForum Budowlane, 10 wrze\u015bnia 2025<\/p>\n<p><a href=\"https:\/\/forum-budowlane.pl\/technologie\/steelwrist-wprowadza-quantumconnect-platforme-sterowania-tiltrotatorami-nowej-generacji6964\"><img loading=\"lazy\" decoding=\"async\" class=\"alignnone size-full wp-image-296461\" src=\"https:\/\/steelwrist.com\/wp-content\/uploads\/QuantumConnect-cabin-view.png\" alt=\"\" width=\"600\" height=\"403\" srcset=\"https:\/\/steelwrist.com\/wp-content\/uploads\/QuantumConnect-cabin-view.png 600w, https:\/\/steelwrist.com\/wp-content\/uploads\/QuantumConnect-cabin-view-300x202.png 300w, https:\/\/steelwrist.com\/wp-content\/uploads\/QuantumConnect-cabin-view-150x101.png 150w, https:\/\/steelwrist.com\/wp-content\/uploads\/QuantumConnect-cabin-view-24x16.png 24w, https:\/\/steelwrist.com\/wp-content\/uploads\/QuantumConnect-cabin-view-36x24.png 36w, https:\/\/steelwrist.com\/wp-content\/uploads\/QuantumConnect-cabin-view-48x32.png 48w, https:\/\/steelwrist.com\/wp-content\/uploads\/QuantumConnect-cabin-view-110x74.png 110w, https:\/\/steelwrist.com\/wp-content\/uploads\/QuantumConnect-cabin-view-75x50.png 75w\" sizes=\"auto, (max-width: 600px) 100vw, 600px\" \/><\/a><\/p>\n<p>&nbsp;<\/p>\n<p><strong>Steelwrist stawia na rozw\u00f3j w Polsce: nowe tiltrotatory i wi\u0119kszy zesp\u00f3\u0142<\/strong><br \/>\natb, 02.07.2025<\/p>\n<p><a href=\"https:\/\/atbudownictwo.pl\/artykul-atb\/steelwrist-stawia-na-rozwoj-w-polsce-nowe-tiltrotatory-i-wiekszy-zespol\" target=\"_blank\" rel=\"noopener\"><img loading=\"lazy\" decoding=\"async\" class=\"alignnone wp-image-292332 size-full\" src=\"https:\/\/steelwrist.com\/wp-content\/uploads\/Steelwrist-na-rynku-polskim.png\" alt=\"\" width=\"600\" height=\"380\" srcset=\"https:\/\/steelwrist.com\/wp-content\/uploads\/Steelwrist-na-rynku-polskim.png 600w, https:\/\/steelwrist.com\/wp-content\/uploads\/Steelwrist-na-rynku-polskim-300x190.png 300w, https:\/\/steelwrist.com\/wp-content\/uploads\/Steelwrist-na-rynku-polskim-150x95.png 150w, https:\/\/steelwrist.com\/wp-content\/uploads\/Steelwrist-na-rynku-polskim-24x15.png 24w, https:\/\/steelwrist.com\/wp-content\/uploads\/Steelwrist-na-rynku-polskim-36x23.png 36w, https:\/\/steelwrist.com\/wp-content\/uploads\/Steelwrist-na-rynku-polskim-48x30.png 48w, https:\/\/steelwrist.com\/wp-content\/uploads\/Steelwrist-na-rynku-polskim-110x70.png 110w, https:\/\/steelwrist.com\/wp-content\/uploads\/Steelwrist-na-rynku-polskim-75x48.png 75w\" sizes=\"auto, (max-width: 600px) 100vw, 600px\" \/><\/a><\/p>\n<p>&nbsp;<\/p>\n<p><strong>Steelwrist \u015bwi\u0119tuje 20-lecie dzia\u0142alno\u015bci<\/strong><br \/>\nForum Budowlane, 6 czerwca 2025<\/p>\n<p><a href=\"https:\/\/forum-budowlane.pl\/aktualnosci\/steelwrist-swietuje-20-lecie-dzialalnosci-\" target=\"_blank\" rel=\"noopener\"><img loading=\"lazy\" decoding=\"async\" class=\"alignnone wp-image-290568 size-full\" src=\"https:\/\/steelwrist.com\/wp-content\/uploads\/Steelwrist-20-jarig-jubileum.png\" alt=\"Steelwrist 20-jarig jubileum\" width=\"600\" height=\"421\" srcset=\"https:\/\/steelwrist.com\/wp-content\/uploads\/Steelwrist-20-jarig-jubileum.png 600w, https:\/\/steelwrist.com\/wp-content\/uploads\/Steelwrist-20-jarig-jubileum-300x211.png 300w, https:\/\/steelwrist.com\/wp-content\/uploads\/Steelwrist-20-jarig-jubileum-150x105.png 150w, https:\/\/steelwrist.com\/wp-content\/uploads\/Steelwrist-20-jarig-jubileum-24x17.png 24w, https:\/\/steelwrist.com\/wp-content\/uploads\/Steelwrist-20-jarig-jubileum-36x25.png 36w, https:\/\/steelwrist.com\/wp-content\/uploads\/Steelwrist-20-jarig-jubileum-48x34.png 48w, https:\/\/steelwrist.com\/wp-content\/uploads\/Steelwrist-20-jarig-jubileum-110x77.png 110w, https:\/\/steelwrist.com\/wp-content\/uploads\/Steelwrist-20-jarig-jubileum-75x53.png 75w\" sizes=\"auto, (max-width: 600px) 100vw, 600px\" \/><\/a><\/p>\n<p>&nbsp;<\/p>\n<p><strong>Steelwrist &#8211; Wi\u0119ksza obecno\u015b\u0107 w Polsce<\/strong><br \/>\natb, 06.05.2025<\/p>\n<p><a href=\"https:\/\/atbudownictwo.pl\/artykul-atb\/steelwrist-wieksza-obecnosc-w-polsce\" target=\"_blank\" rel=\"noopener\"><img loading=\"lazy\" decoding=\"async\" class=\"alignnone wp-image-289814 size-full\" src=\"https:\/\/steelwrist.com\/wp-content\/uploads\/Bauma-2025-Steelwrist-Wieksza-obecnosc-w-Polsce.png\" alt=\"\" width=\"600\" height=\"240\" srcset=\"https:\/\/steelwrist.com\/wp-content\/uploads\/Bauma-2025-Steelwrist-Wieksza-obecnosc-w-Polsce.png 600w, https:\/\/steelwrist.com\/wp-content\/uploads\/Bauma-2025-Steelwrist-Wieksza-obecnosc-w-Polsce-300x120.png 300w, https:\/\/steelwrist.com\/wp-content\/uploads\/Bauma-2025-Steelwrist-Wieksza-obecnosc-w-Polsce-150x60.png 150w, https:\/\/steelwrist.com\/wp-content\/uploads\/Bauma-2025-Steelwrist-Wieksza-obecnosc-w-Polsce-24x10.png 24w, https:\/\/steelwrist.com\/wp-content\/uploads\/Bauma-2025-Steelwrist-Wieksza-obecnosc-w-Polsce-36x14.png 36w, https:\/\/steelwrist.com\/wp-content\/uploads\/Bauma-2025-Steelwrist-Wieksza-obecnosc-w-Polsce-48x19.png 48w, https:\/\/steelwrist.com\/wp-content\/uploads\/Bauma-2025-Steelwrist-Wieksza-obecnosc-w-Polsce-110x44.png 110w, https:\/\/steelwrist.com\/wp-content\/uploads\/Bauma-2025-Steelwrist-Wieksza-obecnosc-w-Polsce-75x30.png 75w\" sizes=\"auto, (max-width: 600px) 100vw, 600px\" \/><\/a><\/p>\n<p>&nbsp;<\/p>\n<p><strong>Gearing up for the next 20 years of commitment to efficiency for excavators<br \/>\n<\/strong>Plant Planet magazine, December 13, 2024<\/p>\n<p><em>In 2025 Steelwrist celebrates 20 years in business. Founded in Sweden back in 2005 manufacturing tiltrotators, quick couplers and work tools for excavators, the company has grown significantly since then, quickly becoming the global player it is today. Read about\u00a0<a href=\"https:\/\/issuu.com\/plant-planet\/docs\/plant_planet_december24-pages\/62\" target=\"_blank\" rel=\"noopener\">how Steelwrist has developed the tiltrotator technology and built a strong brand in the industry.<\/a><\/em><\/p>\n<p><a href=\"https:\/\/issuu.com\/plant-planet\/docs\/plant_planet_december24-pages\/62\" target=\"_blank\" rel=\"noopener\"><img loading=\"lazy\" decoding=\"async\" class=\"alignnone wp-image-282746 size-full\" src=\"https:\/\/steelwrist.com\/wp-content\/uploads\/Steelwrist-20-years-Plant-Planet.png\" alt=\"Steelwrist 20 years Plant Planet article\" width=\"600\" height=\"423\" srcset=\"https:\/\/steelwrist.com\/wp-content\/uploads\/Steelwrist-20-years-Plant-Planet.png 600w, https:\/\/steelwrist.com\/wp-content\/uploads\/Steelwrist-20-years-Plant-Planet-300x212.png 300w, https:\/\/steelwrist.com\/wp-content\/uploads\/Steelwrist-20-years-Plant-Planet-150x106.png 150w, https:\/\/steelwrist.com\/wp-content\/uploads\/Steelwrist-20-years-Plant-Planet-24x17.png 24w, https:\/\/steelwrist.com\/wp-content\/uploads\/Steelwrist-20-years-Plant-Planet-36x25.png 36w, https:\/\/steelwrist.com\/wp-content\/uploads\/Steelwrist-20-years-Plant-Planet-48x34.png 48w, https:\/\/steelwrist.com\/wp-content\/uploads\/Steelwrist-20-years-Plant-Planet-110x78.png 110w, https:\/\/steelwrist.com\/wp-content\/uploads\/Steelwrist-20-years-Plant-Planet-75x53.png 75w\" sizes=\"auto, (max-width: 600px) 100vw, 600px\" \/><\/a><\/p>\n<p>&nbsp;<\/p>\n<p><strong>Building Effective Communication: Insights from Steelwrist\u2019s Stefan Stockhaus<\/strong><br \/>\nDemolition &amp; Recycling International, Industry Insights, November 7, 2024<\/p>\n<p><em>\u201cBy establishing clear values, direct communication, and accountability, Steelwrist has crafted a cohesive and resilient team culture that drives both internal harmony and competitive success.\u00a0<\/em><em>Stefan\u2019s insights into building a high-trust workplace, one where openness and shared goals eliminate the guesswork, provide a practical model that any contractor seeking sustainable growth can appreciate\u2014and apply.\u201d<\/em><\/p>\n<p><a href=\"https:\/\/www.demolitionandrecycling.media\/news\/building-effective-communication-insights-from-steelwrists-stefan-stockhaus\/8040112.article\" target=\"_blank\" rel=\"noopener\"><img loading=\"lazy\" decoding=\"async\" class=\"alignnone wp-image-278621 size-full\" src=\"https:\/\/steelwrist.com\/wp-content\/uploads\/Company-culture-Steelwrist.png\" alt=\"Steelwrist company culture\" width=\"600\" height=\"308\" srcset=\"https:\/\/steelwrist.com\/wp-content\/uploads\/Company-culture-Steelwrist.png 600w, https:\/\/steelwrist.com\/wp-content\/uploads\/Company-culture-Steelwrist-300x154.png 300w, https:\/\/steelwrist.com\/wp-content\/uploads\/Company-culture-Steelwrist-150x77.png 150w, https:\/\/steelwrist.com\/wp-content\/uploads\/Company-culture-Steelwrist-24x12.png 24w, https:\/\/steelwrist.com\/wp-content\/uploads\/Company-culture-Steelwrist-36x18.png 36w, https:\/\/steelwrist.com\/wp-content\/uploads\/Company-culture-Steelwrist-48x25.png 48w, https:\/\/steelwrist.com\/wp-content\/uploads\/Company-culture-Steelwrist-110x56.png 110w, https:\/\/steelwrist.com\/wp-content\/uploads\/Company-culture-Steelwrist-75x39.png 75w\" sizes=\"auto, (max-width: 600px) 100vw, 600px\" \/><\/a><\/p>\n<p>&nbsp;<\/p>\n<p><strong>Premiera Steelwrist pod Hamburgiem<\/strong><br \/>\natb, 27.03.2024<\/p>\n<p><a href=\"https:\/\/atbudownictwo.pl\/artykul\/premiera-steelwrist-pod-hamburgiem\" target=\"_blank\" rel=\"noopener\"><img loading=\"lazy\" decoding=\"async\" class=\"alignnone wp-image-271656 size-full\" src=\"https:\/\/steelwrist.com\/wp-content\/uploads\/XTR20-tiltrotatorow-trzeciej-generacji.png\" alt=\"\" width=\"600\" height=\"382\" srcset=\"https:\/\/steelwrist.com\/wp-content\/uploads\/XTR20-tiltrotatorow-trzeciej-generacji.png 600w, https:\/\/steelwrist.com\/wp-content\/uploads\/XTR20-tiltrotatorow-trzeciej-generacji-300x191.png 300w, https:\/\/steelwrist.com\/wp-content\/uploads\/XTR20-tiltrotatorow-trzeciej-generacji-150x96.png 150w, https:\/\/steelwrist.com\/wp-content\/uploads\/XTR20-tiltrotatorow-trzeciej-generacji-24x15.png 24w, https:\/\/steelwrist.com\/wp-content\/uploads\/XTR20-tiltrotatorow-trzeciej-generacji-36x23.png 36w, https:\/\/steelwrist.com\/wp-content\/uploads\/XTR20-tiltrotatorow-trzeciej-generacji-48x31.png 48w, https:\/\/steelwrist.com\/wp-content\/uploads\/XTR20-tiltrotatorow-trzeciej-generacji-110x70.png 110w, https:\/\/steelwrist.com\/wp-content\/uploads\/XTR20-tiltrotatorow-trzeciej-generacji-75x48.png 75w\" sizes=\"auto, (max-width: 600px) 100vw, 600px\" \/><\/a><\/p>\n<p>&nbsp;<\/p>\n<p><strong>Steelwrist zaprezentuje trzeci\u0105 generacj\u0119 tiltrotator\u00f3w<br \/>\n<\/strong>forum budowlane, 17 stycznia 2024<\/p>\n<p><a href=\"https:\/\/forum-budowlane.pl\/aktualnosci\/steelwrist-zaprezentuje-trzecia-generacje-tiltrotatorow\" target=\"_blank\" rel=\"noopener\"><img loading=\"lazy\" decoding=\"async\" class=\"alignnone wp-image-254247 size-standard-size\" src=\"https:\/\/steelwrist.com\/wp-content\/uploads\/pierwszy-model-tiltrotatorow-549x440.png\" alt=\"pierwszy model tiltrotator\u00f3w Steelwrist\" width=\"549\" height=\"440\" srcset=\"https:\/\/steelwrist.com\/wp-content\/uploads\/pierwszy-model-tiltrotatorow-549x440.png 549w, https:\/\/steelwrist.com\/wp-content\/uploads\/pierwszy-model-tiltrotatorow-300x240.png 300w, https:\/\/steelwrist.com\/wp-content\/uploads\/pierwszy-model-tiltrotatorow-1024x821.png 1024w, https:\/\/steelwrist.com\/wp-content\/uploads\/pierwszy-model-tiltrotatorow-768x615.png 768w, https:\/\/steelwrist.com\/wp-content\/uploads\/pierwszy-model-tiltrotatorow-150x120.png 150w, https:\/\/steelwrist.com\/wp-content\/uploads\/pierwszy-model-tiltrotatorow-24x19.png 24w, https:\/\/steelwrist.com\/wp-content\/uploads\/pierwszy-model-tiltrotatorow-36x29.png 36w, https:\/\/steelwrist.com\/wp-content\/uploads\/pierwszy-model-tiltrotatorow-48x38.png 48w, https:\/\/steelwrist.com\/wp-content\/uploads\/pierwszy-model-tiltrotatorow-110x88.png 110w, https:\/\/steelwrist.com\/wp-content\/uploads\/pierwszy-model-tiltrotatorow-75x60.png 75w, https:\/\/steelwrist.com\/wp-content\/uploads\/pierwszy-model-tiltrotatorow.png 1400w\" sizes=\"auto, (max-width: 549px) 100vw, 549px\" \/><\/a><\/p>\n<p>&nbsp;<\/p>\n<p class=\"details__headline\"><strong>\u00a0<\/strong><\/p>\n<p class=\"details__headline\">\n","protected":false},"excerpt":{"rendered":"<p>Steelwrist SQ Automatic Couplers w praktyce atb, 19.11.2025 &nbsp; Steelwrist wprowadza QuantumConnect &#8211; platform\u0119 sterowania tiltrotatorami nowej generacji Forum Budowlane, 10 wrze\u015bnia 2025 &nbsp; Steelwrist stawia na rozw\u00f3j w Polsce: nowe tiltrotatory i wi\u0119kszy zesp\u00f3\u0142 atb, 02.07.2025 &nbsp; Steelwrist \u015bwi\u0119tuje&#8230;<\/p>\n","protected":false},"author":12,"featured_media":0,"parent":95253,"menu_order":0,"comment_status":"closed","ping_status":"closed","template":"","meta":{"footnotes":""},"class_list":["post-95158","page","type-page","status-publish","hentry"],"acf":[],"_links":{"self":[{"href":"https:\/\/steelwrist.com\/pl\/wp-json\/wp\/v2\/pages\/95158","targetHints":{"allow":["GET"]}}],"collection":[{"href":"https:\/\/steelwrist.com\/pl\/wp-json\/wp\/v2\/pages"}],"about":[{"href":"https:\/\/steelwrist.com\/pl\/wp-json\/wp\/v2\/types\/page"}],"author":[{"embeddable":true,"href":"https:\/\/steelwrist.com\/pl\/wp-json\/wp\/v2\/users\/12"}],"replies":[{"embeddable":true,"href":"https:\/\/steelwrist.com\/pl\/wp-json\/wp\/v2\/comments?post=95158"}],"version-history":[{"count":5,"href":"https:\/\/steelwrist.com\/pl\/wp-json\/wp\/v2\/pages\/95158\/revisions"}],"predecessor-version":[{"id":304156,"href":"https:\/\/steelwrist.com\/pl\/wp-json\/wp\/v2\/pages\/95158\/revisions\/304156"}],"up":[{"embeddable":true,"href":"https:\/\/steelwrist.com\/pl\/wp-json\/wp\/v2\/pages\/95253"}],"wp:attachment":[{"href":"https:\/\/steelwrist.com\/pl\/wp-json\/wp\/v2\/media?parent=95158"}],"curies":[{"name":"wp","href":"https:\/\/api.w.org\/{rel}","templated":true}]}}