{"id":95121,"date":"2018-05-23T19:36:18","date_gmt":"2018-05-23T17:36:18","guid":{"rendered":"https:\/\/steelwrist.com\/privacy-policy\/"},"modified":"2026-02-05T13:30:58","modified_gmt":"2026-02-05T12:30:58","slug":"privacy-policy","status":"publish","type":"page","link":"https:\/\/steelwrist.com\/pl\/privacy-policy\/","title":{"rendered":"Polityka prywatno\u015bci"},"content":{"rendered":"<h2><span data-sheets-root=\"1\">1. Informacje og\u00f3lne<\/span><\/h2>\n<p>Niniejszym informujemy o celu i zakresie gromadzenia danych osobowych podczas korzystania ze strony internetowej oraz innych kana\u0142\u00f3w cyfrowych zarz\u0105dzanych przez Steelwrist AB, nr rej. 556617-0048 (\u201eSp\u00f3\u0142ka\u201d). Niniejsza Polityka ma zastosowanie do wszystkich informacji gromadzonych na temat u\u017cytkownika w zwi\u0105zku z korzystaniem ze strony internetowej.<\/p>\n<p>Polityka obowi\u0105zuje od dnia 03.12.2025 i podlega corocznemu przegl\u0105dowi.<\/p>\n<h4><span data-sheets-root=\"1\">Korzystanie z aplikacji mobilnych<\/span><\/h4>\n<p><span data-sheets-root=\"1\">W przypadku u\u017cytkownik\u00f3w aplikacji mobilnych Steelwrist, w tym QuantumConnect, mog\u0105 by\u0107 gromadzone dodatkowe dane osobowe oraz dane specyficzne dla aplikacji, takie jak konfiguracje sprz\u0119tu, dane operacyjne, szablony, wzorce u\u017cytkowania, logi awarii i b\u0142\u0119d\u00f3w oraz informacje o urz\u0105dzeniu.<\/span> Szczeg\u00f3\u0142owe informacje dotycz\u0105ce zasad gromadzenia, wykorzystywania i przechowywania tych danych znajduj\u0105 si\u0119 w <a href=\"https:\/\/steelwrist.com\/pl\/quantum-connect-app-privacy-policy\/\">Polityce Prywatno\u015bci Aplikacji Mobilnych Steelwrist<\/a>. <span data-sheets-root=\"1\">Obie polityki wzajemnie si\u0119 uzupe\u0142niaj\u0105 i powinny by\u0107 czytane \u0142\u0105cznie w celu pe\u0142nego zrozumienia sposobu przetwarzania i ochrony danych osobowych. Administratorem danych osobowych jest Steelwrist AB, nr rej. 556617-0048, odpowiedzialny za przetwarzanie danych zgodnie z przepisami RODO oraz innymi obowi\u0105zuj\u0105cymi regulacjami. Zapewniamy, \u017ce gromadzone dane osobowe s\u0105 wykorzystywane wy\u0142\u0105cznie w okre\u015blonych celach oraz chronione przed nieuprawnionym dost\u0119pem i niew\u0142a\u015bciwym wykorzystaniem.<\/span><\/p>\n<h2><span data-sheets-root=\"1\">2. Administrator danych<\/span><\/h2>\n<p>Administratorem danych osobowych jest Steelwrist AB, nr rej. 556617-0048, odpowiedzialny za przetwarzanie danych zgodnie z RODO oraz innymi obowi\u0105zuj\u0105cymi przepisami.<\/p>\n<p>Zapewniamy, \u017ce gromadzone dane osobowe s\u0105 wykorzystywane wy\u0142\u0105cznie w okre\u015blonych celach oraz chronione przed nieuprawnionym dost\u0119pem i niew\u0142a\u015bciwym wykorzystaniem.<\/p>\n<h2><span data-sheets-root=\"1\">3. Gromadzenie i wykorzystywanie danych<\/span><\/h2>\n<h4><span data-sheets-root=\"1\">Rodzaje gromadzonych danych<\/span><\/h4>\n<p><strong>Za zgod\u0105 u\u017cytkownika mo\u017cemy gromadzi\u0107 nast\u0119puj\u0105ce kategorie danych osobowych:<\/strong><\/p>\n<ul>\n<li aria-level=\"1\">Dane osobowe \u2013 gromadzone wy\u0142\u0105cznie w przypadku ich dobrowolnego podania przez u\u017cytkownika, np. poprzez wype\u0142nienie formularza kontaktowego oraz wyra\u017cenie zgody na niniejsz\u0105 Polityk\u0119 Prywatno\u015bci; mog\u0105 obejmowa\u0107 imi\u0119 i nazwisko, adres e-mail, numer telefonu, nazw\u0119 firmy oraz stanowisko.<\/li>\n<li aria-level=\"1\">Dane techniczne \u2013 w szczeg\u00f3lno\u015bci adres IP, informacje o urz\u0105dzeniu oraz typ przegl\u0105darki internetowej.<\/li>\n<li aria-level=\"1\">Dane dotycz\u0105ce p\u0142atno\u015bci \u2013 je\u017celi ma to zastosowanie, transakcje p\u0142atnicze s\u0105 realizowane w spos\u00f3b bezpieczny za po\u015brednictwem zewn\u0119trznych dostawc\u00f3w us\u0142ug p\u0142atniczych; Sp\u00f3\u0142ka nie gromadzi ani nie przechowuje danych dotycz\u0105cych kart p\u0142atniczych ani innych szczeg\u00f3\u0142\u00f3w p\u0142atno\u015bci, kt\u00f3re s\u0105 przetwarzane bezpo\u015brednio przez podmioty takie jak Stripe, zgodnie z ich politykami prywatno\u015bci.<\/li>\n<li aria-level=\"1\">Dane behawioralne \u2013 informacje dotycz\u0105ce aktywno\u015bci u\u017cytkownika na stronie internetowej, takie jak odwiedzane podstrony, podejmowane interakcje oraz czas sp\u0119dzony na stronie.<\/li>\n<\/ul>\n<h4><span data-sheets-root=\"1\">Metody gromadzenia danych<\/span><\/h4>\n<ul>\n<li aria-level=\"1\">Korzystamy z formularzy kontaktowych, formularzy rejestracyjnych oraz zapis\u00f3w na wydarzenia.<\/li>\n<li aria-level=\"1\">Stosujemy pliki cookies oraz technologie \u015bledz\u0105ce w celu poprawy do\u015bwiadcze\u0144 u\u017cytkownika, analizy ruchu na stronie oraz wsparcia dzia\u0142a\u0144 marketingowych. Ponadto nasza strona internetowa korzysta z us\u0142ug podmiot\u00f3w trzecich w zakresie analityki, reklamy oraz obs\u0142ugi p\u0142atno\u015bci. Szczeg\u00f3\u0142owe informacje dotycz\u0105ce tych us\u0142ug oraz zasad ich dzia\u0142ania znajduj\u0105 si\u0119 w naszej <a href=\"https:\/\/steelwrist.com\/pl\/quantum-connect-app-privacy-policy\/\">Polityce plik\u00f3w cookies<\/a>.<\/li>\n<\/ul>\n<h4><span data-sheets-root=\"1\">Cele przetwarzania danych<\/span><\/h4>\n<p>\u2022 \u015awiadczenia oraz doskonalenia oferowanych us\u0142ug.<br \/>\n\u2022 Komunikacji z u\u017cytkownikami, w tym przekazywania informacji o aktualizacjach. materia\u0142ach marketingowych oraz zaproszeniach na wydarzenia.<br \/>\n\u2022 Bezpiecznej realizacji transakcji.<br \/>\n\u2022 Analizy funkcjonowania strony internetowej oraz poprawy do\u015bwiadcze\u0144 u\u017cytkownika.<br \/>\n\u2022 Prowadzenia zautomatyzowanego profilowania oraz marketingu ukierunkowanego.<\/p>\n<p><span data-sheets-root=\"1\">Nie stosujemy profilowania, kt\u00f3re wywo\u0142uje wobec u\u017cytkownika skutki prawne lub w podobny spos\u00f3b istotnie na niego wp\u0142ywa.<\/span><\/p>\n<p>Us\u0142ugi Sp\u00f3\u0142ki nie s\u0105 skierowane do dzieci poni\u017cej 16. roku \u017cycia i Sp\u00f3\u0142ka nie gromadzi \u015bwiadomie danych osobowych takich os\u00f3b. Je\u017celi dowiemy si\u0119, \u017ce dane takie zosta\u0142y zgromadzone nieumy\u015blnie, zostan\u0105 one niezw\u0142ocznie usuni\u0119te.<\/p>\n<h4><span data-sheets-root=\"1\">Dane aplikacji mobilnych<\/span><\/h4>\n<p>Dane gromadzone za po\u015brednictwem aplikacji mobilnych Steelwrist mog\u0105 obejmowa\u0107 konfiguracje sprz\u0119tu, dane operacyjne, szablony, wzorce u\u017cytkowania, logi awarii i b\u0142\u0119d\u00f3w oraz informacje o urz\u0105dzeniu.<br \/>\nDane te s\u0105 przetwarzane wy\u0142\u0105cznie w celu \u015bwiadczenia us\u0142ug, zapewnienia wsparcia technicznego, prowadzenia diagnostyki, monitorowania wydajno\u015bci oraz rozwoju i ulepszania funkcjonalno\u015bci aplikacji.<br \/>\nDzia\u0142ania marketingowe lub profilowanie realizowane s\u0105 wy\u0142\u0105cznie po uzyskaniu wyra\u017anej zgody u\u017cytkownika.<\/p>\n<h2>4. Udost\u0119pnianie danych podmiotom trzecim<\/h2>\n<p>Dane osobowe mog\u0105 by\u0107 przekazywane podmiotom trzecim w celach reklamowych, analitycznych, obs\u0142ugi system\u00f3w CRM oraz realizacji p\u0142atno\u015bci. Us\u0142ugi te wspieraj\u0105 nas w poprawie do\u015bwiadcze\u0144 u\u017cytkownik\u00f3w, analizie ruchu na stronie internetowej oraz realizacji transakcji. Szczeg\u00f3\u0142owe informacje dotycz\u0105ce integracji z podmiotami trzecimi znajduj\u0105 si\u0119 w <a href=\"https:\/\/steelwrist.com\/pl\/quantum-connect-app-privacy-policy\/\">Polityce plik\u00f3w cookies<\/a>. Aktualna lista podmiot\u00f3w przetwarzaj\u0105cych dane osobowe jest dost\u0119pna na \u017c\u0105danie.<\/p>\n<p>W celu przetwarzania danych pochodz\u0105cych z aplikacji mobilnych korzystamy r\u00f3wnie\u017c z us\u0142ug wyspecjalizowanych podmiot\u00f3w trzecich, takich jak dostawcy us\u0142ug chmurowych, narz\u0119dzia analityczne (np. Firebase, Sentry), us\u0142ugi platformowe (Google Play Services, Apple App Store) oraz partnerzy \u015bwiadcz\u0105cy wsparcie techniczne. Wszystkie podmioty trzecie s\u0105 zwi\u0105zane umowami zobowi\u0105zuj\u0105cymi je do przetwarzania danych wy\u0142\u0105cznie w celach okre\u015blonych w <a href=\"https:\/\/steelwrist.com\/pl\/quantum-connect-app-privacy-policy\/\">Polityce Prywatno\u015bci Aplikacji Mobilnych<\/a>.<\/p>\n<h2><span data-sheets-root=\"1\">5. Prawa u\u017cytkownika i zgodno\u015b\u0107 z przepisami<\/span><\/h2>\n<p><strong>Zgodnie z przepisami RODO przys\u0142uguj\u0105 Ci nast\u0119puj\u0105ce prawa:<\/strong><\/p>\n<p>\u2022 Prawo dost\u0119pu do swoich danych osobowych, ich sprostowania lub usuni\u0119cia.<br \/>\n\u2022 Prawo wniesienia sprzeciwu wobec przetwarzania danych na podstawie prawnie uzasadnionego interesu.<br \/>\n\u2022 Prawo cofni\u0119cia zgody na otrzymywanie komunikacji marketingowej.<br \/>\n\u2022 Prawo do przenoszenia danych.<br \/>\n\u2022 Prawo do otrzymania informacji o naruszeniach ochrony danych osobowych.<br \/>\n\u2022 Prawo do \u017c\u0105dania ograniczenia przetwarzania danych osobowych w okre\u015blonych przypadkach.<\/p>\n<p>W celu skorzystania z przys\u0142uguj\u0105cych praw prosimy o kontakt pod adresem<a href=\"mailto:privacy@steelwrist.com\"> privacy@steelwrist.com<\/a>.<\/p>\n<p>Je\u017celi uznasz, \u017ce Twoje prawa zosta\u0142y naruszone, masz prawo z\u0142o\u017cy\u0107 skarg\u0119 do Szwedzkiego Urz\u0119du Ochrony Danych Osobowych (Integritetsskyddsmyndigheten, IMY), Box 8114, 104 20 Sztokholm, <a href=\"https:\/\/www.imy.se\/en\/individuals\/forms-and-e-services\/file-a-gdpr-complaint\/\">Z\u0142\u00f3\u017c skarg\u0119 na nieprawid\u0142owe przetwarzanie Twoich danych osobowych | IMY<\/a>.<\/p>\n<h2><span data-sheets-root=\"1\">6. Podstawa prawna przetwarzania danych<\/span><\/h2>\n<p><strong>Przetwarzamy dane osobowe w oparciu o nast\u0119puj\u0105ce podstawy prawne:<\/strong><\/p>\n<p><strong>Zgoda<\/strong><br \/>\nW przypadku gdy u\u017cytkownik dobrowolnie przekazuje dane osobowe za po\u015brednictwem formularzy lub wyra\u017ca zgod\u0119 na stosowanie plik\u00f3w cookies i technologii \u015bledz\u0105cych.<\/p>\n<p><strong>Niezb\u0119dno\u015b\u0107 do wykonania umowy<\/strong><br \/>\nGdy przetwarzanie danych jest konieczne do zawarcia lub realizacji umowy (np. realizacja zam\u00f3wie\u0144).<\/p>\n<p><strong>Obowi\u0105zek prawny<\/strong><br \/>\nGdy przetwarzanie danych jest wymagane w celu wype\u0142nienia obowi\u0105zk\u00f3w prawnych ci\u0105\u017c\u0105cych na Sp\u00f3\u0142ce (np. przepis\u00f3w podatkowych lub rachunkowych).<\/p>\n<p><strong>Prawnie uzasadniony interes<\/strong><br \/>\nGdy dane s\u0105 wykorzystywane w celu poprawy jako\u015bci us\u0142ug, dzia\u0142a\u0144 marketingowych lub zapobiegania nadu\u017cyciom, pod warunkiem \u017ce interesy te nie naruszaj\u0105 praw i wolno\u015bci u\u017cytkownika.<\/p>\n<h4><span data-sheets-root=\"1\">Podstawa prawna przetwarzania danych w aplikacjach mobilnych<\/span><\/h4>\n<p><strong>W przypadku danych gromadzonych za po\u015brednictwem aplikacji mobilnych Steelwrist, przetwarzanie odbywa si\u0119 na podstawie nast\u0119puj\u0105cych przes\u0142an<\/strong>ek:<\/p>\n<p><strong>Zgoda \u2013<\/strong> w szczeg\u00f3lno\u015bci w zakresie dzia\u0142a\u0144 marketingowych, funkcji opcjonalnych, telemetrii lub funkcji opartych na lokalizacji.<\/p>\n<p><strong>Niezb\u0119dno\u015b\u0107 do wykonania umowy \u2013<\/strong> w celu \u015bwiadczenia us\u0142ug aplikacji lub realizacji \u017c\u0105danych funkcjonalno\u015bci.<\/p>\n<p><strong>Obowi\u0105zek prawny \u2013<\/strong> w celu spe\u0142nienia wymog\u00f3w regulacyjnych lub podatkowych.<\/p>\n<p><strong>Prawnie uzasadniony interes \u2013<\/strong> w celu poprawy stabilno\u015bci aplikacji, prowadzenia diagnostyki, zapobiegania nadu\u017cyciom oraz podnoszenia jako\u015bci i wydajno\u015bci us\u0142ug.<\/p>\n<h2><span data-sheets-root=\"1\">7. Okres przechowywania danych<\/span><\/h2>\n<p><strong>Dane osobowe s\u0105 przechowywane przez nast\u0119puj\u0105ce okresy:<\/strong><\/p>\n<p>\u2022 Konta u\u017cytkownik\u00f3w \u2013 do momentu z\u0142o\u017cenia przez u\u017cytkownika \u017c\u0105dania ich usuni\u0119cia.<br \/>\n\u2022 Dane dotycz\u0105ce p\u0142atno\u015bci \u2013 przez okres wymagany przepisami prawa finansowego i podatkowego (np. 7 lat w celu spe\u0142nienia obowi\u0105zk\u00f3w podatkowych).<br \/>\n\u2022 Dane analityczne \u2013 przez okres 14 miesi\u0119cy, zgodnie z domy\u015blnymi ustawieniami Google Analytics 4 (GA4).<br \/>\n\u2022 Dane CRM \/ marketingowe \u2013 przez okres do 3 lat od ostatniej interakcji u\u017cytkownika ze Sp\u00f3\u0142k\u0105, chyba \u017ce u\u017cytkownik wcze\u015bniej cofnie zgod\u0119. Sp\u00f3\u0142ka przechowuje r\u00f3wnie\u017c rejestry udzielonych zg\u00f3d w celu wykazania zgodno\u015bci z wymogami RODO.<\/p>\n<h4><span data-sheets-root=\"1\">Przechowywanie danych aplikacji mobilnych<\/span><\/h4>\n<p>Okresy przechowywania danych gromadzonych za po\u015brednictwem aplikacji mobilnych Steelwrist zosta\u0142y okre\u015blone w odpowiedniej Polityce Prywatno\u015bci Aplikacji Mobilnych. Okresy te s\u0105 sp\u00f3jne z zasadami przechowywania danych stosowanymi dla strony internetowej, aby zapewni\u0107 zgodno\u015b\u0107 z RODO oraz innymi obowi\u0105zuj\u0105cymi przepisami o ochronie danych osobowych.<\/p>\n<h2><span data-sheets-root=\"1\">8. \u015arodki bezpiecze\u0144stwa danych<\/span><\/h2>\n<p><strong>Sp\u00f3\u0142ka stosuje wszelkie rozs\u0105dne \u015brodki techniczne i organizacyjne w celu ochrony danych osobowych, w tym w szczeg\u00f3lno\u015bci:<\/strong><\/p>\n<p>\u2022 Szyfrowanie SSL w celu zapewnienia bezpiecznego przesy\u0142ania danych.<br \/>\n\u2022 Mechanizmy kontroli dost\u0119pu, ograniczaj\u0105ce dost\u0119p do danych osobowych wy\u0142\u0105cznie do os\u00f3b upowa\u017cnionych.<br \/>\n\u2022 Zgodno\u015b\u0107 z przepisami prawa Unii Europejskiej oraz Szwecji w zakresie ochrony danych osobowych.<\/p>\n<h2><span data-sheets-root=\"1\">9. Pliki cookies i technologie \u015bledz\u0105ce<\/span><\/h2>\n<p><strong>Na naszej stronie internetowej stosujemy pliki cookies oraz podobne technologie w celach analitycznych, marketingowych oraz w celu poprawy do\u015bwiadcze\u0144 u\u017cytkownika.<\/strong><\/p>\n<p><strong>Rodzaje stosowanych plik\u00f3w cookies:<\/strong><\/p>\n<ul>\n<li aria-level=\"1\">Wykorzystujemy pliki cookies niezb\u0119dne do prawid\u0142owego funkcjonowania strony internetowej, a tak\u017ce pliki cookies umo\u017cliwiaj\u0105ce analiz\u0119 interakcji u\u017cytkownik\u00f3w ze stron\u0105 oraz wspieraj\u0105ce dzia\u0142ania marketingowe. Niekt\u00f3re pliki cookies s\u0142u\u017c\u0105 do obs\u0142ugi sesji i poprawy komfortu korzystania z serwisu. Szczeg\u00f3\u0142owe informacje dotycz\u0105ce rodzaj\u00f3w stosowanych plik\u00f3w cookies oraz integracji z podmiotami trzecimi znajduj\u0105 si\u0119 w <a href=\"https:\/\/steelwrist.com\/pl\/cookie-policy\/\">Polityce plik\u00f3w cookies<\/a>.<\/li>\n<li aria-level=\"1\">U\u017cytkownicy mog\u0105 zarz\u0105dza\u0107 ustawieniami plik\u00f3w cookies za pomoc\u0105 ustawie\u0144 przegl\u0105darki internetowej lub zgodnie z zasadami okre\u015blonymi w <a href=\"https:\/\/steelwrist.com\/pl\/cookie-policy\/\">Polityce plik\u00f3w cookies<\/a>.<\/li>\n<\/ul>\n<h2><span data-sheets-root=\"1\">10. Formularze i przesy\u0142ane dane<\/span><\/h2>\n<p>Je\u017celi przekaza\u0142e\u015b\/-a\u015b dane osobowe za po\u015brednictwem kt\u00f3regokolwiek z naszych formularzy, masz prawo do uzyskania dost\u0119pu do przekazanych informacji. Masz r\u00f3wnie\u017c prawo za\u017c\u0105da\u0107 usuni\u0119cia wszystkich danych osobowych, kt\u00f3re posiadamy na Tw\u00f3j temat, z wyj\u0105tkiem danych, kt\u00f3re jeste\u015bmy zobowi\u0105zani zachowa\u0107 w celach administracyjnych, prawnych lub zwi\u0105zanych z bezpiecze\u0144stwem.<\/p>\n<p>Wype\u0142niane przez u\u017cytkownik\u00f3w formularze mog\u0105 by\u0107 sprawdzane za pomoc\u0105 automatycznych narz\u0119dzi do wykrywania spamu, w celu zapobiegania nadu\u017cyciom oraz dzia\u0142aniom o charakterze oszuka\u0144czym.<\/p>\n<h2><span data-sheets-root=\"1\">11. Tre\u015bci osadzone z innych serwis\u00f3w<\/span><\/h2>\n<p>Artyku\u0142y zamieszczone na niniejszej stronie internetowej mog\u0105 zawiera\u0107 osadzone tre\u015bci (takie jak filmy, obrazy lub artyku\u0142y). Osadzone tre\u015bci pochodz\u0105ce z innych stron internetowych zachowuj\u0105 si\u0119 w taki sam spos\u00f3b, jak gdyby u\u017cytkownik odwiedzi\u0142 bezpo\u015brednio stron\u0119 zewn\u0119trzn\u0105. Zewn\u0119trzne serwisy mog\u0105 gromadzi\u0107 dane, stosowa\u0107 pliki cookies, wykorzystywa\u0107 dodatkowe narz\u0119dzia \u015bledz\u0105ce podmiot\u00f3w trzecich oraz monitorowa\u0107 interakcje u\u017cytkownika z osadzonymi tre\u015bciami, w szczeg\u00f3lno\u015bci w przypadku, gdy u\u017cytkownik posiada konto i jest zalogowany w danym serwisie. Zalecamy zapoznanie si\u0119 z politykami prywatno\u015bci tych zewn\u0119trznych platform przed rozpocz\u0119ciem interakcji z osadzonymi tre\u015bciami.<\/p>\n<h2><span data-sheets-root=\"1\">12. Zawiadomienie o naruszeniu ochrony danych<\/span><\/h2>\n<p>W przypadku naruszenia ochrony danych osobowych Steelwrist AB poinformuje w\u0142a\u015bciwy organ nadzorczy w terminie 72 godzin od momentu stwierdzenia naruszenia, chyba \u017ce jest ma\u0142o prawdopodobne, aby naruszenie to skutkowa\u0142o ryzykiem naruszenia praw lub wolno\u015bci os\u00f3b, kt\u00f3rych dane dotycz\u0105. Je\u017celi naruszenie mo\u017ce powodowa\u0107 wysokie ryzyko naruszenia praw lub wolno\u015bci os\u00f3b, kt\u00f3rych dane dotycz\u0105, Sp\u00f3\u0142ka poinformuje r\u00f3wnie\u017c osoby dotkni\u0119te naruszeniem bez zb\u0119dnej zw\u0142oki.<\/p>\n<h2><span data-sheets-root=\"1\">13. Linki do innych stron internetowych<\/span><\/h2>\n<p>Niniejsza Polityka Prywatno\u015bci nie ma zastosowania do zewn\u0119trznych stron internetowych, do kt\u00f3rych prowadz\u0105 linki zamieszczone na stronie Steelwrist. Zalecamy zapoznanie si\u0119 z obowi\u0105zuj\u0105cymi na tych stronach politykami prywatno\u015bci przed przekazaniem jakichkolwiek danych osobowych, poniewa\u017c Sp\u00f3\u0142ka nie ma kontroli nad sposobem gromadzenia ani przetwarzania danych przez te podmioty.<\/p>\n<h2><span data-sheets-root=\"1\">14. Przekazywanie danych poza UE oraz zgodno\u015b\u0107 z przepisami regionalnymi<\/span><\/h2>\n<p><span data-sheets-root=\"1\">Niniejsza sekcja ma zastosowanie do u\u017cytkownik\u00f3w spoza Unii Europejskiej oraz Europejskiego Obszaru Gospodarczego (UE\/EOG), w tym u\u017cytkownik\u00f3w z Ameryki P\u00f3\u0142nocnej oraz innych region\u00f3w, w kt\u00f3rych obowi\u0105zuj\u0105 lokalne przepisy dotycz\u0105ce ochrony danych osobowych.<\/span><\/p>\n<p>Dane osobowe s\u0105 przetwarzane przede wszystkim na terenie UE\/EOG. W przypadkach, gdy dane osobowe s\u0105 przekazywane poza UE\/EOG, Sp\u00f3\u0142ka stosuje odpowiednie zabezpieczenia w celu zapewnienia ochrony danych zgodnie z przepisami RODO, takie jak standardowe klauzule umowne (Standard Contractual Clauses, SCCs) zatwierdzone przez Komisj\u0119 Europejsk\u0105. Na \u017c\u0105danie u\u017cytkownika mo\u017cliwe jest uzyskanie kopii stosowanych zabezpiecze\u0144 dotycz\u0105cych przekazywania danych poza UE\/EOG poprzez kontakt pod adresem <a href=\"mailto:privacy@steelwrist.com\">privacy@steelwrist.com<\/a>.<\/p>\n<p><span data-sheets-root=\"1\">W przypadku u\u017cytkownik\u00f3w podlegaj\u0105cych szczeg\u00f3lnym przepisom o ochronie danych osobowych, takim jak California Consumer Privacy Act (CCPA) w Stanach Zjednoczonych lub PIPEDA w Kanadzie, mog\u0105 przys\u0142ugiwa\u0107 dodatkowe prawa.<\/span><\/p>\n<p><strong>Dodatkowe prawa wynikaj\u0105ce z przepis\u00f3w regionalnych:<\/strong><\/p>\n<p><span data-sheets-root=\"1\">Kalifornia (CCPA\/CPRA): U\u017cytkownicy zamieszkuj\u0105cy w Kalifornii mog\u0105 mie\u0107 prawo do \u017c\u0105dania dost\u0119pu do swoich danych osobowych, ich usuni\u0119cia lub sprzeciwu wobec sprzeda\u017cy danych osobowych.<\/span><\/p>\n<p><span data-sheets-root=\"1\">Kanada (PIPEDA): U\u017cytkownikom z Kanady przys\u0142uguje prawo dost\u0119pu do danych osobowych, ich sprostowania oraz uzyskania informacji na temat sposobu ich wykorzystywania.<\/span><\/p>\n<p>Zjednoczone Kr\u00f3lestwo (UK GDPR): Z uwagi na posiadanie przez Sp\u00f3\u0142k\u0119 siedziby na terenie Zjednoczonego Kr\u00f3lestwa, przetwarzanie danych osobowych odbywa si\u0119 r\u00f3wnie\u017c zgodnie z przepisami UK GDPR. Wszelkie zapytania dotycz\u0105ce ochrony danych osobowych na terenie Wielkiej Brytanii mo\u017cna kierowa\u0107 do:<\/p>\n<p><strong>Steelwrist UK LTD<\/strong><br \/>\nUnit 1f Vantage Business Park<br \/>\nBloxham Road, Banbury<br \/>\nOX16 9UX<br \/>\n<span data-sheets-root=\"1\">Wielka Brytania<\/span><\/p>\n<p>Australia: W zwi\u0105zku z przetwarzaniem danych u\u017cytkownik\u00f3w z Australii, Sp\u00f3\u0142ka przestrzega przepis\u00f3w Privacy Act 1988 oraz Australijskich Zasad Ochrony Prywatno\u015bci (Australian Privacy Principles \u2013 APPs). U\u017cytkownicy z Australii mog\u0105 kontaktowa\u0107 si\u0119 z lokalnym oddzia\u0142em Sp\u00f3\u0142ki:<\/p>\n<p><strong>Steelwrist Australia PTY Ltd<\/strong><br \/>\nUnit 2<br \/>\n2 Avatonbell Drive<br \/>\nLuscombe, QLD 4207<br \/>\nQueensland, Australia<\/p>\n<p><span data-sheets-root=\"1\">Inne regiony: Je\u017celi w kraju zamieszkania u\u017cytkownika obowi\u0105zuj\u0105 szczeg\u00f3lne przepisy dotycz\u0105ce ochrony danych osobowych, zalecamy zapoznanie si\u0119 z przys\u0142uguj\u0105cymi prawami wynikaj\u0105cymi z tych regulacji.<\/span><\/p>\n<h4><span data-sheets-root=\"1\">U\u017cytkownicy aplikacji mobilnych<\/span><\/h4>\n<p>W przypadku danych pochodz\u0105cych z aplikacji mobilnych, kt\u00f3re s\u0105 przekazywane poza UE\/EOG, stosowane s\u0105 odpowiednie zabezpieczenia, w tym decyzje stwierdzaj\u0105ce odpowiedni stopie\u0144 ochrony wydane przez Komisj\u0119 Europejsk\u0105, standardowe klauzule umowne (SCCs) oraz inne w\u0142a\u015bciwe \u015brodki ochrony, zgodnie z zapisami <a href=\"https:\/\/steelwrist.com\/pl\/quantum-connect-app-privacy-policy\/\">Polityki Prywatno\u015bci Aplikacji Mobilnych<\/a>.<\/p>\n<p>Prawa i \u015brodki ochrony opisane w niniejszej sekcji maj\u0105 r\u00f3wnie\u017c zastosowanie do u\u017cytkownik\u00f3w aplikacji mobilnych Steelwrist. Ka\u017cda aplikacja mobilna jest zgodna \u2013 w odpowiednim zakresie \u2013 z przepisami RODO, UK GDPR, CCPA\/CPRA, PIPEDA oraz Australijskimi Zasadami Ochrony Prywatno\u015bci (APPs). U\u017cytkownicy aplikacji mobilnych mog\u0105 wykonywa\u0107 przys\u0142uguj\u0105ce im prawa, kontaktuj\u0105c si\u0119 pod adresem\u00a0<a href=\"mailto:privacy@steelwrist.com\">privacy@steelwrist.com<\/a>.<\/p>\n<h2><span data-sheets-root=\"1\">15. Aktualizacje polityki prywatno\u015bci<\/span><\/h2>\n<p><span data-sheets-root=\"1\">Wszelkie zmiany niniejszej Polityki Prywatno\u015bci b\u0119d\u0105 publikowane na tej stronie internetowej. O istotnych aktualizacjach u\u017cytkownicy mog\u0105 by\u0107 dodatkowo informowani drog\u0105 elektroniczn\u0105.<\/span><\/p>\n<h2><span data-sheets-root=\"1\">16. Dane kontaktowe<\/span><\/h2>\n<p><strong>W przypadku pyta\u0144, wniosk\u00f3w dotycz\u0105cych danych osobowych, ich aktualizacji lub sprostowania prosimy o kontakt z:<\/strong><\/p>\n<p><strong>STEELWRIST AB<\/strong><\/p>\n<p><strong>Adres siedziby:<\/strong> Titangatan 9, SE-195 72 Rosersberg<br \/>\n<strong>Telefon:<\/strong> <a href=\"tel:+46 8 6260700\">+46 8 626 07 00<\/a><br \/>\n<strong>E-mail:<\/strong> <a href=\"mailto:privacy@steelwrist.com\">privacy@steelwrist.com<\/a><\/p>\n<p>&nbsp;<\/p>\n","protected":false},"excerpt":{"rendered":"<p>1. Informacje og\u00f3lne Niniejszym informujemy o celu i zakresie gromadzenia danych osobowych podczas korzystania ze strony internetowej oraz innych kana\u0142\u00f3w cyfrowych zarz\u0105dzanych przez Steelwrist AB, nr rej. 556617-0048 (\u201eSp\u00f3\u0142ka\u201d). Niniejsza Polityka ma zastosowanie do wszystkich informacji gromadzonych na temat u\u017cytkownika&#8230;<\/p>\n","protected":false},"author":1,"featured_media":0,"parent":0,"menu_order":0,"comment_status":"closed","ping_status":"closed","template":"","meta":{"footnotes":""},"class_list":["post-95121","page","type-page","status-publish","hentry"],"acf":[],"_links":{"self":[{"href":"https:\/\/steelwrist.com\/pl\/wp-json\/wp\/v2\/pages\/95121","targetHints":{"allow":["GET"]}}],"collection":[{"href":"https:\/\/steelwrist.com\/pl\/wp-json\/wp\/v2\/pages"}],"about":[{"href":"https:\/\/steelwrist.com\/pl\/wp-json\/wp\/v2\/types\/page"}],"author":[{"embeddable":true,"href":"https:\/\/steelwrist.com\/pl\/wp-json\/wp\/v2\/users\/1"}],"replies":[{"embeddable":true,"href":"https:\/\/steelwrist.com\/pl\/wp-json\/wp\/v2\/comments?post=95121"}],"version-history":[{"count":5,"href":"https:\/\/steelwrist.com\/pl\/wp-json\/wp\/v2\/pages\/95121\/revisions"}],"predecessor-version":[{"id":315694,"href":"https:\/\/steelwrist.com\/pl\/wp-json\/wp\/v2\/pages\/95121\/revisions\/315694"}],"wp:attachment":[{"href":"https:\/\/steelwrist.com\/pl\/wp-json\/wp\/v2\/media?parent=95121"}],"curies":[{"name":"wp","href":"https:\/\/api.w.org\/{rel}","templated":true}]}}