{"id":216144,"date":"2021-04-23T11:45:30","date_gmt":"2021-04-23T09:45:30","guid":{"rendered":"https:\/\/steelwrist.com\/track-and-wheel-steering\/"},"modified":"2021-06-21T13:20:17","modified_gmt":"2021-06-21T11:20:17","slug":"sterowanie-skretem-kol-i-gasienic","status":"publish","type":"page","link":"https:\/\/steelwrist.com\/pl\/sterowanie-skretem-kol-i-gasienic\/","title":{"rendered":"Sterowanie skr\u0119tem k\u00f3\u0142 i g\u0105sienic"},"content":{"rendered":"","protected":false},"excerpt":{"rendered":"","protected":false},"author":12,"featured_media":0,"parent":0,"menu_order":0,"comment_status":"closed","ping_status":"closed","template":"template-onlysections.php","meta":{"footnotes":""},"class_list":["post-216144","page","type-page","status-publish","hentry"],"acf":[],"_links":{"self":[{"href":"https:\/\/steelwrist.com\/pl\/wp-json\/wp\/v2\/pages\/216144","targetHints":{"allow":["GET"]}}],"collection":[{"href":"https:\/\/steelwrist.com\/pl\/wp-json\/wp\/v2\/pages"}],"about":[{"href":"https:\/\/steelwrist.com\/pl\/wp-json\/wp\/v2\/types\/page"}],"author":[{"embeddable":true,"href":"https:\/\/steelwrist.com\/pl\/wp-json\/wp\/v2\/users\/12"}],"replies":[{"embeddable":true,"href":"https:\/\/steelwrist.com\/pl\/wp-json\/wp\/v2\/comments?post=216144"}],"version-history":[{"count":2,"href":"https:\/\/steelwrist.com\/pl\/wp-json\/wp\/v2\/pages\/216144\/revisions"}],"predecessor-version":[{"id":218131,"href":"https:\/\/steelwrist.com\/pl\/wp-json\/wp\/v2\/pages\/216144\/revisions\/218131"}],"wp:attachment":[{"href":"https:\/\/steelwrist.com\/pl\/wp-json\/wp\/v2\/media?parent=216144"}],"curies":[{"name":"wp","href":"https:\/\/api.w.org\/{rel}","templated":true}]}}