{"id":12293,"date":"2016-05-03T15:43:20","date_gmt":"2016-05-03T13:43:20","guid":{"rendered":"https:\/\/steelwrist.com\/nl\/steelwrist-i-media\/"},"modified":"2026-03-04T15:02:15","modified_gmt":"2026-03-04T14:02:15","slug":"nieuwsberichten-over-steelwrist","status":"publish","type":"page","link":"https:\/\/steelwrist.com\/nl\/als-steelwrist\/nieuwsberichten-over-steelwrist\/","title":{"rendered":"Nieuwsberichten over Steelwrist"},"content":{"rendered":"<p><span data-sheets-value=\"{&quot;1&quot;:2,&quot;2&quot;:&quot;Hier kun je artikelen over Steelwrist in de media vinden.&quot;}\" data-sheets-userformat=\"{&quot;2&quot;:771,&quot;3&quot;:{&quot;1&quot;:0},&quot;4&quot;:{&quot;1&quot;:2,&quot;2&quot;:65535},&quot;11&quot;:4,&quot;12&quot;:0}\">Hier kun je artikelen over Steelwrist in de media vinden:<\/span><\/p>\n<p><strong>Steelwrist pakt groots uit op Conexpo<\/strong><br \/>\nBouwmachineweb, 04 mrt. 2026<\/p>\n<p><a href=\"https:\/\/bouwmachineweb.com\/nieuws\/2020\/steelwrist-pakt-groots-uit-op-conexpo\" target=\"_blank\" rel=\"noopener\"><img loading=\"lazy\" decoding=\"async\" class=\"alignnone wp-image-320000 size-full\" src=\"https:\/\/steelwrist.com\/wp-content\/uploads\/Steelwrist-pakt-groots-uit-op-Conexpo.png\" alt=\"Steelwrist pakt groots uit op Conexpo\" width=\"600\" height=\"400\" srcset=\"https:\/\/steelwrist.com\/wp-content\/uploads\/Steelwrist-pakt-groots-uit-op-Conexpo.png 600w, https:\/\/steelwrist.com\/wp-content\/uploads\/Steelwrist-pakt-groots-uit-op-Conexpo-300x200.png 300w, https:\/\/steelwrist.com\/wp-content\/uploads\/Steelwrist-pakt-groots-uit-op-Conexpo-150x100.png 150w, https:\/\/steelwrist.com\/wp-content\/uploads\/Steelwrist-pakt-groots-uit-op-Conexpo-24x16.png 24w, https:\/\/steelwrist.com\/wp-content\/uploads\/Steelwrist-pakt-groots-uit-op-Conexpo-36x24.png 36w, https:\/\/steelwrist.com\/wp-content\/uploads\/Steelwrist-pakt-groots-uit-op-Conexpo-48x32.png 48w, https:\/\/steelwrist.com\/wp-content\/uploads\/Steelwrist-pakt-groots-uit-op-Conexpo-110x73.png 110w, https:\/\/steelwrist.com\/wp-content\/uploads\/Steelwrist-pakt-groots-uit-op-Conexpo-75x50.png 75w\" sizes=\"auto, (max-width: 600px) 100vw, 600px\" \/><\/a><\/p>\n<p>&nbsp;<\/p>\n<p><strong>Met SQ40 kunnen nu ook de kleine snel wisselen<\/strong><br \/>\nBouwmachineweb, 30 okt. 2025<\/p>\n<p><a href=\"https:\/\/bouwmachineweb.com\/nieuws\/1906\/met-sq40-kunnen-nu-ook-de-kleine-snel-wisselen\" target=\"_blank\" rel=\"noopener\"><img loading=\"lazy\" decoding=\"async\" class=\"alignnone wp-image-303085 size-full\" src=\"https:\/\/steelwrist.com\/wp-content\/uploads\/SQ40-automatische-snelwissel-voor-compacte-graafmachines.png\" alt=\"SQ40 automatische snelwissel voor compacte graafmachines\" width=\"500\" height=\"165\" srcset=\"https:\/\/steelwrist.com\/wp-content\/uploads\/SQ40-automatische-snelwissel-voor-compacte-graafmachines.png 500w, https:\/\/steelwrist.com\/wp-content\/uploads\/SQ40-automatische-snelwissel-voor-compacte-graafmachines-300x99.png 300w, https:\/\/steelwrist.com\/wp-content\/uploads\/SQ40-automatische-snelwissel-voor-compacte-graafmachines-150x50.png 150w, https:\/\/steelwrist.com\/wp-content\/uploads\/SQ40-automatische-snelwissel-voor-compacte-graafmachines-24x8.png 24w, https:\/\/steelwrist.com\/wp-content\/uploads\/SQ40-automatische-snelwissel-voor-compacte-graafmachines-36x12.png 36w, https:\/\/steelwrist.com\/wp-content\/uploads\/SQ40-automatische-snelwissel-voor-compacte-graafmachines-48x16.png 48w, https:\/\/steelwrist.com\/wp-content\/uploads\/SQ40-automatische-snelwissel-voor-compacte-graafmachines-110x36.png 110w, https:\/\/steelwrist.com\/wp-content\/uploads\/SQ40-automatische-snelwissel-voor-compacte-graafmachines-75x25.png 75w\" sizes=\"auto, (max-width: 500px) 100vw, 500px\" \/><\/a><\/p>\n<p>&nbsp;<\/p>\n<p><strong>Steelwrist in sloop en recycling<\/strong><br \/>\nBeton&amp;StaalBouw, 22 okt. 2025<\/p>\n<p><a href=\"https:\/\/betonenstaalbouw.nl\/algemeen\/steelwrist-in-sloop-en-recycling\/\" target=\"_blank\" rel=\"noopener\"><img loading=\"lazy\" decoding=\"async\" class=\"alignnone wp-image-302479 size-full\" src=\"https:\/\/steelwrist.com\/wp-content\/uploads\/Steelwrist-sloop-en-recycling.png\" alt=\"\" width=\"600\" height=\"404\" srcset=\"https:\/\/steelwrist.com\/wp-content\/uploads\/Steelwrist-sloop-en-recycling.png 600w, https:\/\/steelwrist.com\/wp-content\/uploads\/Steelwrist-sloop-en-recycling-300x202.png 300w, https:\/\/steelwrist.com\/wp-content\/uploads\/Steelwrist-sloop-en-recycling-150x101.png 150w, https:\/\/steelwrist.com\/wp-content\/uploads\/Steelwrist-sloop-en-recycling-24x16.png 24w, https:\/\/steelwrist.com\/wp-content\/uploads\/Steelwrist-sloop-en-recycling-36x24.png 36w, https:\/\/steelwrist.com\/wp-content\/uploads\/Steelwrist-sloop-en-recycling-48x32.png 48w, https:\/\/steelwrist.com\/wp-content\/uploads\/Steelwrist-sloop-en-recycling-110x74.png 110w, https:\/\/steelwrist.com\/wp-content\/uploads\/Steelwrist-sloop-en-recycling-75x51.png 75w\" sizes=\"auto, (max-width: 600px) 100vw, 600px\" \/><\/a><\/p>\n<p>&nbsp;<\/p>\n<p><strong>Steelwrist lanceert QuantumConnect<\/strong><br \/>\nBouwmachineweb, 11 sep. 2025<\/p>\n<p><a href=\"https:\/\/bouwmachineweb.com\/nieuws\/1858\/steelwrist-lanceert-quantumconnect\" target=\"_blank\" rel=\"noopener\"><img loading=\"lazy\" decoding=\"async\" class=\"alignnone wp-image-296514 size-full\" src=\"https:\/\/steelwrist.com\/wp-content\/uploads\/QuantumConnect-tiltrotatorbesturing.png\" alt=\"\" width=\"600\" height=\"257\" srcset=\"https:\/\/steelwrist.com\/wp-content\/uploads\/QuantumConnect-tiltrotatorbesturing.png 600w, https:\/\/steelwrist.com\/wp-content\/uploads\/QuantumConnect-tiltrotatorbesturing-300x129.png 300w, https:\/\/steelwrist.com\/wp-content\/uploads\/QuantumConnect-tiltrotatorbesturing-150x64.png 150w, https:\/\/steelwrist.com\/wp-content\/uploads\/QuantumConnect-tiltrotatorbesturing-24x10.png 24w, https:\/\/steelwrist.com\/wp-content\/uploads\/QuantumConnect-tiltrotatorbesturing-36x15.png 36w, https:\/\/steelwrist.com\/wp-content\/uploads\/QuantumConnect-tiltrotatorbesturing-48x21.png 48w, https:\/\/steelwrist.com\/wp-content\/uploads\/QuantumConnect-tiltrotatorbesturing-110x47.png 110w, https:\/\/steelwrist.com\/wp-content\/uploads\/QuantumConnect-tiltrotatorbesturing-75x32.png 75w\" sizes=\"auto, (max-width: 600px) 100vw, 600px\" \/><\/a><\/p>\n<p>&nbsp;<\/p>\n<p><strong>Steelwrist sluit druk beursseizoen af op CSPI-EXPO in Japan<\/strong><br \/>\nU Gaat Bouwen, 18 juni 2025<\/p>\n<p><a href=\"https:\/\/ugaatbouwen.com\/nl\/nieuws\/steelwrist-sluit-druk-beursseizoen-af-op-cspi-expo-in-japan\/\" target=\"_blank\" rel=\"noopener\"><img loading=\"lazy\" decoding=\"async\" class=\"alignnone wp-image-291875 size-full\" src=\"https:\/\/steelwrist.com\/wp-content\/uploads\/Steelwrist-snelwisselsysteem-SQ40.png\" alt=\"Steelwrist snelwisselsysteem\" width=\"600\" height=\"401\" srcset=\"https:\/\/steelwrist.com\/wp-content\/uploads\/Steelwrist-snelwisselsysteem-SQ40.png 600w, https:\/\/steelwrist.com\/wp-content\/uploads\/Steelwrist-snelwisselsysteem-SQ40-300x201.png 300w, https:\/\/steelwrist.com\/wp-content\/uploads\/Steelwrist-snelwisselsysteem-SQ40-150x100.png 150w, https:\/\/steelwrist.com\/wp-content\/uploads\/Steelwrist-snelwisselsysteem-SQ40-24x16.png 24w, https:\/\/steelwrist.com\/wp-content\/uploads\/Steelwrist-snelwisselsysteem-SQ40-36x24.png 36w, https:\/\/steelwrist.com\/wp-content\/uploads\/Steelwrist-snelwisselsysteem-SQ40-48x32.png 48w, https:\/\/steelwrist.com\/wp-content\/uploads\/Steelwrist-snelwisselsysteem-SQ40-110x74.png 110w, https:\/\/steelwrist.com\/wp-content\/uploads\/Steelwrist-snelwisselsysteem-SQ40-75x50.png 75w\" sizes=\"auto, (max-width: 600px) 100vw, 600px\" \/><\/a><\/p>\n<p>&nbsp;<\/p>\n<p><strong>Steelwrist viert 20-jarig jubileum<\/strong><br \/>\ndeLoonwerker, 27 mei 2025<\/p>\n<p><a href=\"https:\/\/www.deloonwerker.nl\/loonwerk-activiteiten\/grondbewerking\/grondverzet\/steelwrist-viert-20-jarig-jubileum\/\" target=\"_blank\" rel=\"noopener\"><img loading=\"lazy\" decoding=\"async\" class=\"alignnone wp-image-290556 size-full\" src=\"https:\/\/steelwrist.com\/wp-content\/uploads\/Steelwrist-20-jarig-jubileum.png\" alt=\"Steelwrist 20-jarig jubileum\" width=\"600\" height=\"421\" srcset=\"https:\/\/steelwrist.com\/wp-content\/uploads\/Steelwrist-20-jarig-jubileum.png 600w, https:\/\/steelwrist.com\/wp-content\/uploads\/Steelwrist-20-jarig-jubileum-300x211.png 300w, https:\/\/steelwrist.com\/wp-content\/uploads\/Steelwrist-20-jarig-jubileum-150x105.png 150w, https:\/\/steelwrist.com\/wp-content\/uploads\/Steelwrist-20-jarig-jubileum-24x17.png 24w, https:\/\/steelwrist.com\/wp-content\/uploads\/Steelwrist-20-jarig-jubileum-36x25.png 36w, https:\/\/steelwrist.com\/wp-content\/uploads\/Steelwrist-20-jarig-jubileum-48x34.png 48w, https:\/\/steelwrist.com\/wp-content\/uploads\/Steelwrist-20-jarig-jubileum-110x77.png 110w, https:\/\/steelwrist.com\/wp-content\/uploads\/Steelwrist-20-jarig-jubileum-75x53.png 75w\" sizes=\"auto, (max-width: 600px) 100vw, 600px\" \/><\/a><\/p>\n<p>&nbsp;<\/p>\n<p><strong>Gearing up for the next 20 years of commitment to efficiency for excavators<br \/>\n<\/strong>Plant Planet magazine, December 13, 2024<\/p>\n<p><em>In 2025 Steelwrist celebrates 20 years in business. Founded in Sweden back in 2005 manufacturing tiltrotators, quick couplers and work tools for excavators, the company has grown significantly since then, quickly becoming the global player it is today. Read about\u00a0<a href=\"https:\/\/issuu.com\/plant-planet\/docs\/plant_planet_december24-pages\/62\" target=\"_blank\" rel=\"noopener\">how Steelwrist has developed the tiltrotator technology and built a strong brand in the industry.<\/a><\/em><\/p>\n<p><a href=\"https:\/\/issuu.com\/plant-planet\/docs\/plant_planet_december24-pages\/62\" target=\"_blank\" rel=\"noopener\"><img loading=\"lazy\" decoding=\"async\" class=\"alignnone wp-image-282738 size-full\" src=\"https:\/\/steelwrist.com\/wp-content\/uploads\/Steelwrist-20-years-Plant-Planet.png\" alt=\"Steelwrist 20 years Plant Planet article\" width=\"600\" height=\"423\" srcset=\"https:\/\/steelwrist.com\/wp-content\/uploads\/Steelwrist-20-years-Plant-Planet.png 600w, https:\/\/steelwrist.com\/wp-content\/uploads\/Steelwrist-20-years-Plant-Planet-300x212.png 300w, https:\/\/steelwrist.com\/wp-content\/uploads\/Steelwrist-20-years-Plant-Planet-150x106.png 150w, https:\/\/steelwrist.com\/wp-content\/uploads\/Steelwrist-20-years-Plant-Planet-24x17.png 24w, https:\/\/steelwrist.com\/wp-content\/uploads\/Steelwrist-20-years-Plant-Planet-36x25.png 36w, https:\/\/steelwrist.com\/wp-content\/uploads\/Steelwrist-20-years-Plant-Planet-48x34.png 48w, https:\/\/steelwrist.com\/wp-content\/uploads\/Steelwrist-20-years-Plant-Planet-110x78.png 110w, https:\/\/steelwrist.com\/wp-content\/uploads\/Steelwrist-20-years-Plant-Planet-75x53.png 75w\" sizes=\"auto, (max-width: 600px) 100vw, 600px\" \/><\/a><\/p>\n<p>&nbsp;<\/p>\n<p><strong>Steelwrist tiltrotator op een Wacker Neuson EW 100 graafmachine met MIC 4.0 joystick<br \/>\n<\/strong>terramag.be, 4 oktober 2024<\/p>\n<p><em>\u201cDeze combinatie zorgt ervoor dat machinisten zo autonoom als mogelijk kunnen werken. Ik denk dat het in de toekomst steeds gebruikelijker zal worden. Het brengt veel voordelen met zich mee en het is helemaal niet overbodig. Als je eenmaal een tiltrotator van Steelwrist hebt geproefd, wil je niet meer terug,\u201d zegt Beno\u00eet Dupont.&#8221;<\/em><\/p>\n<p><a href=\"https:\/\/www.terramag.be\/actueel\/steelwrist-tiltrotator-op-een-wacker-neuson-ew-100-graafmachine-met-mic-4-0-joystick\/\" target=\"_blank\" rel=\"noopener\"><img loading=\"lazy\" decoding=\"async\" class=\"alignnone wp-image-274734 size-full\" src=\"https:\/\/steelwrist.com\/wp-content\/uploads\/Wacker-Neuson-Steelwrist-MIC-4.0.png\" alt=\"\" width=\"600\" height=\"406\" srcset=\"https:\/\/steelwrist.com\/wp-content\/uploads\/Wacker-Neuson-Steelwrist-MIC-4.0.png 600w, https:\/\/steelwrist.com\/wp-content\/uploads\/Wacker-Neuson-Steelwrist-MIC-4.0-300x203.png 300w, https:\/\/steelwrist.com\/wp-content\/uploads\/Wacker-Neuson-Steelwrist-MIC-4.0-150x102.png 150w, https:\/\/steelwrist.com\/wp-content\/uploads\/Wacker-Neuson-Steelwrist-MIC-4.0-24x16.png 24w, https:\/\/steelwrist.com\/wp-content\/uploads\/Wacker-Neuson-Steelwrist-MIC-4.0-36x24.png 36w, https:\/\/steelwrist.com\/wp-content\/uploads\/Wacker-Neuson-Steelwrist-MIC-4.0-48x32.png 48w, https:\/\/steelwrist.com\/wp-content\/uploads\/Wacker-Neuson-Steelwrist-MIC-4.0-110x74.png 110w, https:\/\/steelwrist.com\/wp-content\/uploads\/Wacker-Neuson-Steelwrist-MIC-4.0-75x51.png 75w\" sizes=\"auto, (max-width: 600px) 100vw, 600px\" \/><\/a><\/p>\n<p>&nbsp;<\/p>\n<p><strong>Steelwrist ontvangt voor het vijfde achtereenvolgende jaar de prijs voor Best Managed Companies in Zweden<br \/>\n<\/strong>GWW Bouwmat, 31 mei 2024<\/p>\n<p><a href=\"https:\/\/www.gww-bouw.nl\/artikel\/steelwrist-ontvangt-voor-het-vijfde-achtereenvolgende-jaar-de-prijs-voor-best-managed-companies-in-zweden\/\" target=\"_blank\" rel=\"noopener\"><img loading=\"lazy\" decoding=\"async\" class=\"alignnone wp-image-269165 size-full\" src=\"https:\/\/steelwrist.com\/wp-content\/uploads\/Steelwrist-BMC.png\" alt=\"Steelwrist, produttore globale di Tiltrotator\" width=\"600\" height=\"435\" srcset=\"https:\/\/steelwrist.com\/wp-content\/uploads\/Steelwrist-BMC.png 600w, https:\/\/steelwrist.com\/wp-content\/uploads\/Steelwrist-BMC-300x218.png 300w, https:\/\/steelwrist.com\/wp-content\/uploads\/Steelwrist-BMC-150x109.png 150w, https:\/\/steelwrist.com\/wp-content\/uploads\/Steelwrist-BMC-24x17.png 24w, https:\/\/steelwrist.com\/wp-content\/uploads\/Steelwrist-BMC-36x26.png 36w, https:\/\/steelwrist.com\/wp-content\/uploads\/Steelwrist-BMC-48x35.png 48w, https:\/\/steelwrist.com\/wp-content\/uploads\/Steelwrist-BMC-110x80.png 110w, https:\/\/steelwrist.com\/wp-content\/uploads\/Steelwrist-BMC-75x54.png 75w\" sizes=\"auto, (max-width: 600px) 100vw, 600px\" \/><\/a><\/p>\n<p>&nbsp;<\/p>\n<p><strong>Steelwrist pakt groots uit<\/strong><br \/>\nbouwmachineweb, 23 mrt 2024<\/p>\n<p><em>Op woensdag 13 maart 2024 nodigde Steelwrist de internationale pers uit voor de lancering van een hele serie nieuwe uitrustingsstukken. De introductie vond plaats in de nieuwe vestiging van Steelwrist Deutschland GmbH in Hamburg.<\/em><\/p>\n<p><a href=\"https:\/\/bouwmachineweb.com\/reportages\/1295\/steelwrist-pakt-groots-uit\" target=\"_blank\" rel=\"noopener\"><img loading=\"lazy\" decoding=\"async\" class=\"alignnone wp-image-266391 size-full\" src=\"https:\/\/steelwrist.com\/wp-content\/uploads\/Derde-generatie-draaikantelstukken.png\" alt=\"Derde generatie Steelwrist draaikantelstukken\" width=\"600\" height=\"480\" srcset=\"https:\/\/steelwrist.com\/wp-content\/uploads\/Derde-generatie-draaikantelstukken.png 600w, https:\/\/steelwrist.com\/wp-content\/uploads\/Derde-generatie-draaikantelstukken-300x240.png 300w, https:\/\/steelwrist.com\/wp-content\/uploads\/Derde-generatie-draaikantelstukken-150x120.png 150w, https:\/\/steelwrist.com\/wp-content\/uploads\/Derde-generatie-draaikantelstukken-550x440.png 550w, https:\/\/steelwrist.com\/wp-content\/uploads\/Derde-generatie-draaikantelstukken-24x19.png 24w, https:\/\/steelwrist.com\/wp-content\/uploads\/Derde-generatie-draaikantelstukken-36x29.png 36w, https:\/\/steelwrist.com\/wp-content\/uploads\/Derde-generatie-draaikantelstukken-48x38.png 48w, https:\/\/steelwrist.com\/wp-content\/uploads\/Derde-generatie-draaikantelstukken-110x88.png 110w, https:\/\/steelwrist.com\/wp-content\/uploads\/Derde-generatie-draaikantelstukken-75x60.png 75w\" sizes=\"auto, (max-width: 600px) 100vw, 600px\" \/><\/a><\/p>\n<p>&nbsp;<\/p>\n<p><strong>Compleet nieuwe Steelwrist tiltrotators<\/strong><br \/>\nCumela, 21 maart 2024<\/p>\n<p><a href=\"https:\/\/www.cumela.nl\/nieuws\/compleet-nieuwe-steelwrist-tiltrotators\" target=\"_blank\" rel=\"noopener\"><img loading=\"lazy\" decoding=\"async\" class=\"alignnone wp-image-269672 size-full\" src=\"https:\/\/steelwrist.com\/wp-content\/uploads\/Nieuwe-Steelwrist-tiltrotators.png\" alt=\"Tiltrotators voor graafmachines\" width=\"600\" height=\"277\" srcset=\"https:\/\/steelwrist.com\/wp-content\/uploads\/Nieuwe-Steelwrist-tiltrotators.png 600w, https:\/\/steelwrist.com\/wp-content\/uploads\/Nieuwe-Steelwrist-tiltrotators-300x139.png 300w, https:\/\/steelwrist.com\/wp-content\/uploads\/Nieuwe-Steelwrist-tiltrotators-150x69.png 150w, https:\/\/steelwrist.com\/wp-content\/uploads\/Nieuwe-Steelwrist-tiltrotators-24x11.png 24w, https:\/\/steelwrist.com\/wp-content\/uploads\/Nieuwe-Steelwrist-tiltrotators-36x17.png 36w, https:\/\/steelwrist.com\/wp-content\/uploads\/Nieuwe-Steelwrist-tiltrotators-48x22.png 48w, https:\/\/steelwrist.com\/wp-content\/uploads\/Nieuwe-Steelwrist-tiltrotators-110x51.png 110w, https:\/\/steelwrist.com\/wp-content\/uploads\/Nieuwe-Steelwrist-tiltrotators-75x35.png 75w\" sizes=\"auto, (max-width: 600px) 100vw, 600px\" \/><\/a><\/p>\n<p>&nbsp;<\/p>\n<p><strong>Effici\u00ebntere rupsgraafmachine dankzij volautomatische uitrusting<\/strong><br \/>\ndeloonwerker, 23 januari 2024<\/p>\n<p><em>&#8220;Ondanks dat het om twee identieke Case-machines gaat, is er \u00e9\u00e9n groot verschil, namelijk \u00e9\u00e9n is uitgevoerd met een afneembaar draaikantelstuk van Steelwrist gecombineerd met een SQ70\/55 snelwisselsysteem. \u201cWe krijgen hier steeds meer werk voor\u201d, vertelt Harm Kuijpers.&#8221;<\/em><\/p>\n<p><a href=\"https:\/\/www.deloonwerker.nl\/loonwerk-activiteiten\/grondbewerking\/grondverzet\/efficientere-rupsgraafmachine-dankzij-volautomatische-uitrusting\/\" target=\"_blank\" rel=\"noopener\"><img loading=\"lazy\" decoding=\"async\" class=\"alignnone wp-image-255011 size-standard-size\" src=\"https:\/\/steelwrist.com\/wp-content\/uploads\/Case-Steelwrist-volautomatische-uitrusting-598x440.png\" alt=\"Case rupsgraafmachine\" width=\"598\" height=\"440\" srcset=\"https:\/\/steelwrist.com\/wp-content\/uploads\/Case-Steelwrist-volautomatische-uitrusting-598x440.png 598w, https:\/\/steelwrist.com\/wp-content\/uploads\/Case-Steelwrist-volautomatische-uitrusting-300x221.png 300w, https:\/\/steelwrist.com\/wp-content\/uploads\/Case-Steelwrist-volautomatische-uitrusting-768x565.png 768w, https:\/\/steelwrist.com\/wp-content\/uploads\/Case-Steelwrist-volautomatische-uitrusting-150x110.png 150w, https:\/\/steelwrist.com\/wp-content\/uploads\/Case-Steelwrist-volautomatische-uitrusting-24x18.png 24w, https:\/\/steelwrist.com\/wp-content\/uploads\/Case-Steelwrist-volautomatische-uitrusting-36x26.png 36w, https:\/\/steelwrist.com\/wp-content\/uploads\/Case-Steelwrist-volautomatische-uitrusting-48x35.png 48w, https:\/\/steelwrist.com\/wp-content\/uploads\/Case-Steelwrist-volautomatische-uitrusting-110x81.png 110w, https:\/\/steelwrist.com\/wp-content\/uploads\/Case-Steelwrist-volautomatische-uitrusting-75x55.png 75w, https:\/\/steelwrist.com\/wp-content\/uploads\/Case-Steelwrist-volautomatische-uitrusting.png 915w\" sizes=\"auto, (max-width: 598px) 100vw, 598px\" \/><\/a><\/p>\n<p>&nbsp;<\/p>\n<p><strong>SQ80 snelwissel van Steelwrist, \u201cSpaart een graafmachine uit\u201d<\/strong><br \/>\nTerra, 23 november 2023<br \/>\n<a href=\"https:\/\/www.terramag.be\/actueel\/sq80-snelwissel-van-steelwrist-spaart-een-graafmachine-uit\/\" target=\"_blank\" rel=\"noopener\"><img loading=\"lazy\" decoding=\"async\" class=\"alignnone wp-image-252130 size-standard-size\" src=\"https:\/\/steelwrist.com\/wp-content\/uploads\/Verhelst-Steelwrist-SQ80-584x440.png\" alt=\"Verhelst Steelwrist SQ80\" width=\"584\" height=\"440\" srcset=\"https:\/\/steelwrist.com\/wp-content\/uploads\/Verhelst-Steelwrist-SQ80-584x440.png 584w, https:\/\/steelwrist.com\/wp-content\/uploads\/Verhelst-Steelwrist-SQ80-300x226.png 300w, https:\/\/steelwrist.com\/wp-content\/uploads\/Verhelst-Steelwrist-SQ80-1024x771.png 1024w, https:\/\/steelwrist.com\/wp-content\/uploads\/Verhelst-Steelwrist-SQ80-768x578.png 768w, https:\/\/steelwrist.com\/wp-content\/uploads\/Verhelst-Steelwrist-SQ80-1536x1156.png 1536w, https:\/\/steelwrist.com\/wp-content\/uploads\/Verhelst-Steelwrist-SQ80-150x113.png 150w, https:\/\/steelwrist.com\/wp-content\/uploads\/Verhelst-Steelwrist-SQ80-24x18.png 24w, https:\/\/steelwrist.com\/wp-content\/uploads\/Verhelst-Steelwrist-SQ80-36x27.png 36w, https:\/\/steelwrist.com\/wp-content\/uploads\/Verhelst-Steelwrist-SQ80-48x36.png 48w, https:\/\/steelwrist.com\/wp-content\/uploads\/Verhelst-Steelwrist-SQ80-110x83.png 110w, https:\/\/steelwrist.com\/wp-content\/uploads\/Verhelst-Steelwrist-SQ80-75x56.png 75w, https:\/\/steelwrist.com\/wp-content\/uploads\/Verhelst-Steelwrist-SQ80.png 1610w\" sizes=\"auto, (max-width: 584px) 100vw, 584px\" \/><\/a><\/p>\n<p>&nbsp;<\/p>\n","protected":false},"excerpt":{"rendered":"<p>Hier kun je artikelen over Steelwrist in de media vinden: Steelwrist pakt groots uit op Conexpo Bouwmachineweb, 04 mrt. 2026 &nbsp; Met SQ40 kunnen nu ook de kleine snel wisselen Bouwmachineweb, 30 okt. 2025 &nbsp; Steelwrist in sloop en recycling&#8230;<\/p>\n","protected":false},"author":12,"featured_media":0,"parent":12325,"menu_order":0,"comment_status":"closed","ping_status":"closed","template":"","meta":{"footnotes":""},"class_list":["post-12293","page","type-page","status-publish","hentry"],"acf":[],"_links":{"self":[{"href":"https:\/\/steelwrist.com\/nl\/wp-json\/wp\/v2\/pages\/12293","targetHints":{"allow":["GET"]}}],"collection":[{"href":"https:\/\/steelwrist.com\/nl\/wp-json\/wp\/v2\/pages"}],"about":[{"href":"https:\/\/steelwrist.com\/nl\/wp-json\/wp\/v2\/types\/page"}],"author":[{"embeddable":true,"href":"https:\/\/steelwrist.com\/nl\/wp-json\/wp\/v2\/users\/12"}],"replies":[{"embeddable":true,"href":"https:\/\/steelwrist.com\/nl\/wp-json\/wp\/v2\/comments?post=12293"}],"version-history":[{"count":5,"href":"https:\/\/steelwrist.com\/nl\/wp-json\/wp\/v2\/pages\/12293\/revisions"}],"predecessor-version":[{"id":320019,"href":"https:\/\/steelwrist.com\/nl\/wp-json\/wp\/v2\/pages\/12293\/revisions\/320019"}],"up":[{"embeddable":true,"href":"https:\/\/steelwrist.com\/nl\/wp-json\/wp\/v2\/pages\/12325"}],"wp:attachment":[{"href":"https:\/\/steelwrist.com\/nl\/wp-json\/wp\/v2\/media?parent=12293"}],"curies":[{"name":"wp","href":"https:\/\/api.w.org\/{rel}","templated":true}]}}