{"id":305206,"date":"2016-04-19T11:44:20","date_gmt":"2016-04-19T09:44:20","guid":{"rendered":"https:\/\/steelwrist.com\/het-laten-vallen-van-de-bak\/"},"modified":"2016-04-19T11:44:20","modified_gmt":"2016-04-19T09:44:20","slug":"het-laten-vallen-van-de-bak","status":"publish","type":"page","link":"https:\/\/steelwrist.com\/nl-be\/het-laten-vallen-van-de-bak\/","title":{"rendered":"Het laten vallen van de bak"},"content":{"rendered":"<h3>Hoe groot is het probleem van vallende bakken &#8211; echt?<\/h3>\n<p>De Zweedse werkomgeving Autoriteit (Arbeidsinspectie) ontvangt ongeveer \u00e9\u00e9n melding per maand over incidenten met vallende bakken, maar het aantal niet gemelde gevallen is waarschijnlijk hoger volgens Prevent. (Een non-profit organisatie die eigendom is van De Confederatie van Zweedse ondernemingen en vakbonden gezamenlijk).<\/p>\n<h5><span data-sheets-value=\"{&quot;1&quot;:2,&quot;2&quot;:&quot;In 2011 maakte Prevent een film over de risico's gerelateerd aan het gebruik van een snelwissel.&quot;}\" data-sheets-userformat=\"{&quot;2&quot;:771,&quot;3&quot;:{&quot;1&quot;:0},&quot;4&quot;:{&quot;1&quot;:2,&quot;2&quot;:65535},&quot;11&quot;:4,&quot;12&quot;:0}\">In 2011 maakte Prevent een film over de risico&#8217;s gerelateerd aan het gebruik van een snelwissel.<\/span><\/h5>\n<div class=\"video-embed-container\"><iframe loading=\"lazy\" title=\"L\u00e5s s\u00e4kert - det kan g\u00e4lla livet\" width=\"500\" height=\"281\" src=\"https:\/\/www.youtube.com\/embed\/qhNnbCJvwgE?feature=oembed\" frameborder=\"0\" allow=\"accelerometer; autoplay; clipboard-write; encrypted-media; gyroscope; picture-in-picture; web-share\" referrerpolicy=\"strict-origin-when-cross-origin\" allowfullscreen><\/iframe><\/div>\n<h5><\/h5>\n","protected":false},"excerpt":{"rendered":"<p>Hoe groot is het probleem van vallende bakken &#8211; echt? De Zweedse werkomgeving Autoriteit (Arbeidsinspectie) ontvangt ongeveer \u00e9\u00e9n melding per maand over incidenten met vallende bakken, maar het aantal niet gemelde gevallen is waarschijnlijk hoger volgens Prevent. (Een non-profit organisatie&#8230;<\/p>\n","protected":false},"author":12,"featured_media":0,"parent":0,"menu_order":21,"comment_status":"closed","ping_status":"closed","template":"","meta":{"footnotes":""},"class_list":["post-305206","page","type-page","status-publish","hentry"],"acf":[],"_links":{"self":[{"href":"https:\/\/steelwrist.com\/nl-be\/wp-json\/wp\/v2\/pages\/305206","targetHints":{"allow":["GET"]}}],"collection":[{"href":"https:\/\/steelwrist.com\/nl-be\/wp-json\/wp\/v2\/pages"}],"about":[{"href":"https:\/\/steelwrist.com\/nl-be\/wp-json\/wp\/v2\/types\/page"}],"author":[{"embeddable":true,"href":"https:\/\/steelwrist.com\/nl-be\/wp-json\/wp\/v2\/users\/12"}],"replies":[{"embeddable":true,"href":"https:\/\/steelwrist.com\/nl-be\/wp-json\/wp\/v2\/comments?post=305206"}],"version-history":[{"count":0,"href":"https:\/\/steelwrist.com\/nl-be\/wp-json\/wp\/v2\/pages\/305206\/revisions"}],"wp:attachment":[{"href":"https:\/\/steelwrist.com\/nl-be\/wp-json\/wp\/v2\/media?parent=305206"}],"curies":[{"name":"wp","href":"https:\/\/api.w.org\/{rel}","templated":true}]}}