{"id":13802,"date":"2013-02-21T22:41:51","date_gmt":"2013-02-21T21:41:51","guid":{"rendered":"https:\/\/steelwrist.com\/nb\/press\/"},"modified":"2026-02-09T11:07:23","modified_gmt":"2026-02-09T10:07:23","slug":"presse","status":"publish","type":"page","link":"https:\/\/steelwrist.com\/nb\/presse\/","title":{"rendered":"Presse"},"content":{"rendered":"<p>Her er informasjon for media, slik som bilder med h\u00f8y oppl\u00f8sning og Steelwrist logo. Materialer og bilder kan brukes fritt s\u00e5 lenge kilden er nevnt.<\/p>\n<h3>Kontakt<\/h3>\n<p><strong>For presserelaterte sp\u00f8rsm\u00e5l, vennligst kontakt:<\/strong><br \/>\nStefan Stockhaus, tlf <a href=\"tel:+46709981321\" target=\"_blank\" rel=\"noopener noreferrer\">+46 70 998 13 21 <\/a>eller p\u00e5\u00a0<a href=\"mailto:stefan.stockhaus@steelwrist.com\" target=\"_blank\" rel=\"noopener noreferrer\">e-mail<\/a>.<br \/>\nKarl Serneberg, tlf <a href=\"tel:+46702619811\" target=\"_blank\" rel=\"noopener\">+46 70 261 98 11<\/a> eller p\u00e5 <a href=\"mailto:karl.serneberg@steelwrist.com\" target=\"_blank\" rel=\"noopener\">e-mail<\/a>.<br \/>\nMarianne Johansson, tlf <a href=\"tel:+46734747697\" target=\"_blank\" rel=\"noopener\">+46 73 474 76 97<\/a> eller p\u00e5 <a href=\"mailto:marianne.johansson@steelwrist.com\" target=\"_blank\" rel=\"noopener\">e-mail<\/a>.<\/p>\n<p><strong>For reklame, print og digitalt, vennligst kontakt:<\/strong><br \/>\nMaria Kreitz, tlf <a href=\"tel:+46709981325\">+46 70 998 13 25<\/a> eller p\u00e5 <a href=\"mailto:maria.kreitz@steelwrist.com\" target=\"_blank\" rel=\"noopener\">e-mail<\/a>.<br \/>\nHelen Westling, tlf <a href=\"tel:+46734747699\">+46 73 474 76 99<\/a><a href=\"tel:+46734747699\"><span style=\"color: #010202; font-family: arial, helvetica, verdana, tahoma, sans-serif;\"> eller p\u00e5<\/span><\/a><span style=\"color: #010202; font-family: arial, helvetica, verdana, tahoma, sans-serif;\">\u00a0<\/span><a href=\"mailto:helen.westling@steelwrist.com\" target=\"_blank\" rel=\"noopener\">e-mail<\/a>.<\/p>\n<p><strong>Sosiale medier:<\/strong><br \/>\nMimmi Sj\u00f6lin, tfn <a href=\"tel:+46764956682\">+46 76 495 66 82<\/a> eller p\u00e5 <a href=\"mailto:mimmi.sjolin@steelwrist.com\">e-mail<\/a>.<\/p>\n<div><strong>E-learning:<\/strong><\/div>\n<div>Karl-Henrik Krantz, tfn <a href=\"tel:+4672-0509032\">+46 72 050 90 32<\/a> eller p\u00e5 <a href=\"mailto:karl.krantz@steelwrist.com\">e-mail<\/a>.<\/div>\n","protected":false},"excerpt":{"rendered":"<p>Her er informasjon for media, slik som bilder med h\u00f8y oppl\u00f8sning og Steelwrist logo. Materialer og bilder kan brukes fritt s\u00e5 lenge kilden er nevnt. Kontakt For presserelaterte sp\u00f8rsm\u00e5l, vennligst kontakt: Stefan Stockhaus, tlf +46 70 998 13 21 eller&#8230;<\/p>\n","protected":false},"author":1,"featured_media":0,"parent":0,"menu_order":101,"comment_status":"closed","ping_status":"closed","template":"","meta":{"footnotes":""},"class_list":["post-13802","page","type-page","status-publish","hentry"],"acf":[],"_links":{"self":[{"href":"https:\/\/steelwrist.com\/nb\/wp-json\/wp\/v2\/pages\/13802","targetHints":{"allow":["GET"]}}],"collection":[{"href":"https:\/\/steelwrist.com\/nb\/wp-json\/wp\/v2\/pages"}],"about":[{"href":"https:\/\/steelwrist.com\/nb\/wp-json\/wp\/v2\/types\/page"}],"author":[{"embeddable":true,"href":"https:\/\/steelwrist.com\/nb\/wp-json\/wp\/v2\/users\/1"}],"replies":[{"embeddable":true,"href":"https:\/\/steelwrist.com\/nb\/wp-json\/wp\/v2\/comments?post=13802"}],"version-history":[{"count":6,"href":"https:\/\/steelwrist.com\/nb\/wp-json\/wp\/v2\/pages\/13802\/revisions"}],"predecessor-version":[{"id":289341,"href":"https:\/\/steelwrist.com\/nb\/wp-json\/wp\/v2\/pages\/13802\/revisions\/289341"}],"wp:attachment":[{"href":"https:\/\/steelwrist.com\/nb\/wp-json\/wp\/v2\/media?parent=13802"}],"curies":[{"name":"wp","href":"https:\/\/api.w.org\/{rel}","templated":true}]}}