{"id":13778,"date":"2016-04-06T16:17:39","date_gmt":"2016-04-06T14:17:39","guid":{"rendered":"https:\/\/steelwrist.com\/nb\/faq\/faq-regelverk\/"},"modified":"2018-09-20T12:11:57","modified_gmt":"2018-09-20T10:11:57","slug":"regelverk-og-standarder","status":"publish","type":"page","link":"https:\/\/steelwrist.com\/nb\/faq\/regelverk-og-standarder\/","title":{"rendered":"Regelverk og standarder"},"content":{"rendered":"<p class=\"ingress\">Vi kan ikke fortelle deg hva du skal gj\u00f8re, men vi kan hjelpe deg med \u00e5 forst\u00e5 hva du m\u00e5 gj\u00f8re. Vi f\u00e5r inn en del sp\u00f8rsm\u00e5l om hvilke regler som gjelder og hva som kan skje hvis de ikke f\u00f8lges. Her pr\u00f8ver vi \u00e5 gi svar p\u00e5 noen vanlige sp\u00f8rsm\u00e5l. Merk at det ikke er alle regler som gjelder, men vi fokuserer p\u00e5 noen som kan v\u00e6re bra \u00e5 kjenne til.<\/p>\n<h3>Hva er maskindirektivet?<\/h3>\n<p>Den nye maskindirektivet (2006\/42 \/ EC) tr\u00e5dte i kraft 29. desember 2009 og regulerer vilk\u00e5rene for CE-merking av maskinene.<\/p>\n<h5>CE-merket viser at:<\/h5>\n<ul>\n<li>Produsenten garanterer at maskinen er i samsvar med direktivet<\/li>\n<li>Produsenten tar ansvar for maskinens sikkerhet<\/li>\n<li>Maskinen skal v\u00e6re s\u00e5 ufarlig som mulig<\/li>\n<li>Kj\u00f8peren skal ha samsvarserkl\u00e6ring<\/li>\n<li>Produsenten skal ha den tekniske dokumentasjonen<\/li>\n<li>Maskinen kan selges fritt innenfor EU .<\/li>\n<\/ul>\n<h3>Hvilke regler gjelder for hjulstyring av gravemaskiner p\u00e5 hjul?<\/h3>\n<p>Sikkerheten gjeldende hjulstyring er styrt av ISO5010 og elektronikken er styrt av ISO15998. I korthet gjelder f\u00f8lgende for \u00e5 f\u00e5 installere hjulstyring (joystick styring) p\u00e5 en gravemaskin.<\/p>\n<ul>\n<li>Rattstyringen skal alltid v\u00e6re aktiv og skal alltid ha h\u00f8yeste prioritet. (Merk at de fleste styresystemer ikke kan h\u00e5ndtere dette for gravemaskiner hvor orbitrolen ikke har en LS (Loadsensing) signal.<\/li>\n<li>XControl kan h\u00e5ndtere b\u00e5de med og uten LS signalet fra Orbitrol.<\/li>\n<li>Hjulstyringen m\u00e5 v\u00e6re mulig \u00e5 deaktivere<\/li>\n<li>En visuell indikator m\u00e5 v\u00e6re til stede n\u00e5r hjulstyring er aktiv<\/li>\n<li>Hastigheten m\u00e5 begrenses til 20 km\/t (Merk: At hvis hjulstyringen bare har ett signal b\u00f8r fartsgrensen begrenses til 10 km\/t)<\/li>\n<li>Det skal v\u00e6re umulig \u00e5 lure systemet og kj\u00f8re raskere enn definerte niv\u00e5er<\/li>\n<li>Operat\u00f8ren m\u00e5 aktivere hjulstyringen p\u00e5 nytt hvis f\u00f8reren forlater f\u00f8rerhuset<\/li>\n<li>Hjulstyringen m\u00e5 deaktiveres automatisk hvis feil i systemet oppst\u00e5r<\/li>\n<\/ul>\n<h3>N\u00e5r kommer den nye standarden for hurtigfester?<\/h3>\n<p>Den nye standarden for hurtigfester (ISO13031) er ferdig og avstemning er utf\u00f8rt. Det er sannsynlig at den blir utgitt i andre halvdel av 2016. Ideen bak standarden er at den setter et rammeverk for alle de forskjellige hurtigfestemodellene for gravemaskiner. Ulike hurtigfestemodeller er delt inn i ulike typer, hvor hver type vil ha spesielle krav til sikkerhet.<\/p>\n<h5>De viktigste endringene er:<\/h5>\n<ul>\n<li>Alle hurtigfester er delt inn i tre klasser, der hver klasse har ulike krav til sikkerhet.<\/li>\n<li>Svenske S-fester omfattes av regelverk for &laquo;Wedge Locked Quick Couplers&raquo;<\/li>\n<li>Bakkventil er ikke lenger tilstrekkelig som sikkerhetsfunksjon dersom hydraulikktrykket skulle svikte.<\/li>\n<li>For styresystem er den st\u00f8rste endringen at alle systemer skal kontrellere at summeren fungerer n\u00e5r maskinen startes opp.<\/li>\n<\/ul>\n<h3>Hva er Standarden for Symmetriske Hurtigfester?<\/h3>\n<p>Den symmetriske standard er en maskinuavhengig standard som forvaltes av den Svenske bransjeforeningen for maskinleverand\u00f8rene.<\/p>\n<h5>Hensikten med standardisering er:<\/h5>\n<ul>\n<li>Opprette en standard som er trygg og brukervennlig samt harmonisere med internasjonale standarder som EN474 og den kommende ISO13031.<\/li>\n<li>Lag en konkurransedyktig og \u00e5pen industristandard som ikke er kontrollert av en enkelt produsent, men i stedet for en anerkjent og upartisk profesjonell organisasjon.<\/li>\n<li>Lage en ensartet betegnelse for hurtigfestene i forskjellige st\u00f8rrelser innenfor en standard.<\/li>\n<li>Lag en ensartet produksjonstandard med dimensjoner og toleranser og v\u00e6re tilrettelagt for effektiv produksjon.<\/li>\n<li>Lage en konstruksjon som gj\u00f8r det billig og enkelt \u00e5 bygge om nye og brukte skuffer og tilbeh\u00f8r.<\/li>\n<li>Lage en konstruksjon som er egnet for montering p\u00e5 forskjellige typer redskapssystemer med det s\u00e5kalte sandwich-verkt\u00f8yet, som Rototilt \/ Tiltrotator og lignende med hurtigfester b\u00e5de over og under.<\/li>\n<li>Opprette en standard som s\u00e5 langt som mulig beholder gravemaskinens normale graveegenskaper.<\/li>\n<li>Ha en festebredde som harmonerer med og passer de fleste gravmaskiners stikkebredder i de tiltenkte st\u00f8rrelse intervaller.<\/li>\n<li>Skal v\u00e6re uten slakk og uten behov for individuell shimsing.<\/li>\n<li>Ha et design som gj\u00f8r det mulig for fremtidig installasjon av helautomatiske systemer for tilkobling av hydraulikkslanger og elektriske kabler.<\/li>\n<li>Standarden b\u00f8r st\u00f8ttes av et flertall av svenske og nordiske maskinleverand\u00f8rer og utstyrsprodusenter.<\/li>\n<\/ul>\n","protected":false},"excerpt":{"rendered":"<p>Vi kan ikke fortelle deg hva du skal gj\u00f8re, men vi kan hjelpe deg med \u00e5 forst\u00e5 hva du m\u00e5 gj\u00f8re. Vi f\u00e5r inn en del sp\u00f8rsm\u00e5l om hvilke regler som gjelder og hva som kan skje hvis de ikke&#8230;<\/p>\n","protected":false},"author":12,"featured_media":0,"parent":13643,"menu_order":0,"comment_status":"closed","ping_status":"closed","template":"","meta":{"footnotes":""},"class_list":["post-13778","page","type-page","status-publish","hentry"],"acf":[],"_links":{"self":[{"href":"https:\/\/steelwrist.com\/nb\/wp-json\/wp\/v2\/pages\/13778","targetHints":{"allow":["GET"]}}],"collection":[{"href":"https:\/\/steelwrist.com\/nb\/wp-json\/wp\/v2\/pages"}],"about":[{"href":"https:\/\/steelwrist.com\/nb\/wp-json\/wp\/v2\/types\/page"}],"author":[{"embeddable":true,"href":"https:\/\/steelwrist.com\/nb\/wp-json\/wp\/v2\/users\/12"}],"replies":[{"embeddable":true,"href":"https:\/\/steelwrist.com\/nb\/wp-json\/wp\/v2\/comments?post=13778"}],"version-history":[{"count":5,"href":"https:\/\/steelwrist.com\/nb\/wp-json\/wp\/v2\/pages\/13778\/revisions"}],"predecessor-version":[{"id":42741,"href":"https:\/\/steelwrist.com\/nb\/wp-json\/wp\/v2\/pages\/13778\/revisions\/42741"}],"up":[{"embeddable":true,"href":"https:\/\/steelwrist.com\/nb\/wp-json\/wp\/v2\/pages\/13643"}],"wp:attachment":[{"href":"https:\/\/steelwrist.com\/nb\/wp-json\/wp\/v2\/media?parent=13778"}],"curies":[{"name":"wp","href":"https:\/\/api.w.org\/{rel}","templated":true}]}}