{"id":136253,"date":"2019-10-01T14:27:21","date_gmt":"2019-10-01T12:27:21","guid":{"rendered":"https:\/\/steelwrist.com\/?page_id=136253"},"modified":"2026-01-14T16:25:08","modified_gmt":"2026-01-14T15:25:08","slug":"sunward","status":"publish","type":"page","link":"https:\/\/steelwrist.com\/nb\/din-gravemaskin\/sunward\/","title":{"rendered":"Sunward"},"content":{"rendered":"<p>Uansett om du trenger et sikkert og robust hurtigfeste, et mer avansert tilt- eller rotorfeste, eller den mest effektive tiltrotatoren, har vi l\u00f8sningen som du beh\u00f8ver. Velg fra et bredt utvalg av redskaper, arbeidsredskaper og skuffer, alle designet for \u00e5 fungere perfekt under tiltrotatoren. Gravemaskinen vil v\u00e6re klar til \u00e5 utf\u00f8re flere typer oppgaver, enten det er graving, l\u00f8fting, planering, sortering, komprimering, riving osv.<\/p>\n<p><span data-sheets-root=\"1\">Filtrer p\u00e5 gravemaskinens vekt nedenfor for \u00e5 finne Steelwrist-utstyr som passer til gravemaskinen din.<\/span><\/p>\n<h4><strong>SP\u00d6RSM\u00c5L?<\/strong><\/h4>\n<p><span data-sheets-root=\"1\">Snakk med forhandleren din og be om et pristilbud, eller ring oss p\u00e5 <a href=\"tel:+4723650220\" target=\"_blank\" rel=\"noopener\">236 502 20<\/a>, s\u00e5 hjelper vi deg gjerne.<\/span><\/p>\n\n","protected":false},"excerpt":{"rendered":"","protected":false},"author":12,"featured_media":0,"parent":13041,"menu_order":7,"comment_status":"closed","ping_status":"closed","template":"template-excavator-brand.php","meta":{"footnotes":""},"class_list":["post-136253","page","type-page","status-publish","hentry"],"acf":[],"_links":{"self":[{"href":"https:\/\/steelwrist.com\/nb\/wp-json\/wp\/v2\/pages\/136253","targetHints":{"allow":["GET"]}}],"collection":[{"href":"https:\/\/steelwrist.com\/nb\/wp-json\/wp\/v2\/pages"}],"about":[{"href":"https:\/\/steelwrist.com\/nb\/wp-json\/wp\/v2\/types\/page"}],"author":[{"embeddable":true,"href":"https:\/\/steelwrist.com\/nb\/wp-json\/wp\/v2\/users\/12"}],"replies":[{"embeddable":true,"href":"https:\/\/steelwrist.com\/nb\/wp-json\/wp\/v2\/comments?post=136253"}],"version-history":[{"count":5,"href":"https:\/\/steelwrist.com\/nb\/wp-json\/wp\/v2\/pages\/136253\/revisions"}],"predecessor-version":[{"id":311706,"href":"https:\/\/steelwrist.com\/nb\/wp-json\/wp\/v2\/pages\/136253\/revisions\/311706"}],"up":[{"embeddable":true,"href":"https:\/\/steelwrist.com\/nb\/wp-json\/wp\/v2\/pages\/13041"}],"wp:attachment":[{"href":"https:\/\/steelwrist.com\/nb\/wp-json\/wp\/v2\/media?parent=136253"}],"curies":[{"name":"wp","href":"https:\/\/api.w.org\/{rel}","templated":true}]}}