{"id":13136,"date":"2016-02-17T14:36:51","date_gmt":"2016-02-17T13:36:51","guid":{"rendered":"https:\/\/steelwrist.com\/nb\/service\/produktregistrering\/"},"modified":"2024-10-14T12:32:42","modified_gmt":"2024-10-14T10:32:42","slug":"produktregistrering","status":"publish","type":"page","link":"https:\/\/steelwrist.com\/nb\/service\/produktregistrering\/","title":{"rendered":"Produktregistrering"},"content":{"rendered":"<p class=\"ingress\">Her gj\u00f8res produktregistrering b\u00e5de for tyverisikring (DATATAG) om du har gjort det tilvalget og for utvidet garanti (Extended Warranty).<\/p>\n<p>Har du valgt tyverisikring (DATATAG) kan du fra noen forsikringsselskaper slippe \u00e5 betale egenandelen hvis noe skulle bli stj\u00e5let og noen forsikringsselskaper har redusert premie. Met DATATAG blir din Steelwrist ogs\u00e5 sporbar i 194 land i Cesarsystemet. \u00d8nsker du \u00e5 sikre at den utvidede garantien gjelder, m\u00e5 du registrere produktet innen en m\u00e5ned fra du mottok maskinen levert fra forhandleren.<\/p>\n<p>All informasjon du oppgir er beskyttet i henhold til personopplysningsloven.<\/p>\n<p>Registrere produktet her:<br \/>\n<iframe loading=\"lazy\" style=\"border: 0;\" src=\"https:\/\/pages.upsales.com\/6936uc770f0ef31c4461ba3eee62a1f628ae4-frame\" width=\"100%\" height=\"1192\"><\/iframe><\/p>\n","protected":false},"excerpt":{"rendered":"<p>Her gj\u00f8res produktregistrering b\u00e5de for tyverisikring (DATATAG) om du har gjort det tilvalget og for utvidet garanti (Extended Warranty). Har du valgt tyverisikring (DATATAG) kan du fra noen forsikringsselskaper slippe \u00e5 betale egenandelen hvis noe skulle bli stj\u00e5let og noen&#8230;<\/p>\n","protected":false},"author":1,"featured_media":0,"parent":13111,"menu_order":21,"comment_status":"closed","ping_status":"closed","template":"","meta":{"footnotes":""},"class_list":["post-13136","page","type-page","status-publish","hentry"],"acf":[],"_links":{"self":[{"href":"https:\/\/steelwrist.com\/nb\/wp-json\/wp\/v2\/pages\/13136","targetHints":{"allow":["GET"]}}],"collection":[{"href":"https:\/\/steelwrist.com\/nb\/wp-json\/wp\/v2\/pages"}],"about":[{"href":"https:\/\/steelwrist.com\/nb\/wp-json\/wp\/v2\/types\/page"}],"author":[{"embeddable":true,"href":"https:\/\/steelwrist.com\/nb\/wp-json\/wp\/v2\/users\/1"}],"replies":[{"embeddable":true,"href":"https:\/\/steelwrist.com\/nb\/wp-json\/wp\/v2\/comments?post=13136"}],"version-history":[{"count":5,"href":"https:\/\/steelwrist.com\/nb\/wp-json\/wp\/v2\/pages\/13136\/revisions"}],"predecessor-version":[{"id":275905,"href":"https:\/\/steelwrist.com\/nb\/wp-json\/wp\/v2\/pages\/13136\/revisions\/275905"}],"up":[{"embeddable":true,"href":"https:\/\/steelwrist.com\/nb\/wp-json\/wp\/v2\/pages\/13111"}],"wp:attachment":[{"href":"https:\/\/steelwrist.com\/nb\/wp-json\/wp\/v2\/media?parent=13136"}],"curies":[{"name":"wp","href":"https:\/\/api.w.org\/{rel}","templated":true}]}}