{"id":13128,"date":"2016-02-17T14:36:23","date_gmt":"2016-02-17T13:36:23","guid":{"rendered":"https:\/\/steelwrist.com\/nb\/service\/utbildning\/"},"modified":"2020-11-03T10:08:27","modified_gmt":"2020-11-03T09:08:27","slug":"kurs","status":"publish","type":"page","link":"https:\/\/steelwrist.com\/nb\/service\/kurs\/","title":{"rendered":"Kurs"},"content":{"rendered":"<h2>Oppdatert kompetanse gir effektiv installasjon og service<\/h2>\n<p>Vi tilbyr alle v\u00e5re forhandlere oppl\u00e6ring p\u00e5 v\u00e5re produkter, enten i v\u00e5rt kurssenter i Rosersberg eller p\u00e5 plass hos forhandleren. Helt avhengig av hva som er enklest. Vi legger stor vekt p\u00e5 kursing v\u00e5rt styresystem da vi vet av erfaring at det er sv\u00e6rt viktig \u00e5 ha god kunnskap om dette for \u00e5 sikre en god funksjon for sluttkunden. Noen av v\u00e5re kurs er en del av \u00e5 bli en sertifisert Steelwrist servicepartner.<\/p>\n<p>Kontakt oss for mer informasjon om kurs, kursinnhold og opptakskrav.<\/p>\n<p>&nbsp;<br \/>\n<iframe src=\"https:\/\/pages.upsales.com\/6936u5e8a4f3701f5447cac329f35a87087d4-frame\" \t\twidth=\"100%\" \t\theight=\"674\" \t\tstyle=\"border:0\"><\/iframe><\/p>\n","protected":false},"excerpt":{"rendered":"<p>Oppdatert kompetanse gir effektiv installasjon og service Vi tilbyr alle v\u00e5re forhandlere oppl\u00e6ring p\u00e5 v\u00e5re produkter, enten i v\u00e5rt kurssenter i Rosersberg eller p\u00e5 plass hos forhandleren. Helt avhengig av hva som er enklest. Vi legger stor vekt p\u00e5 kursing&#8230;<\/p>\n","protected":false},"author":1,"featured_media":0,"parent":13111,"menu_order":0,"comment_status":"closed","ping_status":"closed","template":"","meta":{"footnotes":""},"class_list":["post-13128","page","type-page","status-publish","hentry"],"acf":[],"_links":{"self":[{"href":"https:\/\/steelwrist.com\/nb\/wp-json\/wp\/v2\/pages\/13128","targetHints":{"allow":["GET"]}}],"collection":[{"href":"https:\/\/steelwrist.com\/nb\/wp-json\/wp\/v2\/pages"}],"about":[{"href":"https:\/\/steelwrist.com\/nb\/wp-json\/wp\/v2\/types\/page"}],"author":[{"embeddable":true,"href":"https:\/\/steelwrist.com\/nb\/wp-json\/wp\/v2\/users\/1"}],"replies":[{"embeddable":true,"href":"https:\/\/steelwrist.com\/nb\/wp-json\/wp\/v2\/comments?post=13128"}],"version-history":[{"count":5,"href":"https:\/\/steelwrist.com\/nb\/wp-json\/wp\/v2\/pages\/13128\/revisions"}],"predecessor-version":[{"id":206586,"href":"https:\/\/steelwrist.com\/nb\/wp-json\/wp\/v2\/pages\/13128\/revisions\/206586"}],"up":[{"embeddable":true,"href":"https:\/\/steelwrist.com\/nb\/wp-json\/wp\/v2\/pages\/13111"}],"wp:attachment":[{"href":"https:\/\/steelwrist.com\/nb\/wp-json\/wp\/v2\/media?parent=13128"}],"curies":[{"name":"wp","href":"https:\/\/api.w.org\/{rel}","templated":true}]}}