{"id":13124,"date":"2016-03-08T14:25:41","date_gmt":"2016-03-08T13:25:41","guid":{"rendered":"https:\/\/steelwrist.com\/nb\/service\/support-reservdelar\/"},"modified":"2017-07-14T11:56:18","modified_gmt":"2017-07-14T09:56:18","slug":"support","status":"publish","type":"page","link":"https:\/\/steelwrist.com\/nb\/service\/support\/","title":{"rendered":"Support"},"content":{"rendered":"<p class=\"ingress\">Noen ganger til tross for alt dette, skjer det som ikke skal skje. Noe ryker.<\/p>\n<p>Kunden er alltid i fokus for oss p\u00e5 Steelwrist Support. V\u00e5rt m\u00e5l er alltid \u00e5 gi\u00a0rask og profesjonell hjelp, uansett hvilket produkt du trenger hjelp med. Vi kurser og st\u00f8tter v\u00e5re forhandlere for den beste service.<\/p>\n<h3>Personlig service<\/h3>\n<p>V\u00e5r support er \u00e5pent Mandag &#8211; fredag 07:00 &#8211; 16:00<br \/>\nTeknisk support: <a href=\"tel:+4723650230\">+47 23 65 02 30<\/a> \/ <a href=\"tel:+4686260712\">+46 (0) 8 626 07 12<\/a><br \/>\nReservedeler: <a href=\"tel:+4686260713\">+46 (0) 8 626 07 13 <\/a><br \/>\nVi har ogs\u00e5 lokale support og servicepartnere i mange land.<br \/>\nKontakter finner du blant v\u00e5re servicepartnere.<\/p>\n<h3>Chat med oss<\/h3>\n<p>Du kan ogs\u00e5 n\u00e5 oss via v\u00e5r chattefunksjonen nederst til h\u00f8yre!<\/p>\n<h3>Supportweb<\/h3>\n<p>Gjennom v\u00e5r Supportweb har v\u00e5re Servicepartnere tilgang til den nyeste informasjonen om v\u00e5re produkter &#8211; d\u00f8gnet rundt. Her finner du blant annet dokumentasjon om v\u00e5re produkter, bestille deler, stille sp\u00f8rsm\u00e5l og gj\u00f8re reklamasjonskrav.<\/p>\n<p>Steelwrist dyktige support team svarer p\u00e5 sp\u00f8rsm\u00e5l og behandler reklamasjoner under v\u00e5re \u00e5pningstider. Hvis du stiller sp\u00f8rsm\u00e5l n\u00e5r vi er stengt, vil vi ta h\u00e5nd om det s\u00e5 snart vi \u00e5pner igjen.<\/p>\n","protected":false},"excerpt":{"rendered":"<p>Noen ganger til tross for alt dette, skjer det som ikke skal skje. Noe ryker. Kunden er alltid i fokus for oss p\u00e5 Steelwrist Support. V\u00e5rt m\u00e5l er alltid \u00e5 gi\u00a0rask og profesjonell hjelp, uansett hvilket produkt du trenger hjelp&#8230;<\/p>\n","protected":false},"author":12,"featured_media":0,"parent":13111,"menu_order":0,"comment_status":"closed","ping_status":"closed","template":"","meta":{"footnotes":""},"class_list":["post-13124","page","type-page","status-publish","hentry"],"acf":[],"_links":{"self":[{"href":"https:\/\/steelwrist.com\/nb\/wp-json\/wp\/v2\/pages\/13124","targetHints":{"allow":["GET"]}}],"collection":[{"href":"https:\/\/steelwrist.com\/nb\/wp-json\/wp\/v2\/pages"}],"about":[{"href":"https:\/\/steelwrist.com\/nb\/wp-json\/wp\/v2\/types\/page"}],"author":[{"embeddable":true,"href":"https:\/\/steelwrist.com\/nb\/wp-json\/wp\/v2\/users\/12"}],"replies":[{"embeddable":true,"href":"https:\/\/steelwrist.com\/nb\/wp-json\/wp\/v2\/comments?post=13124"}],"version-history":[{"count":5,"href":"https:\/\/steelwrist.com\/nb\/wp-json\/wp\/v2\/pages\/13124\/revisions"}],"predecessor-version":[{"id":27671,"href":"https:\/\/steelwrist.com\/nb\/wp-json\/wp\/v2\/pages\/13124\/revisions\/27671"}],"up":[{"embeddable":true,"href":"https:\/\/steelwrist.com\/nb\/wp-json\/wp\/v2\/pages\/13111"}],"wp:attachment":[{"href":"https:\/\/steelwrist.com\/nb\/wp-json\/wp\/v2\/media?parent=13124"}],"curies":[{"name":"wp","href":"https:\/\/api.w.org\/{rel}","templated":true}]}}