{"id":13116,"date":"2016-02-17T14:36:03","date_gmt":"2016-02-17T13:36:03","guid":{"rendered":"https:\/\/steelwrist.com\/nb\/service\/garanti\/"},"modified":"2020-11-25T09:22:38","modified_gmt":"2020-11-25T08:22:38","slug":"garanti","status":"publish","type":"page","link":"https:\/\/steelwrist.com\/nb\/service\/garanti\/","title":{"rendered":"Garanti"},"content":{"rendered":"<p>Du har alltid ett \u00e5rs fabrikkgaranti, men kan lett forlenge til to \u00e5r p\u00e5 tiltrotatorer, hk-fester og tilh\u00f8rende styresystem med noen enkle steg.<\/p>\n<p>Standardgarantien er 12 m\u00e5neder eller 1600 timer( det som f\u00f8rst inntreffer) og omfatter:<br \/>\n&#8211; Alle konstruksjons- og produksjonsfeil p\u00e5 samtlige produkter.<\/p>\n<p>For at den forlengede garantien opp til 24 m\u00e5neder og 3200 timer p\u00e5 tiltrotatorer, hk-fester og tilh\u00f8rende styresystem( det som f\u00f8rst inntreffer) trenger du som sluttkunde \u00e5 sikre at:<\/p>\n<ul>\n<li>Tiltrotatoren og\/eller Hk-feste er registert hos oss p\u00e5 denne hjemmesiden innen en m\u00e5ned fra du mottar gravemaskinen fra din gravemaskinforhandler.<\/li>\n<li>F\u00f8lge servicehefte som finnes i brukermanualen, som du f\u00e5r med leveringen av maskinen.<\/li>\n<\/ul>\n","protected":false},"excerpt":{"rendered":"<p>Du har alltid ett \u00e5rs fabrikkgaranti, men kan lett forlenge til to \u00e5r p\u00e5 tiltrotatorer, hk-fester og tilh\u00f8rende styresystem med noen enkle steg. Standardgarantien er 12 m\u00e5neder eller 1600 timer( det som f\u00f8rst inntreffer) og omfatter: &#8211; Alle konstruksjons- og&#8230;<\/p>\n","protected":false},"author":1,"featured_media":0,"parent":13111,"menu_order":0,"comment_status":"closed","ping_status":"closed","template":"","meta":{"footnotes":""},"class_list":["post-13116","page","type-page","status-publish","hentry"],"acf":[],"_links":{"self":[{"href":"https:\/\/steelwrist.com\/nb\/wp-json\/wp\/v2\/pages\/13116","targetHints":{"allow":["GET"]}}],"collection":[{"href":"https:\/\/steelwrist.com\/nb\/wp-json\/wp\/v2\/pages"}],"about":[{"href":"https:\/\/steelwrist.com\/nb\/wp-json\/wp\/v2\/types\/page"}],"author":[{"embeddable":true,"href":"https:\/\/steelwrist.com\/nb\/wp-json\/wp\/v2\/users\/1"}],"replies":[{"embeddable":true,"href":"https:\/\/steelwrist.com\/nb\/wp-json\/wp\/v2\/comments?post=13116"}],"version-history":[{"count":5,"href":"https:\/\/steelwrist.com\/nb\/wp-json\/wp\/v2\/pages\/13116\/revisions"}],"predecessor-version":[{"id":207667,"href":"https:\/\/steelwrist.com\/nb\/wp-json\/wp\/v2\/pages\/13116\/revisions\/207667"}],"up":[{"embeddable":true,"href":"https:\/\/steelwrist.com\/nb\/wp-json\/wp\/v2\/pages\/13111"}],"wp:attachment":[{"href":"https:\/\/steelwrist.com\/nb\/wp-json\/wp\/v2\/media?parent=13116"}],"curies":[{"name":"wp","href":"https:\/\/api.w.org\/{rel}","templated":true}]}}