{"id":13113,"date":"2016-02-17T14:57:21","date_gmt":"2016-02-17T13:57:21","guid":{"rendered":"https:\/\/steelwrist.com\/nb\/service\/faltservice\/"},"modified":"2019-02-13T14:32:05","modified_gmt":"2019-02-13T13:32:05","slug":"feltservice","status":"publish","type":"page","link":"https:\/\/steelwrist.com\/nb\/service\/feltservice\/","title":{"rendered":"Feltservice"},"content":{"rendered":"<h2>Support direkte fra oss eller fra en servicepartner i n\u00e6rheten av deg<\/h2>\n<p>Support direkte fra oss eller fra en servicepartner i n\u00e6rheten av deg V\u00e5r egen feltserviceavdeling er bindeleddet mellom v\u00e5r utviklingsavdeling og v\u00e5re sluttkunder. Oftest h\u00e5ndterer v\u00e5re forhandlere \u00e5 l\u00f8se eventuelle problemer som kan oppst\u00e5 i felt, men noen ganger du trenger v\u00e5r hjelp, eller det er noe vi \u00f8nsker \u00e5 se p\u00e5 for \u00e5 forbedre v\u00e5re produkter. Vi har hele tiden mange nye produkter under utvikling og i felttester, da er det viktig at vi raskt kan oppdage hva som kan m\u00e5 endres eller forbedres.<\/p>\n<p>Vi har en stor fordel at vi er lokalisert i Rosersberg fordi vi lett kan dekke et stort omr\u00e5de hvor det er veldig mange gravemaskiner. Uansett er det viktig at eventuelle problemer l\u00f8ses raskt og v\u00e5r felttjeneste er tilgjengelig som en ekstra ressurs n\u00e5r det er n\u00f8dvendig.<\/p>\n<p>Du er alltid velkommen til \u00e5 kontakte v\u00e5r support p\u00e5 tlf.\u00a0<a href=\"tel:+4723650230\">+47 23 65 02 30<\/a> \/ <a href=\"tel:+4686260712\">+46 (0) 8 626 07 12<\/a>.<\/p>\n","protected":false},"excerpt":{"rendered":"<p>Support direkte fra oss eller fra en servicepartner i n\u00e6rheten av deg Support direkte fra oss eller fra en servicepartner i n\u00e6rheten av deg V\u00e5r egen feltserviceavdeling er bindeleddet mellom v\u00e5r utviklingsavdeling og v\u00e5re sluttkunder. Oftest h\u00e5ndterer v\u00e5re forhandlere \u00e5&#8230;<\/p>\n","protected":false},"author":1,"featured_media":0,"parent":13111,"menu_order":0,"comment_status":"closed","ping_status":"closed","template":"","meta":{"footnotes":""},"class_list":["post-13113","page","type-page","status-publish","hentry"],"acf":[],"_links":{"self":[{"href":"https:\/\/steelwrist.com\/nb\/wp-json\/wp\/v2\/pages\/13113","targetHints":{"allow":["GET"]}}],"collection":[{"href":"https:\/\/steelwrist.com\/nb\/wp-json\/wp\/v2\/pages"}],"about":[{"href":"https:\/\/steelwrist.com\/nb\/wp-json\/wp\/v2\/types\/page"}],"author":[{"embeddable":true,"href":"https:\/\/steelwrist.com\/nb\/wp-json\/wp\/v2\/users\/1"}],"replies":[{"embeddable":true,"href":"https:\/\/steelwrist.com\/nb\/wp-json\/wp\/v2\/comments?post=13113"}],"version-history":[{"count":5,"href":"https:\/\/steelwrist.com\/nb\/wp-json\/wp\/v2\/pages\/13113\/revisions"}],"predecessor-version":[{"id":100996,"href":"https:\/\/steelwrist.com\/nb\/wp-json\/wp\/v2\/pages\/13113\/revisions\/100996"}],"up":[{"embeddable":true,"href":"https:\/\/steelwrist.com\/nb\/wp-json\/wp\/v2\/pages\/13111"}],"wp:attachment":[{"href":"https:\/\/steelwrist.com\/nb\/wp-json\/wp\/v2\/media?parent=13113"}],"curies":[{"name":"wp","href":"https:\/\/api.w.org\/{rel}","templated":true}]}}