{"id":13070,"date":"2016-05-19T15:38:59","date_gmt":"2016-05-19T13:38:59","guid":{"rendered":"https:\/\/steelwrist.com\/nb\/om-steelwrist\/vara-karnvarden\/"},"modified":"2026-02-24T10:49:06","modified_gmt":"2026-02-24T09:49:06","slug":"vare-kjerneverdier","status":"publish","type":"page","link":"https:\/\/steelwrist.com\/nb\/om-steelwrist\/vare-kjerneverdier\/","title":{"rendered":"V\u00e5re kjerneverdier"},"content":{"rendered":"<h2>Steelwrist kjerneverdier<\/h2>\n<p>Tre kjerneverdier sammen med v\u00e5r kvalitets og milj\u00f8politikk er veiledende for kunde, forhandlere, leverand\u00f8rer og medarbeidere.<\/p>\n<h3>Lydh\u00f8r<\/h3>\n<p>Vi er lydh\u00f8re og arbeider aktivt for \u00e5 stadig h\u00f8re hva v\u00e5re kunder \u00f8nsker. Vi sp\u00f8r til vi har forst\u00e5tt, og vi pr\u00f8ver \u00e5 v\u00e6re tydelige i v\u00e5r kommunikasjon.<\/p>\n<p>I v\u00e5rt daglige arbeid betyr dette at vi aktivt pr\u00f8ver \u00e5 f\u00e5 tilbakemeldinger og forslag til forbedringer fra v\u00e5re kunder, leverand\u00f8rer og ansatte.<\/p>\n<h3>Enkel<\/h3>\n<p>Hvis noe kan gj\u00f8res enklere, s\u00e5 er det v\u00e5rt m\u00e5l \u00e5 gj\u00f8re det.<br \/>\nVi strever etter \u00e5 gj\u00f8re v\u00e5re produkter og arbeidsprosesser s\u00e5 enkle som mulig.<\/p>\n<h3>Rask<\/h3>\n<p>Vi strever etter \u00e5 korte ned responstiden p\u00e5 all kundekontakt slik som tilbud, teknisk support og servicebes\u00f8k. Som organisasjon strever vi etter \u00e5 ha et konkurransefortrinn gjennom rask l\u00e6ring.<\/p>\n<p>I v\u00e5rt daglige arbeid betyr dette at vi pr\u00f8ver \u00e5 v\u00e6re tilgjengelig n\u00e5r kunden trenger oss og at v\u00e5rt reservedelslager skal kunne sende viktige komponenter p\u00e5 sv\u00e6rt kort varsel.<\/p>\n","protected":false},"excerpt":{"rendered":"<p>Steelwrist kjerneverdier Tre kjerneverdier sammen med v\u00e5r kvalitets og milj\u00f8politikk er veiledende for kunde, forhandlere, leverand\u00f8rer og medarbeidere. Lydh\u00f8r Vi er lydh\u00f8re og arbeider aktivt for \u00e5 stadig h\u00f8re hva v\u00e5re kunder \u00f8nsker. Vi sp\u00f8r til vi har forst\u00e5tt, og&#8230;<\/p>\n","protected":false},"author":12,"featured_media":0,"parent":13056,"menu_order":0,"comment_status":"closed","ping_status":"closed","template":"template-onlysections.php","meta":{"footnotes":""},"class_list":["post-13070","page","type-page","status-publish","hentry"],"acf":[],"_links":{"self":[{"href":"https:\/\/steelwrist.com\/nb\/wp-json\/wp\/v2\/pages\/13070","targetHints":{"allow":["GET"]}}],"collection":[{"href":"https:\/\/steelwrist.com\/nb\/wp-json\/wp\/v2\/pages"}],"about":[{"href":"https:\/\/steelwrist.com\/nb\/wp-json\/wp\/v2\/types\/page"}],"author":[{"embeddable":true,"href":"https:\/\/steelwrist.com\/nb\/wp-json\/wp\/v2\/users\/12"}],"replies":[{"embeddable":true,"href":"https:\/\/steelwrist.com\/nb\/wp-json\/wp\/v2\/comments?post=13070"}],"version-history":[{"count":4,"href":"https:\/\/steelwrist.com\/nb\/wp-json\/wp\/v2\/pages\/13070\/revisions"}],"predecessor-version":[{"id":13705,"href":"https:\/\/steelwrist.com\/nb\/wp-json\/wp\/v2\/pages\/13070\/revisions\/13705"}],"up":[{"embeddable":true,"href":"https:\/\/steelwrist.com\/nb\/wp-json\/wp\/v2\/pages\/13056"}],"wp:attachment":[{"href":"https:\/\/steelwrist.com\/nb\/wp-json\/wp\/v2\/media?parent=13070"}],"curies":[{"name":"wp","href":"https:\/\/api.w.org\/{rel}","templated":true}]}}