{"id":13068,"date":"2016-05-03T15:43:20","date_gmt":"2016-05-03T13:43:20","guid":{"rendered":"https:\/\/steelwrist.com\/nb\/om-steelwrist\/steelwrist-i-media\/"},"modified":"2024-12-16T12:43:23","modified_gmt":"2024-12-16T11:43:23","slug":"steelwrist-i-media","status":"publish","type":"page","link":"https:\/\/steelwrist.com\/nb\/om-steelwrist\/steelwrist-i-media\/","title":{"rendered":"Steelwrist i media"},"content":{"rendered":"<p><span data-sheets-value=\"{&quot;1&quot;:2,&quot;2&quot;:&quot;Here you can find atricles about Steelwrist in media.&quot;}\" data-sheets-userformat=\"{&quot;2&quot;:771,&quot;3&quot;:[null,0],&quot;4&quot;:[null,2,4884200],&quot;11&quot;:4,&quot;12&quot;:0}\">Her er presseklipp om Steelwrist:<\/span><\/p>\n<p><strong>Gearing up for the next 20 years of commitment to efficiency for excavators<br \/>\n<\/strong>Plant Planet magazine, December 13, 2024<\/p>\n<p><em>In 2025 Steelwrist celebrates 20 years in business. Founded in Sweden back in 2005 manufacturing tiltrotators, quick couplers and work tools for excavators, the company has grown significantly since then, quickly becoming the global player it is today. Read about\u00a0<a href=\"https:\/\/issuu.com\/plant-planet\/docs\/plant_planet_december24-pages\/62\" target=\"_blank\" rel=\"noopener\">how Steelwrist has developed the tiltrotator technology and built a strong brand in the industry.<\/a><\/em><\/p>\n<p><a href=\"https:\/\/issuu.com\/plant-planet\/docs\/plant_planet_december24-pages\/62\" target=\"_blank\" rel=\"noopener\"><img loading=\"lazy\" decoding=\"async\" class=\"alignnone wp-image-282745 size-full\" src=\"https:\/\/steelwrist.com\/wp-content\/uploads\/Steelwrist-20-years-Plant-Planet.png\" alt=\"Steelwrist 20 years Plant Planet article\" width=\"600\" height=\"423\" srcset=\"https:\/\/steelwrist.com\/wp-content\/uploads\/Steelwrist-20-years-Plant-Planet.png 600w, https:\/\/steelwrist.com\/wp-content\/uploads\/Steelwrist-20-years-Plant-Planet-300x212.png 300w, https:\/\/steelwrist.com\/wp-content\/uploads\/Steelwrist-20-years-Plant-Planet-150x106.png 150w, https:\/\/steelwrist.com\/wp-content\/uploads\/Steelwrist-20-years-Plant-Planet-24x17.png 24w, https:\/\/steelwrist.com\/wp-content\/uploads\/Steelwrist-20-years-Plant-Planet-36x25.png 36w, https:\/\/steelwrist.com\/wp-content\/uploads\/Steelwrist-20-years-Plant-Planet-48x34.png 48w, https:\/\/steelwrist.com\/wp-content\/uploads\/Steelwrist-20-years-Plant-Planet-110x78.png 110w, https:\/\/steelwrist.com\/wp-content\/uploads\/Steelwrist-20-years-Plant-Planet-75x53.png 75w\" sizes=\"auto, (max-width: 600px) 100vw, 600px\" \/><\/a><\/p>\n<p>&nbsp;<\/p>\n<p><strong>Bauma Kina: Steelwrist med egen stand<\/strong><br \/>\nAnleggsmaskinen, 28 november 2024<\/p>\n<p><a href=\"https:\/\/anleggsmaskinen.no\/2024\/11\/bauma-kina-steelwrist-med-egen-stand\/\" target=\"_blank\" rel=\"noopener\"><img loading=\"lazy\" decoding=\"async\" class=\"alignnone wp-image-280684 size-full\" src=\"https:\/\/steelwrist.com\/wp-content\/uploads\/Steelwrist-Bauma-China.png\" alt=\"Steelwrist Bauma China\" width=\"600\" height=\"349\" srcset=\"https:\/\/steelwrist.com\/wp-content\/uploads\/Steelwrist-Bauma-China.png 600w, https:\/\/steelwrist.com\/wp-content\/uploads\/Steelwrist-Bauma-China-300x175.png 300w, https:\/\/steelwrist.com\/wp-content\/uploads\/Steelwrist-Bauma-China-150x87.png 150w, https:\/\/steelwrist.com\/wp-content\/uploads\/Steelwrist-Bauma-China-24x14.png 24w, https:\/\/steelwrist.com\/wp-content\/uploads\/Steelwrist-Bauma-China-36x21.png 36w, https:\/\/steelwrist.com\/wp-content\/uploads\/Steelwrist-Bauma-China-48x28.png 48w, https:\/\/steelwrist.com\/wp-content\/uploads\/Steelwrist-Bauma-China-110x64.png 110w, https:\/\/steelwrist.com\/wp-content\/uploads\/Steelwrist-Bauma-China-75x44.png 75w\" sizes=\"auto, (max-width: 600px) 100vw, 600px\" \/><\/a><\/p>\n<p>&nbsp;<\/p>\n<p><strong>Building Effective Communication: Insights from Steelwrist\u2019s Stefan Stockhaus<\/strong><br \/>\nDemolition &amp; Recycling International, Industry Insights, November 7, 2024<\/p>\n<p><em>\u201cBy establishing clear values, direct communication, and accountability, Steelwrist has crafted a cohesive and resilient team culture that drives both internal harmony and competitive success.\u00a0<\/em><em>Stefan\u2019s insights into building a high-trust workplace, one where openness and shared goals eliminate the guesswork, provide a practical model that any contractor seeking sustainable growth can appreciate\u2014and apply.\u201d<\/em><\/p>\n<p><a href=\"https:\/\/www.demolitionandrecycling.media\/news\/building-effective-communication-insights-from-steelwrists-stefan-stockhaus\/8040112.article\" target=\"_blank\" rel=\"noopener\"><img loading=\"lazy\" decoding=\"async\" class=\"alignnone wp-image-278620 size-full\" src=\"https:\/\/steelwrist.com\/wp-content\/uploads\/Company-culture-Steelwrist.png\" alt=\"Steelwrist company culture\" width=\"600\" height=\"308\" srcset=\"https:\/\/steelwrist.com\/wp-content\/uploads\/Company-culture-Steelwrist.png 600w, https:\/\/steelwrist.com\/wp-content\/uploads\/Company-culture-Steelwrist-300x154.png 300w, https:\/\/steelwrist.com\/wp-content\/uploads\/Company-culture-Steelwrist-150x77.png 150w, https:\/\/steelwrist.com\/wp-content\/uploads\/Company-culture-Steelwrist-24x12.png 24w, https:\/\/steelwrist.com\/wp-content\/uploads\/Company-culture-Steelwrist-36x18.png 36w, https:\/\/steelwrist.com\/wp-content\/uploads\/Company-culture-Steelwrist-48x25.png 48w, https:\/\/steelwrist.com\/wp-content\/uploads\/Company-culture-Steelwrist-110x56.png 110w, https:\/\/steelwrist.com\/wp-content\/uploads\/Company-culture-Steelwrist-75x39.png 75w\" sizes=\"auto, (max-width: 600px) 100vw, 600px\" \/><\/a><\/p>\n<p>&nbsp;<\/p>\n<p><strong>Nye XTR20 tiltrotatoren fra Steelwrist<\/strong><br \/>\nProduktfakta, 29. april 2024<\/p>\n<p><a href=\"https:\/\/www.produktfakta.no\/nye-xtr20-tiltrotatoren-fra-steelwrist-400485\/nyhet.html\" target=\"_blank\" rel=\"noopener\"><img loading=\"lazy\" decoding=\"async\" class=\"alignnone wp-image-268215 size-full\" src=\"https:\/\/steelwrist.com\/wp-content\/uploads\/Nye-XTR20-tiltrotatoren-fra-Steelwrist.png\" alt=\"Nye XTR20 tiltrotatoren fra Steelwrist\" width=\"600\" height=\"383\" srcset=\"https:\/\/steelwrist.com\/wp-content\/uploads\/Nye-XTR20-tiltrotatoren-fra-Steelwrist.png 600w, https:\/\/steelwrist.com\/wp-content\/uploads\/Nye-XTR20-tiltrotatoren-fra-Steelwrist-300x192.png 300w, https:\/\/steelwrist.com\/wp-content\/uploads\/Nye-XTR20-tiltrotatoren-fra-Steelwrist-150x96.png 150w, https:\/\/steelwrist.com\/wp-content\/uploads\/Nye-XTR20-tiltrotatoren-fra-Steelwrist-24x15.png 24w, https:\/\/steelwrist.com\/wp-content\/uploads\/Nye-XTR20-tiltrotatoren-fra-Steelwrist-36x23.png 36w, https:\/\/steelwrist.com\/wp-content\/uploads\/Nye-XTR20-tiltrotatoren-fra-Steelwrist-48x31.png 48w, https:\/\/steelwrist.com\/wp-content\/uploads\/Nye-XTR20-tiltrotatoren-fra-Steelwrist-110x70.png 110w, https:\/\/steelwrist.com\/wp-content\/uploads\/Nye-XTR20-tiltrotatoren-fra-Steelwrist-75x48.png 75w\" sizes=\"auto, (max-width: 600px) 100vw, 600px\" \/><\/a><\/p>\n<p>&nbsp;<\/p>\n<p><strong>Storlansering hos Steelwrist<\/strong><br \/>\nAnleggsmaskinen, 15. mars 2024<\/p>\n<p><a href=\"https:\/\/anleggsmaskinen.no\/2024\/03\/storlansering-hos-steelwrist\/\" target=\"_blank\" rel=\"noopener\"><img loading=\"lazy\" decoding=\"async\" class=\"alignnone wp-image-271461 size-full\" src=\"https:\/\/steelwrist.com\/wp-content\/uploads\/Steelwrist-nye-tiltrotator-XTR20.png\" alt=\"Steelwrist produktllansering XTR20\" width=\"600\" height=\"406\" srcset=\"https:\/\/steelwrist.com\/wp-content\/uploads\/Steelwrist-nye-tiltrotator-XTR20.png 600w, https:\/\/steelwrist.com\/wp-content\/uploads\/Steelwrist-nye-tiltrotator-XTR20-300x203.png 300w, https:\/\/steelwrist.com\/wp-content\/uploads\/Steelwrist-nye-tiltrotator-XTR20-150x102.png 150w, https:\/\/steelwrist.com\/wp-content\/uploads\/Steelwrist-nye-tiltrotator-XTR20-24x16.png 24w, https:\/\/steelwrist.com\/wp-content\/uploads\/Steelwrist-nye-tiltrotator-XTR20-36x24.png 36w, https:\/\/steelwrist.com\/wp-content\/uploads\/Steelwrist-nye-tiltrotator-XTR20-48x32.png 48w, https:\/\/steelwrist.com\/wp-content\/uploads\/Steelwrist-nye-tiltrotator-XTR20-110x74.png 110w, https:\/\/steelwrist.com\/wp-content\/uploads\/Steelwrist-nye-tiltrotator-XTR20-75x51.png 75w\" sizes=\"auto, (max-width: 600px) 100vw, 600px\" \/><\/a><\/p>\n<p>&nbsp;<\/p>\n<p><strong>Tidenes lansering fra Steelwrist<\/strong><br \/>\nat.no, 14. mars 2024<\/p>\n<p><em>HAMBURG: Sentralsm\u00f8ring \u00abonboard\u00bb p\u00e5 tiltrotatoren, helt redesignet og mer kompakt tilt, nytt styresystem og app som viser all info, tr\u00e5dl\u00f8s overf\u00f8ring som bekrefter at festene er i l\u00e5s og rotasjons- og tiltsensor innebygget i tiltrotatoren. Det er stikkord fra deler av den st\u00f8rste lanseringen fra Steelwrist noensinne.<\/em><\/p>\n<p><a href=\"https:\/\/www.at.no\/anlegg\/tidenes-lansering-fra-steelwrist\/891851\" target=\"_blank\" rel=\"noopener\"><img loading=\"lazy\" decoding=\"async\" class=\"alignnone wp-image-265835 size-full\" src=\"https:\/\/steelwrist.com\/wp-content\/uploads\/Steelwrists-tredje-generasjon-tiltrotatorer.png\" alt=\"Steelwrists tredje generasjon tiltrotatorer\" width=\"600\" height=\"400\" srcset=\"https:\/\/steelwrist.com\/wp-content\/uploads\/Steelwrists-tredje-generasjon-tiltrotatorer.png 600w, https:\/\/steelwrist.com\/wp-content\/uploads\/Steelwrists-tredje-generasjon-tiltrotatorer-300x200.png 300w, https:\/\/steelwrist.com\/wp-content\/uploads\/Steelwrists-tredje-generasjon-tiltrotatorer-150x100.png 150w, https:\/\/steelwrist.com\/wp-content\/uploads\/Steelwrists-tredje-generasjon-tiltrotatorer-24x16.png 24w, https:\/\/steelwrist.com\/wp-content\/uploads\/Steelwrists-tredje-generasjon-tiltrotatorer-36x24.png 36w, https:\/\/steelwrist.com\/wp-content\/uploads\/Steelwrists-tredje-generasjon-tiltrotatorer-48x32.png 48w, https:\/\/steelwrist.com\/wp-content\/uploads\/Steelwrists-tredje-generasjon-tiltrotatorer-110x73.png 110w, https:\/\/steelwrist.com\/wp-content\/uploads\/Steelwrists-tredje-generasjon-tiltrotatorer-75x50.png 75w\" sizes=\"auto, (max-width: 600px) 100vw, 600px\" \/><\/a><\/p>\n<p>&nbsp;<\/p>\n<p><strong>Sinnasnekker\u2019n kj\u00f8rer Steelwrist<\/strong><br \/>\nAnleggsmaskinen,\u00a019. desember 2022<br \/>\n<a href=\"https:\/\/anleggsmaskinen.no\/2022\/12\/sinnasnekkern-kjorer-steelwrist\/\" target=\"_blank\" rel=\"noopener\"><img loading=\"lazy\" decoding=\"async\" class=\"alignnone wp-image-234796 size-standard-size\" src=\"https:\/\/steelwrist.com\/wp-content\/uploads\/Screenshot-2023-01-02-at-16.13.47-660x402.png\" alt=\"Sinnasnekker'n Steelwrist\" width=\"660\" height=\"402\" srcset=\"https:\/\/steelwrist.com\/wp-content\/uploads\/Screenshot-2023-01-02-at-16.13.47-660x402.png 660w, https:\/\/steelwrist.com\/wp-content\/uploads\/Screenshot-2023-01-02-at-16.13.47-300x183.png 300w, https:\/\/steelwrist.com\/wp-content\/uploads\/Screenshot-2023-01-02-at-16.13.47-768x467.png 768w, https:\/\/steelwrist.com\/wp-content\/uploads\/Screenshot-2023-01-02-at-16.13.47-1024x623.png 1024w, https:\/\/steelwrist.com\/wp-content\/uploads\/Screenshot-2023-01-02-at-16.13.47-150x91.png 150w, https:\/\/steelwrist.com\/wp-content\/uploads\/Screenshot-2023-01-02-at-16.13.47-24x15.png 24w, https:\/\/steelwrist.com\/wp-content\/uploads\/Screenshot-2023-01-02-at-16.13.47-36x22.png 36w, https:\/\/steelwrist.com\/wp-content\/uploads\/Screenshot-2023-01-02-at-16.13.47-48x29.png 48w, https:\/\/steelwrist.com\/wp-content\/uploads\/Screenshot-2023-01-02-at-16.13.47-110x67.png 110w, https:\/\/steelwrist.com\/wp-content\/uploads\/Screenshot-2023-01-02-at-16.13.47-75x46.png 75w, https:\/\/steelwrist.com\/wp-content\/uploads\/Screenshot-2023-01-02-at-16.13.47.png 1522w\" sizes=\"auto, (max-width: 660px) 100vw, 660px\" \/><\/a><\/p>\n<p>&nbsp;<\/p>\n<p><strong>Steelwrist utvider<\/strong><br \/>\nAT.no, 8. desember 2021<\/p>\n<p><em>&laquo;Steelwrist utvider med SQ90 i serien for helautomatiske hurtigkoblingsfester. SQ90 passer til gravemaskiner opptil 70 tonn, og utvidelsen skjer spesielt med tanke p\u00e5 rivningsbransjen.&raquo;<\/em><\/p>\n<p><a href=\"https:\/\/www.at.no\/anlegg\/steelwrist-utvider\/618603\" target=\"_blank\" rel=\"noopener\"><img loading=\"lazy\" decoding=\"async\" class=\"alignnone wp-image-224053 size-standard-size\" src=\"https:\/\/steelwrist.com\/wp-content\/uploads\/Screenshot-2021-12-08-at-10.04.00-486x440.png\" alt=\"hurtigkobling Steelwrist SQ\" width=\"486\" height=\"440\" srcset=\"https:\/\/steelwrist.com\/wp-content\/uploads\/Screenshot-2021-12-08-at-10.04.00-486x440.png 486w, https:\/\/steelwrist.com\/wp-content\/uploads\/Screenshot-2021-12-08-at-10.04.00-300x272.png 300w, https:\/\/steelwrist.com\/wp-content\/uploads\/Screenshot-2021-12-08-at-10.04.00-150x136.png 150w, https:\/\/steelwrist.com\/wp-content\/uploads\/Screenshot-2021-12-08-at-10.04.00-24x22.png 24w, https:\/\/steelwrist.com\/wp-content\/uploads\/Screenshot-2021-12-08-at-10.04.00-36x33.png 36w, https:\/\/steelwrist.com\/wp-content\/uploads\/Screenshot-2021-12-08-at-10.04.00-48x43.png 48w, https:\/\/steelwrist.com\/wp-content\/uploads\/Screenshot-2021-12-08-at-10.04.00-97x88.png 97w, https:\/\/steelwrist.com\/wp-content\/uploads\/Screenshot-2021-12-08-at-10.04.00-66x60.png 66w, https:\/\/steelwrist.com\/wp-content\/uploads\/Screenshot-2021-12-08-at-10.04.00.png 743w\" sizes=\"auto, (max-width: 486px) 100vw, 486px\" \/><\/a><\/p>\n<p>&nbsp;<\/p>\n<p>&nbsp;<\/p>\n","protected":false},"excerpt":{"rendered":"<p>Her er presseklipp om Steelwrist: Gearing up for the next 20 years of commitment to efficiency for excavators Plant Planet magazine, December 13, 2024 In 2025 Steelwrist celebrates 20 years in business. Founded in Sweden back in 2005 manufacturing tiltrotators,&#8230;<\/p>\n","protected":false},"author":12,"featured_media":0,"parent":13056,"menu_order":0,"comment_status":"closed","ping_status":"closed","template":"","meta":{"footnotes":""},"class_list":["post-13068","page","type-page","status-publish","hentry"],"acf":[],"_links":{"self":[{"href":"https:\/\/steelwrist.com\/nb\/wp-json\/wp\/v2\/pages\/13068","targetHints":{"allow":["GET"]}}],"collection":[{"href":"https:\/\/steelwrist.com\/nb\/wp-json\/wp\/v2\/pages"}],"about":[{"href":"https:\/\/steelwrist.com\/nb\/wp-json\/wp\/v2\/types\/page"}],"author":[{"embeddable":true,"href":"https:\/\/steelwrist.com\/nb\/wp-json\/wp\/v2\/users\/12"}],"replies":[{"embeddable":true,"href":"https:\/\/steelwrist.com\/nb\/wp-json\/wp\/v2\/comments?post=13068"}],"version-history":[{"count":5,"href":"https:\/\/steelwrist.com\/nb\/wp-json\/wp\/v2\/pages\/13068\/revisions"}],"predecessor-version":[{"id":282767,"href":"https:\/\/steelwrist.com\/nb\/wp-json\/wp\/v2\/pages\/13068\/revisions\/282767"}],"up":[{"embeddable":true,"href":"https:\/\/steelwrist.com\/nb\/wp-json\/wp\/v2\/pages\/13056"}],"wp:attachment":[{"href":"https:\/\/steelwrist.com\/nb\/wp-json\/wp\/v2\/media?parent=13068"}],"curies":[{"name":"wp","href":"https:\/\/api.w.org\/{rel}","templated":true}]}}