{"id":107042,"date":"2019-03-28T15:42:36","date_gmt":"2019-03-28T14:42:36","guid":{"rendered":"https:\/\/steelwrist.com\/stellungnahme-zur-kompatibilitat\/"},"modified":"2019-09-05T08:50:16","modified_gmt":"2019-09-05T06:50:16","slug":"bruk-av-sq-standarden-tilsammen-med-andre-merker","status":"publish","type":"page","link":"https:\/\/steelwrist.com\/nb\/bruk-av-sq-standarden-tilsammen-med-andre-merker\/","title":{"rendered":"Bruk av SQ-standarden tilsammen med fullautomatiske HK-fester og redskap av andre merker"},"content":{"rendered":"<p>SQ er en helautomatisk oljekoblingsteknikk som brukes i hurtigfester og tiltrotatorer p\u00e5 gravemaskiner for \u00e5 automatisk koble hydrauliske redskap. SQ har en fantastisk og overlegen prestanda og ett robust design.<\/p>\n<p>N\u00e5r du bruker SQ i kombinasjon med hurtigfeste eller redskap fra andre fabrikat, er det viktig \u00e5 sikre full funksjonalitet. Sjekklisten nedenfor kan hjelpe deg med dette.<\/p>\n<p>N\u00e5r du har verifisert kompabiltiteten og funksjonen som beskrevet under, godkjenner Steelwrist at v\u00e5re hurtigfester og redskap brukes med andre motparters produkter fra andre fabrikat. S\u00e5 lenge v\u00e5re produkter brukes ihht v\u00e5re brukerh\u00e5ndb\u00f8ker, p\u00e5virkes ikke Steelwrist sin CE-merking og ingen ytterligere farer er identifisert som f\u00f8lge av en kombinert bruk.<\/p>\n<p><strong>1. Kontroller kompabiliteten<\/strong><\/p>\n<p>a. Sikre at redskapets grind har samme konfigurasjon av hydrauliske koblinger som hurtigfestet. Sikre at st\u00f8rrelse og posisjon er likt i b\u00e5de H-sylinder og koblingsrampe.<\/p>\n<p>b. Sikre at grindakslingene i redskapet g\u00e5r overens med S-standard m\u00e5lene (&laquo;Symmetriske hurtigfester for gravemaskiner, juni 2011-utgaven&raquo;). Om grindene ikke f\u00f8lger S-standarden, for eksempel om fremre aksling har en tykkere midtdel ( se bilde1), er det ikke mulig mulighet for \u00e5 koble redskapet med ett SQ-hurtigfeste. Ofte er det klart synlig \u00e5 se at styrevingene p\u00e5 sideplatene hindrer hurtigfeste \u00e5 koble korrekt og det vises heller ikke gr\u00f8nn indikering. Referanse: <a href=\"https:\/\/mk0steelwrist20nt9wf.kinstacdn.com\/wp-content\/uploads\/Symmetrical-Quick-Couplers-for-Excavators-June-2011-edition-1.pdf\">Symmetriske hurtigfester for gravemaskiner (PDF)<\/a>. For dimensjoner relatert til SQ 70\/55 og SQ65, se tabell 1.<\/p>\n<p>c. Alle SQ-fester fra Steelwrist er utrustet med den unike sikkerhetsfunksjonen Front Pin Lock (FPL) for \u00e5 \u00f8ke sikkerheten ved bytte av arbeidsredskap. Se til at det finnes tilstrekkelig med plass for FPL-funksjonen, se bilde 2 og tabell 2. Visse skuffer kan trenge en mindre justering for \u00e5 gi plass til at SQ FPL sikkerhetsfunksjonen skal fungere korrekt.<\/p>\n<p>d. Om redskapet har en elektrisk kontakt m\u00e5 HK-feste ha samme type kontakt som redskapet. Det er mulig og oppdatere HK-feste og\/eller redskapkontakten til samme type om dette trengs. Steelwrist V14 er en robust og fleksibel kontakt som passer alle fabrikater.<\/p>\n<p>To typer av vertikal elektriske kontakter kan monteres, enten den trandisjonelle V90-kontakten med 10 poler eller den mer avanserte V14-kontakten med 14 poler. Om ditt HK-feste eller redskap har to V90 vertikale kontakter m\u00e5 disse byttes ut til en V14-kontakt istedenfor.<\/p>\n<p><strong>2. Kontroller funksjonaliteten (p\u00e5 flat mark og uten personer i n\u00e6rheten)<\/strong><\/p>\n<p>a. Koble forsiktig redskapet og sikre at det ikke er noen mekaniske problemer under tilkopbling. Eventulelle sm\u00e5 problem justeres f\u00f8r neste steg.<\/p>\n<p>b. Sikre at FPL- funksjonen fungerer ved \u00e5 bare koble fremre aksling p\u00e5 redskapet og l\u00e5s kilen over bakre aksling med overlegg. Sikre at du f\u00e5r gr\u00f8nn indikering. Sikre at redskapen henger fast i fremre aksling i FPL-mekanismen.<\/p>\n<p>c. Koble redskapet som normalt i HK-feste og verifiser at de hydrauliske funksjonene fungere som de skal. Kontroller at det ikke er noen lekkasje og kontroller at utstyret har full hydraulikkfunksjon.<\/p>\n<p>d. Om redskapet har en elektrisk kontakt, kontroller at alle elektriske signaler har full funksjonalitet.<\/p>\n<p>OBS! Om du er usikker n\u00e5r det gjelder kombinasjonen av leverand\u00f8rer, kontakt ditt Steelwrist-kontor for videre informasjon. Bruk aldri en uverifisert kombinasjon ettersom dette kan f\u00f8re til sikkerhetsrisiko.<\/p>\n<p>OBS! Les alltid betjenningsmanualen for ditt redskap og Hk-feste f\u00f8r du tar det i bruk.<\/p>\n<p>OBS! Om grinden p\u00e5 redskapen din har en beskyttelsesplate som treffer mot SQ FPL- funksjonen, kan Steelwrist levere en beskyttelsesplate som passer ditt redskap.<\/p>\n<p>&nbsp;<\/p>\n<div id=\"attachment_107076\" style=\"width: 610px\" class=\"wp-caption alignnone\"><img loading=\"lazy\" decoding=\"async\" aria-describedby=\"caption-attachment-107076\" class=\"wp-image-107076 size-full\" src=\"https:\/\/steelwrist.com\/wp-content\/uploads\/Picture-1-e1567665365631.png\" alt=\"Eksempel p\u00e5 en fremre aksel som ikke kommer til \u00e5 passe\" width=\"600\" height=\"277\" \/><p id=\"caption-attachment-107076\" class=\"wp-caption-text\">Bilde 1. Eksempel p\u00e5 en feilaktig fremre aksel som ikke kommer til \u00e5 passe i HK-festes fremre aksling. Fremre aksling m\u00e5 passe overens med S-standarden, d.v.s. ha samme diameter over hele lengden.<\/p><\/div>\n<p>&nbsp;<\/p>\n<div id=\"attachment_120277\" style=\"width: 610px\" class=\"wp-caption alignnone\"><img loading=\"lazy\" decoding=\"async\" aria-describedby=\"caption-attachment-120277\" class=\"wp-image-120277 size-full\" src=\"https:\/\/steelwrist.com\/wp-content\/uploads\/Table-1_NO-e1567665760711.png\" alt=\"Grunnleggende m\u00e5l\" width=\"600\" height=\"129\" \/><p id=\"caption-attachment-120277\" class=\"wp-caption-text\">Tabell 1. Grunnleggende m\u00e5l, forlenget S-standard m\u00e5l.<\/p>\n<p><\/p><\/div>\n<div id=\"attachment_107104\" style=\"width: 610px\" class=\"wp-caption alignnone\"><img loading=\"lazy\" decoding=\"async\" aria-describedby=\"caption-attachment-107104\" class=\"wp-image-107104 size-full\" src=\"https:\/\/steelwrist.com\/wp-content\/uploads\/Picture-2-e1567665868981.png\" alt=\"FPL klaring\" width=\"600\" height=\"284\" \/><p id=\"caption-attachment-107104\" class=\"wp-caption-text\">Bilde 2. FPL klaring<\/p>\n<p><\/p><\/div>\n<p>&nbsp;<\/p>\n<div id=\"attachment_107351\" style=\"width: 310px\" class=\"wp-caption alignnone\"><img loading=\"lazy\" decoding=\"async\" aria-describedby=\"caption-attachment-107351\" class=\"wp-image-107351 size-medium\" src=\"https:\/\/steelwrist.com\/wp-content\/uploads\/Tabell-2-1-300x198.png\" alt=\"FPL klaring\" width=\"300\" height=\"198\" srcset=\"https:\/\/steelwrist.com\/wp-content\/uploads\/Tabell-2-1-300x198.png 300w, https:\/\/steelwrist.com\/wp-content\/uploads\/Tabell-2-1-150x99.png 150w, https:\/\/steelwrist.com\/wp-content\/uploads\/Tabell-2-1-24x16.png 24w, https:\/\/steelwrist.com\/wp-content\/uploads\/Tabell-2-1-36x24.png 36w, https:\/\/steelwrist.com\/wp-content\/uploads\/Tabell-2-1-48x32.png 48w, https:\/\/steelwrist.com\/wp-content\/uploads\/Tabell-2-1-110x73.png 110w, https:\/\/steelwrist.com\/wp-content\/uploads\/Tabell-2-1-75x50.png 75w, https:\/\/steelwrist.com\/wp-content\/uploads\/Tabell-2-1.png 430w\" sizes=\"auto, (max-width: 300px) 100vw, 300px\" \/><p id=\"caption-attachment-107351\" class=\"wp-caption-text\">Tabell 2. FPL klaring<\/p><\/div>\n","protected":false},"excerpt":{"rendered":"<p>SQ er en helautomatisk oljekoblingsteknikk som brukes i hurtigfester og tiltrotatorer p\u00e5 gravemaskiner for \u00e5 automatisk koble hydrauliske redskap. SQ har en fantastisk og overlegen prestanda og ett robust design. N\u00e5r du bruker SQ i kombinasjon med hurtigfeste eller redskap&#8230;<\/p>\n","protected":false},"author":12,"featured_media":0,"parent":0,"menu_order":0,"comment_status":"closed","ping_status":"closed","template":"","meta":{"footnotes":""},"class_list":["post-107042","page","type-page","status-publish","hentry"],"acf":[],"_links":{"self":[{"href":"https:\/\/steelwrist.com\/nb\/wp-json\/wp\/v2\/pages\/107042","targetHints":{"allow":["GET"]}}],"collection":[{"href":"https:\/\/steelwrist.com\/nb\/wp-json\/wp\/v2\/pages"}],"about":[{"href":"https:\/\/steelwrist.com\/nb\/wp-json\/wp\/v2\/types\/page"}],"author":[{"embeddable":true,"href":"https:\/\/steelwrist.com\/nb\/wp-json\/wp\/v2\/users\/12"}],"replies":[{"embeddable":true,"href":"https:\/\/steelwrist.com\/nb\/wp-json\/wp\/v2\/comments?post=107042"}],"version-history":[{"count":4,"href":"https:\/\/steelwrist.com\/nb\/wp-json\/wp\/v2\/pages\/107042\/revisions"}],"predecessor-version":[{"id":120295,"href":"https:\/\/steelwrist.com\/nb\/wp-json\/wp\/v2\/pages\/107042\/revisions\/120295"}],"wp:attachment":[{"href":"https:\/\/steelwrist.com\/nb\/wp-json\/wp\/v2\/media?parent=107042"}],"curies":[{"name":"wp","href":"https:\/\/api.w.org\/{rel}","templated":true}]}}