{"id":20305,"date":"2016-04-19T11:44:20","date_gmt":"2016-04-19T09:44:20","guid":{"rendered":"https:\/\/steelwrist.com\/dropping-buckets\/"},"modified":"2025-11-18T08:02:21","modified_gmt":"2025-11-18T07:02:21","slug":"dropped-buckets","status":"publish","type":"page","link":"https:\/\/steelwrist.com\/ko\/dropped-buckets\/","title":{"rendered":"\ub5a8\uc5b4\uc9c4 \ubc84\ucf13"},"content":{"rendered":"<h3>\ub5a8\uc5b4\uc9c4 \ubc84\ucf13\uc758 \ubb38\uc81c\uac00 \ub300\uccb4 \uc5bc\ub9c8\ub098 \ud070 \uac74\uc9c0<\/h3>\n<p>\uc2a4\uc6e8\ub374 \uc791\uc5c5 \ud658\uacbd\uccad\uc740 \ud55c\ub2ec\uc5d0 \ud55c\ubc88 \ub5a8\uc5b4\uc9c4 \ubc84\ucf13\uacfc \uad00\ub828\ub41c \uc0ac\uac74 \ubcf4\uace0\uc11c\ub97c \ubc1b\uc2b5\ub2c8\ub2e4. \ud558\uc9c0\ub9cc Prevent\uc5d0 \uc758\ud558\uba74 \uc2e0\uace0\ub418\uc9c0 \uc54a\uc740 \uc0ac\uac74\ub4e4\uc774 \uc544\ub9c8\ub3c4 \uc218\ub9ce\uc2b5\ub2c8\ub2e4. (Prevent \uac00 \ube44\uc601\ub9ac \ub2e8\uccb4\uc774\uace0 \uc2a4\uc6e8\ub374 \uac00\uc5c5 \ubc0f \uc870\ud569 \uc5f0\ud569 \uc18c\uc720\uc785\ub2c8\ub2e4.)<\/p>\n<h5>2011\ub144\uc5d0 Prevent \uac00 \ud035 \ub9c1\ud06c\uc640 \uad00\ub828 \ub41c \uc704\ud5d8\uc5d0 \ub300\ud55c \uc601\uc0c1\ub97c \ub9cc\ub4e4\uc5c8\uc2b5\ub2c8\ub2e4.<\/h5>\n<div class=\"video-embed-container\"><iframe loading=\"lazy\" title=\"L\u00e5s s\u00e4kert - det kan g\u00e4lla livet\" width=\"500\" height=\"281\" src=\"https:\/\/www.youtube.com\/embed\/qhNnbCJvwgE?feature=oembed\" frameborder=\"0\" allow=\"accelerometer; autoplay; clipboard-write; encrypted-media; gyroscope; picture-in-picture; web-share\" referrerpolicy=\"strict-origin-when-cross-origin\" allowfullscreen><\/iframe><\/div>\n<p>&nbsp;<\/p>\n<h5>\ub5a8\uc5b4\uc9c4 \ubc84\ucf13 &#8211; \ud310\ub2e8<\/h5>\n<p>\uc800\ud76c\uac00 MaskinExpo 2012\uc5d0\uc11c \uc57d\uac04 \ube44\uacfc\ud559\uc801\uc778 \uc124\ubb38 \uc870\uc0ac\ub97c \ud588\ub294\ub370 \ub9ce\uc740 \uc9c1\uc6d0\ub4e4\uc5d0\uac8c \ubc84\ucf13\uc744 \ub5a8\uc5b4\ub728\ub9b0 \uc801 \uc788\ub0d0\uace0 \ubb3c\uc5b4\ubd24\uc2b5\ub2c8\ub2e4. \uacbd\ud5d8\uc774 \ud48d\ubd80\ud55c \uc9c1\uc6d0\ub4e4\uc774 \uadf8\ub7f0 \uc801 \uc788\ub2e4\uace0 \uc99d\uba85\ud588\uc2b5\ub2c8\ub2e4. \uc791\uc5c5\uae30\uae30 \uad50\ud658\ud560 \ub54c \ub9cc\ubc88\uc5d0 \ud55c\ubc88 \ub9c1\ud06c \uc5f0\uacb0\uc774 \uc548 \ub41c\ub2e4\uace0 \uacb0\ub860 \ub0b4\ub838\uc2b5\ub2c8\ub2e4.<\/p>\n<p>\uadf8\ub7ec\ubbc0\ub85c \uc2a4\uc6e8\ub374\uc5d0\uc11c \uc815\uc0c1 \uadfc\ubb34\uc77c\uc5d0 8\ucc9c \uad74\uc0ad\uae30\uac00 \uc6b4\ud589\ub418\uace0 \uc791\uc5c5\uae30\uae30\ub97c \ubcf4\ud1b5\uc73c\ub85c \ud558\ub8e8\uc5d0 15\ubc88 \uad50\ud658\ud558\uba74 \uacb0\uacfc\ub85c \uc791\uc5c5\uae30\uae30\ub098 \ubc84\ucf13\uc744 12\uac1c \ub9e4\uc77c \ub5a8\uc5b4\uc9c0\ub294 \uac81\ub2c8\ub2e4.<\/p>\n<p>\uc2a4\ud2f8\ub9ac\uc2a4\ud2b8 \ubaa8\ub4e0 \uad74\uc0ad\uae30\uc758 \ubb38\uc81c\ub97c \ud574\uacb0\ud588\uc2b5\ub2c8\ub2e4.<br \/>\n\uc2a4\ud2f8\ub9ac\uc2a4\ud2b8 <a href=\"http:\/\/steelwrist.com\/int\/front-pin-lock\/\">\ud504\ub860\ud2b8 \ud540\ub85d \ub9c1\ud06c\uc640 \ud2f8\ud2b8\ub85c\ud14c\uc774\ud130\uc5d0 \ub300\ud574 \ub354 \ubcf4\uae30.<\/a><\/p>\n<p>&nbsp;<\/p>\n<h5>\uc0ac\uace0\uac00 \uc5b8\uc81c \ub098\ub294 \uac74\uc9c0<\/h5>\n<p>\uc800\ud76c\uac00 2012\ub144\uc5d0 \ubd84\uc2dd\uc744 \ud588\uc744 \ub54c \uc0ac\uace0\ub4e4\uc774 \ub450\uac00\uc9c0 \uacbd\uc6b0\uc5d0 \ub098\ub294 \uac83\uc744 \uc54c\uac8c \ub418\uc5c8\uc2b5\ub2c8\ub2e4.<\/p>\n<ol>\n<li>\uc791\uc5c5\uc790\ub294 \ub9c1\ud06c\uc758 \uc55e\ud131\uc744 \ubc84\ud0b7\uc758 \uc55e\ucabd \ud540\uc5d0 \uc5f0\uacb0\ud558\uc9c0\ub9cc \ub4a4\ucabd \ud540\uc5d0\ub294 \uc81c\ub300\ub85c \uc5f0\uacb0\ub418\uc9c0 \uc54a\ub294 \uacbd\uc6b0\uac00 \uc788\uc2b5\ub2c8\ub2e4. (\ub4a4\ucabd \ud540 = \uc6b4\uc804\uc790\uac00 \uc6b4\uc804\uc2e4\uc5d0\uc11c \ubcfc \uc218\uc5c6\ub294 \ud540 , \uc7a5\ube44\uc758 \uc55e\ucabd). \ub3d9\uc2dc\uc5d0 \uc6b4\uc804\uc790\ub294 \uc5ec\ub7ec\uac00\uc9c0 \uc774\uc720\ub85c \ubc84\ud0b7\uc774 \uc81c\ub300\ub85c \uc5f0\uacb0\ub418\uc5b4 \uc788\ub294\uc9c0 \ud655\uc778\ud558\uc9c0 \uc54a\ub294 \uacbd\uc6b0\uac00 \uc788\uc2b5\ub2c8\ub2e4. (\uc6b4\uc804\uc790\uac00 \uc804\ud654 \ud1b5\ud654\ub85c \uc778\ud574 \uc9d1\uc911\uc744 \ud558\uc9c0 \ubabb\ud574\uc11c \uc5f0\uacb0 \uacfc\uc815 \ub3c4\uc911\uc5d0 \uc815\ud655\ud558\uac8c \uc7a5\ucc29\uc774 \ub418\uc5c8\ub294\uc9c0 \ud655\uc778\uc774 \ub418\uc9c0 \uc54a\uc544\uc11c \uc911\uc9c0.)<\/li>\n<li>\uc791\uc5c5\uc790\ub294 \ubc84\ucf13\uc744 \uc704\uc544\ub798\ub85c \uc6c0\uc9c1\uc774\uba74\uc11c \ubc84\ucf13\uc744 \uc7a5\ucc29\ud560\ub824\uace0 \ud569\ub2c8\ub2e4. \uc791\uc5c5\uc790\ub294 \ub9c1\ud06c\uc758 \uc55e\ud131\uc744 \ubc84\ud0b7 \ud540\uc5d0 \uace0\uc815\ud558\uace0 \ud560 \uc218 \uc788\ub294 \ubc29\ubc95\uc740 \ubc84\ud0b7\uc744 \uc6c0\uc9c1\uc774\ub294 \uac83\uc774\uae30 \ub54c\ubb38\uc5d0 \uace0\uc815\ud540\uc744 \uc870\uc791\ud558\uc9c0 \uc54a\uc2b5\ub2c8\ub2e4. (\uc65c? \uc6b4\uc804\uc790\uac00 \ub9c1\ud06c\uc758 \uc7a0\uae08\uc774 \ud574\uc81c\ud558\uc790\ub9c8\uc790 \ubd80\uc800\uac00 \uc6b8\ub9ac\uba70 \uc18c\ub9ac\uac00 \ub192\uace0 \uc131\uac00 \uc2dc\uac8c \ub420 \uc218 \uc788\uc2b5\ub2c8\ub2e4.) \uc774 \ub2e8\uacc4\uc5d0\uc11c \uc6b4\uc804\uc790\ub294 \ubc84\ucf13\uc744 \uc6c0\uc9c1\uc774\uae30 \uc2dc\uc791\ud558\uace0 \ubc84\ucf13\uc774 \uace0\uc815\ub418\uc5b4 \uc788\uc9c0 \uc54a\uae30 \ub54c\ubb38\uc5d0 \uc27d\uac8c \uc5f0\uacb0\ud560 \uc218 \uc788\uc2b5\ub2c8\ub2e4. \ubc84\ucf13\uc740 waggon\uc758 \uce21\uba74\uc5d0 \ubd80\ub52a \ud790 \uacbd\uc6b0 \ub5a8\uc5b4\uc9d1\ub2c8\ub2e4. \ud504\ub860\ud2b8 \ud540 \uc7a0\uae08\uc758 \ubaa9\ud45c\ub294 \uc774\ub7ec\ud55c \ub450 \uac00\uc9c0 \uc704\ud5d8\uc73c\ub85c\ubd80\ud130 \ubcf4\ud638\ud558\ub294 \uac83\uc774 \uc5c8\uc2b5\ub2c8\ub2e4.<\/li>\n<\/ol>\n<p>\ud504\ub860\ud2b8 \ud540\ub85d\uc758 \ubaa9\ud45c\ub294 \ubc14\ub85c \uc774\ub7f0 \uc704\ud5d8\uc744 \ubc29\uc9c0\ud558\ub294 \uac83\uc785\ub2c8\ub2e4.<\/p>\n","protected":false},"excerpt":{"rendered":"<p>\ub5a8\uc5b4\uc9c4 \ubc84\ucf13\uc758 \ubb38\uc81c\uac00 \ub300\uccb4 \uc5bc\ub9c8\ub098 \ud070 \uac74\uc9c0 \uc2a4\uc6e8\ub374 \uc791\uc5c5 \ud658\uacbd\uccad\uc740 \ud55c\ub2ec\uc5d0 \ud55c\ubc88 \ub5a8\uc5b4\uc9c4 \ubc84\ucf13\uacfc \uad00\ub828\ub41c \uc0ac\uac74 \ubcf4\uace0\uc11c\ub97c \ubc1b\uc2b5\ub2c8\ub2e4. \ud558\uc9c0\ub9cc Prevent\uc5d0 \uc758\ud558\uba74 \uc2e0\uace0\ub418\uc9c0 \uc54a\uc740 \uc0ac\uac74\ub4e4\uc774 \uc544\ub9c8\ub3c4 \uc218\ub9ce\uc2b5\ub2c8\ub2e4. (Prevent \uac00 \ube44\uc601\ub9ac \ub2e8\uccb4\uc774\uace0 \uc2a4\uc6e8\ub374 \uac00\uc5c5 \ubc0f \uc870\ud569 \uc5f0\ud569 \uc18c\uc720\uc785\ub2c8\ub2e4.) 2011\ub144\uc5d0 Prevent \uac00 \ud035&#8230;<\/p>\n","protected":false},"author":12,"featured_media":0,"parent":0,"menu_order":21,"comment_status":"closed","ping_status":"closed","template":"","meta":{"footnotes":""},"class_list":["post-20305","page","type-page","status-publish","hentry"],"acf":[],"_links":{"self":[{"href":"https:\/\/steelwrist.com\/ko\/wp-json\/wp\/v2\/pages\/20305","targetHints":{"allow":["GET"]}}],"collection":[{"href":"https:\/\/steelwrist.com\/ko\/wp-json\/wp\/v2\/pages"}],"about":[{"href":"https:\/\/steelwrist.com\/ko\/wp-json\/wp\/v2\/types\/page"}],"author":[{"embeddable":true,"href":"https:\/\/steelwrist.com\/ko\/wp-json\/wp\/v2\/users\/12"}],"replies":[{"embeddable":true,"href":"https:\/\/steelwrist.com\/ko\/wp-json\/wp\/v2\/comments?post=20305"}],"version-history":[{"count":6,"href":"https:\/\/steelwrist.com\/ko\/wp-json\/wp\/v2\/pages\/20305\/revisions"}],"predecessor-version":[{"id":304006,"href":"https:\/\/steelwrist.com\/ko\/wp-json\/wp\/v2\/pages\/20305\/revisions\/304006"}],"wp:attachment":[{"href":"https:\/\/steelwrist.com\/ko\/wp-json\/wp\/v2\/media?parent=20305"}],"curies":[{"name":"wp","href":"https:\/\/api.w.org\/{rel}","templated":true}]}}