{"id":43187,"date":"2016-04-19T11:44:20","date_gmt":"2016-04-19T09:44:20","guid":{"rendered":"https:\/\/steelwrist.com\/dropping-buckets\/"},"modified":"2019-01-02T10:42:41","modified_gmt":"2019-01-02T09:42:41","slug":"dropping-buckets","status":"publish","type":"page","link":"https:\/\/steelwrist.com\/ja\/dropping-buckets\/","title":{"rendered":"\u30d0\u30b1\u30c3\u30c8\u8131\u843d"},"content":{"rendered":"<h3>\u30d0\u30b1\u30c3\u30c8\u8131\u843d\u306f\u305d\u3093\u306a\u306b\u91cd\u5927\u306a\u554f\u984c\u306a\u306e\u304b\uff1f<\/h3>\n<p>\u30b9\u30a6\u30a7\u30fc\u30c7\u30f3\u306e\u52b4\u50cd\u5b89\u5168\u885b\u751f\u5c40\u306f\u3001\u30d0\u30b1\u30c3\u30c8\u843d\u4e0b\u4e8b\u6545\u306b\u3064\u3044\u3066\u6708\u306b\u7d041\u4ef6\u306e\u5831\u544a\u3092\u53d7\u3051\u3066\u3044\u307e\u3059\u304c\u3001\u975e\u55b6\u5229\u56e3\u4f53\u3067\u3042\u308bPrevent(\u30b9\u30a6\u30a7\u30fc\u30c7\u30f3\u4f01\u696d\u9023\u76df\u3068\u52b4\u50cd\u7d44\u5408\u306e\u9023\u5408\u7d44\u7e54\uff09\u306b\u3088\u308b\u3068\u3001\u5831\u544a\u3055\u308c\u3066\u3044\u306a\u3044\u4ef6\u6570\u306f\u304a\u305d\u3089\u304f\u305a\u3063\u3068\u591a\u3044\u306e\u3067\u3059\u3002<\/p>\n<h5>\u3053\u306ePrevent\u306f\u30012011\u5e74\u306b\u30af\u30a4\u30c3\u30af\u30ab\u30d7\u30e9\u306b\u95a2\u9023\u3059\u308b\u5371\u967a\u6027\u306b\u3064\u3044\u3066\u3001\u4ee5\u4e0b\u306e\u52d5\u753b\u3092\u5236\u4f5c\u3057\u307e\u3057\u305f\u3002<\/h5>\n<div class=\"video-embed-container\"><iframe loading=\"lazy\" title=\"L\u00e5s s\u00e4kert - det kan g\u00e4lla livet\" width=\"500\" height=\"281\" src=\"https:\/\/www.youtube.com\/embed\/qhNnbCJvwgE?feature=oembed\" frameborder=\"0\" allow=\"accelerometer; autoplay; clipboard-write; encrypted-media; gyroscope; picture-in-picture; web-share\" referrerpolicy=\"strict-origin-when-cross-origin\" allowfullscreen><\/iframe><\/div>\n<h5>\u8131\u843d\u3057\u305f\u30d0\u30b1\u30c3\u30c8 &#8211; \u8a55\u4fa1\uff1f<\/h5>\n<p>\u30de\u30b9\u30ad\u30f3\u5c55\u793a\u4f1a2012\u3067\u3001\u79c1\u305f\u3061\u306f\u8074\u304d\u53d6\u308a\u8abf\u67fb\u3092\u884c\u3044\u3001\u30d0\u30b1\u30c3\u30c8\u3092\u843d\u3068\u3057\u305f\u7d4c\u9a13\u306b\u3064\u3044\u3066\u3001\u591a\u6570\u306e\u30aa\u30da\u30ec\u30fc\u30bf\u306b\u8cea\u554f\u3057\u307e\u3057\u305f\u3002\u5927\u62b5\u306e\u30aa\u30da\u30ec\u30fc\u30bf\u304c\u3001\u4f5c\u696d\u88c5\u7f6e\u306e\u5909\u66f4\u4f5c\u696d1\u4e07\u56de\u306b\u3064\u304d\u30011\u56de\u306e\u8131\u843d\u3092\u7d4c\u9a13\u3057\u3066\u3044\u308b\u3053\u3068\u3092\u78ba\u8a8d\u3057\u307e\u3057\u305f\u3002<\/p>\n<p>\u30b9\u30a6\u30a7\u30fc\u30c7\u30f3\u3067\u306f\u901a\u5e38\u6bce\u65e58,000\u53f0\u306e\u6cb9\u5727\u30b7\u30e7\u30d9\u30eb\u304c\u7a3c\u52d5\u3057\u3066\u3044\u3066\u3001\u5e73\u5747\u3057\u30661\u53f0\u304c1\u65e5\u306b15\u56de\u4f5c\u696d\u88c5\u7f6e\u3092\u4ea4\u63db\u3059\u308c\u3070\u3001\u6bce\u65e5\u7d0412\u500b\u306e\u30d0\u30b1\u30c3\u30c8\u3084\u4f5c\u696d\u88c5\u7f6e\u304c\u8131\u843d\u3057\u3066\u3044\u307e\u3059\u3002<\/p>\n<p>\u5f53\u793e\u306f\u3042\u3089\u3086\u308b\u7a2e\u985e\u306e\u6cb9\u5727\u30b7\u30e7\u30d9\u30eb\u306e\u554f\u984c\u3092\u89e3\u6c7a\u3057\u307e\u3057\u305f\u3002<br \/>\n<a href=\"http:\/\/steelwrist.com\/int\/front-pin-lock\/\">\u5f53\u793e\u30d5\u30ed\u30f3\u30c8\u30d4\u30f3\u30ed\u30c3\u30af\u2122\u30af\u30a4\u30c3\u30af\u30ab\u30d7\u30e9\u3068\u30c1\u30eb\u30c8\u30ed\u30fc\u30c6\u30fc\u30bf\u306b\u3064\u3044\u3066\u8a73\u3057\u304f\u306f\u3053\u3061\u3089\u3092\u3054\u89a7\u304f\u3060\u3055\u3044\u3002<\/a><\/p>\n<p>&nbsp;<\/p>\n<h5>\u5b9f\u969b\u306b\u3069\u3093\u306a\u4e8b\u6545\u304c\u3044\u3064\u8d77\u3053\u3063\u3066\u3044\u308b\u306e\u304b\uff1f<\/h5>\n<p>2012\u5e74\u306e\u5206\u6790\u3067\u306f\u3001\u539f\u5247\u3068\u3057\u3066\u4e8b\u6545\u306f2\u3064\u306e\u5834\u5408\u306b\u8d77\u304d\u308b\u3053\u3068\u304c\u308f\u304b\u308a\u307e\u3057\u305f\u3002<\/p>\n<ol>\n<li>\u30aa\u30da\u30ec\u30fc\u30bf\u306f\u30d0\u30b1\u30c3\u30c8\u306b\u30af\u30a4\u30c3\u30af\u30ab\u30d7\u30e9\u306e\u524d\u3042\u3054\u90e8\u3092\u63a5\u7d9a\u3057\u307e\u3059\u304c\u3001\u4f55\u3089\u304b\u306e\u7406\u7531\u3067\u5f8c\u30d4\u30f3\u304c\u6b63\u3057\u304f\u63a5\u7d9a\u3055\u308c\u307e\u305b\u3093\u3067\u3057\u305f\uff08\u5f8c\u30d4\u30f3\u306f\u30aa\u30da\u30ec\u30fc\u30bf\u304c\u30ad\u30e3\u30d6\u304b\u3089\u8996\u8a8d\u3067\u304d\u306a\u3044\u30d4\u30f3\u3067\u3059\uff09 \u540c\u6642\u306b\u3001\u30aa\u30da\u30ec\u30fc\u30bf\u306f\u4f55\u3089\u304b\u306e\u7406\u7531\u3067\u3001\u30d0\u30b1\u30c3\u30c8\u304c\u3057\u3063\u304b\u308a\u3068\u7269\u7406\u7684\u306b\u63a5\u7d9a\u3055\u308c\u3066\u3044\u308b\u3053\u3068\u3092\u78ba\u8a8d\u305b\u305a\u306b\u4f5c\u696d\u3092\u59cb\u3081\u3066\u3057\u307e\u3044\u307e\u3057\u305f\u3002<\/li>\n<li>\u30aa\u30da\u30ec\u30fc\u30bf\u304c\u30d0\u30b1\u30c3\u30c8\u3092\u6a2a\u6301\u3061\u904b\u642c\u3059\u308b\u305f\u3081\u306b\u3001\u30d0\u30b1\u30c3\u30c8\u3092\u53f0\u8eca\u306e\u8377\u53f0\u306b\u6301\u3061\u4e0a\u3052\u308b\u6642\u3001 \u30aa\u30da\u30ec\u30fc\u30bf\u306f\u30af\u30a4\u30c3\u30af\u30ab\u30d7\u30e9\u306e\u524d\u3042\u3054\u90e8\u3067\u30d0\u30b1\u30c3\u30c8\u3092\u5f15\u3063\u639b\u3051\u307e\u3059\u304c\u3001\u5f7c\u306f\u30d0\u30b1\u30c3\u30c8\u3092\u79fb\u52d5\u3055\u305b\u308b\u3053\u3068\u3060\u3051\u3092\u610f\u56f3\u3057\u3066\u3044\u308b\u306e\u3067\u3001\u30ed\u30c3\u30af\u3092\u4f5c\u52d5\u3055\u305b\u307e\u305b\u3093\u3002 \uff08\u306a\u305c\u306a\u306e\u304b\uff1f\u30af\u30a4\u30c3\u30af\u30ab\u30d7\u30e9\u306e\u30ed\u30c3\u30af\u304c\u89e3\u9664\u3055\u308c\u308b\u3068\u30d6\u30b6\u30fc\u304c\u9cf4\u308b\u306e\u3067\u3001\u305d\u308c\u3092\u5acc\u304c\u308b\u3053\u3068\u304c\u3042\u308a\u307e\u3059\uff09\u3053\u306e\u6bb5\u968e\u3067\u30aa\u30da\u30ec\u30fc\u30bf\u304c\u30d0\u30b1\u30c3\u30c8\u3092\u52d5\u304b\u3057\u59cb\u3081\u308b\u3068\u3001\u30d0\u30b1\u30c3\u30c8\u304c\u56fa\u5b9a\u3055\u308c\u3066\u3044\u306a\u3044\u306e\u3067 \u30d0\u30b1\u30c3\u30c8\u304c\u53f0\u8eca\u306e\u8377\u53f0\u5074\u9762\u306b\u5f53\u305f\u308b\u3068\u843d\u3061\u3066\u3057\u307e\u3044\u307e\u3059\u3002 \u30d5\u30ed\u30f3\u30c8\u30d4\u30f3\u30ed\u30c3\u30af\u2122\u306e\u76ee\u7684\u306f\u3001\u3053\u308c\u3089\u306e\u30ea\u30b9\u30af\u3092\u6392\u9664\u3059\u308b\u3053\u3068\u3067\u3059\u3002<\/li>\n<\/ol>\n<p>\u30d5\u30ed\u30f3\u30c8\u30d4\u30f3\u30ed\u30c3\u30af\u2122\u306e\u76ee\u7684\u306f\u3001\u3053\u308c\u3089\u306e\u30ea\u30b9\u30af\u3092\u56de\u907f\u3059\u308b\u3053\u3068\u3067\u3059\u3002<\/p>\n","protected":false},"excerpt":{"rendered":"<p>\u30d0\u30b1\u30c3\u30c8\u8131\u843d\u306f\u305d\u3093\u306a\u306b\u91cd\u5927\u306a\u554f\u984c\u306a\u306e\u304b\uff1f \u30b9\u30a6\u30a7\u30fc\u30c7\u30f3\u306e\u52b4\u50cd\u5b89\u5168\u885b\u751f\u5c40\u306f\u3001\u30d0\u30b1\u30c3&#8230;<\/p>\n","protected":false},"author":12,"featured_media":0,"parent":0,"menu_order":21,"comment_status":"closed","ping_status":"closed","template":"","meta":{"footnotes":""},"class_list":["post-43187","page","type-page","status-publish","hentry"],"acf":[],"_links":{"self":[{"href":"https:\/\/steelwrist.com\/ja\/wp-json\/wp\/v2\/pages\/43187","targetHints":{"allow":["GET"]}}],"collection":[{"href":"https:\/\/steelwrist.com\/ja\/wp-json\/wp\/v2\/pages"}],"about":[{"href":"https:\/\/steelwrist.com\/ja\/wp-json\/wp\/v2\/types\/page"}],"author":[{"embeddable":true,"href":"https:\/\/steelwrist.com\/ja\/wp-json\/wp\/v2\/users\/12"}],"replies":[{"embeddable":true,"href":"https:\/\/steelwrist.com\/ja\/wp-json\/wp\/v2\/comments?post=43187"}],"version-history":[{"count":2,"href":"https:\/\/steelwrist.com\/ja\/wp-json\/wp\/v2\/pages\/43187\/revisions"}],"predecessor-version":[{"id":44314,"href":"https:\/\/steelwrist.com\/ja\/wp-json\/wp\/v2\/pages\/43187\/revisions\/44314"}],"wp:attachment":[{"href":"https:\/\/steelwrist.com\/ja\/wp-json\/wp\/v2\/media?parent=43187"}],"curies":[{"name":"wp","href":"https:\/\/api.w.org\/{rel}","templated":true}]}}