{"id":41820,"date":"2016-03-08T14:25:41","date_gmt":"2016-03-08T13:25:41","guid":{"rendered":"https:\/\/steelwrist.com\/service\/support\/"},"modified":"2020-04-27T10:52:13","modified_gmt":"2020-04-27T08:52:13","slug":"supporto","status":"publish","type":"page","link":"https:\/\/steelwrist.com\/it\/service\/supporto\/","title":{"rendered":"Supporto"},"content":{"rendered":"<p class=\"ingress\">Qualchevolta, nonostante tutto, qualcosa si rompe.<\/p>\n<p>Il cliente \u00e8 sempre al centro dell&#8217;attenzione per noi di Steelwrist. Il nostro obiettivo \u00e8 fornire sempre un aiuto rapido e professionale, indipendentemente dal prodotto che ha bisogno di aiuto. Formiamo e supportiamo i nostri rivenditori per il miglior servizio.<\/p>\n<h3>Servizio personalizzato<\/h3>\n<p>Il nostro supporto \u00e8 aperto dal luned\u00ec al venerd\u00ec dalle 07:00 alle 17:00 Disponiamo inoltre di supporto locale e partner di assistenza in molti paesi. Troverete i contatti dei partner di servizio.<\/p>\n<h3>Servizio personalizzato<\/h3>\n<p>I nostro Supporto \u00e8 aperto dal Luned\u00ec al Venerd\u00ec 07:00 &#8211; 17:00.<br \/>\nSupporto Tecnico: +46 (0) 8 626 07 12.<br \/>\nRicambi: +46 (0) 8 626 07 13.<\/p>\n<p>Abbiamo anche Supporto locale e Service Partners in molti Paesi.<br \/>\nTroverete i contatti del partner di servizio.<\/p>\n<h3>Chatta con noi<\/h3>\n<p>Puoi raggiungerci anche tramite la funzione chat in basso a destra!<\/p>\n<h3>Il Supporto web<\/h3>\n<p>Attraverso il nostro Support web i nostri Service partner hanno accesso alle ultime informazioni sui nostri prodotti &#8211; tutto il giorno. Qui puoi trovare tra la documentazione dei nostri prodotti, ordinare pezzi di ricambio, porre domande e presentare reclami. Il team di supporto dedicato di Steelwrist risponde alle domande e gestisce i reclami durante i nostri orari di apertura. Se stai facendo domande quando siamo chiusi, ci penseremo noi non appena riapriremo.<\/p>\n","protected":false},"excerpt":{"rendered":"<p>Qualchevolta, nonostante tutto, qualcosa si rompe. Il cliente \u00e8 sempre al centro dell&#8217;attenzione per noi di Steelwrist. Il nostro obiettivo \u00e8 fornire sempre un aiuto rapido e professionale, indipendentemente dal prodotto che ha bisogno di aiuto. Formiamo e supportiamo i&#8230;<\/p>\n","protected":false},"author":12,"featured_media":0,"parent":41810,"menu_order":0,"comment_status":"closed","ping_status":"closed","template":"","meta":{"footnotes":""},"class_list":["post-41820","page","type-page","status-publish","hentry"],"acf":[],"_links":{"self":[{"href":"https:\/\/steelwrist.com\/it\/wp-json\/wp\/v2\/pages\/41820","targetHints":{"allow":["GET"]}}],"collection":[{"href":"https:\/\/steelwrist.com\/it\/wp-json\/wp\/v2\/pages"}],"about":[{"href":"https:\/\/steelwrist.com\/it\/wp-json\/wp\/v2\/types\/page"}],"author":[{"embeddable":true,"href":"https:\/\/steelwrist.com\/it\/wp-json\/wp\/v2\/users\/12"}],"replies":[{"embeddable":true,"href":"https:\/\/steelwrist.com\/it\/wp-json\/wp\/v2\/comments?post=41820"}],"version-history":[{"count":5,"href":"https:\/\/steelwrist.com\/it\/wp-json\/wp\/v2\/pages\/41820\/revisions"}],"predecessor-version":[{"id":199719,"href":"https:\/\/steelwrist.com\/it\/wp-json\/wp\/v2\/pages\/41820\/revisions\/199719"}],"up":[{"embeddable":true,"href":"https:\/\/steelwrist.com\/it\/wp-json\/wp\/v2\/pages\/41810"}],"wp:attachment":[{"href":"https:\/\/steelwrist.com\/it\/wp-json\/wp\/v2\/media?parent=41820"}],"curies":[{"name":"wp","href":"https:\/\/api.w.org\/{rel}","templated":true}]}}