{"id":41811,"date":"2016-02-17T14:36:23","date_gmt":"2016-02-17T13:36:23","guid":{"rendered":"https:\/\/steelwrist.com\/service\/education\/"},"modified":"2020-11-03T10:12:13","modified_gmt":"2020-11-03T09:12:13","slug":"formazione","status":"publish","type":"page","link":"https:\/\/steelwrist.com\/it\/service\/formazione\/","title":{"rendered":"Formazione"},"content":{"rendered":"<h2>Le competenze aggiornate offrono un&#8217;installazione e un servizio efficienti<\/h2>\n<p>Offriamo a tutti i nostri rivenditori la formazione sui nostri prodotti, sia nel nostro centro di formazione a Sollentuna, sia sul posto presso il rivenditore. Dipendendo da ci\u00f2 che \u00e8 pi\u00f9 semplice. Attribuiamo grande importanza al nostro sistema di controllo poich\u00e9 sappiamo che questa \u00e8 la parte difficile per molti rivenditori. Alcuni dei nostri corsi fanno parte del programma di formazione per essere un partner di servizio certificato Steelwrist.<\/p>\n<p>Contattaci per maggiori informazioni sui corsi, contenuti e requisiti di accesso.<\/p>\n<p>&nbsp;<br \/>\n<iframe src=\"https:\/\/pages.upsales.com\/6936ud31e6dc238e44d849e4ce64d36308e61-frame\" \t\twidth=\"100%\" \t\theight=\"674\" \t\tstyle=\"border:0\"><\/iframe><\/p>\n","protected":false},"excerpt":{"rendered":"<p>Le competenze aggiornate offrono un&#8217;installazione e un servizio efficienti Offriamo a tutti i nostri rivenditori la formazione sui nostri prodotti, sia nel nostro centro di formazione a Sollentuna, sia sul posto presso il rivenditore. Dipendendo da ci\u00f2 che \u00e8 pi\u00f9&#8230;<\/p>\n","protected":false},"author":1,"featured_media":0,"parent":41810,"menu_order":0,"comment_status":"closed","ping_status":"closed","template":"","meta":{"footnotes":""},"class_list":["post-41811","page","type-page","status-publish","hentry"],"acf":[],"_links":{"self":[{"href":"https:\/\/steelwrist.com\/it\/wp-json\/wp\/v2\/pages\/41811","targetHints":{"allow":["GET"]}}],"collection":[{"href":"https:\/\/steelwrist.com\/it\/wp-json\/wp\/v2\/pages"}],"about":[{"href":"https:\/\/steelwrist.com\/it\/wp-json\/wp\/v2\/types\/page"}],"author":[{"embeddable":true,"href":"https:\/\/steelwrist.com\/it\/wp-json\/wp\/v2\/users\/1"}],"replies":[{"embeddable":true,"href":"https:\/\/steelwrist.com\/it\/wp-json\/wp\/v2\/comments?post=41811"}],"version-history":[{"count":5,"href":"https:\/\/steelwrist.com\/it\/wp-json\/wp\/v2\/pages\/41811\/revisions"}],"predecessor-version":[{"id":206589,"href":"https:\/\/steelwrist.com\/it\/wp-json\/wp\/v2\/pages\/41811\/revisions\/206589"}],"up":[{"embeddable":true,"href":"https:\/\/steelwrist.com\/it\/wp-json\/wp\/v2\/pages\/41810"}],"wp:attachment":[{"href":"https:\/\/steelwrist.com\/it\/wp-json\/wp\/v2\/media?parent=41811"}],"curies":[{"name":"wp","href":"https:\/\/api.w.org\/{rel}","templated":true}]}}