{"id":41742,"date":"2016-05-19T15:38:59","date_gmt":"2016-05-19T13:38:59","guid":{"rendered":"https:\/\/steelwrist.com\/about-steelwrist\/core-values\/"},"modified":"2026-02-24T10:47:39","modified_gmt":"2026-02-24T09:47:39","slug":"core-values","status":"publish","type":"page","link":"https:\/\/steelwrist.com\/it\/riguardo-steelwrist\/core-values\/","title":{"rendered":"I nostri valori fondamentali"},"content":{"rendered":"<h2>I valori chiave di Steelwrist<\/h2>\n<p>Tre valori fondamentali, insieme alle nostre politiche sulla qualit\u00e0 e sull&#8217;ambiente, mostrano il modo in cui vogliamo lavorare con clienti, concessionari, fornitori e dipendenti.<\/p>\n<h4>Reattivo<\/h4>\n<p>Siamo reattivi e lavoriamo attivamente all&#8217;ascolto di ci\u00f2 che i nostri clienti desiderano. Chiediamo finch\u00e9 non abbiamo capito e cerchiamo di essere chiari nelle nostre comunicazioni. Nel nostro lavoro quotidiano ci\u00f2 significa che stiamo attivamente cercando di ottenere feedback e suggerimenti per migliorare i nostri clienti, fornitori e dipendenti.<\/p>\n<h3>Semplice<\/h3>\n<p>Se qualcosa pu\u00f2 essere fatto pi\u00f9 facilmente, il nostro obiettivo \u00e8 facilitarlo. Ci sforziamo di rendere i nostri prodotti e processi di lavoro il pi\u00f9 semplici possibile.<\/p>\n<h3>Veloce<\/h3>\n<p>Ci sforziamo di abbreviare i tempi di risposta in tutti i contatti con i clienti come mailing, supporto tecnico e assistenza. Come organizzazione, ci sforziamo di avere un vantaggio competitivo attraverso l&#8217;apprendimento rapido. Nel nostro lavoro quotidiano ci\u00f2 significa che cerchiamo di essere disponibili ogni volta che il cliente ha bisogno di noi e che il nostro stock di pezzi di ricambio \u00e8 in grado di spedire componenti chiave con un preavviso molto breve.<\/p>\n","protected":false},"excerpt":{"rendered":"<p>I valori chiave di Steelwrist Tre valori fondamentali, insieme alle nostre politiche sulla qualit\u00e0 e sull&#8217;ambiente, mostrano il modo in cui vogliamo lavorare con clienti, concessionari, fornitori e dipendenti. Reattivo Siamo reattivi e lavoriamo attivamente all&#8217;ascolto di ci\u00f2 che i&#8230;<\/p>\n","protected":false},"author":12,"featured_media":0,"parent":41735,"menu_order":0,"comment_status":"closed","ping_status":"closed","template":"template-onlysections.php","meta":{"footnotes":""},"class_list":["post-41742","page","type-page","status-publish","hentry"],"acf":[],"_links":{"self":[{"href":"https:\/\/steelwrist.com\/it\/wp-json\/wp\/v2\/pages\/41742","targetHints":{"allow":["GET"]}}],"collection":[{"href":"https:\/\/steelwrist.com\/it\/wp-json\/wp\/v2\/pages"}],"about":[{"href":"https:\/\/steelwrist.com\/it\/wp-json\/wp\/v2\/types\/page"}],"author":[{"embeddable":true,"href":"https:\/\/steelwrist.com\/it\/wp-json\/wp\/v2\/users\/12"}],"replies":[{"embeddable":true,"href":"https:\/\/steelwrist.com\/it\/wp-json\/wp\/v2\/comments?post=41742"}],"version-history":[{"count":4,"href":"https:\/\/steelwrist.com\/it\/wp-json\/wp\/v2\/pages\/41742\/revisions"}],"predecessor-version":[{"id":317827,"href":"https:\/\/steelwrist.com\/it\/wp-json\/wp\/v2\/pages\/41742\/revisions\/317827"}],"up":[{"embeddable":true,"href":"https:\/\/steelwrist.com\/it\/wp-json\/wp\/v2\/pages\/41735"}],"wp:attachment":[{"href":"https:\/\/steelwrist.com\/it\/wp-json\/wp\/v2\/media?parent=41742"}],"curies":[{"name":"wp","href":"https:\/\/api.w.org\/{rel}","templated":true}]}}