{"id":41735,"date":"2016-01-18T17:11:52","date_gmt":"2016-01-18T16:11:52","guid":{"rendered":"https:\/\/steelwrist.com\/about-steelwrist\/"},"modified":"2026-02-24T15:21:32","modified_gmt":"2026-02-24T14:21:32","slug":"riguardo-steelwrist","status":"publish","type":"page","link":"https:\/\/steelwrist.com\/it\/riguardo-steelwrist\/","title":{"rendered":"Riguardo Steelwrist"},"content":{"rendered":"<p>Steelwrist \u00e8 un produttore globale di Tiltrotator e attacchi rapidi per escavaori con sede in Svezia. Un focus determinato su prodotti robusti e moderni, combinato con un servizio rapido, \u00e8 stato apprezzato da un numero crescente di clienti.<\/p>\n<h2>Idea di business Steelwrist<\/h2>\n<p>L&#8217;idea imprenditoriale di Steelwrist AB \u00e8 lo sviluppo, la produzione e la vendita di Tiltrotator, attacchi rapidi, accessori e attacchi per escavatori e terne. L&#8217;obiettivo di Steelwrist AB \u00e8 quello di essere il &#8220;migliore al mondo a sviluppare, produrre e vendere attrezzature che aumentino l&#8217;efficienza degli escavatori&#8221;. Steelwrist AB \u00e8 un&#8217;azienda svedese con sede e produzione a Rosersberg, a nord di Stoccolma.<\/p>\n<h2>I valori chiave di Steelwrist<\/h2>\n<p>Tre valori fondamentali, insieme alle nostre politiche sulla qualit\u00e0 e sull&#8217;ambiente, mostrano il modo in cui vogliamo lavorare con clienti, concessionari, fornitori e dipendenti.<\/p>\n<h5>Reattivit\u00e0<\/h5>\n<p>Siamo reattivi e lavoriamo attivamente all&#8217;ascolto di ci\u00f2 che i nostri clienti desiderano. Chiediamo finch\u00e9 non abbiamo capito e cerchiamo di essere chiari nelle nostre comunicazioni. Nel nostro lavoro quotidiano ci\u00f2 significa che stiamo attivamente cercando di ottenere feedback e suggerimenti per migliorare i nostri clienti, fornitori e dipendenti.<\/p>\n<h5>Semplicit\u00e0<\/h5>\n<p>Se qualcosa pu\u00f2 essere fatto pi\u00f9 facilmente, il nostro obiettivo \u00e8 facilitarlo. Ci sforziamo di rendere i nostri prodotti e processi di lavoro il pi\u00f9 semplici possibile.<\/p>\n<h5>Velocit\u00e0<\/h5>\n<p>Ci sforziamo di abbreviare i tempi di risposta in tutti i contatti con i clienti come mailing, supporto tecnico e assistenza. Come organizzazione, ci sforziamo di avere un vantaggio competitivo attraverso l&#8217;apprendimento rapido. Nel nostro lavoro quotidiano ci\u00f2 significa che cerchiamo di essere disponibili ogni volta che il cliente ha bisogno di noi e che il nostro stock di pezzi di ricambio \u00e8 in grado di spedire componenti chiave con un preavviso molto breve.<\/p>\n","protected":false},"excerpt":{"rendered":"<p>Steelwrist \u00e8 un produttore globale di Tiltrotator e attacchi rapidi per escavaori con sede in Svezia. Un focus determinato su prodotti robusti e moderni, combinato con un servizio rapido, \u00e8 stato apprezzato da un numero crescente di clienti. Idea di&#8230;<\/p>\n","protected":false},"author":1,"featured_media":0,"parent":0,"menu_order":58,"comment_status":"closed","ping_status":"closed","template":"","meta":{"footnotes":""},"class_list":["post-41735","page","type-page","status-publish","hentry"],"acf":[],"_links":{"self":[{"href":"https:\/\/steelwrist.com\/it\/wp-json\/wp\/v2\/pages\/41735","targetHints":{"allow":["GET"]}}],"collection":[{"href":"https:\/\/steelwrist.com\/it\/wp-json\/wp\/v2\/pages"}],"about":[{"href":"https:\/\/steelwrist.com\/it\/wp-json\/wp\/v2\/types\/page"}],"author":[{"embeddable":true,"href":"https:\/\/steelwrist.com\/it\/wp-json\/wp\/v2\/users\/1"}],"replies":[{"embeddable":true,"href":"https:\/\/steelwrist.com\/it\/wp-json\/wp\/v2\/comments?post=41735"}],"version-history":[{"count":6,"href":"https:\/\/steelwrist.com\/it\/wp-json\/wp\/v2\/pages\/41735\/revisions"}],"predecessor-version":[{"id":317850,"href":"https:\/\/steelwrist.com\/it\/wp-json\/wp\/v2\/pages\/41735\/revisions\/317850"}],"wp:attachment":[{"href":"https:\/\/steelwrist.com\/it\/wp-json\/wp\/v2\/media?parent=41735"}],"curies":[{"name":"wp","href":"https:\/\/api.w.org\/{rel}","templated":true}]}}