{"id":41666,"date":"2016-04-19T11:44:20","date_gmt":"2016-04-19T09:44:20","guid":{"rendered":"https:\/\/steelwrist.com\/dropping-buckets\/"},"modified":"2020-04-23T14:47:51","modified_gmt":"2020-04-23T12:47:51","slug":"benne-che-cadono","status":"publish","type":"page","link":"https:\/\/steelwrist.com\/it\/benne-che-cadono\/","title":{"rendered":"Benne che cadono"},"content":{"rendered":"<h3>Quanto \u00e8 grande il problema di benne cadute &#8211; veramente?<\/h3>\n<p>L&#8217;autorit\u00e0 svedese per l&#8217;ambiente di lavoro riceve circa un rapporto al mese su incidenti con benne cadute, ma il numero di casi non segnalati \u00e8 probabilmente ampio, secondo Prevent. (Un&#8217;organizzazione senza scopo di lucro di propriet\u00e0 della Confederazione delle imprese e dei sindacati svedesi congiuntamente.)<\/p>\n<h5>Nel corso del 2011, Prevent ha realizzato il seguente filmato sui rischi legati agli attacchi rapidi.<\/h5>\n<div class=\"video-embed-container\"><iframe loading=\"lazy\" title=\"L\u00e5s s\u00e4kert - det kan g\u00e4lla livet\" width=\"500\" height=\"281\" src=\"https:\/\/www.youtube.com\/embed\/qhNnbCJvwgE?feature=oembed\" frameborder=\"0\" allow=\"accelerometer; autoplay; clipboard-write; encrypted-media; gyroscope; picture-in-picture; web-share\" referrerpolicy=\"strict-origin-when-cross-origin\" allowfullscreen><\/iframe><\/div>\n<h5>Bene cadute &#8211; una stima?<\/h5>\n<p>Abbiamo effettuato un sondaggio non scientifico durante MaskinExpo 2012 e abbiamo chiesto a un gran numero di operatori se gli fosse mai caduta una benna. La maggior parte degli operatori con qualche anno di lavoro affermavano che era successo qualche volta. Siamo arrivati a calcorare approssimativamente un mancato accoppiamento per 10.000 cambi utensile.<\/p>\n<p>Se poi ci sono 8.000 escavatori che operano in Svezia in una normale giornata di lavoro, e se si cambia strumento di lavoro in media circa 15 volte al giorno, ci\u00f2 significherebbe che in Svezia cadono circa 12 secchi o strumenti di lavoro &#8211; ogni giorno!<\/p>\n<p>Steelwrist ha risolto il problema per tutti i tipi di escavatori.<br \/>\n<a href=\"https:\/\/steelwrist.com\/it\/front-pin-lock\/\">Leggi di pi\u00f9 riguardo gli attacchi Steelwrist Front Pin Lock ed i Tiltrotators.<\/a><\/p>\n<p>&nbsp;<\/p>\n<h5>Quando succedono gli incidenti?<\/h5>\n<p>Nella nostra analisi 2012 abbiamo visto che gli incidenti in linea di principio si verificano solo in due diverse occasioni.<\/p>\n<ol>\n<li>L&#8217;operatore collega il perno anteriore della benna, ma per qualche motivo manca la connessione nella staffa dell&#8217;asse posteriore, ovvero l&#8217;asse che il guidatore non pu\u00f2 vedere dalla cabina. Allo stesso tempo, dimentica o si sbaglia nella verifica fisica che la benna sia sicura, e il lavoro inizia.<\/li>\n<li>L&#8217;operatore vuole solo spostare o sollevare la benna su un carro. Quindi collega il perno anteriore della benna ma non usa la funzione di blocco poich\u00e9 &#8220;l&#8217;unica intenzione \u00e8 quella di spostarla&#8221;. A questo punto l&#8217;operatore muove la benna ma, poich\u00e9 non \u00e8 bloccata, pu\u00f2 facilmente cadere se l&#8217;operatore colpisce per esempio il lato del carro.<\/li>\n<\/ol>\n<p>L&#8217;obiettivo del Front Pin Lock \u00e8 di proteggere contro questi rischi.<\/p>\n","protected":false},"excerpt":{"rendered":"<p>Quanto \u00e8 grande il problema di benne cadute &#8211; veramente? L&#8217;autorit\u00e0 svedese per l&#8217;ambiente di lavoro riceve circa un rapporto al mese su incidenti con benne cadute, ma il numero di casi non segnalati \u00e8 probabilmente ampio, secondo Prevent. (Un&#8217;organizzazione&#8230;<\/p>\n","protected":false},"author":12,"featured_media":0,"parent":0,"menu_order":21,"comment_status":"closed","ping_status":"closed","template":"","meta":{"footnotes":""},"class_list":["post-41666","page","type-page","status-publish","hentry"],"acf":[],"_links":{"self":[{"href":"https:\/\/steelwrist.com\/it\/wp-json\/wp\/v2\/pages\/41666","targetHints":{"allow":["GET"]}}],"collection":[{"href":"https:\/\/steelwrist.com\/it\/wp-json\/wp\/v2\/pages"}],"about":[{"href":"https:\/\/steelwrist.com\/it\/wp-json\/wp\/v2\/types\/page"}],"author":[{"embeddable":true,"href":"https:\/\/steelwrist.com\/it\/wp-json\/wp\/v2\/users\/12"}],"replies":[{"embeddable":true,"href":"https:\/\/steelwrist.com\/it\/wp-json\/wp\/v2\/comments?post=41666"}],"version-history":[{"count":4,"href":"https:\/\/steelwrist.com\/it\/wp-json\/wp\/v2\/pages\/41666\/revisions"}],"predecessor-version":[{"id":199689,"href":"https:\/\/steelwrist.com\/it\/wp-json\/wp\/v2\/pages\/41666\/revisions\/199689"}],"wp:attachment":[{"href":"https:\/\/steelwrist.com\/it\/wp-json\/wp\/v2\/media?parent=41666"}],"curies":[{"name":"wp","href":"https:\/\/api.w.org\/{rel}","templated":true}]}}