{"id":41655,"date":"2018-05-23T19:36:18","date_gmt":"2018-05-23T17:36:18","guid":{"rendered":"https:\/\/steelwrist.com\/privacy-policy\/"},"modified":"2026-02-05T13:28:40","modified_gmt":"2026-02-05T12:28:40","slug":"privacy-policy","status":"publish","type":"page","link":"https:\/\/steelwrist.com\/it\/privacy-policy\/","title":{"rendered":"Informativa sulla privacy"},"content":{"rendered":"<h2><span data-sheets-root=\"1\">1. Informazioni generali<\/span><\/h2>\n<p>Desideriamo informarti sullo scopo e l&#8217;entit\u00e0 della raccolta di dati personali durante l&#8217;utilizzo del nostro sito web e di altri canali digitali controllati da Steelwrist AB, n. reg. 556617-0048 (&#8220;Societ\u00e0&#8221;). La presente informativa si applica a tutte le informazioni raccolte su di Lei tramite l\u2019utilizzo del nostro sito web.<\/p>\n<p>La presente informativa \u00e8 in vigore dal 12\/03\/2025 ed \u00e8 soggetta a revisione annuale.<\/p>\n<h4><span data-sheets-root=\"1\">Utilizzo delle applicazioni mobili<\/span><\/h4>\n<p>Per gli utenti delle applicazioni mobili Steelwrist, tra cui QuantumConnect, potrebbero essere raccolti dati personali aggiuntivi e specifici dell&#8217;app, come configurazioni delle apparecchiature, metriche operative, modelli, registri di arresti anomali\/errori e informazioni sul dispositivo. Per maggiori dettagli, consultare l&#8217;Informativa sulla <a href=\"https:\/\/steelwrist.com\/it\/quantum-connect-app-privacy-policy\/\">privacy delle app mobili Steelwrist<\/a>, che regola la raccolta, l&#8217;uso e la conservazione di questi dati. Entrambe le policy sono complementari e devono essere lette insieme per comprendere appieno come vengono trattati e protetti i tuoi dati personali. Steelwrist AB, n. reg. 556617-0048, \u00e8 il titolare del trattamento dei dati personali in conformit\u00e0 al GDPR e ad altre normative applicabili. Garantiamo che i dati personali raccolti siano utilizzati esclusivamente per lo scopo previsto e siano protetti da accessi non autorizzati e abusi.<\/p>\n<h2><span data-sheets-root=\"1\">2. Titolare del trattamento<\/span><\/h2>\n<p>Steelwrist AB, n. reg. 556617-0048, \u00e8 il titolare del trattamento dei dati personali in conformit\u00e0 al GDPR e ad altre normative applicabili.<\/p>\n<p>Garantiamo che i dati personali raccolti sono utilizzati esclusivamente per lo scopo previsto e sono protetti da accessi non autorizzati e abusi.<\/p>\n<h2><span data-sheets-root=\"1\">3. Raccolta e utilizzo dei dati<\/span><\/h2>\n<h4><span data-sheets-root=\"1\">Tipologie di dati raccolti<\/span><\/h4>\n<p><strong>Con il consenso dell\u2019utente, possono essere raccolte le seguenti tipologie di dati personali:<\/strong><\/p>\n<ul>\n<li aria-level=\"1\">Informazioni personali: non raccogliamo questi dati a meno che tu non li fornisca esplicitamente compilando un modulo di contatto e acconsentendo alla presente informativa sulla privacy. Questi possono includere nome, indirizzo email, numero di telefono, nome dell&#8217;azienda e qualifica professionale.<\/li>\n<li aria-level=\"1\">Dati tecnici quali indirizzo IP e informazioni relative al browser e al dispositivo.<\/li>\n<li aria-level=\"1\">Informazioni di pagamento: ove applicabile, le transazioni di pagamento vengono elaborate in modo sicuro tramite fornitori di servizi di pagamento terzi. Non raccogliamo n\u00e9 memorizziamo personalmente i dati di pagamento; tutte le informazioni di pagamento vengono gestite direttamente da fornitori come Stripe, in conformit\u00e0 con le loro informative sulla privacy.<\/li>\n<li aria-level=\"1\">Dati comportamentali quali pagine visitate, interazioni e tempo trascorso sul sito web.<\/li>\n<\/ul>\n<h4><span data-sheets-root=\"1\">Modalit\u00e0 di raccolta<\/span><\/h4>\n<ul>\n<li aria-level=\"1\">Utilizziamo moduli di contatto, moduli di registrazione e abbonamento, nonch\u00e9 moduli di iscrizione a eventi. Utilizziamo cookie e tecnologie di tracciamento per migliorare l\u2019esperienza dell\u2019utente, analizzare il traffico del sito web e supportare le attivit\u00e0 di marketing. Inoltre, il nostro sito web \u00e8 integrato con servizi di terze parti per analisi, pubblicit\u00e0 e trattamento dei pagamenti.<\/li>\n<li aria-level=\"1\">Per informazioni dettagliate su questi servizi e sul loro funzionamento, consultare la nostra <a href=\"https:\/\/steelwrist.com\/it\/cookie-policy\/\">Politica sui cookie<\/a>.<\/li>\n<\/ul>\n<h4><span data-sheets-root=\"1\">Finalit\u00e0 del trattamento dei dati<\/span><\/h4>\n<p>\u2022 Fornire e migliorare i nostri servizi.<br \/>\n\u2022 Inviare informazioni, materiali di marketing e inviti.<br \/>\n\u2022 Trattare le transazioni in modo sicuro.<br \/>\n\u2022 Analizzare le prestazioni del sito web e migliorare l\u2019esperienza dell\u2019utente.<br \/>\n\u2022 Utilizzare la profilazione automatizzata e il marketing mirato, ove consentito.<\/p>\n<p><span data-sheets-root=\"1\">Non utilizziamo profilazioni che producano effetti giuridici nei tuoi confronti o che ti influenzino in modo significativo e analogo.<\/span><\/p>\n<p>I nostri servizi non sono destinati a minori di 16 anni e non raccogliamo consapevolmente dati personali relativi a tali soggetti.<br \/>\nQualora venissimo a conoscenza del fatto che tali dati siano stati raccolti involontariamente, essi saranno cancellati senza ingiustificato ritardo.<\/p>\n<h4><span data-sheets-root=\"1\">Dati delle applicazioni mobili<\/span><\/h4>\n<p>I dati raccolti tramite le applicazioni mobili di Steelwrist possono includere dati di localizzazione, modelli di utilizzo, registri di arresto o errore e informazioni sul dispositivo. Tali dati sono utilizzati esclusivamente per la fornitura del servizio, l\u2019assistenza tecnica, la risoluzione dei problemi, il monitoraggio delle prestazioni e il miglioramento delle funzionalit\u00e0. Le attivit\u00e0 di marketing o profilazione sono svolte esclusivamente sulla base di un consenso esplicito.<\/p>\n<h2><span data-sheets-root=\"1\">4. Comunicazione dei dati a terzi<\/span><\/h2>\n<p>I dati personali possono essere comunicati a terzi per finalit\u00e0 di pubblicit\u00e0, analisi, gestione delle relazioni con i clienti e trattamento dei pagamenti. Questi servizi ci aiutano a migliorare l&#8217;esperienza utente, analizzare il traffico del sito web e facilitare le transazioni. Per dettagli specifici sulle integrazioni di terze parti, consulta la nostra <a href=\"https:\/\/steelwrist.com\/it\/cookie-policy\/\">Informativa sui cookie<\/a>. Un elenco aggiornato dei responsabili del trattamento pu\u00f2 essere fornito su richiesta.<\/p>\n<p>Per elaborare i dati delle app mobili vengono utilizzati anche servizi di terze parti specifici per le app, come provider di cloud storage, SDK di analisi (ad esempio, Firebase, Sentry), servizi di piattaforma (Google Play Services, Apple App Store) e partner di supporto tecnico. Tutte le terze parti sono contrattualmente vincolate a utilizzare i dati esclusivamente per le finalit\u00e0 descritte nell&#8217;Informativa sulla <a href=\"https:\/\/steelwrist.com\/it\/quantum-connect-app-privacy-policy\/\">privacy delle app mobili<\/a>.<\/p>\n<h2><span data-sheets-root=\"1\">5. Diritti degli interessati<\/span><\/h2>\n<p><strong>Ai sensi del GDPR, Lei ha il diritto di:<\/strong><\/p>\n<p>\u2022 Accedere ai Suoi dati personali, richiederne la rettifica o la cancellazione.<br \/>\n\u2022 Opporsi al trattamento basato su un legittimo interesse.<br \/>\n\u2022 Revocare il consenso alle comunicazioni di marketing.<br \/>\n\u2022 Richiedere la portabilit\u00e0 dei dati.<br \/>\n\u2022 Essere informato di violazioni dei dati personali.<br \/>\n\u2022 Richiedere la limitazione del trattamento in determinate circostanze.<\/p>\n<p><span data-sheets-root=\"1\">Per esercitare tali diritti, La invitiamo a contattarci all\u2019indirizzo<\/span>\u00a0<a href=\"mailto:privacy@steelwrist.com\">privacy@steelwrist.com<\/a>.<\/p>\n<p><span data-sheets-root=\"1\">Se ritieni che i tuoi diritti siano stati violati, hai il diritto di presentare un reclamo all&#8217;Autorit\u00e0 svedese per la protezione della privacy (Integritetsskyddsmyndigheten, IMY), Casella postale 8114, 104 20 Stoccolma, <a href=\"https:\/\/www.imy.se\/en\/individuals\/forms-and-e-services\/file-a-gdpr-complaint\/\">Reclamo per il trattamento non corretto dei tuoi dati personali | IMY<\/a><\/span>.<\/p>\n<h2><span data-sheets-root=\"1\">6. Base giuridica del trattamento<\/span><\/h2>\n<p><strong>I dati personali sono trattati sulla base delle seguenti basi giuridiche:<\/strong><\/p>\n<p><strong>Consenso<\/strong><br \/>\nQuando Lei fornisce volontariamente dati personali tramite moduli o accetta cookie a fini di tracciamento.<\/p>\n<p><strong>Necessit\u00e0 di esecuzione di un contratto<\/strong><br \/>\nQuando il trattamento \u00e8 necessario per l\u2019esecuzione di un contratto.<\/p>\n<p><strong>Obbligo legale<\/strong><br \/>\nQuando il trattamento \u00e8 necessario per adempiere a obblighi di legge.<\/p>\n<p><strong>Legittimo interesse<\/strong><br \/>\nQuando il trattamento \u00e8 necessario per il perseguimento di interessi commerciali legittimi, a condizione che i Suoi diritti non prevalgano.<\/p>\n<h4><span data-sheets-root=\"1\">Base giuridica per i dati delle applicazioni mobili<\/span><\/h4>\n<p><strong>Il trattamento dei dati raccolti tramite le applicazioni mobili si basa sulle seguenti basi giuridiche:<\/strong><\/p>\n<p><strong>Consenso:<\/strong> per finalit\u00e0 di marketing, funzionalit\u00e0 opzionali o servizi basati sulla localizzazione.<\/p>\n<p><strong>Necessit\u00e0 di esecuzione di un contratto:<\/strong> per la fornitura dei servizi dell\u2019applicazione.<\/p>\n<p><strong>Obbligo legale:<\/strong> per la conformit\u00e0 ai requisiti normativi e fiscali.<\/p>\n<p><strong>Legittimo interesse:<\/strong> per migliorare la stabilit\u00e0, diagnosticare errori e prevenire frodi.<\/p>\n<h2><span data-sheets-root=\"1\">7. Conservazione dei dati<\/span><\/h2>\n<p><strong>I dati personali sono conservati come segue:<\/strong><\/p>\n<p>\u2022 Account utente: fino a quando l\u2019utente non richiede la cancellazione.<br \/>\n\u2022 Dati di pagamento: in conformit\u00e0 alla normativa contabile.<br \/>\n\u2022 Dati analitici: secondo le impostazioni predefinite di Google Analytics 4 (14 mesi).<br \/>\n\u2022 Dati CRM e di marketing: finch\u00e9 \u00e8 valido il consenso.<\/p>\n<h4><span data-sheets-root=\"1\">Conservazione dei dati delle applicazioni mobili<\/span><\/h4>\n<p><span data-sheets-root=\"1\">I periodi di conservazione dei dati raccolti tramite le applicazioni mobili di Steelwrist sono definiti nell&#8217;Informativa sulla privacy delle relative applicazioni mobili. Tali periodi di conservazione sono armonizzati con i programmi di conservazione dei dati web per garantire la conformit\u00e0 al GDPR e ad altre leggi applicabili in materia di protezione dei dati.<\/span><\/p>\n<h2><span data-sheets-root=\"1\">8. Sicurezza dei dati<\/span><\/h2>\n<p><strong>Adottiamo tutte le misure tecniche e organizzative ragionevoli per proteggere i Suoi dati personali:<\/strong><\/p>\n<p>\u2022 Utilizzo della crittografia SSL per il trasferimento sicuro dei dati.<br \/>\n\u2022 Controllo degli accessi per prevenire accessi non autorizzati.<br \/>\n\u2022 Conformit\u00e0 alla normativa europea e svedese in materia di protezione dei dati.<\/p>\n<h2><span data-sheets-root=\"1\">9. Cookie e tracciamento<\/span><\/h2>\n<p><strong>Utilizziamo cookie e tecnologie simili per finalit\u00e0 di analisi, marketing e miglioramento dell\u2019esperienza dell\u2019utente.<\/strong><\/p>\n<p><strong>Tipologie di cookie:<\/strong><\/p>\n<ul>\n<li aria-level=\"1\">Utilizziamo cookie strettamente necessari per il funzionamento del sito web nonch\u00e9 cookie di analisi e marketing. Alcuni cookie sono utilizzati per il tracciamento delle sessioni. Per ulteriori informazioni, si rimanda alla nostra <a href=\"https:\/\/steelwrist.com\/it\/cookie-policy\/\">informativa sui cookie<\/a>.<\/li>\n<li aria-level=\"1\">Pu\u00f2 gestire le Sue preferenze sui cookie tramite il browser o la nostra i<a href=\"https:\/\/steelwrist.com\/it\/cookie-policy\/\">nformativa sui cookie<\/a>.<\/li>\n<\/ul>\n<h2><span data-sheets-root=\"1\">10. Moduli e invii<\/span><\/h2>\n<p>Se hai inserito informazioni personali in uno qualsiasi dei nostri moduli, hai il diritto di richiedere l&#8217;accesso alle informazioni fornite. Puoi anche richiedere la rimozione di tutte le informazioni che abbiamo su di te, ad eccezione dei dati che dobbiamo conservare per scopi amministrativi, legali o di sicurezza.<\/p>\n<p>I moduli inviati possono essere verificati mediante servizi automatizzati di rilevamento dello spam.<\/p>\n<h2><span data-sheets-root=\"1\">11. Contenuti incorporati da altri siti web<\/span><\/h2>\n<p>Gli articoli presenti su questo sito web possono includere contenuti incorporati. I contenuti incorporati da altri siti web si comportano allo stesso modo come se Lei visitasse direttamente tali siti web. Tali siti web possono raccogliere dati, utilizzare cookie e implementare il tracciamento da parte di terzi. Si consiglia di consultare le informative sulla privacy di tali siti web.<\/p>\n<h2><span data-sheets-root=\"1\">12. Notifica delle violazioni dei dati personali<\/span><\/h2>\n<p>In caso di violazione dei dati personali, Steelwrist AB informer\u00e0 l&#8217;autorit\u00e0 di controllo competente entro 72 ore dal momento in cui ne verr\u00e0 a conoscenza, a meno che sia improbabile che la violazione comporti un rischio per i tuoi diritti e le tue libert\u00e0. Se la violazione dovesse comportare un rischio elevato, informeremo senza indebito ritardo anche le persone interessate.<\/p>\n<h2><span data-sheets-root=\"1\">13. Collegamenti ad altri siti web<\/span><\/h2>\n<p>La presente informativa sulla privacy non si applica ai siti web esterni. Si consiglia di consultare le informative sulla privacy di tali siti web.<\/p>\n<h2><span data-sheets-root=\"1\">14. Trasferimenti di dati e conformit\u00e0 regionale<\/span><\/h2>\n<p><span data-sheets-root=\"1\">La presente sezione si applica agli utenti situati al di fuori dell\u2019UE\/SEE.<\/span><\/p>\n<p>Trattiamo i dati personali prevalentemente all\u2019interno dell\u2019UE\/SEE. In caso di trasferimento dei dati al di fuori dell\u2019UE\/SEE, vengono adottate adeguate misure di salvaguardia. \u00c8 possibile richiedere una copia di tali misure di salvaguardia, <a href=\"mailto:privacy@steelwrist.com\">privacy@steelwrist.com<\/a>.<\/p>\n<p><span data-sheets-root=\"1\">Per gli utenti in giurisdizioni con leggi specifiche sulla protezione dei dati, come il California Consumer Privacy Act (CCPA) negli Stati Uniti o il PIPEDA in Canada, potrebbero essere applicati diritti aggiuntivi.<\/span><\/p>\n<p><strong>Diritti regionali:<\/strong><\/p>\n<p><span data-sheets-root=\"1\">California (CCPA\/CPRA): gli utenti in California potrebbero avere il diritto di richiedere l&#8217;accesso, la cancellazione o l&#8217;esclusione dalla vendita dei propri dati personali.<\/span><\/p>\n<p><span data-sheets-root=\"1\">Canada (PIPEDA): gli utenti canadesi hanno diritto all&#8217;accesso ai dati, alla correzione e alla trasparenza in merito alle modalit\u00e0 di utilizzo dei dati personali.<\/span><\/p>\n<p>Conformit\u00e0 al GDPR del Regno Unito: poich\u00e9 la nostra azienda ha una sede fisica nel Regno Unito, le nostre attivit\u00e0 di elaborazione devono essere conformi al GDPR del Regno Unito. Contatto per il Regno Unito:<\/p>\n<p><strong>Steelwrist UK LTD<\/strong><br \/>\nUnit 1f Vantage Business Park<br \/>\nBloxham Road, Banbury<br \/>\nOX16 9UX<br \/>\nUnited Kingdom<\/p>\n<p>Conformit\u00e0 con le normative australiane: quando elaboriamo i dati degli utenti australiani, rispettiamo il Privacy Act del 1988 e gli Australian Privacy Principles (APP). Contatto per l\u2019Australia:<\/p>\n<p><strong>Steelwrist Australia PTY Ltd<\/strong><br \/>\nUnit 2<br \/>\n2 Avatonbell Drive<br \/>\nLuscombe, QLD 4207<br \/>\nQueensland, Australia<\/p>\n<p><span data-sheets-root=\"1\">Altre regioni: se il tuo Paese ha leggi specifiche sulla protezione dei dati, ti invitiamo a consultare i diritti applicabili.<\/span><\/p>\n<h4><span data-sheets-root=\"1\">Utenti delle applicazioni mobili<\/span><\/h4>\n<p><span data-sheets-root=\"1\">Per i dati relativi alle app trasferiti al di fuori dell&#8217;UE\/SEE, le garanzie includono decisioni di adeguatezza dell&#8217;UE, clausole contrattuali standard (SCC) e altre protezioni appropriate, come dettagliato nell&#8217;Informativa sulla <a href=\"https:\/\/steelwrist.com\/it\/quantum-connect-app-privacy-policy\/\">privacy delle app mobili<\/a>.<\/span><\/p>\n<p><span data-sheets-root=\"1\">Per gli utenti delle applicazioni mobili Steelwrist, si applicano anche i diritti e le tutele descritti in questa sezione. Ogni app \u00e8 conforme al GDPR, al GDPR del Regno Unito, al CCPA\/CPRA, al PIPEDA e ai Principi sulla privacy australiani (APP), a seconda dei casi. Gli utenti dell&#8217;app possono esercitare i propri diritti tramite <\/span><a href=\"mailto:privacy@steelwrist.com\">privacy@steelwrist.com<\/a>.<\/p>\n<h2><span data-sheets-root=\"1\">15. Aggiornamenti dell\u2019informativa<\/span><\/h2>\n<p><span data-sheets-root=\"1\">Le modifiche alla presente informativa saranno pubblicate su questa pagina. Aggiornamenti significativi potranno essere comunicati anche via e-mail.<\/span><\/p>\n<h2><span data-sheets-root=\"1\">16. Contatti<\/span><\/h2>\n<p><strong>Per qualsiasi domanda relativa ai dati personali, La invitiamo a contattare:<\/strong><\/p>\n<p><strong>STEELWRIST AB<\/strong><\/p>\n<p><strong>Indirizzo di visita:<\/strong> Titangatan 9, SE-195 72 Rosersberg<br \/>\n<strong>Telefono:<\/strong> <a href=\"tel:+46 8 6260700\">+46 8 626 07 00<\/a><br \/>\n<strong>E-mail:<\/strong> <a href=\"mailto:privacy@steelwrist.com\">privacy@steelwrist.com<\/a><\/p>\n<p>&nbsp;<\/p>\n","protected":false},"excerpt":{"rendered":"<p>1. Informazioni generali Desideriamo informarti sullo scopo e l&#8217;entit\u00e0 della raccolta di dati personali durante l&#8217;utilizzo del nostro sito web e di altri canali digitali controllati da Steelwrist AB, n. reg. 556617-0048 (&#8220;Societ\u00e0&#8221;). La presente informativa si applica a tutte&#8230;<\/p>\n","protected":false},"author":1,"featured_media":0,"parent":0,"menu_order":0,"comment_status":"closed","ping_status":"closed","template":"","meta":{"footnotes":""},"class_list":["post-41655","page","type-page","status-publish","hentry"],"acf":[],"_links":{"self":[{"href":"https:\/\/steelwrist.com\/it\/wp-json\/wp\/v2\/pages\/41655","targetHints":{"allow":["GET"]}}],"collection":[{"href":"https:\/\/steelwrist.com\/it\/wp-json\/wp\/v2\/pages"}],"about":[{"href":"https:\/\/steelwrist.com\/it\/wp-json\/wp\/v2\/types\/page"}],"author":[{"embeddable":true,"href":"https:\/\/steelwrist.com\/it\/wp-json\/wp\/v2\/users\/1"}],"replies":[{"embeddable":true,"href":"https:\/\/steelwrist.com\/it\/wp-json\/wp\/v2\/comments?post=41655"}],"version-history":[{"count":5,"href":"https:\/\/steelwrist.com\/it\/wp-json\/wp\/v2\/pages\/41655\/revisions"}],"predecessor-version":[{"id":315690,"href":"https:\/\/steelwrist.com\/it\/wp-json\/wp\/v2\/pages\/41655\/revisions\/315690"}],"wp:attachment":[{"href":"https:\/\/steelwrist.com\/it\/wp-json\/wp\/v2\/media?parent=41655"}],"curies":[{"name":"wp","href":"https:\/\/api.w.org\/{rel}","templated":true}]}}