{"id":9491,"date":"2016-05-03T15:43:20","date_gmt":"2016-05-03T13:43:20","guid":{"rendered":"http:\/\/steelwrist.com\/int\/steelwrist-i-media\/"},"modified":"2026-04-22T13:33:40","modified_gmt":"2026-04-22T11:33:40","slug":"steelwrist-in-media","status":"publish","type":"page","link":"https:\/\/steelwrist.com\/int\/about-steelwrist\/steelwrist-in-media\/","title":{"rendered":"Steelwrist in the media"},"content":{"rendered":"<p><strong>Steelwrist presentar\u00e1 los tiltrotators de tercera generaci\u00f3n XTR y la soluci\u00f3n de acoplamiento autom\u00e1tico SQ40 en Samoter<\/strong><br \/>\nInterempresas (ES), 22\/04\/2026<\/p>\n<p><em>&#8220;Steelwrist participar\u00e1 por primera vez en la feria Samoter (Verona, Italia, del 6 al 9 de mayo), donde presentar\u00e1 sus \u00faltimas innovaciones en tecnolog\u00eda para excavadoras, con especial protagonismo para sus tiltrotators de tercera generaci\u00f3n y sus sistemas de acoplamiento totalmente autom\u00e1ticos.&#8221;<\/em><\/p>\n<p><a href=\"https:\/\/www.interempresas.net\/ObrasPublicas\/629211-Steelwrist-presentara-tiltrotators-tercera-generacion-XTR-solucion-acoplamiento.html\" target=\"_blank\" rel=\"noopener\"><img loading=\"lazy\" decoding=\"async\" class=\"alignnone wp-image-321220 size-full\" src=\"https:\/\/steelwrist.com\/wp-content\/uploads\/El-tiltrotator.png\" alt=\"SQ40, una soluci\u00f3n de acoplamiento r\u00e1pido totalmente autom\u00e1tico\" width=\"600\" height=\"361\" srcset=\"https:\/\/steelwrist.com\/wp-content\/uploads\/El-tiltrotator.png 600w, https:\/\/steelwrist.com\/wp-content\/uploads\/El-tiltrotator-300x181.png 300w, https:\/\/steelwrist.com\/wp-content\/uploads\/El-tiltrotator-150x90.png 150w, https:\/\/steelwrist.com\/wp-content\/uploads\/El-tiltrotator-24x14.png 24w, https:\/\/steelwrist.com\/wp-content\/uploads\/El-tiltrotator-36x22.png 36w, https:\/\/steelwrist.com\/wp-content\/uploads\/El-tiltrotator-48x29.png 48w, https:\/\/steelwrist.com\/wp-content\/uploads\/El-tiltrotator-110x66.png 110w, https:\/\/steelwrist.com\/wp-content\/uploads\/El-tiltrotator-75x45.png 75w\" sizes=\"auto, (max-width: 600px) 100vw, 600px\" \/><\/a><\/p>\n<p>&nbsp;<\/p>\n<p><strong>Steelwrist to present XTR third-generation tiltrotators and SQ40 automatic coupler solution at SaMoTer exhibition in Italy<\/strong><br \/>\nLectura Press, March 16, 2026<\/p>\n<p><a href=\"https:\/\/lectura.press\/en\/article\/steelwrist-to-present-xtr-third-generation-tiltrotators-and-sq40-automatic-coupler-solution-at-samoter-exhibition-in-italy\/68445\" target=\"_blank\" rel=\"noopener\"><img loading=\"lazy\" decoding=\"async\" class=\"alignnone wp-image-320786 size-full\" src=\"https:\/\/steelwrist.com\/wp-content\/uploads\/XTR10-tiltrotator.png\" alt=\"XTR10\" width=\"600\" height=\"409\" srcset=\"https:\/\/steelwrist.com\/wp-content\/uploads\/XTR10-tiltrotator.png 600w, https:\/\/steelwrist.com\/wp-content\/uploads\/XTR10-tiltrotator-300x205.png 300w, https:\/\/steelwrist.com\/wp-content\/uploads\/XTR10-tiltrotator-150x102.png 150w, https:\/\/steelwrist.com\/wp-content\/uploads\/XTR10-tiltrotator-24x16.png 24w, https:\/\/steelwrist.com\/wp-content\/uploads\/XTR10-tiltrotator-36x25.png 36w, https:\/\/steelwrist.com\/wp-content\/uploads\/XTR10-tiltrotator-48x33.png 48w, https:\/\/steelwrist.com\/wp-content\/uploads\/XTR10-tiltrotator-110x75.png 110w, https:\/\/steelwrist.com\/wp-content\/uploads\/XTR10-tiltrotator-75x51.png 75w\" sizes=\"auto, (max-width: 600px) 100vw, 600px\" \/><\/a><\/p>\n<p>&nbsp;<\/p>\n<p><strong>Steelwrist destaca su expansi\u00f3n en Norteam\u00e9rica y novedades en CONEXPO<\/strong><br \/>\nNoticias Maquinaria, 2 marzo, 2026<\/p>\n<p><em>&#8220;Steelwrist participa en CONEXPO-CON\/AGG 2026 en plena fase de crecimiento en Norteam\u00e9rica, respaldada por sus operaciones de ensamblaje local en Newington, Connecticut, y por la presentaci\u00f3n de nuevos desarrollos tecnol\u00f3gicos. La compa\u00f1\u00eda refuerza as\u00ed su posicionamiento estrat\u00e9gico en uno de los mercados m\u00e1s din\u00e1micos para el sector de equipos de construcci\u00f3n.&#8221;<\/em><\/p>\n<p><a href=\"https:\/\/www.noticiasmaquinaria.com\/steelwrist-destaca-su-expansion-en-norteamerica-y-novedades-en-conexpo\/\" target=\"_blank\" rel=\"noopener\"><img loading=\"lazy\" decoding=\"async\" class=\"alignnone wp-image-320048 size-full\" src=\"https:\/\/steelwrist.com\/wp-content\/uploads\/Il-nuovo-tiltrotator-XTR10-di-Steelwrist.png\" alt=\"Il nuovo tiltrotator XTR10 di Steelwrist\" width=\"600\" height=\"342\" srcset=\"https:\/\/steelwrist.com\/wp-content\/uploads\/Il-nuovo-tiltrotator-XTR10-di-Steelwrist.png 600w, https:\/\/steelwrist.com\/wp-content\/uploads\/Il-nuovo-tiltrotator-XTR10-di-Steelwrist-300x171.png 300w, https:\/\/steelwrist.com\/wp-content\/uploads\/Il-nuovo-tiltrotator-XTR10-di-Steelwrist-150x86.png 150w, https:\/\/steelwrist.com\/wp-content\/uploads\/Il-nuovo-tiltrotator-XTR10-di-Steelwrist-24x14.png 24w, https:\/\/steelwrist.com\/wp-content\/uploads\/Il-nuovo-tiltrotator-XTR10-di-Steelwrist-36x21.png 36w, https:\/\/steelwrist.com\/wp-content\/uploads\/Il-nuovo-tiltrotator-XTR10-di-Steelwrist-48x27.png 48w, https:\/\/steelwrist.com\/wp-content\/uploads\/Il-nuovo-tiltrotator-XTR10-di-Steelwrist-110x63.png 110w, https:\/\/steelwrist.com\/wp-content\/uploads\/Il-nuovo-tiltrotator-XTR10-di-Steelwrist-75x43.png 75w\" sizes=\"auto, (max-width: 600px) 100vw, 600px\" \/><\/a><\/p>\n<p>&nbsp;<\/p>\n<p><strong>Presentaci\u00f3n estadounidense del acoplador r\u00e1pido autom\u00e1tico de Steelwrist en ConExpo<\/strong><br \/>\nConstruction Briefing, 27 enero 2026<\/p>\n<p><em>&#8220;Steelwrist mostrar\u00e1 sus rotores basculantes XTR de tercera generaci\u00f3n y su nuevo acoplador r\u00e1pido autom\u00e1tico SQ40 en ConExpo en Las Vegas del 3 al 7 de marzo de 2026.&#8221;<\/em><\/p>\n<p><a href=\"https:\/\/www.constructionbriefing.com\/es\/news\/presentacion-estadounidense-del-acoplador-rapido-automatico-de-steelwrist-en-conexpo\/8112458.article\" target=\"_blank\" rel=\"noopener\"><img loading=\"lazy\" decoding=\"async\" class=\"alignnone wp-image-320151 size-full\" src=\"https:\/\/steelwrist.com\/wp-content\/uploads\/Steelwrist-acoplador-rapido-automatico-SQ40.png\" alt=\"Steelwrist acoplador r\u00e1pido autom\u00e1tico SQ40\" width=\"600\" height=\"293\" srcset=\"https:\/\/steelwrist.com\/wp-content\/uploads\/Steelwrist-acoplador-rapido-automatico-SQ40.png 600w, https:\/\/steelwrist.com\/wp-content\/uploads\/Steelwrist-acoplador-rapido-automatico-SQ40-300x147.png 300w, https:\/\/steelwrist.com\/wp-content\/uploads\/Steelwrist-acoplador-rapido-automatico-SQ40-150x73.png 150w, https:\/\/steelwrist.com\/wp-content\/uploads\/Steelwrist-acoplador-rapido-automatico-SQ40-24x12.png 24w, https:\/\/steelwrist.com\/wp-content\/uploads\/Steelwrist-acoplador-rapido-automatico-SQ40-36x18.png 36w, https:\/\/steelwrist.com\/wp-content\/uploads\/Steelwrist-acoplador-rapido-automatico-SQ40-48x23.png 48w, https:\/\/steelwrist.com\/wp-content\/uploads\/Steelwrist-acoplador-rapido-automatico-SQ40-110x54.png 110w, https:\/\/steelwrist.com\/wp-content\/uploads\/Steelwrist-acoplador-rapido-automatico-SQ40-75x37.png 75w\" sizes=\"auto, (max-width: 600px) 100vw, 600px\" \/><\/a><\/p>\n<p>&nbsp;<\/p>\n<p><strong>Ji\u0159\u00edho Masa\u0159e prov\u00e1z\u00ed zna\u010dka Yanmar t\u00e9m\u011b\u0159 dv\u011b dek\u00e1dy<\/strong><br \/>\nStavebni Technika (CZ), 16. 11. 2025<\/p>\n<p><em>&#8220;Dotkli jsme se i t\u00e9mat, jako jsou m\u011bn\u00edc\u00ed se trendy v oblasti stavebn\u00edch stroj\u016f a ve stavebnictv\u00ed obecn\u011b, nebo zku\u0161enosti s nakl\u00e1p\u011bc\u00edm tiltrot\u00e1torem Steelwrist, otev\u00edraj\u00edc\u00edm p\u0159i stavebn\u00edch \u010dinnostech dosud netu\u0161en\u00e9 mo\u017enosti.&#8221;<\/em><\/p>\n<p><a href=\"https:\/\/www.stavebni-technika.cz\/clanky\/jiriho-masare-provazi-znacka-yanmar-temer-dve-dekady\" target=\"_blank\" rel=\"noopener\"><img loading=\"lazy\" decoding=\"async\" class=\"alignnone wp-image-303968 size-full\" src=\"https:\/\/steelwrist.com\/wp-content\/uploads\/tiltrotatorem-Steelwrist-Yanmar.png\" alt=\"\" width=\"600\" height=\"409\" srcset=\"https:\/\/steelwrist.com\/wp-content\/uploads\/tiltrotatorem-Steelwrist-Yanmar.png 600w, https:\/\/steelwrist.com\/wp-content\/uploads\/tiltrotatorem-Steelwrist-Yanmar-300x205.png 300w, https:\/\/steelwrist.com\/wp-content\/uploads\/tiltrotatorem-Steelwrist-Yanmar-150x102.png 150w, https:\/\/steelwrist.com\/wp-content\/uploads\/tiltrotatorem-Steelwrist-Yanmar-24x16.png 24w, https:\/\/steelwrist.com\/wp-content\/uploads\/tiltrotatorem-Steelwrist-Yanmar-36x25.png 36w, https:\/\/steelwrist.com\/wp-content\/uploads\/tiltrotatorem-Steelwrist-Yanmar-48x33.png 48w, https:\/\/steelwrist.com\/wp-content\/uploads\/tiltrotatorem-Steelwrist-Yanmar-110x75.png 110w, https:\/\/steelwrist.com\/wp-content\/uploads\/tiltrotatorem-Steelwrist-Yanmar-75x51.png 75w\" sizes=\"auto, (max-width: 600px) 100vw, 600px\" \/><\/a><\/p>\n<p>&nbsp;<\/p>\n<p><strong>Steelwrist\u2019s new quick coupler for compact excavators makes changing powered work tools easier and safer<\/strong><br \/>\nHeavy Equipment Guide, October 28, 2025<\/p>\n<p><a href=\"https:\/\/www.heavyequipmentguide.ca\/article\/43827\/steelwrists-new-quick-coupler-for-compact-excavators-makes-changing-powered-work-tools-easier-and-safer\" target=\"_blank\" rel=\"noopener\"><img loading=\"lazy\" decoding=\"async\" class=\"alignnone wp-image-303030 size-full\" src=\"https:\/\/steelwrist.com\/wp-content\/uploads\/SQ40-automatic-coupler-Demolition.png\" alt=\"\" width=\"600\" height=\"360\" srcset=\"https:\/\/steelwrist.com\/wp-content\/uploads\/SQ40-automatic-coupler-Demolition.png 600w, https:\/\/steelwrist.com\/wp-content\/uploads\/SQ40-automatic-coupler-Demolition-300x180.png 300w, https:\/\/steelwrist.com\/wp-content\/uploads\/SQ40-automatic-coupler-Demolition-150x90.png 150w, https:\/\/steelwrist.com\/wp-content\/uploads\/SQ40-automatic-coupler-Demolition-24x14.png 24w, https:\/\/steelwrist.com\/wp-content\/uploads\/SQ40-automatic-coupler-Demolition-36x22.png 36w, https:\/\/steelwrist.com\/wp-content\/uploads\/SQ40-automatic-coupler-Demolition-48x29.png 48w, https:\/\/steelwrist.com\/wp-content\/uploads\/SQ40-automatic-coupler-Demolition-110x66.png 110w, https:\/\/steelwrist.com\/wp-content\/uploads\/SQ40-automatic-coupler-Demolition-75x45.png 75w\" sizes=\"auto, (max-width: 600px) 100vw, 600px\" \/><\/a><\/p>\n<p>&nbsp;<\/p>\n<p><strong>Sweden-based OEM Steelwrist has unveiled QuantumConnect, its new tiltrotator control system platform<\/strong><br \/>\nDemolition &amp; Recycling International, September 10, 2025<\/p>\n<p><a href=\"https:\/\/www.internationalrentalnews.com\/news\/steelwrist-launches-next-generation-tiltrotator-control-system\/8084980.article\" target=\"_blank\" rel=\"noopener\"><img loading=\"lazy\" decoding=\"async\" class=\"alignnone wp-image-296497 size-full\" src=\"https:\/\/steelwrist.com\/wp-content\/uploads\/QuantumConnect-Demolition-Recycling.png\" alt=\"\" width=\"600\" height=\"281\" srcset=\"https:\/\/steelwrist.com\/wp-content\/uploads\/QuantumConnect-Demolition-Recycling.png 600w, https:\/\/steelwrist.com\/wp-content\/uploads\/QuantumConnect-Demolition-Recycling-300x141.png 300w, https:\/\/steelwrist.com\/wp-content\/uploads\/QuantumConnect-Demolition-Recycling-150x70.png 150w, https:\/\/steelwrist.com\/wp-content\/uploads\/QuantumConnect-Demolition-Recycling-24x11.png 24w, https:\/\/steelwrist.com\/wp-content\/uploads\/QuantumConnect-Demolition-Recycling-36x17.png 36w, https:\/\/steelwrist.com\/wp-content\/uploads\/QuantumConnect-Demolition-Recycling-48x22.png 48w, https:\/\/steelwrist.com\/wp-content\/uploads\/QuantumConnect-Demolition-Recycling-110x52.png 110w, https:\/\/steelwrist.com\/wp-content\/uploads\/QuantumConnect-Demolition-Recycling-75x35.png 75w\" sizes=\"auto, (max-width: 600px) 100vw, 600px\" \/><\/a><\/p>\n<p>&nbsp;<\/p>\n<p><strong>Steelwrist marks 20 years and receives national business award<\/strong><br \/>\nDemolition &amp; Recycling International, May 29, 2025<\/p>\n<p><a href=\"https:\/\/www.demolitionandrecycling.media\/news\/steelwrist-marks-20-years-and-receives-national-business-award\/8062212.article?utm_source=newsletter&amp;utm_medium=email&amp;utm_campaign=demolition-recycling-international-2025-06-05&amp;encoded_email=bWFyaWFubmUuam9oYW5zc29uQHN0ZWVsd3Jpc3QuY29t\" target=\"_blank\" rel=\"noopener\"><img loading=\"lazy\" decoding=\"async\" class=\"alignnone wp-image-290609 size-full\" src=\"https:\/\/steelwrist.com\/wp-content\/uploads\/Steelwrist-marks-20-years.png\" alt=\"\" width=\"600\" height=\"286\" srcset=\"https:\/\/steelwrist.com\/wp-content\/uploads\/Steelwrist-marks-20-years.png 600w, https:\/\/steelwrist.com\/wp-content\/uploads\/Steelwrist-marks-20-years-300x143.png 300w, https:\/\/steelwrist.com\/wp-content\/uploads\/Steelwrist-marks-20-years-150x72.png 150w, https:\/\/steelwrist.com\/wp-content\/uploads\/Steelwrist-marks-20-years-24x11.png 24w, https:\/\/steelwrist.com\/wp-content\/uploads\/Steelwrist-marks-20-years-36x17.png 36w, https:\/\/steelwrist.com\/wp-content\/uploads\/Steelwrist-marks-20-years-48x23.png 48w, https:\/\/steelwrist.com\/wp-content\/uploads\/Steelwrist-marks-20-years-110x52.png 110w, https:\/\/steelwrist.com\/wp-content\/uploads\/Steelwrist-marks-20-years-75x36.png 75w\" sizes=\"auto, (max-width: 600px) 100vw, 600px\" \/><\/a><\/p>\n<p>&nbsp;<\/p>\n<p><strong>Steelwrist Ready to Launch and Demonstrate new Products at Bauma on April 7-13, 2025<\/strong><br \/>\nMatek, April 2025<\/p>\n<p><a href=\"https:\/\/matek.ro\/steelwrist-ready-to-launch-and-demonstrate-new-products-at-bauma-on-april-7-13-2025\/\" target=\"_blank\" rel=\"noopener\"><img loading=\"lazy\" decoding=\"async\" class=\"alignnone wp-image-290592 size-full\" src=\"https:\/\/steelwrist.com\/wp-content\/uploads\/Steelwrist-at-Bauma-2025-1.png\" alt=\"\" width=\"600\" height=\"417\" srcset=\"https:\/\/steelwrist.com\/wp-content\/uploads\/Steelwrist-at-Bauma-2025-1.png 600w, https:\/\/steelwrist.com\/wp-content\/uploads\/Steelwrist-at-Bauma-2025-1-300x209.png 300w, https:\/\/steelwrist.com\/wp-content\/uploads\/Steelwrist-at-Bauma-2025-1-150x104.png 150w, https:\/\/steelwrist.com\/wp-content\/uploads\/Steelwrist-at-Bauma-2025-1-24x17.png 24w, https:\/\/steelwrist.com\/wp-content\/uploads\/Steelwrist-at-Bauma-2025-1-36x25.png 36w, https:\/\/steelwrist.com\/wp-content\/uploads\/Steelwrist-at-Bauma-2025-1-48x33.png 48w, https:\/\/steelwrist.com\/wp-content\/uploads\/Steelwrist-at-Bauma-2025-1-110x76.png 110w, https:\/\/steelwrist.com\/wp-content\/uploads\/Steelwrist-at-Bauma-2025-1-75x52.png 75w\" sizes=\"auto, (max-width: 600px) 100vw, 600px\" \/><\/a><\/p>\n<p>&nbsp;<\/p>\n<p><strong>Hyundai excavator with Steelwrist tiltrotator in the Swiss Alps<\/strong><br \/>\nAwesome Earthmovers, January 2025<\/p>\n<p><a href=\"https:\/\/digital.awesomeearthmovers.com\/magazine\/reader\/273210?pageNumber=23\" target=\"_blank\" rel=\"noopener\"><img loading=\"lazy\" decoding=\"async\" class=\"alignnone wp-image-308124 size-full\" src=\"https:\/\/steelwrist.com\/wp-content\/uploads\/Hyundai-HW150A-Steelwrist-tiltrotator.png\" alt=\"\" width=\"580\" height=\"369\" srcset=\"https:\/\/steelwrist.com\/wp-content\/uploads\/Hyundai-HW150A-Steelwrist-tiltrotator.png 580w, https:\/\/steelwrist.com\/wp-content\/uploads\/Hyundai-HW150A-Steelwrist-tiltrotator-300x191.png 300w, https:\/\/steelwrist.com\/wp-content\/uploads\/Hyundai-HW150A-Steelwrist-tiltrotator-150x95.png 150w, https:\/\/steelwrist.com\/wp-content\/uploads\/Hyundai-HW150A-Steelwrist-tiltrotator-24x15.png 24w, https:\/\/steelwrist.com\/wp-content\/uploads\/Hyundai-HW150A-Steelwrist-tiltrotator-36x23.png 36w, https:\/\/steelwrist.com\/wp-content\/uploads\/Hyundai-HW150A-Steelwrist-tiltrotator-48x31.png 48w, https:\/\/steelwrist.com\/wp-content\/uploads\/Hyundai-HW150A-Steelwrist-tiltrotator-110x70.png 110w, https:\/\/steelwrist.com\/wp-content\/uploads\/Hyundai-HW150A-Steelwrist-tiltrotator-75x48.png 75w\" sizes=\"auto, (max-width: 580px) 100vw, 580px\" \/><\/a><\/p>\n<p>&nbsp;<\/p>\n<p><strong>Gearing up for the next 20 years of commitment to efficiency for excavators<br \/>\n<\/strong>Plant Planet magazine, December 13, 2024<\/p>\n<p><em>In 2025 Steelwrist celebrates 20 years in business. Founded in Sweden back in 2005 manufacturing tiltrotators, quick couplers and work tools for excavators, the company has grown significantly since then, quickly becoming the global player it is today. Read about <a href=\"https:\/\/issuu.com\/plant-planet\/docs\/plant_planet_december24-pages\/62\" target=\"_blank\" rel=\"noopener\">how Steelwrist has developed the tiltrotator technology and built a strong brand in the industry.<\/a><\/em><\/p>\n<p><a href=\"https:\/\/issuu.com\/plant-planet\/docs\/plant_planet_december24-pages\/62\" target=\"_blank\" rel=\"noopener\"><img loading=\"lazy\" decoding=\"async\" class=\"alignnone wp-image-282734 size-full\" src=\"https:\/\/steelwrist.com\/wp-content\/uploads\/Steelwrist-20-years-Plant-Planet.png\" alt=\"\" width=\"600\" height=\"423\" srcset=\"https:\/\/steelwrist.com\/wp-content\/uploads\/Steelwrist-20-years-Plant-Planet.png 600w, https:\/\/steelwrist.com\/wp-content\/uploads\/Steelwrist-20-years-Plant-Planet-300x212.png 300w, https:\/\/steelwrist.com\/wp-content\/uploads\/Steelwrist-20-years-Plant-Planet-150x106.png 150w, https:\/\/steelwrist.com\/wp-content\/uploads\/Steelwrist-20-years-Plant-Planet-24x17.png 24w, https:\/\/steelwrist.com\/wp-content\/uploads\/Steelwrist-20-years-Plant-Planet-36x25.png 36w, https:\/\/steelwrist.com\/wp-content\/uploads\/Steelwrist-20-years-Plant-Planet-48x34.png 48w, https:\/\/steelwrist.com\/wp-content\/uploads\/Steelwrist-20-years-Plant-Planet-110x78.png 110w, https:\/\/steelwrist.com\/wp-content\/uploads\/Steelwrist-20-years-Plant-Planet-75x53.png 75w\" sizes=\"auto, (max-width: 600px) 100vw, 600px\" \/><\/a><\/p>\n<p>&nbsp;<\/p>\n<p><strong>A star is born<\/strong><br \/>\nAwesome Eartmovers Magazine, May 2024<\/p>\n<p><em>Includes a link to the video with CEO Stefan Stockhaus talking about the new XTR20 tiltrotator.<\/em><\/p>\n<p><a href=\"https:\/\/digital.awesomeearthmovers.com\/magazine\/reader\/263432?pageNumber=49\" target=\"_blank\" rel=\"noopener\"><img loading=\"lazy\" decoding=\"async\" class=\"alignnone wp-image-268545 size-full\" src=\"https:\/\/steelwrist.com\/wp-content\/uploads\/Steelwrist-product-launch-2.png\" alt=\"Steelwrist XTR20 tiltrotator\" width=\"600\" height=\"417\" srcset=\"https:\/\/steelwrist.com\/wp-content\/uploads\/Steelwrist-product-launch-2.png 600w, https:\/\/steelwrist.com\/wp-content\/uploads\/Steelwrist-product-launch-2-300x209.png 300w, https:\/\/steelwrist.com\/wp-content\/uploads\/Steelwrist-product-launch-2-150x104.png 150w, https:\/\/steelwrist.com\/wp-content\/uploads\/Steelwrist-product-launch-2-24x17.png 24w, https:\/\/steelwrist.com\/wp-content\/uploads\/Steelwrist-product-launch-2-36x25.png 36w, https:\/\/steelwrist.com\/wp-content\/uploads\/Steelwrist-product-launch-2-48x33.png 48w, https:\/\/steelwrist.com\/wp-content\/uploads\/Steelwrist-product-launch-2-110x76.png 110w, https:\/\/steelwrist.com\/wp-content\/uploads\/Steelwrist-product-launch-2-75x52.png 75w\" sizes=\"auto, (max-width: 600px) 100vw, 600px\" \/><\/a><\/p>\n<p>&nbsp;<\/p>\n<p><strong>Steelwrist prezint\u0103 XTR20, primul tiltrotator de genera\u021bia a treia<\/strong><br \/>\nmequipment.ro, March 18, 2024<\/p>\n<p><a href=\"https:\/\/mequipment.ro\/steelwrist-prezinta-xtr20-primul-tiltrotator-de-generatia-a-treia\/\" target=\"_blank\" rel=\"noopener\"><img loading=\"lazy\" decoding=\"async\" class=\"alignnone wp-image-271585 size-full\" src=\"https:\/\/steelwrist.com\/wp-content\/uploads\/Steelwrist-prezinta-XTR20.png\" alt=\"Steelwrist prezint\u0103 XTR20\" width=\"600\" height=\"460\" srcset=\"https:\/\/steelwrist.com\/wp-content\/uploads\/Steelwrist-prezinta-XTR20.png 600w, https:\/\/steelwrist.com\/wp-content\/uploads\/Steelwrist-prezinta-XTR20-300x230.png 300w, https:\/\/steelwrist.com\/wp-content\/uploads\/Steelwrist-prezinta-XTR20-150x115.png 150w, https:\/\/steelwrist.com\/wp-content\/uploads\/Steelwrist-prezinta-XTR20-574x440.png 574w, https:\/\/steelwrist.com\/wp-content\/uploads\/Steelwrist-prezinta-XTR20-24x18.png 24w, https:\/\/steelwrist.com\/wp-content\/uploads\/Steelwrist-prezinta-XTR20-36x28.png 36w, https:\/\/steelwrist.com\/wp-content\/uploads\/Steelwrist-prezinta-XTR20-48x37.png 48w, https:\/\/steelwrist.com\/wp-content\/uploads\/Steelwrist-prezinta-XTR20-110x84.png 110w, https:\/\/steelwrist.com\/wp-content\/uploads\/Steelwrist-prezinta-XTR20-75x58.png 75w\" sizes=\"auto, (max-width: 600px) 100vw, 600px\" \/><\/a><\/p>\n<p>&nbsp;<\/p>\n<p><strong>Steelwrist launches third-gen tiltrotators and rotor couplers<\/strong><br \/>\nInternational Construction, March 13, 2024<\/p>\n<p><a href=\"https:\/\/www.constructionbriefing.com\/news\/steelwrist-launches-third-gen-tiltrotators-and-rotor-couplers\/8035888.article\" target=\"_blank\" rel=\"noopener\"><img loading=\"lazy\" decoding=\"async\" class=\"alignnone wp-image-269693 size-full\" src=\"https:\/\/steelwrist.com\/wp-content\/uploads\/Steelwrist-XTR20-tiltrotator.png\" alt=\"XTR20 tiltrotator\" width=\"600\" height=\"366\" srcset=\"https:\/\/steelwrist.com\/wp-content\/uploads\/Steelwrist-XTR20-tiltrotator.png 600w, https:\/\/steelwrist.com\/wp-content\/uploads\/Steelwrist-XTR20-tiltrotator-300x183.png 300w, https:\/\/steelwrist.com\/wp-content\/uploads\/Steelwrist-XTR20-tiltrotator-150x92.png 150w, https:\/\/steelwrist.com\/wp-content\/uploads\/Steelwrist-XTR20-tiltrotator-24x15.png 24w, https:\/\/steelwrist.com\/wp-content\/uploads\/Steelwrist-XTR20-tiltrotator-36x22.png 36w, https:\/\/steelwrist.com\/wp-content\/uploads\/Steelwrist-XTR20-tiltrotator-48x29.png 48w, https:\/\/steelwrist.com\/wp-content\/uploads\/Steelwrist-XTR20-tiltrotator-110x67.png 110w, https:\/\/steelwrist.com\/wp-content\/uploads\/Steelwrist-XTR20-tiltrotator-75x46.png 75w\" sizes=\"auto, (max-width: 600px) 100vw, 600px\" \/><\/a><\/p>\n<p>&nbsp;<\/p>\n<p><strong>Jak se zbavit starost\u00ed s rychlospojkami? A kam d\u00e1t rychloup\u00edna\u010d? Rad\u00ed odborn\u00edk na Steelwrist z Norska<\/strong><br \/>\nbagre.sk, 24. 04. 2024<\/p>\n<p><a href=\"https:\/\/www.bagre.sk\/clanky\/citat_dne\/jak_se_zbavit_starosti_s_rychlospojkami_a_kam_dat_rychloupinac_radi_odbornik_na_steelwrist_z_norska\" target=\"_blank\" rel=\"noopener\"><img loading=\"lazy\" decoding=\"async\" class=\"alignnone wp-image-268289 size-full\" src=\"https:\/\/steelwrist.com\/wp-content\/uploads\/bagre.sk-Atle-Steelwrist.png\" alt=\"Atle Steelwrist\" width=\"600\" height=\"443\" srcset=\"https:\/\/steelwrist.com\/wp-content\/uploads\/bagre.sk-Atle-Steelwrist.png 600w, https:\/\/steelwrist.com\/wp-content\/uploads\/bagre.sk-Atle-Steelwrist-300x222.png 300w, https:\/\/steelwrist.com\/wp-content\/uploads\/bagre.sk-Atle-Steelwrist-150x111.png 150w, https:\/\/steelwrist.com\/wp-content\/uploads\/bagre.sk-Atle-Steelwrist-596x440.png 596w, https:\/\/steelwrist.com\/wp-content\/uploads\/bagre.sk-Atle-Steelwrist-24x18.png 24w, https:\/\/steelwrist.com\/wp-content\/uploads\/bagre.sk-Atle-Steelwrist-36x27.png 36w, https:\/\/steelwrist.com\/wp-content\/uploads\/bagre.sk-Atle-Steelwrist-48x35.png 48w, https:\/\/steelwrist.com\/wp-content\/uploads\/bagre.sk-Atle-Steelwrist-110x81.png 110w, https:\/\/steelwrist.com\/wp-content\/uploads\/bagre.sk-Atle-Steelwrist-75x55.png 75w\" sizes=\"auto, (max-width: 600px) 100vw, 600px\" \/><\/a><\/p>\n<p>&nbsp;<\/p>\n<p><strong>Fachtagung Abbruch highlights: Steelwrist\u2019s new locking system in action<\/strong><br \/>\nDemolition &amp; Recycling International, March 25, 2024<\/p>\n<p><a href=\"https:\/\/www.demolitionandrecycling.media\/video\/fachtagung-abbruch-highlights-steelwrists-new-locking-system-in-action\/8036169.article\" target=\"_blank\" rel=\"noopener\"><img loading=\"lazy\" decoding=\"async\" class=\"alignnone wp-image-268334 size-full\" src=\"https:\/\/steelwrist.com\/wp-content\/uploads\/LockSense-Steelwrist-Fachtagung-Abbruch.png\" alt=\"\" width=\"600\" height=\"346\" srcset=\"https:\/\/steelwrist.com\/wp-content\/uploads\/LockSense-Steelwrist-Fachtagung-Abbruch.png 600w, https:\/\/steelwrist.com\/wp-content\/uploads\/LockSense-Steelwrist-Fachtagung-Abbruch-300x173.png 300w, https:\/\/steelwrist.com\/wp-content\/uploads\/LockSense-Steelwrist-Fachtagung-Abbruch-150x87.png 150w, https:\/\/steelwrist.com\/wp-content\/uploads\/LockSense-Steelwrist-Fachtagung-Abbruch-24x14.png 24w, https:\/\/steelwrist.com\/wp-content\/uploads\/LockSense-Steelwrist-Fachtagung-Abbruch-36x21.png 36w, https:\/\/steelwrist.com\/wp-content\/uploads\/LockSense-Steelwrist-Fachtagung-Abbruch-48x28.png 48w, https:\/\/steelwrist.com\/wp-content\/uploads\/LockSense-Steelwrist-Fachtagung-Abbruch-110x63.png 110w, https:\/\/steelwrist.com\/wp-content\/uploads\/LockSense-Steelwrist-Fachtagung-Abbruch-75x43.png 75w\" sizes=\"auto, (max-width: 600px) 100vw, 600px\" \/><\/a><\/p>\n<p>&nbsp;<\/p>\n","protected":false},"excerpt":{"rendered":"<p>Steelwrist presentar\u00e1 los tiltrotators de tercera generaci\u00f3n XTR y la soluci\u00f3n de acoplamiento autom\u00e1tico SQ40 en Samoter Interempresas (ES), 22\/04\/2026 &#8220;Steelwrist participar\u00e1 por primera vez en la feria Samoter (Verona, Italia, del 6 al 9 de mayo), donde presentar\u00e1 sus&#8230;<\/p>\n","protected":false},"author":12,"featured_media":0,"parent":9511,"menu_order":0,"comment_status":"closed","ping_status":"closed","template":"","meta":{"footnotes":""},"class_list":["post-9491","page","type-page","status-publish","hentry"],"acf":[],"_links":{"self":[{"href":"https:\/\/steelwrist.com\/int\/wp-json\/wp\/v2\/pages\/9491","targetHints":{"allow":["GET"]}}],"collection":[{"href":"https:\/\/steelwrist.com\/int\/wp-json\/wp\/v2\/pages"}],"about":[{"href":"https:\/\/steelwrist.com\/int\/wp-json\/wp\/v2\/types\/page"}],"author":[{"embeddable":true,"href":"https:\/\/steelwrist.com\/int\/wp-json\/wp\/v2\/users\/12"}],"replies":[{"embeddable":true,"href":"https:\/\/steelwrist.com\/int\/wp-json\/wp\/v2\/comments?post=9491"}],"version-history":[{"count":6,"href":"https:\/\/steelwrist.com\/int\/wp-json\/wp\/v2\/pages\/9491\/revisions"}],"predecessor-version":[{"id":321239,"href":"https:\/\/steelwrist.com\/int\/wp-json\/wp\/v2\/pages\/9491\/revisions\/321239"}],"up":[{"embeddable":true,"href":"https:\/\/steelwrist.com\/int\/wp-json\/wp\/v2\/pages\/9511"}],"wp:attachment":[{"href":"https:\/\/steelwrist.com\/int\/wp-json\/wp\/v2\/media?parent=9491"}],"curies":[{"name":"wp","href":"https:\/\/api.w.org\/{rel}","templated":true}]}}