{"id":41295,"date":"2018-05-23T19:36:18","date_gmt":"2018-05-23T17:36:18","guid":{"rendered":"https:\/\/steelwrist.com\/privacy-policy\/"},"modified":"2026-02-05T13:23:11","modified_gmt":"2026-02-05T12:23:11","slug":"privacy-policy","status":"publish","type":"page","link":"https:\/\/steelwrist.com\/fr\/privacy-policy\/","title":{"rendered":"Politique de confidentialit\u00e9"},"content":{"rendered":"<h2><span data-sheets-root=\"1\">1. Informations g\u00e9n\u00e9rales<\/span><\/h2>\n<p>Nous souhaitons vous informer de la finalit\u00e9 et de l\u2019\u00e9tendue de la collecte de donn\u00e9es personnelles lors de l\u2019utilisation de notre site web et d\u2019autres canaux num\u00e9riques contr\u00f4l\u00e9s par Steelwrist AB, immatricul\u00e9e sous le num\u00e9ro 556617-0048 (\u00ab Soci\u00e9t\u00e9 \u00bb). La pr\u00e9sente politique s\u2019applique \u00e0 toutes les informations collect\u00e9es vous concernant par le biais de l\u2019utilisation de notre site internet.<\/p>\n<p>La pr\u00e9sente politique entre en vigueur le 12\/03\/2025 et fait l\u2019objet d\u2019une r\u00e9vision annuelle.<\/p>\n<h4><span data-sheets-root=\"1\">Utilisation des applications mobiles<\/span><\/h4>\n<p><span data-sheets-root=\"1\">Pour les utilisateurs des applications mobiles Steelwrist, y compris QuantumConnect, des donn\u00e9es personnelles et sp\u00e9cifiques \u00e0 l&rsquo;application suppl\u00e9mentaires peuvent \u00eatre collect\u00e9es, telles que les configurations d&rsquo;\u00e9quipement, les indicateurs op\u00e9rationnels, les mod\u00e8les, les journaux de plantage\/erreurs et les informations sur l&rsquo;appareil. Pour plus de d\u00e9tails, veuillez consulter <a href=\"https:\/\/steelwrist.com\/fr\/quantum-connect-app-privacy-policy\/\">la politique de confidentialit\u00e9 des applications mobiles Steelwrist<\/a>, qui r\u00e9git la collecte, l&rsquo;utilisation et la conservation de ces donn\u00e9es.<\/span><\/p>\n<p>Ces deux politiques sont compl\u00e9mentaires et doivent \u00eatre lues ensemble pour bien comprendre comment vos donn\u00e9es personnelles sont trait\u00e9es et prot\u00e9g\u00e9es. Steelwrist AB, immatricul\u00e9e sous le num\u00e9ro 556617-0048, est le responsable du traitement des donn\u00e9es personnelles conform\u00e9ment au RGPD et aux autres r\u00e9glementations applicables. Nous veillons \u00e0 ce que les donn\u00e9es personnelles collect\u00e9es soient utilis\u00e9es uniquement aux fins pr\u00e9vues et soient prot\u00e9g\u00e9es contre tout acc\u00e8s non autoris\u00e9 et toute utilisation abusive.<\/p>\n<h2><span data-sheets-root=\"1\">2. Responsable du traitement<\/span><\/h2>\n<p>Steelwrist AB, immatricul\u00e9e sous le num\u00e9ro 556617-0048, est le responsable du traitement des donn\u00e9es personnelles conform\u00e9ment au RGPD et aux autres r\u00e9glementations applicables.<\/p>\n<p>Nous veillons \u00e0 ce que les donn\u00e9es personnelles collect\u00e9es soient utilis\u00e9es uniquement aux fins pr\u00e9vues et soient prot\u00e9g\u00e9es contre tout acc\u00e8s non autoris\u00e9 et toute utilisation abusive.<\/p>\n<h2><span data-sheets-root=\"1\">3. Collecte et utilisation des donn\u00e9es<\/span><\/h2>\n<h4><span data-sheets-root=\"1\">Types de donn\u00e9es collect\u00e9es<\/span><\/h4>\n<p><span data-sheets-root=\"1\"><strong>Sous r\u00e9serve du consentement de l\u2019utilisateur, les types de donn\u00e9es \u00e0 caract\u00e8re personnel suivants peuvent \u00eatre collect\u00e9s<\/strong> :<\/span><\/p>\n<ul>\n<li aria-level=\"1\">Informations personnelles : Nous ne collectons ces donn\u00e9es que si vous nous les fournissez explicitement en remplissant un formulaire de contact et en acceptant la pr\u00e9sente politique de confidentialit\u00e9. Ces donn\u00e9es peuvent inclure votre nom, votre adresse e-mail, votre num\u00e9ro de t\u00e9l\u00e9phone, le nom de votre entreprise et votre fonction.<\/li>\n<li aria-level=\"1\">Donn\u00e9es techniques telles que l\u2019adresse IP ainsi que les informations relatives au navigateur et \u00e0 l\u2019appareil.<\/li>\n<li aria-level=\"1\">Informations de paiement : Le cas \u00e9ch\u00e9ant, les transactions de paiement sont trait\u00e9es de mani\u00e8re s\u00e9curis\u00e9e par des prestataires de paiement tiers. Nous ne collectons ni ne stockons nous-m\u00eames les informations de paiement ; toutes les informations de paiement sont g\u00e9r\u00e9es directement par des prestataires tels que<\/li>\n<li aria-level=\"1\">Stripe, conform\u00e9ment \u00e0 leurs politiques de confidentialit\u00e9. Donn\u00e9es comportementales telles que les pages consult\u00e9es, les interactions et le temps pass\u00e9 sur le site internet.<\/li>\n<\/ul>\n<h4><span data-sheets-root=\"1\">M\u00e9thodes de collecte<\/span><\/h4>\n<ul>\n<li aria-level=\"1\">Nous utilisons des formulaires de contact, des formulaires d\u2019inscription et d\u2019abonnement, ainsi que des formulaires d\u2019inscription \u00e0 des \u00e9v\u00e9nements.<\/li>\n<li aria-level=\"1\">Nous utilisons des cookies et des technologies de suivi afin d\u2019am\u00e9liorer l\u2019exp\u00e9rience utilisateur, d\u2019analyser le trafic du site internet et de soutenir les activit\u00e9s marketing. En outre, notre site internet est int\u00e9gr\u00e9 \u00e0 des services tiers \u00e0 des fins d\u2019analyse, de publicit\u00e9 et de traitement des paiements. Pour obtenir des informations d\u00e9taill\u00e9es sur ces services et leur fonctionnement, veuillez consulter notre <a href=\"https:\/\/steelwrist.com\/fr\/cookie-policy\/\">Politique relative aux cookies<\/a>.<\/li>\n<\/ul>\n<h4>Finalit\u00e9s du traitement des donn\u00e9es<\/h4>\n<p>\u2022 Fournir et am\u00e9liorer nos services.<br \/>\n\u2022 Envoyer des informations, des supports marketing et des invitations.<br \/>\n\u2022 Traiter les transactions de mani\u00e8re s\u00e9curis\u00e9e.<br \/>\n\u2022 Analyser les performances du site internet et am\u00e9liorer l\u2019exp\u00e9rience utilisateur.<br \/>\n\u2022 Utiliser le profilage automatis\u00e9 et le marketing cibl\u00e9 lorsque cela est autoris\u00e9.<\/p>\n<p>Nous n&rsquo;utilisons pas de profilage qui produise des effets juridiques vous concernant ou qui vous affecte de mani\u00e8re significative de fa\u00e7on similaire. Nos services ne sont pas destin\u00e9s aux enfants de moins de 16 ans et nous ne collectons pas sciemment de donn\u00e9es \u00e0 caract\u00e8re personnel les concernant. Si nous avons connaissance du fait que de telles donn\u00e9es ont \u00e9t\u00e9 collect\u00e9es par inadvertance, elles seront supprim\u00e9es sans d\u00e9lai injustifi\u00e9.<\/p>\n<h4><span data-sheets-root=\"1\">Donn\u00e9es issues des applications mobiles<\/span><\/h4>\n<p>Les donn\u00e9es collect\u00e9es via les applications mobiles de Steelwrist peuvent inclure des donn\u00e9es de localisation, des habitudes d\u2019utilisation, des journaux de pannes ou d\u2019erreurs ainsi que des informations relatives aux appareils. Ces donn\u00e9es sont utilis\u00e9es exclusivement pour la fourniture du service, l\u2019assistance technique, le d\u00e9pannage, le suivi des performances et l\u2019am\u00e9lioration des fonctionnalit\u00e9s. Le marketing ou le profilage n\u2019est effectu\u00e9 que sur la base d\u2019un consentement explicite.<\/p>\n<h2><span data-sheets-root=\"1\">4. Communication des donn\u00e9es \u00e0 des tiers<\/span><\/h2>\n<p>Les donn\u00e9es \u00e0 caract\u00e8re personnel peuvent \u00eatre communiqu\u00e9es \u00e0 des tiers \u00e0 des fins de publicit\u00e9, d\u2019analyse, de gestion de la relation client et de traitement des paiements. Ces services nous permettent d&rsquo;am\u00e9liorer l&rsquo;exp\u00e9rience utilisateur, d&rsquo;analyser le trafic du site web et de faciliter les transactions. Pour plus de d\u00e9tails sur les int\u00e9grations tierces, veuillez consulter notre <a href=\"https:\/\/steelwrist.com\/fr\/cookie-policy\/\">Politique relative aux cookies<\/a>. Une liste actualis\u00e9e des sous-traitants peut \u00eatre fournie sur demande.<\/p>\n<p>Des services tiers sp\u00e9cifiques \u00e0 l&rsquo;application, tels que les fournisseurs de stockage cloud, les kits de d\u00e9veloppement logiciel (SDK) d&rsquo;analyse (par exemple, Firebase, Sentry), les services de plateforme (Google Play Services, Apple App Store) et les partenaires d&rsquo;assistance technique, sont \u00e9galement utilis\u00e9s pour traiter les donn\u00e9es de l&rsquo;application mobile. Tous ces tiers sont contractuellement tenus d&rsquo;utiliser les donn\u00e9es uniquement aux fins d\u00e9crites dans <a href=\"https:\/\/steelwrist.com\/fr\/quantum-connect-app-privacy-policy\/\">la Politique de confidentialit\u00e9 des applications mobiles<\/a>.<\/p>\n<h2><span data-sheets-root=\"1\">5. Droits des personnes concern\u00e9es<\/span><\/h2>\n<p><strong>Conform\u00e9ment au RGPD, vous disposez du droit de :<\/strong><\/p>\n<p>\u2022 Acc\u00e9der \u00e0 vos donn\u00e9es \u00e0 caract\u00e8re personnel, les rectifier ou demander leur suppression.<br \/>\n\u2022 Vous opposer au traitement fond\u00e9 sur l\u2019int\u00e9r\u00eat l\u00e9gitime.<br \/>\n\u2022 Retirer votre consentement aux communications marketing.<br \/>\n\u2022 Demander la portabilit\u00e9 des donn\u00e9es.<br \/>\n\u2022 \u00catre inform\u00e9 des violations de donn\u00e9es \u00e0 caract\u00e8re personnel.<br \/>\n\u2022 Demander la limitation du traitement dans certaines circonstances.<\/p>\n<p><span data-sheets-root=\"1\">Pour exercer ces droits, veuillez nous contacter \u00e0 l\u2019adresse suivante : <a href=\"mailto:privacy@steelwrist.com\">privacy@steelwrist.com<\/a>.<\/span><\/p>\n<p>Si vous estimez que vos droits ont \u00e9t\u00e9 viol\u00e9s, vous pouvez d\u00e9poser une plainte aupr\u00e8s de l&rsquo;Autorit\u00e9 su\u00e9doise de protection des donn\u00e9es (Integritetsskyddsmyndigheten, IMY), Box 8114, 104 20 Stockholm, <a href=\"https:\/\/www.imy.se\/en\/individuals\/forms-and-e-services\/file-a-gdpr-complaint\/\">pour d\u00e9poser une plainte concernant le traitement incorrect de vos donn\u00e9es personnelles | IMY.<\/a><\/p>\n<h2><span data-sheets-root=\"1\">6. Base juridique du traitement<\/span><\/h2>\n<p><strong>Les donn\u00e9es \u00e0 caract\u00e8re personnel sont trait\u00e9es sur la base des fondements juridiques suivants :<\/strong><\/p>\n<p><strong>Consentement<\/strong><br \/>\nLorsque vous fournissez volontairement des donn\u00e9es \u00e0 caract\u00e8re personnel via des formulaires ou acceptez des cookies \u00e0 des fins de suivi.<\/p>\n<p><strong>N\u00e9cessaire \u00e0 l\u2019ex\u00e9cution d\u2019un contrat<\/strong><br \/>\nLorsque le traitement est n\u00e9cessaire \u00e0 l\u2019ex\u00e9cution d\u2019un contrat.<\/p>\n<p><strong>Obligation l\u00e9gale<\/strong><br \/>\nLorsque le traitement est n\u00e9cessaire au respect d\u2019obligations l\u00e9gales.<\/p>\n<p><strong>Int\u00e9r\u00eat l\u00e9gitime<\/strong><br \/>\nLorsque le traitement est n\u00e9cessaire aux int\u00e9r\u00eats commerciaux l\u00e9gitimes, \u00e0 condition que vos droits ne pr\u00e9valent pas.<\/p>\n<h4><span data-sheets-root=\"1\">Base juridique du traitement des donn\u00e9es des applications mobiles<\/span><\/h4>\n<p><strong>Le traitement des donn\u00e9es collect\u00e9es via les applications mobiles repose sur les fondements juridiques suivants :<\/strong><\/p>\n<p><strong>Consentement :<\/strong> \u00e0 des fins de marketing, pour des fonctionnalit\u00e9s optionnelles ou des services bas\u00e9s sur la localisation.<\/p>\n<p><strong>N\u00e9cessaire \u00e0 l\u2019ex\u00e9cution d\u2019un contrat :<\/strong> pour la fourniture des services applicatifs.<\/p>\n<p><strong>Obligation l\u00e9gale :<\/strong> pour le respect des exigences r\u00e9glementaires et fiscales.<\/p>\n<p><strong>Int\u00e9r\u00eat l\u00e9gitime :<\/strong> pour am\u00e9liorer la stabilit\u00e9, diagnostiquer les erreurs et pr\u00e9venir la fraude.<\/p>\n<h2><span data-sheets-root=\"1\">7. Conservation des donn\u00e9es<\/span><\/h2>\n<p><strong>Les donn\u00e9es \u00e0 caract\u00e8re personnel sont conserv\u00e9es comme suit :<\/strong><\/p>\n<p>\u2022 Comptes utilisateurs : jusqu\u2019\u00e0 ce que l\u2019utilisateur demande leur suppression.<br \/>\n\u2022 Donn\u00e9es de paiement : conform\u00e9ment \u00e0 la l\u00e9gislation comptable.<br \/>\n\u2022 Donn\u00e9es analytiques : conform\u00e9ment aux param\u00e8tres par d\u00e9faut de Google Analytics 4 (14 mois).<br \/>\n\u2022 Donn\u00e9es CRM\/marketing\u00a0: Nous conservons vos donn\u00e9es CRM et marketing pendant une dur\u00e9e maximale de 3\u00a0ans apr\u00e8s votre derni\u00e8re interaction avec nous, sauf si vous retirez votre consentement avant cette date. Nous conservons les traces de votre consentement afin de d\u00e9montrer notre conformit\u00e9 au RGPD.<\/p>\n<h4><span data-sheets-root=\"1\">Conservation des donn\u00e9es des applications mobiles<\/span><\/h4>\n<p><span data-sheets-root=\"1\">Les dur\u00e9es de conservation des donn\u00e9es collect\u00e9es via les applications mobiles Steelwrist sont d\u00e9finies dans la politique de confidentialit\u00e9 des applications mobiles correspondante. Ces dur\u00e9es sont harmonis\u00e9es avec les politiques de conservation des donn\u00e9es web afin de garantir la conformit\u00e9 au RGPD et aux autres lois applicables en mati\u00e8re de protection des donn\u00e9es.<\/span><\/p>\n<h2><span data-sheets-root=\"1\">8. S\u00e9curit\u00e9 des donn\u00e9es<\/span><\/h2>\n<p><strong>Nous prenons toutes les pr\u00e9cautions raisonnables pour s\u00e9curiser vos donn\u00e9es personnelles, notamment\u00a0:<\/strong><\/p>\n<p>\u2022 Utilisation du chiffrement SSL pour un transfert s\u00e9curis\u00e9 des donn\u00e9es.<br \/>\n\u2022 Contr\u00f4le des acc\u00e8s afin d\u2019emp\u00eacher tout acc\u00e8s non autoris\u00e9.<br \/>\n\u2022 Respect de la l\u00e9gislation europ\u00e9enne et su\u00e9doise en mati\u00e8re de protection des donn\u00e9es.<\/p>\n<h2><span data-sheets-root=\"1\">9. Cookies et suivi<\/span><\/h2>\n<p><strong>Nous utilisons des cookies et des technologies similaires \u00e0 des fins d\u2019analyse, de marketing et d\u2019am\u00e9lioration de l\u2019exp\u00e9rience utilisateur.<\/strong><\/p>\n<p><strong>Types de cookies:<\/strong><\/p>\n<ul>\n<li aria-level=\"1\">Nous utilisons des cookies strictement n\u00e9cessaires au fonctionnement du site internet ainsi que des cookies d\u2019analyse et de marketing. Certains cookies sont utilis\u00e9s pour le suivi des sessions. Pour plus d\u2019informations, veuillez consulter notre <a href=\"https:\/\/steelwrist.com\/fr\/cookie-policy\/\">politique relative aux cookies<\/a>.<\/li>\n<li aria-level=\"1\">Vous pouvez g\u00e9rer vos pr\u00e9f\u00e9rences en mati\u00e8re de cookies via votre navigateur ou notre <a href=\"https:\/\/steelwrist.com\/fr\/cookie-policy\/\">politique relative aux cookies<\/a>.<\/li>\n<\/ul>\n<h2><span data-sheets-root=\"1\">10. Formulaires et soumissions<\/span><\/h2>\n<p>Si vous avez saisi des informations personnelles dans l&rsquo;un de nos formulaires, vous avez le droit de demander l&rsquo;acc\u00e8s aux informations que vous avez fournies. Vous pouvez \u00e9galement demander que nous supprimions toutes les informations que nous d\u00e9tenons vous concernant, \u00e0 l&rsquo;exception des donn\u00e9es que nous sommes tenus de conserver \u00e0 des fins administratives, l\u00e9gales ou de s\u00e9curit\u00e9.<\/p>\n<p><span data-sheets-root=\"1\">Les formulaires soumis peuvent \u00eatre v\u00e9rifi\u00e9s au moyen de services automatis\u00e9s de d\u00e9tection des courriers ind\u00e9sirables.<\/span><\/p>\n<h2><span data-sheets-root=\"1\">11. Contenu int\u00e9gr\u00e9 provenant d\u2019autres sites internet<\/span><\/h2>\n<p>Les articles publi\u00e9s sur ce site internet peuvent inclure du contenu int\u00e9gr\u00e9. Le contenu int\u00e9gr\u00e9 provenant d\u2019autres sites internet se comporte de la m\u00eame mani\u00e8re que si vous visitiez directement ces sites internet. Ces sites internet peuvent collecter des donn\u00e9es, utiliser des cookies et mettre en \u0153uvre un suivi par des tiers. Nous vous recommandons de consulter les politiques de confidentialit\u00e9 de ces sites internet.<\/p>\n<h2><span data-sheets-root=\"1\">12. Notification des violations de donn\u00e9es \u00e0 caract\u00e8re personnel<\/span><\/h2>\n<p>En cas de violation de donn\u00e9es personnelles, Steelwrist AB en informera l&rsquo;autorit\u00e9 de surveillance comp\u00e9tente dans les 72 heures suivant la d\u00e9couverte de la violation, sauf si celle-ci est peu susceptible d&rsquo;entra\u00eener un risque pour vos droits et libert\u00e9s. Si la violation est susceptible d&rsquo;entra\u00eener un risque \u00e9lev\u00e9, nous en informerons \u00e9galement les personnes concern\u00e9es sans d\u00e9lai indu.<\/p>\n<h2><span data-sheets-root=\"1\">13. Liens vers d\u2019autres sites internet<\/span><\/h2>\n<p>La pr\u00e9sente politique de confidentialit\u00e9 ne s\u2019applique pas aux sites internet externes. Nous vous recommandons de consulter leurs politiques de confidentialit\u00e9 respectives avant de fournir des informations personnelles, car nous ne contr\u00f4lons pas la mani\u00e8re dont ils collectent ou traitent les donn\u00e9es.<\/p>\n<h2><span data-sheets-root=\"1\">14. Transferts de donn\u00e9es et conformit\u00e9 r\u00e9gionale<\/span><\/h2>\n<p><span data-sheets-root=\"1\">Cette section s&rsquo;applique aux utilisateurs situ\u00e9s en dehors de l&rsquo;UE\/EEE, y compris en Am\u00e9rique du Nord et dans d&rsquo;autres r\u00e9gions o\u00f9 des r\u00e9glementations locales en mati\u00e8re de protection de la vie priv\u00e9e peuvent s&rsquo;appliquer.<\/span><\/p>\n<p>Nous traitons principalement les donn\u00e9es \u00e0 caract\u00e8re personnel au sein de l\u2019UE\/EEE.Toutefois, dans les cas o\u00f9 des donn\u00e9es personnelles sont transf\u00e9r\u00e9es en dehors de l&rsquo;UE\/EEE, nous assurons des garanties ad\u00e9quates, telles que les clauses contractuelles types (CCT) de la Commission europ\u00e9enne, afin de prot\u00e9ger vos donn\u00e9es personnelles conform\u00e9ment au RGPD. <span data-sheets-root=\"1\">Vous pouvez demander une copie de ces garanties, <\/span><a href=\"mailto:privacy@steelwrist.com\">privacy@steelwrist.com<\/a>.<\/p>\n<p><span data-sheets-root=\"1\">Pour les utilisateurs r\u00e9sidant dans des juridictions dot\u00e9es de lois sp\u00e9cifiques en mati\u00e8re de protection des donn\u00e9es, telles que la California Consumer Privacy Act (CCPA) aux \u00c9tats-Unis ou la LPRPDE au Canada, des droits suppl\u00e9mentaires peuvent s&rsquo;appliquer.<\/span><\/p>\n<p><strong>Droits r\u00e9gionaux:<\/strong><\/p>\n<p>Californie (CCPA\/CPRA) : Les utilisateurs en Californie peuvent avoir le droit de demander l\u2019acc\u00e8s \u00e0 leurs donn\u00e9es personnelles, leur suppression ou de s\u2019opposer \u00e0 leur vente.<\/p>\n<p>Canada (LPRPDE)\u00a0: Les utilisateurs canadiens ont le droit d\u2019acc\u00e9der \u00e0 leurs donn\u00e9es, de les corriger et d\u2019obtenir une transparence quant \u00e0 leur utilisation.<\/p>\n<p>Conformit\u00e9 au RGPD britannique : \u00c9tant donn\u00e9 que notre soci\u00e9t\u00e9 poss\u00e8de un bureau physique au Royaume-Uni, nos activit\u00e9s de traitement doivent \u00eatre conformes au RGPD britannique. Toute question relative \u00e0 la protection des donn\u00e9es au Royaume-Uni peut \u00eatre adress\u00e9e \u00e0 notre bureau britannique \u00e0 l&rsquo;adresse suivante :<\/p>\n<p><strong>Steelwrist UK LTD<\/strong><br \/>\nUnit 1f Vantage Business Park<br \/>\nBloxham Road, Banbury<br \/>\nOX16 9UX<br \/>\nUnited Kingdom<\/p>\n<p>Conformit\u00e9 \u00e0 la l\u00e9gislation australienne : Lorsque nous traitons des donn\u00e9es provenant d\u2019utilisateurs australiens, nous nous conformons \u00e0 la loi de 1988 sur la protection de la vie priv\u00e9e et aux principes australiens de protection de la vie priv\u00e9e (APP). Contact pour l\u2019Australie :<\/p>\n<p><strong>Steelwrist Australia PTY Ltd<\/strong><br \/>\nUnit 2<br \/>\n2 Avatonbell Drive<br \/>\nLuscombe, QLD 4207<br \/>\nQueensland, Australia<\/p>\n<p>Autres r\u00e9gions\u00a0: Si votre pays dispose de lois sp\u00e9cifiques en mati\u00e8re de protection des donn\u00e9es, nous vous encourageons \u00e0 consulter vos droits applicables.<\/p>\n<h4><span data-sheets-root=\"1\">Utilisateurs des applications mobiles<\/span><\/h4>\n<p>Pour les donn\u00e9es relatives aux applications transf\u00e9r\u00e9es en dehors de l&rsquo;UE\/EEE, les garanties comprennent les d\u00e9cisions d&rsquo;ad\u00e9quation de l&rsquo;UE, les clauses contractuelles types (CCT) et d&rsquo;autres protections appropri\u00e9es, comme d\u00e9taill\u00e9 dans <a href=\"https:\/\/steelwrist.com\/fr\/quantum-connect-app-privacy-policy\/\">la politique de confidentialit\u00e9 des applications mobiles<\/a>.<\/p>\n<p><span data-sheets-root=\"1\">Les droits et protections d\u00e9crits dans cette section s&rsquo;appliquent \u00e9galement aux utilisateurs des applications mobiles Steelwrist. Chaque application est conforme au RGPD, au RGPD britannique, \u00e0 la loi CCPA\/CPRA, \u00e0 la LPRPDE et aux Principes australiens de protection de la vie priv\u00e9e (APP), selon le cas. Les utilisateurs peuvent exercer leurs droits \u00e0 l&rsquo;adresse\u00a0<a href=\"mailto:privacy@steelwrist.com\">privacy@steelwrist.com<\/a>.<\/span><\/p>\n<h2><span data-sheets-root=\"1\">15. Mises \u00e0 jour de la politique<\/span><\/h2>\n<p><span data-sheets-root=\"1\">Les modifications apport\u00e9es \u00e0 cette politique seront publi\u00e9es sur cette page. Les mises \u00e0 jour importantes pourront \u00e9galement \u00eatre communiqu\u00e9es par courriel.<\/span><\/p>\n<h2><span data-sheets-root=\"1\">16. Coordonn\u00e9es<\/span><\/h2>\n<p><strong>Pour toute question relative aux donn\u00e9es \u00e0 caract\u00e8re personnel, veuillez contacter :<\/strong><\/p>\n<p><strong>STEELWRIST AB<\/strong><\/p>\n<p><strong>Adresse de visite :<\/strong> Titangatan 9, SE-195 72 Rosersberg<br \/>\n<strong>Adresse de visite :<\/strong> <a href=\"tel:+46 8 6260700\">+46 8 626 07 00<\/a><br \/>\n<strong>Adresse \u00e9lectronique :<\/strong> <a href=\"mailto:privacy@steelwrist.com\">privacy@steelwrist.com<\/a><\/p>\n<p>&nbsp;<\/p>\n","protected":false},"excerpt":{"rendered":"<p>1. Informations g\u00e9n\u00e9rales Nous souhaitons vous informer de la finalit\u00e9 et de l\u2019\u00e9tendue de la collecte de donn\u00e9es personnelles lors de l\u2019utilisation de notre site web et d\u2019autres canaux num\u00e9riques contr\u00f4l\u00e9s par Steelwrist AB, immatricul\u00e9e sous le num\u00e9ro 556617-0048 (\u00ab&#8230;<\/p>\n","protected":false},"author":1,"featured_media":0,"parent":0,"menu_order":0,"comment_status":"closed","ping_status":"closed","template":"","meta":{"footnotes":""},"class_list":["post-41295","page","type-page","status-publish","hentry"],"acf":[],"_links":{"self":[{"href":"https:\/\/steelwrist.com\/fr\/wp-json\/wp\/v2\/pages\/41295","targetHints":{"allow":["GET"]}}],"collection":[{"href":"https:\/\/steelwrist.com\/fr\/wp-json\/wp\/v2\/pages"}],"about":[{"href":"https:\/\/steelwrist.com\/fr\/wp-json\/wp\/v2\/types\/page"}],"author":[{"embeddable":true,"href":"https:\/\/steelwrist.com\/fr\/wp-json\/wp\/v2\/users\/1"}],"replies":[{"embeddable":true,"href":"https:\/\/steelwrist.com\/fr\/wp-json\/wp\/v2\/comments?post=41295"}],"version-history":[{"count":5,"href":"https:\/\/steelwrist.com\/fr\/wp-json\/wp\/v2\/pages\/41295\/revisions"}],"predecessor-version":[{"id":315687,"href":"https:\/\/steelwrist.com\/fr\/wp-json\/wp\/v2\/pages\/41295\/revisions\/315687"}],"wp:attachment":[{"href":"https:\/\/steelwrist.com\/fr\/wp-json\/wp\/v2\/media?parent=41295"}],"curies":[{"name":"wp","href":"https:\/\/api.w.org\/{rel}","templated":true}]}}