{"id":16680,"date":"2013-02-21T22:41:51","date_gmt":"2013-02-21T21:41:51","guid":{"rendered":"https:\/\/steelwrist.com\/fr\/press\/"},"modified":"2026-02-09T10:56:49","modified_gmt":"2026-02-09T09:56:49","slug":"presse","status":"publish","type":"page","link":"https:\/\/steelwrist.com\/fr\/presse\/","title":{"rendered":"Presse"},"content":{"rendered":"<p>Ici vous pouvez trouver les medias, comme les photos en haute r\u00e9solution et les logos Steelwrist. Le materiel et les photos peuvent etre utilis\u00e9s librement aussi longtemps que la source est mentionn\u00e9e.<\/p>\n<h3>Contact<\/h3>\n<p><strong>Pour les questions li\u00e9es \u00e0 la presse:<\/strong><br \/>\nStefan Stockhaus, t\u00e9l <a href=\"tel:+46709981321\" target=\"_blank\" rel=\"noopener noreferrer\">+46 70 998 13 21 <\/a>ou <a href=\"mailto:stefan.stockhaus@steelwrist.com\" target=\"_blank\" rel=\"noopener noreferrer\">e-mail<\/a>.<br \/>\nKarl Serneberg, t\u00e9l <a href=\"tel:+46702619811\" target=\"_blank\" rel=\"noopener\">+46 70 261 98 11<\/a> ou <a href=\"mailto:karl.serneberg@steelwrist.com\" target=\"_blank\" rel=\"noopener\">e-mail<\/a>.<br \/>\nMarianne Johansson, t\u00e9l <a href=\"tel:+46734747697\" target=\"_blank\" rel=\"noopener\">+ 46 73 474 76 97<\/a> ou <a href=\"mailto:marianne.johansson@steelwrist.com\" target=\"_blank\" rel=\"noopener\">e-mail<\/a>.<\/p>\n<p><strong>Pour la publicit\u00e9, l&rsquo;impression et le num\u00e9rique:<\/strong><br \/>\nMaria Kreitz, t\u00e9l <a href=\"tel:+46709981325\">+46 70 998 13 25<\/a> ou <a href=\"mailto:maria.kreitz@steelwrist.com\" target=\"_blank\" rel=\"noopener\">e-mail<\/a>.<br \/>\nHelen Westling, t\u00e9l <a href=\"tel:+46734747699\">+46 73 474 76 99<\/a><a href=\"tel:+46734747699\"><span style=\"color: #010202; font-family: arial, helvetica, verdana, tahoma, sans-serif;\">\u00a0<\/span><\/a><span style=\"color: #010202; font-family: arial, helvetica, verdana, tahoma, sans-serif;\">ou <\/span><a href=\"mailto:helen.westling@steelwrist.com\" target=\"_blank\" rel=\"noopener\">e-mail<\/a>.<\/p>\n<p><strong>R\u00e9seaux sociaux:<\/strong><br \/>\nMimmi Sj\u00f6lin, t\u00e9l <a href=\"tel:+46764956682\">+46 76 495 66 82<\/a> <span style=\"color: #010202; font-family: arial, helvetica, verdana, tahoma, sans-serif;\">ou<\/span> <a href=\"mailto:mimmi.sjolin@steelwrist.com\">e-mail<\/a>.<\/p>\n<div><strong>E-learning:<\/strong><\/div>\n<div>Karl-Henrik Krantz, t\u00e9l <a href=\"tel:+4672-0509032\">+46 72 050 90 32<\/a> <span style=\"color: #010202; font-family: arial, helvetica, verdana, tahoma, sans-serif;\">ou<\/span> <a href=\"mailto:karl.krantz@steelwrist.com\">e-mail<\/a>.<\/div>\n","protected":false},"excerpt":{"rendered":"<p>Ici vous pouvez trouver les medias, comme les photos en haute r\u00e9solution et les logos Steelwrist. Le materiel et les photos peuvent etre utilis\u00e9s librement aussi longtemps que la source est mentionn\u00e9e. Contact Pour les questions li\u00e9es \u00e0 la presse:&#8230;<\/p>\n","protected":false},"author":1,"featured_media":0,"parent":0,"menu_order":101,"comment_status":"closed","ping_status":"closed","template":"","meta":{"footnotes":""},"class_list":["post-16680","page","type-page","status-publish","hentry"],"acf":[],"_links":{"self":[{"href":"https:\/\/steelwrist.com\/fr\/wp-json\/wp\/v2\/pages\/16680","targetHints":{"allow":["GET"]}}],"collection":[{"href":"https:\/\/steelwrist.com\/fr\/wp-json\/wp\/v2\/pages"}],"about":[{"href":"https:\/\/steelwrist.com\/fr\/wp-json\/wp\/v2\/types\/page"}],"author":[{"embeddable":true,"href":"https:\/\/steelwrist.com\/fr\/wp-json\/wp\/v2\/users\/1"}],"replies":[{"embeddable":true,"href":"https:\/\/steelwrist.com\/fr\/wp-json\/wp\/v2\/comments?post=16680"}],"version-history":[{"count":5,"href":"https:\/\/steelwrist.com\/fr\/wp-json\/wp\/v2\/pages\/16680\/revisions"}],"predecessor-version":[{"id":289319,"href":"https:\/\/steelwrist.com\/fr\/wp-json\/wp\/v2\/pages\/16680\/revisions\/289319"}],"wp:attachment":[{"href":"https:\/\/steelwrist.com\/fr\/wp-json\/wp\/v2\/media?parent=16680"}],"curies":[{"name":"wp","href":"https:\/\/api.w.org\/{rel}","templated":true}]}}