{"id":16675,"date":"2016-02-17T14:36:51","date_gmt":"2016-02-17T13:36:51","guid":{"rendered":"https:\/\/steelwrist.com\/fr\/service\/produktregistrering\/"},"modified":"2020-11-03T10:28:24","modified_gmt":"2020-11-03T09:28:24","slug":"enregistrement-du-produit","status":"publish","type":"page","link":"https:\/\/steelwrist.com\/fr\/service\/enregistrement-du-produit\/","title":{"rendered":"Enregistrement du produit"},"content":{"rendered":"<p>L\u2019enregistrement du produit est n\u00e9cessaire pour b\u00e9n\u00e9ficier de la garantie de deux ans au lieu d\u2019un an et pour le cas o\u00f9 vous avez choisi le marquage antivol (Datatag).<\/p>\n<p>Avec le marquage antivol Datatag, la plupart des compagnies d\u2019assurance vous dispense de franchise en cas de vol. Certaines d\u2019entre elles peuvent \u00e9galement vous accorder une r\u00e9duction de prime.<\/p>\n<p>Avec Datatag, votre Steelwrist est tra\u00e7able dans 194 pays gr\u00e2ce au syst\u00e8me C\u00e9sar.<\/p>\n<p>Pour b\u00e9n\u00e9ficier de la prolongation de garantie, il suffit de l\u2019enregistrer dans un d\u00e9lai maximum d\u2019un mois \u00e0 la livraison. Toutes les informations fournies sont prot\u00e9g\u00e9es en vertu de la loi Su\u00e9doise sur les donn\u00e9es personnelles.<\/p>\n<p><iframe src=\"https:\/\/pages.upsales.com\/6936u929198f9e70a4faf982d9721ae4a305b-frame\" \t\twidth=\"100%\" \t\theight=\"1192\" \t\tstyle=\"border:0\"><\/iframe>&nbsp;<\/p>\n","protected":false},"excerpt":{"rendered":"<p>L\u2019enregistrement du produit est n\u00e9cessaire pour b\u00e9n\u00e9ficier de la garantie de deux ans au lieu d\u2019un an et pour le cas o\u00f9 vous avez choisi le marquage antivol (Datatag). Avec le marquage antivol Datatag, la plupart des compagnies d\u2019assurance vous&#8230;<\/p>\n","protected":false},"author":1,"featured_media":0,"parent":16571,"menu_order":21,"comment_status":"closed","ping_status":"closed","template":"","meta":{"footnotes":""},"class_list":["post-16675","page","type-page","status-publish","hentry"],"acf":[],"_links":{"self":[{"href":"https:\/\/steelwrist.com\/fr\/wp-json\/wp\/v2\/pages\/16675","targetHints":{"allow":["GET"]}}],"collection":[{"href":"https:\/\/steelwrist.com\/fr\/wp-json\/wp\/v2\/pages"}],"about":[{"href":"https:\/\/steelwrist.com\/fr\/wp-json\/wp\/v2\/types\/page"}],"author":[{"embeddable":true,"href":"https:\/\/steelwrist.com\/fr\/wp-json\/wp\/v2\/users\/1"}],"replies":[{"embeddable":true,"href":"https:\/\/steelwrist.com\/fr\/wp-json\/wp\/v2\/comments?post=16675"}],"version-history":[{"count":5,"href":"https:\/\/steelwrist.com\/fr\/wp-json\/wp\/v2\/pages\/16675\/revisions"}],"predecessor-version":[{"id":206599,"href":"https:\/\/steelwrist.com\/fr\/wp-json\/wp\/v2\/pages\/16675\/revisions\/206599"}],"up":[{"embeddable":true,"href":"https:\/\/steelwrist.com\/fr\/wp-json\/wp\/v2\/pages\/16571"}],"wp:attachment":[{"href":"https:\/\/steelwrist.com\/fr\/wp-json\/wp\/v2\/media?parent=16675"}],"curies":[{"name":"wp","href":"https:\/\/api.w.org\/{rel}","templated":true}]}}