{"id":16668,"date":"2016-02-17T14:35:48","date_gmt":"2016-02-17T13:35:48","guid":{"rendered":"https:\/\/steelwrist.com\/fr\/service\/fullservice\/"},"modified":"2024-11-28T12:21:38","modified_gmt":"2024-11-28T11:21:38","slug":"service-complet","status":"publish","type":"page","link":"https:\/\/steelwrist.com\/fr\/service\/service-complet\/","title":{"rendered":"Service complet"},"content":{"rendered":"<h2>Reconditionnement \u00e0 un prix fixe<\/h2>\n<p>Une fois que vous avez utilis\u00e9 votre Steelwrist pendant quelques ann\u00e9es il peut y avoir besoin d&rsquo;un examen et de remplacer des pi\u00e8ces d&rsquo;usure telles que douilles, roulements et tuyaux. R\u00e9servez un service complet pour votre Steelwrist.<\/p>\n<h3>Ceci est la fa\u00e7on dont le recondionnement complet est fait<\/h3>\n<p>Nous d\u00e9montons votre tiltrotator, rempla\u00e7ont toutes les pi\u00e8ces d&rsquo;usure, le lavons, puis nous le remontons et enfin le testons. Votre Steelwrist sera r\u00e9nov\u00e9 et pr\u00eat pour des ann\u00e9es d&rsquo;utilisation. Si nous d\u00e9tectons une am\u00e9lioration que nous pouvons faire pendant un recondionnement, nous vous contacterons avec une proposition et un prix. Tous les travaux et toutes les pi\u00e8ces d&rsquo;usure sont inclus dans le prix pour un recondionnement complet afin que vous sachiez le co\u00fbt \u00e0 l&rsquo;avance. Le seul co\u00fbt suppl\u00e9mentaire est l&rsquo;exp\u00e9dition (si vous ne soumettez pas \u00e0 nous-m\u00eame). Nous avons besoin de votre tiltrotateur avec nous pendant environ une semaine.<\/p>\n<p><strong>Remplissez ce formulaire si vous souhaitez en savoir plus sur Steelwrist et le reconditionnement!<\/strong><br \/>\n<!-- END FORM HTML --><br \/>\n<iframe loading=\"lazy\" style=\"border: 0;\" src=\"https:\/\/pages.upsales.com\/6936u38871e7146ea4618b97e5923041473b2-frame\" width=\"100%\" height=\"1020\"><span data-mce-type=\"bookmark\" style=\"display: inline-block; width: 0px; overflow: hidden; line-height: 0;\" class=\"mce_SELRES_start\">\ufeff<\/span><\/iframe><\/p>\n","protected":false},"excerpt":{"rendered":"<p>Reconditionnement \u00e0 un prix fixe Une fois que vous avez utilis\u00e9 votre Steelwrist pendant quelques ann\u00e9es il peut y avoir besoin d&rsquo;un examen et de remplacer des pi\u00e8ces d&rsquo;usure telles que douilles, roulements et tuyaux. R\u00e9servez un service complet pour&#8230;<\/p>\n","protected":false},"author":1,"featured_media":0,"parent":16571,"menu_order":8,"comment_status":"closed","ping_status":"closed","template":"","meta":{"footnotes":""},"class_list":["post-16668","page","type-page","status-publish","hentry"],"acf":[],"_links":{"self":[{"href":"https:\/\/steelwrist.com\/fr\/wp-json\/wp\/v2\/pages\/16668","targetHints":{"allow":["GET"]}}],"collection":[{"href":"https:\/\/steelwrist.com\/fr\/wp-json\/wp\/v2\/pages"}],"about":[{"href":"https:\/\/steelwrist.com\/fr\/wp-json\/wp\/v2\/types\/page"}],"author":[{"embeddable":true,"href":"https:\/\/steelwrist.com\/fr\/wp-json\/wp\/v2\/users\/1"}],"replies":[{"embeddable":true,"href":"https:\/\/steelwrist.com\/fr\/wp-json\/wp\/v2\/comments?post=16668"}],"version-history":[{"count":6,"href":"https:\/\/steelwrist.com\/fr\/wp-json\/wp\/v2\/pages\/16668\/revisions"}],"predecessor-version":[{"id":280608,"href":"https:\/\/steelwrist.com\/fr\/wp-json\/wp\/v2\/pages\/16668\/revisions\/280608"}],"up":[{"embeddable":true,"href":"https:\/\/steelwrist.com\/fr\/wp-json\/wp\/v2\/pages\/16571"}],"wp:attachment":[{"href":"https:\/\/steelwrist.com\/fr\/wp-json\/wp\/v2\/media?parent=16668"}],"curies":[{"name":"wp","href":"https:\/\/api.w.org\/{rel}","templated":true}]}}