{"id":16663,"date":"2016-03-08T14:25:41","date_gmt":"2016-03-08T13:25:41","guid":{"rendered":"https:\/\/steelwrist.com\/fr\/service\/support-reservdelar\/"},"modified":"2022-10-13T11:30:26","modified_gmt":"2022-10-13T09:30:26","slug":"support-et-pieces-de-rechange","status":"publish","type":"page","link":"https:\/\/steelwrist.com\/fr\/service\/support-et-pieces-de-rechange\/","title":{"rendered":"Support et pi\u00e8ces de rechange"},"content":{"rendered":"<p class=\"ingress\">Parfois, malgr\u00e9 tout, quelque chose casse.<\/p>\n<p>Le client est toujours au coeur pour nous \u00e0 Steelwrist Support. Notre objectif est de toujours fournir une aide rapide et professionnelle, peu importe sur quel produit vous avez besoin d&rsquo;aide. Nous formons et soutenons nos concessionnaires pour le meilleur service .<\/p>\n<h3>Service personnel<\/h3>\n<p>Notre soutien est ouvert &#8211; Lundi &#8211; vendredi 07:30h &#8211; 17:00h<br \/>\nSupport technique:\u00a0<a style=\"background-color: #ffffff;\" href=\"tel:+33789347107\">+33 7 89 34 71 07<\/a><br \/>\nPi\u00e8ces de rechange: <a href=\"tel:+4686260713\">+46 (0) 8-626 07 13<\/a><\/p>\n<p>E-Mail:\u00a0<a href=\"mailto:support.fr@steelwrist.com\" target=\"_blank\" rel=\"noopener\">support.fr@steelwrist.com<\/a><\/p>\n<p>Nous avons \u00e9galement un support et des services partenaires locaux dans de nombreux pays. Vous trouverez les contacts sous partenaires de service.<\/p>\n<h3>Discutez avec nous<\/h3>\n<p>Vous pouvez \u00e9galement nous joindre via la fonction de chat en bas \u00e0 droite!<\/p>\n<h3>Le Support Web<\/h3>\n<p>Gr\u00e2ce \u00e0 notre SupportWeb nos partenaires de service ont acc\u00e8s aux informations les plus r\u00e9centes sur nos produits &#8211; tout le temps. Ici vous pouvez trouver parmi d&rsquo;autres documents de nos produits, commander des pi\u00e8ces de rechange, poser des questions, et de nous remonter des informations. Une \u00e9quipe de support Steelwrist d\u00e9di\u00e9e r\u00e9pond aux questions et traite les plaintes pendant nos heures d&rsquo;ouverture. Si vous posez des questions quand nous sommes ferm\u00e9s, nous allons prendre soin d&rsquo;elle d\u00e8s que nous ouvrons \u00e0 nouveau.<\/p>\n","protected":false},"excerpt":{"rendered":"<p>Parfois, malgr\u00e9 tout, quelque chose casse. Le client est toujours au coeur pour nous \u00e0 Steelwrist Support. Notre objectif est de toujours fournir une aide rapide et professionnelle, peu importe sur quel produit vous avez besoin d&rsquo;aide. Nous formons et&#8230;<\/p>\n","protected":false},"author":12,"featured_media":0,"parent":16571,"menu_order":0,"comment_status":"closed","ping_status":"closed","template":"","meta":{"footnotes":""},"class_list":["post-16663","page","type-page","status-publish","hentry"],"acf":[],"_links":{"self":[{"href":"https:\/\/steelwrist.com\/fr\/wp-json\/wp\/v2\/pages\/16663","targetHints":{"allow":["GET"]}}],"collection":[{"href":"https:\/\/steelwrist.com\/fr\/wp-json\/wp\/v2\/pages"}],"about":[{"href":"https:\/\/steelwrist.com\/fr\/wp-json\/wp\/v2\/types\/page"}],"author":[{"embeddable":true,"href":"https:\/\/steelwrist.com\/fr\/wp-json\/wp\/v2\/users\/12"}],"replies":[{"embeddable":true,"href":"https:\/\/steelwrist.com\/fr\/wp-json\/wp\/v2\/comments?post=16663"}],"version-history":[{"count":6,"href":"https:\/\/steelwrist.com\/fr\/wp-json\/wp\/v2\/pages\/16663\/revisions"}],"predecessor-version":[{"id":231528,"href":"https:\/\/steelwrist.com\/fr\/wp-json\/wp\/v2\/pages\/16663\/revisions\/231528"}],"up":[{"embeddable":true,"href":"https:\/\/steelwrist.com\/fr\/wp-json\/wp\/v2\/pages\/16571"}],"wp:attachment":[{"href":"https:\/\/steelwrist.com\/fr\/wp-json\/wp\/v2\/media?parent=16663"}],"curies":[{"name":"wp","href":"https:\/\/api.w.org\/{rel}","templated":true}]}}