{"id":16654,"date":"2016-02-17T14:57:21","date_gmt":"2016-02-17T13:57:21","guid":{"rendered":"https:\/\/steelwrist.com\/fr\/service\/faltservice\/"},"modified":"2019-02-13T14:24:15","modified_gmt":"2019-02-13T13:24:15","slug":"service","status":"publish","type":"page","link":"https:\/\/steelwrist.com\/fr\/service\/service\/","title":{"rendered":"Service"},"content":{"rendered":"<h2>Nous vous fournissons un soutien direct, ou bien \u00e0 travers nos partenaires, pr\u00e8s de chez vous<\/h2>\n<p><span style=\"font-size: 1rem; line-height: 1.55;\">Notre propre service qui est sur le terrain est le lien entre notre service de d\u00e9veloppement et le client final. Le plus souvent, nos concessionnaires g\u00e8rent la plupart des probl\u00e8mes qui peuvent survenir sur le terrain. Parfois vous avez besoin de notre aide, ou il y a quelque chose que nous voulons examiner afin de l&rsquo;am\u00e9liorer.<\/span><\/p>\n<p><span style=\"font-size: 1rem; line-height: 1.55;\">Nous avons un grand avantage qui est Rosersberg parce que nous pouvons facilement couvrir une grande zone o\u00f9 il y a de tr\u00e8s nombreuses pelles. Mais peu importe, il est important que tous les probl\u00e8mes soient r\u00e9solus rapidement et notre service sur le terrain est disponible comme une ressource suppl\u00e9mentaire si n\u00e9cessaire. Vous \u00eates toujours les bienvenus \u00e0 contacter notre support par t\u00e9l\u00e9phone au\u00a0<\/span><a style=\"font-size: 1rem; line-height: 1.55; background-color: #ffffff;\" href=\"tel:+33680802080\">+33 6 80 80 20 80<\/a><\/p>\n","protected":false},"excerpt":{"rendered":"<p>Nous vous fournissons un soutien direct, ou bien \u00e0 travers nos partenaires, pr\u00e8s de chez vous Notre propre service qui est sur le terrain est le lien entre notre service de d\u00e9veloppement et le client final. Le plus souvent, nos&#8230;<\/p>\n","protected":false},"author":1,"featured_media":0,"parent":16571,"menu_order":0,"comment_status":"closed","ping_status":"closed","template":"","meta":{"footnotes":""},"class_list":["post-16654","page","type-page","status-publish","hentry"],"acf":[],"_links":{"self":[{"href":"https:\/\/steelwrist.com\/fr\/wp-json\/wp\/v2\/pages\/16654","targetHints":{"allow":["GET"]}}],"collection":[{"href":"https:\/\/steelwrist.com\/fr\/wp-json\/wp\/v2\/pages"}],"about":[{"href":"https:\/\/steelwrist.com\/fr\/wp-json\/wp\/v2\/types\/page"}],"author":[{"embeddable":true,"href":"https:\/\/steelwrist.com\/fr\/wp-json\/wp\/v2\/users\/1"}],"replies":[{"embeddable":true,"href":"https:\/\/steelwrist.com\/fr\/wp-json\/wp\/v2\/comments?post=16654"}],"version-history":[{"count":5,"href":"https:\/\/steelwrist.com\/fr\/wp-json\/wp\/v2\/pages\/16654\/revisions"}],"predecessor-version":[{"id":100992,"href":"https:\/\/steelwrist.com\/fr\/wp-json\/wp\/v2\/pages\/16654\/revisions\/100992"}],"up":[{"embeddable":true,"href":"https:\/\/steelwrist.com\/fr\/wp-json\/wp\/v2\/pages\/16571"}],"wp:attachment":[{"href":"https:\/\/steelwrist.com\/fr\/wp-json\/wp\/v2\/media?parent=16654"}],"curies":[{"name":"wp","href":"https:\/\/api.w.org\/{rel}","templated":true}]}}