{"id":16580,"date":"2016-04-19T11:44:20","date_gmt":"2016-04-19T09:44:20","guid":{"rendered":"https:\/\/steelwrist.com\/fr\/tappade-skopor\/"},"modified":"2016-09-23T14:52:21","modified_gmt":"2016-09-23T12:52:21","slug":"chute-de-godet","status":"publish","type":"page","link":"https:\/\/steelwrist.com\/fr\/chute-de-godet\/","title":{"rendered":"Chute de godet"},"content":{"rendered":"<h3>Quelle est l&rsquo;ampleur du probl\u00e8me de la chute des godets &#8211; r\u00e9ellement?<\/h3>\n<p>Le Minister du travail su\u00e9dois de l&rsquo;Environnement re\u00e7oit environ un rapport par mois sur les incidents avec des chutes de godets, mais le nombre de cas non signal\u00e9s est probablement plus important, d&rsquo;apr\u00e8s Prevent. (Un organisme sans but lucratif d\u00e9tenu conjointement par La Conf\u00e9d\u00e9ration des entreprises su\u00e9doises et les syndicats)<\/p>\n<h5>En 2011 Prevent a fait le film Apr\u00e8s sur les risques li\u00e9s aux attaches rapides<\/h5>\n<div class=\"video-embed-container\"><iframe loading=\"lazy\" title=\"L\u00e5s s\u00e4kert - det kan g\u00e4lla livet\" width=\"500\" height=\"281\" src=\"https:\/\/www.youtube.com\/embed\/qhNnbCJvwgE?feature=oembed\" frameborder=\"0\" allow=\"accelerometer; autoplay; clipboard-write; encrypted-media; gyroscope; picture-in-picture; web-share\" referrerpolicy=\"strict-origin-when-cross-origin\" allowfullscreen><\/iframe><\/div>\n<p>&nbsp;<\/p>\n","protected":false},"excerpt":{"rendered":"<p>Quelle est l&rsquo;ampleur du probl\u00e8me de la chute des godets &#8211; r\u00e9ellement? Le Minister du travail su\u00e9dois de l&rsquo;Environnement re\u00e7oit environ un rapport par mois sur les incidents avec des chutes de godets, mais le nombre de cas non signal\u00e9s&#8230;<\/p>\n","protected":false},"author":12,"featured_media":0,"parent":0,"menu_order":21,"comment_status":"closed","ping_status":"closed","template":"","meta":{"footnotes":""},"class_list":["post-16580","page","type-page","status-publish","hentry"],"acf":[],"_links":{"self":[{"href":"https:\/\/steelwrist.com\/fr\/wp-json\/wp\/v2\/pages\/16580","targetHints":{"allow":["GET"]}}],"collection":[{"href":"https:\/\/steelwrist.com\/fr\/wp-json\/wp\/v2\/pages"}],"about":[{"href":"https:\/\/steelwrist.com\/fr\/wp-json\/wp\/v2\/types\/page"}],"author":[{"embeddable":true,"href":"https:\/\/steelwrist.com\/fr\/wp-json\/wp\/v2\/users\/12"}],"replies":[{"embeddable":true,"href":"https:\/\/steelwrist.com\/fr\/wp-json\/wp\/v2\/comments?post=16580"}],"version-history":[{"count":4,"href":"https:\/\/steelwrist.com\/fr\/wp-json\/wp\/v2\/pages\/16580\/revisions"}],"predecessor-version":[{"id":18174,"href":"https:\/\/steelwrist.com\/fr\/wp-json\/wp\/v2\/pages\/16580\/revisions\/18174"}],"wp:attachment":[{"href":"https:\/\/steelwrist.com\/fr\/wp-json\/wp\/v2\/media?parent=16580"}],"curies":[{"name":"wp","href":"https:\/\/api.w.org\/{rel}","templated":true}]}}