{"id":107038,"date":"2019-03-28T15:42:36","date_gmt":"2019-03-28T14:42:36","guid":{"rendered":"https:\/\/steelwrist.com\/stellungnahme-zur-kompatibilitat\/"},"modified":"2019-11-18T10:25:11","modified_gmt":"2019-11-18T09:25:11","slug":"interchangeabilite-entre-la-norme-sq-et-dautres-marques","status":"publish","type":"page","link":"https:\/\/steelwrist.com\/fr\/interchangeabilite-entre-la-norme-sq-et-dautres-marques\/","title":{"rendered":"Interchangeabilit\u00e9 entre la norme SQ et d&rsquo;autres marques de raccords rapides enti\u00e8rement hydrauliques et d&rsquo;outils de travail"},"content":{"rendered":"<p>SQ est une technologie de raccordement d&rsquo;huile enti\u00e8rement automatique et hautement performante utilis\u00e9e dans les raccords rapides et les tiltrotators des excavatrices pour connecter des outils de travail hydrauliques. Ils ont une performance sup\u00e9rieure et une conception robuste.<\/p>\n<p>Lorsque vous utilisez SQ avec des raccords rapides ou des outils de travail d&rsquo;autres fabricants, il est important de garantir une fonctionnalit\u00e9 compl\u00e8te. La liste de contr\u00f4le ci-dessous peut vous aider.<\/p>\n<p>Une fois que vous avez v\u00e9rifi\u00e9 l&rsquo;interchangeabilit\u00e9 et la fonctionnalit\u00e9 v\u00e9rifi\u00e9e comme d\u00e9crit, Steelwrist accepte de combiner notre coupleur rapide et nos outils de travail avec ses homologues d&rsquo;autres fabricants. Tant que nos produits sont utilis\u00e9s conform\u00e9ment \u00e0 leurs manuels d&rsquo;utilisation, le marquage CE de Steelwrist n&rsquo;est pas affect\u00e9 et aucun risque suppl\u00e9mentaire n&rsquo;est \u00e0 craindre du fait de l&rsquo;utilisation combin\u00e9e.<\/p>\n<p><strong>1. V\u00e9rifier l&rsquo;interchangeabilit\u00e9<\/strong><\/p>\n<p>a. Assurez-vous que l&rsquo;adaptateur d&rsquo;outil de travail pr\u00e9sente la m\u00eame configuration de raccords rapides pour l&rsquo;huile hydraulique que le coupleur rapide. V\u00e9rifiez que la taille et la position de tous les accouplements sont identiques dans le cylindre en H et la rampe d&rsquo;accouplement.<\/p>\n<p>b. Assurez-vous que les broches de l&rsquo;adaptateur de l&rsquo;outil de travail sont conformes aux dimensions de la norme S (Symmetrical Quick Couplers for Excavators, June 2011 edition). Si l&rsquo;adaptateur ne respecte pas la norme S, par exemple si la broche avant a une partie centrale plus \u00e9paisse (voir photo 1), il n&rsquo;est pas possible d&rsquo;utiliser un tel outil de travail avec un coupleur rapide SQ. En g\u00e9n\u00e9ral, il est clairement visible que les ailettes de guidage sur les plaques lat\u00e9rales emp\u00eachent le coupleur rapide de s\u2019engager correctement et qu\u2019il n\u2019ya pas d\u2019indication verte. R\u00e9f\u00e9rence: <a href=\"https:\/\/mk0steelwrist20nt9wf.kinstacdn.com\/wp-content\/uploads\/Symmetrical-Quick-Couplers-for-Excavators-June-2011-edition-1.pdf\">Symmetrical Quick Couplers for Excavators (PDF)<\/a>. Pour les dimensions relatives aux SQ 70\/55 et SQ 65, voir le tableau 1.<\/p>\n<p>c. Tous les coupleurs SQ de Steelwrist sont \u00e9quip\u00e9s de la fonction de s\u00e9curit\u00e9 unique FPL (Front Pin Lock) pour augmenter la s\u00e9curit\u00e9 lors du changement des outils de travail. Assurez-vous qu&rsquo;il y a suffisamment d&rsquo;espace pour la fonction FPL, voir figure 2 et tableau 2.\u00a0Certains outils peuvent avoir une plaque additionnelle qui n&rsquo;est pas dans le standard Symetrical. Lorsque ces plaques g\u00eanent le processus de connection, merci de contacter Steelwrist afin de v\u00e9rifier si la modification est possible. Une l\u00e9g\u00e8re modification peut \u00eatre n\u00e9cessaire pour permettre \u00e0 la fonction de s\u00e9curit\u00e9 SQ FPL de fonctionner correctement. Si tel est le cas, Steelwrist organisera le processus de modification pour vous.<\/p>\n<p>d. Si l&rsquo;outil de travail dispose d&rsquo;un connecteur \u00e9lectrique, le coupleur rapide doit avoir le m\u00eame type de connecteur que l&rsquo;outil de travail. Il est possible de mettre \u00e0 jour le coupleur rapide ou le connecteur d&rsquo;outil au m\u00eame type si n\u00e9cessaire. Steelwrist V14 est un connecteur robuste et flexible qui convient \u00e0 toutes les marques.<\/p>\n<p>Deux types de connecteurs \u00e9lectriques verticaux peuvent \u00eatre mont\u00e9s, soit le connecteur V90 traditionnel \u00e0 10 p\u00f4les, soit le connecteur V14 plus perfectionn\u00e9 \u00e0 14 p\u00f4les. Si votre coupleur rapide ou votre outil de travail est dot\u00e9 de deux connecteurs verticaux V90 c\u00f4te \u00e0 c\u00f4te, vous devez les combiner dans un seul connecteur V14.<\/p>\n<p><strong>2. V\u00e9rifier la fonctionnalit\u00e9 (sur un terrain plat et sans personne \u00e0 proximit\u00e9)<\/strong><\/p>\n<p>a. Attachez doucement l&rsquo;outil de travail au coupleur rapide et v\u00e9rifiez qu&rsquo;aucune interf\u00e9rence m\u00e9canique ne se produit. Toute petite interf\u00e9rence doit \u00eatre corrig\u00e9e avant les prochaines \u00e9tapes.<\/p>\n<p>b. Assurez le fonctionnement complet du FPL en connectant uniquement l&rsquo;axe avant. Verrouillez d\u00e9lib\u00e9r\u00e9ment les cales du coupleur rapide au-dessus de l&rsquo;axe arri\u00e8re et assurez-vous que le t\u00e9moin vert est affich\u00e9 et que le FPL maintient l&rsquo;outil de travail lorsqu&rsquo;il est suspendu uniquement dans l&rsquo;axe avant.<\/p>\n<p>c. Accoupler correctement l&rsquo;outil de travail dans le raccord rapide et v\u00e9rifier le fonctionnement des raccords rapides pour l&rsquo;huile hydraulique. V\u00e9rifiez qu&rsquo;il n&rsquo;y a pas de fuite et assurez-vous que la fonction hydraulique est compl\u00e8te.<\/p>\n<p>d. Si l&rsquo;outil de travail dispose d&rsquo;un connecteur \u00e9lectrique, v\u00e9rifiez que tous les signaux \u00e9lectriques ont une fonctionnalit\u00e9 compl\u00e8te.<\/p>\n<p>NOTE : Si vous n\u2019\u00eates pas s\u00fbr de la combinaison des marques, contactez votre bureau Steelwrist et il vous guidera plus loin. Ne jamais utiliser une combinaison non v\u00e9rifi\u00e9e car cela pourrait entra\u00eener un risque pour la s\u00e9curit\u00e9.<\/p>\n<p>NOTE : Lisez toujours le manuel d&rsquo;utilisation de votre outil de travail et de votre attache rapide avant toute utilisation.<\/p>\n<p>NOTE : Si l&rsquo;adaptateur de votre outil de travail est dot\u00e9 d&rsquo;une plaque de protection contre la poussi\u00e8re qui interf\u00e8re avec la fonction SQ FPL, Steelwrist peut vous fournir une plaque adapt\u00e9e \u00e0 votre outil de travail.<\/p>\n<p>&nbsp;<\/p>\n<div id=\"attachment_107071\" style=\"width: 610px\" class=\"wp-caption alignnone\"><img loading=\"lazy\" decoding=\"async\" aria-describedby=\"caption-attachment-107071\" class=\"wp-image-107071 size-full\" src=\"https:\/\/steelwrist.com\/wp-content\/uploads\/Picture-1-e1562912468297.png\" alt=\"Exemple d'axe avant non conforme\" width=\"600\" height=\"277\" \/><p id=\"caption-attachment-107071\" class=\"wp-caption-text\">Image 1. Exemple d&rsquo;axe avant non conforme. Il n&rsquo;entrera pas dans la m\u00e2choire avant. L&rsquo;axe avant doit \u00eatre conforme \u00e0 la norme S, par exemple. le m\u00eame diam\u00e8tre sur toute la longueur.<\/p><\/div>\n<p>&nbsp;<\/p>\n<div id=\"attachment_107272\" style=\"width: 605px\" class=\"wp-caption alignnone\"><img loading=\"lazy\" decoding=\"async\" aria-describedby=\"caption-attachment-107272\" class=\"wp-image-107272 size-full\" src=\"https:\/\/steelwrist.com\/wp-content\/uploads\/Tableau-1.png\" alt=\"\" width=\"595\" height=\"142\" srcset=\"https:\/\/steelwrist.com\/wp-content\/uploads\/Tableau-1.png 595w, https:\/\/steelwrist.com\/wp-content\/uploads\/Tableau-1-300x72.png 300w, https:\/\/steelwrist.com\/wp-content\/uploads\/Tableau-1-150x36.png 150w, https:\/\/steelwrist.com\/wp-content\/uploads\/Tableau-1-24x6.png 24w, https:\/\/steelwrist.com\/wp-content\/uploads\/Tableau-1-36x9.png 36w, https:\/\/steelwrist.com\/wp-content\/uploads\/Tableau-1-48x11.png 48w, https:\/\/steelwrist.com\/wp-content\/uploads\/Tableau-1-110x26.png 110w, https:\/\/steelwrist.com\/wp-content\/uploads\/Tableau-1-75x18.png 75w\" sizes=\"auto, (max-width: 595px) 100vw, 595px\" \/><p id=\"caption-attachment-107272\" class=\"wp-caption-text\">Tableau 1. Mesures de base, mesures S \u00e9tendues.<\/p><\/div>\n<p>&nbsp;<\/p>\n<div id=\"attachment_107099\" style=\"width: 610px\" class=\"wp-caption alignnone\"><img loading=\"lazy\" decoding=\"async\" aria-describedby=\"caption-attachment-107099\" class=\"wp-image-107099 size-full\" src=\"https:\/\/steelwrist.com\/wp-content\/uploads\/Picture-2-e1562912960424.png\" alt=\"D\u00e9gagement pour FPL\" width=\"600\" height=\"284\" \/><p id=\"caption-attachment-107099\" class=\"wp-caption-text\">Image 2. D\u00e9gagement pour FPL<\/p><\/div>\n<p>&nbsp;<\/p>\n<div id=\"attachment_107288\" style=\"width: 224px\" class=\"wp-caption alignnone\"><img loading=\"lazy\" decoding=\"async\" aria-describedby=\"caption-attachment-107288\" class=\"wp-image-107288 size-full\" src=\"https:\/\/steelwrist.com\/wp-content\/uploads\/Tableau-2.png\" alt=\"D\u00e9gagement pour FPL\" width=\"214\" height=\"143\" srcset=\"https:\/\/steelwrist.com\/wp-content\/uploads\/Tableau-2.png 214w, https:\/\/steelwrist.com\/wp-content\/uploads\/Tableau-2-150x100.png 150w, https:\/\/steelwrist.com\/wp-content\/uploads\/Tableau-2-24x16.png 24w, https:\/\/steelwrist.com\/wp-content\/uploads\/Tableau-2-36x24.png 36w, https:\/\/steelwrist.com\/wp-content\/uploads\/Tableau-2-48x32.png 48w, https:\/\/steelwrist.com\/wp-content\/uploads\/Tableau-2-110x74.png 110w, https:\/\/steelwrist.com\/wp-content\/uploads\/Tableau-2-75x50.png 75w\" sizes=\"auto, (max-width: 214px) 100vw, 214px\" \/><p id=\"caption-attachment-107288\" class=\"wp-caption-text\">Tableau 2. D\u00e9gagement pour FPL<\/p><\/div>\n","protected":false},"excerpt":{"rendered":"<p>SQ est une technologie de raccordement d&rsquo;huile enti\u00e8rement automatique et hautement performante utilis\u00e9e dans les raccords rapides et les tiltrotators des excavatrices pour connecter des outils de travail hydrauliques. Ils ont une performance sup\u00e9rieure et une conception robuste. Lorsque vous&#8230;<\/p>\n","protected":false},"author":12,"featured_media":0,"parent":0,"menu_order":0,"comment_status":"closed","ping_status":"closed","template":"","meta":{"footnotes":""},"class_list":["post-107038","page","type-page","status-publish","hentry"],"acf":[],"_links":{"self":[{"href":"https:\/\/steelwrist.com\/fr\/wp-json\/wp\/v2\/pages\/107038","targetHints":{"allow":["GET"]}}],"collection":[{"href":"https:\/\/steelwrist.com\/fr\/wp-json\/wp\/v2\/pages"}],"about":[{"href":"https:\/\/steelwrist.com\/fr\/wp-json\/wp\/v2\/types\/page"}],"author":[{"embeddable":true,"href":"https:\/\/steelwrist.com\/fr\/wp-json\/wp\/v2\/users\/12"}],"replies":[{"embeddable":true,"href":"https:\/\/steelwrist.com\/fr\/wp-json\/wp\/v2\/comments?post=107038"}],"version-history":[{"count":5,"href":"https:\/\/steelwrist.com\/fr\/wp-json\/wp\/v2\/pages\/107038\/revisions"}],"predecessor-version":[{"id":158177,"href":"https:\/\/steelwrist.com\/fr\/wp-json\/wp\/v2\/pages\/107038\/revisions\/158177"}],"wp:attachment":[{"href":"https:\/\/steelwrist.com\/fr\/wp-json\/wp\/v2\/media?parent=107038"}],"curies":[{"name":"wp","href":"https:\/\/api.w.org\/{rel}","templated":true}]}}