{"id":304543,"date":"2016-01-18T17:11:52","date_gmt":"2016-01-18T16:11:52","guid":{"rendered":"https:\/\/steelwrist.com\/a-propos-de-steelwrist\/"},"modified":"2026-02-24T15:16:42","modified_gmt":"2026-02-24T14:16:42","slug":"a-propos-de-steelwrist","status":"publish","type":"page","link":"https:\/\/steelwrist.com\/fr-be\/a-propos-de-steelwrist\/","title":{"rendered":"A propos de Steelwrist"},"content":{"rendered":"<p>Steelwrist est un fabricant mondial de tiltrotateurs, d&rsquo;attaches rapides et d&rsquo;outils de travail pour pelles dont le si\u00e8ge est en Su\u00e8de. Un accent d\u00e9termin\u00e9 sur des produits robustes et modernes, combin\u00e9 \u00e0 un service rapide a \u00e9t\u00e9 appr\u00e9ci\u00e9 par un nombre croissant de clients.<\/p>\n<h2>La raison de l&rsquo;existence de Steelwrist<\/h2>\n<p>L&rsquo;id\u00e9e de Steelwrist AB est de d\u00e9velopper, fabriquer et vendre des tiltrotateurs, attaches rapides, accessoires et des \u00e9quipement pour les pelles. L&rsquo;objectif de Steelwrist AB est d&rsquo;\u00eatre le \u00a0\u00bbMeilleur du monde pour d\u00e9velopper, fabriquer et vendre des \u00e9quipements qui augmentent l&rsquo;efficacit\u00e9 des Pelles\u00a0\u00bb. Steelwrist AB est une soci\u00e9t\u00e9 Su\u00e9doise dont le si\u00e8ge et la fabrication sont bas\u00e9s \u00e0 Rosersberg, au nord de Stockholm.<\/p>\n<h2>Les valeurs fondamentales de Steelwrist<\/h2>\n<p>Trois valeurs fondamentales, ainsi que nos politiques de qualit\u00e9 et de l&rsquo;environnement, montrent la fa\u00e7on dont nous voulons travailler avec les clients, concessionnaires, fournisseurs et employ\u00e9s.<\/p>\n<h5>R\u00e9activit\u00e9e<\/h5>\n<p>Nous sommes r\u00e9actifs et travaillons activement \u00e0 l&rsquo;\u00e9coute de ce que nos clients veulent. Nous demandons jusqu&rsquo;\u00e0 ce que nous ayons compris, et nous essayons d&rsquo;\u00eatre clairs dans nos communications. Dans notre travail quotidien, cela signifie que nous nous effor\u00e7ons activement d&rsquo;obtenir des commentaires et des suggestions de nos clients, fournisseurs et employ\u00e9s pour l&rsquo;am\u00e9lioration.<\/p>\n<h5>Simplicit\u00e9<\/h5>\n<p>Si quelque chose peut \u00eatre fait plus facilement, c&rsquo;est notre objectif de le faire.<br \/>\nNous nous effor\u00e7ons de rendre nos produits et processus de travail aussi simples que possible.<\/p>\n<h5>Rapidit\u00e9<\/h5>\n<p>Nous nous effor\u00e7ons de raccourcir le temps de r\u00e9ponse dans tous les contacts avec les clients, tels que diffusion, support technique et service. En tant qu&rsquo;organisation, nous nous effor\u00e7ons d&rsquo;avoir un avantage concurrentiel gr\u00e2ce \u00e0 l&rsquo;apprentissage rapide. Dans notre travail quotidien, cela signifie que nous essayons d&rsquo;\u00eatre disponible chaque fois que le client a besoin de nous et que notre service de pi\u00e8ces d\u00e9tach\u00e9es peut \u00eatre en mesure d&rsquo;exp\u00e9dier les composants cl\u00e9s dans un delais tr\u00e9s court.<\/p>\n","protected":false},"excerpt":{"rendered":"<p>Steelwrist est un fabricant mondial de tiltrotateurs, d&rsquo;attaches rapides et d&rsquo;outils de travail pour pelles dont le si\u00e8ge est en Su\u00e8de. Un accent d\u00e9termin\u00e9 sur des produits robustes et modernes, combin\u00e9 \u00e0 un service rapide a \u00e9t\u00e9 appr\u00e9ci\u00e9 par un&#8230;<\/p>\n","protected":false},"author":1,"featured_media":0,"parent":0,"menu_order":58,"comment_status":"closed","ping_status":"closed","template":"","meta":{"footnotes":""},"class_list":["post-304543","page","type-page","status-publish","hentry"],"acf":[],"_links":{"self":[{"href":"https:\/\/steelwrist.com\/fr-be\/wp-json\/wp\/v2\/pages\/304543","targetHints":{"allow":["GET"]}}],"collection":[{"href":"https:\/\/steelwrist.com\/fr-be\/wp-json\/wp\/v2\/pages"}],"about":[{"href":"https:\/\/steelwrist.com\/fr-be\/wp-json\/wp\/v2\/types\/page"}],"author":[{"embeddable":true,"href":"https:\/\/steelwrist.com\/fr-be\/wp-json\/wp\/v2\/users\/1"}],"replies":[{"embeddable":true,"href":"https:\/\/steelwrist.com\/fr-be\/wp-json\/wp\/v2\/comments?post=304543"}],"version-history":[{"count":1,"href":"https:\/\/steelwrist.com\/fr-be\/wp-json\/wp\/v2\/pages\/304543\/revisions"}],"predecessor-version":[{"id":317847,"href":"https:\/\/steelwrist.com\/fr-be\/wp-json\/wp\/v2\/pages\/304543\/revisions\/317847"}],"wp:attachment":[{"href":"https:\/\/steelwrist.com\/fr-be\/wp-json\/wp\/v2\/media?parent=304543"}],"curies":[{"name":"wp","href":"https:\/\/api.w.org\/{rel}","templated":true}]}}