{"id":304533,"date":"2016-02-17T14:35:32","date_gmt":"2016-02-17T13:35:32","guid":{"rendered":"https:\/\/steelwrist.com\/parties\/"},"modified":"2025-12-17T11:08:07","modified_gmt":"2025-12-17T10:08:07","slug":"parties","status":"publish","type":"page","link":"https:\/\/steelwrist.com\/fr-be\/service\/parties\/","title":{"rendered":"Pi\u00e8ces de rechange"},"content":{"rendered":"<p>Si vous avez besoin de pi\u00e8ces de rechange, il y a plusieurs options :<\/p>\n<p>Contactez votre concessionnaire o\u00f9 vous avez achet\u00e9 votre Steelwrist ou nos partenaires de service. Plusieurs ont un stock de pi\u00e8ces de rechange.<br \/>\nRecherchez votre revendeur local <a href=\"https:\/\/steelwrist.com\/fr-be\/distributeur\/\">ici<\/a>.<\/p>\n<p>Appelez notre num\u00e9ro de pi\u00e8ces de rechange au <a href=\"tel:+31527744153\">+31 5277 44 153<\/a> et nous vous aiderons.<\/p>\n<h2><span data-sheets-root=\"1\" data-sheets-value=\"{&quot;1&quot;:2,&quot;2&quot;:&quot;Besoin d\u2019aide pour trouver la bonne pi\u00e8ce de rechange?&quot;}\" data-sheets-userformat=\"{&quot;2&quot;:23489,&quot;3&quot;:{&quot;1&quot;:0},&quot;9&quot;:0,&quot;10&quot;:0,&quot;11&quot;:4,&quot;12&quot;:0,&quot;14&quot;:{&quot;1&quot;:2,&quot;2&quot;:0},&quot;15&quot;:&quot;Arial, sans-serif&quot;,&quot;17&quot;:1}\">Besoin d\u2019aide pour trouver la bonne pi\u00e8ce de rechange?<\/span><\/h2>\n<p>Il existe diff\u00e9rentes options si vous n&rsquo;\u00eates pas s\u00fbr des pi\u00e8ces dont vous avez besoin:<\/p>\n<ul>\n<li>Connectez-vous au <a href=\"https:\/\/portal-nl.steelwrist.com\/\" target=\"_blank\" rel=\"noopener\">Steelwrist Portal<\/a> et recherchez les bonnes pi\u00e8ces.<\/li>\n<li>Le bouton pour ce connecter est en haut \u00e0 droite de ce site.<\/li>\n<li>Contactez Steelwrist Support: <a href=\"tel:+31527744153\">+31 5277 44 153<\/a> et nous vous aiderons.<\/li>\n<li><span data-sheets-root=\"1\" data-sheets-value=\"{&quot;1&quot;:2,&quot;2&quot;:&quot;Envoyer un mail \u00e0 support.fr@steelwrist.com &quot;}\" data-sheets-userformat=\"{&quot;2&quot;:7107,&quot;3&quot;:{&quot;1&quot;:0},&quot;4&quot;:{&quot;1&quot;:2,&quot;2&quot;:4884200},&quot;9&quot;:0,&quot;10&quot;:0,&quot;11&quot;:4,&quot;12&quot;:0,&quot;14&quot;:{&quot;1&quot;:2,&quot;2&quot;:0},&quot;15&quot;:&quot;Arial, sans-serif&quot;}\">Envoyer un mail \u00e0 <a href=\"mailto:support@steelwrist.com\">support@steelwrist.com <\/a><\/span><\/li>\n<\/ul>\n<h2><span data-sheets-root=\"1\" data-sheets-value=\"{&quot;1&quot;:2,&quot;2&quot;:&quot;Horaires d\u2019ouverture du support&quot;}\" data-sheets-userformat=\"{&quot;2&quot;:31491,&quot;3&quot;:{&quot;1&quot;:0},&quot;4&quot;:{&quot;1&quot;:2,&quot;2&quot;:4884200},&quot;11&quot;:4,&quot;12&quot;:0,&quot;14&quot;:{&quot;1&quot;:2,&quot;2&quot;:0},&quot;15&quot;:&quot;Arial&quot;,&quot;16&quot;:10,&quot;17&quot;:1}\">Horaires d\u2019ouverture du support<\/span><\/h2>\n<p><span data-sheets-root=\"1\" data-sheets-value=\"{&quot;1&quot;:2,&quot;2&quot;:&quot;Notre service est ouvert en semaine 8:00 \u00e0 17:00&quot;}\" data-sheets-userformat=\"{&quot;2&quot;:15107,&quot;3&quot;:{&quot;1&quot;:0},&quot;4&quot;:{&quot;1&quot;:2,&quot;2&quot;:4884200},&quot;11&quot;:4,&quot;12&quot;:0,&quot;14&quot;:{&quot;1&quot;:2,&quot;2&quot;:0},&quot;15&quot;:&quot;Arial&quot;,&quot;16&quot;:10}\">Notre service est ouvert en semaine 8:00 \u00e0 17:00<\/span><\/p>\n","protected":false},"excerpt":{"rendered":"<p>Si vous avez besoin de pi\u00e8ces de rechange, il y a plusieurs options : Contactez votre concessionnaire o\u00f9 vous avez achet\u00e9 votre Steelwrist ou nos partenaires de service. Plusieurs ont un stock de pi\u00e8ces de rechange. Recherchez votre revendeur local&#8230;<\/p>\n","protected":false},"author":1,"featured_media":0,"parent":304534,"menu_order":0,"comment_status":"closed","ping_status":"closed","template":"","meta":{"footnotes":""},"class_list":["post-304533","page","type-page","status-publish","hentry"],"acf":[],"_links":{"self":[{"href":"https:\/\/steelwrist.com\/fr-be\/wp-json\/wp\/v2\/pages\/304533","targetHints":{"allow":["GET"]}}],"collection":[{"href":"https:\/\/steelwrist.com\/fr-be\/wp-json\/wp\/v2\/pages"}],"about":[{"href":"https:\/\/steelwrist.com\/fr-be\/wp-json\/wp\/v2\/types\/page"}],"author":[{"embeddable":true,"href":"https:\/\/steelwrist.com\/fr-be\/wp-json\/wp\/v2\/users\/1"}],"replies":[{"embeddable":true,"href":"https:\/\/steelwrist.com\/fr-be\/wp-json\/wp\/v2\/comments?post=304533"}],"version-history":[{"count":3,"href":"https:\/\/steelwrist.com\/fr-be\/wp-json\/wp\/v2\/pages\/304533\/revisions"}],"predecessor-version":[{"id":309879,"href":"https:\/\/steelwrist.com\/fr-be\/wp-json\/wp\/v2\/pages\/304533\/revisions\/309879"}],"up":[{"embeddable":true,"href":"https:\/\/steelwrist.com\/fr-be\/wp-json\/wp\/v2\/pages\/304534"}],"wp:attachment":[{"href":"https:\/\/steelwrist.com\/fr-be\/wp-json\/wp\/v2\/media?parent=304533"}],"curies":[{"name":"wp","href":"https:\/\/api.w.org\/{rel}","templated":true}]}}