{"id":304530,"date":"2016-02-17T14:36:03","date_gmt":"2016-02-17T13:36:03","guid":{"rendered":"https:\/\/steelwrist.com\/garantie\/"},"modified":"2016-02-17T14:36:03","modified_gmt":"2016-02-17T13:36:03","slug":"garantie","status":"publish","type":"page","link":"https:\/\/steelwrist.com\/fr-be\/service\/garantie\/","title":{"rendered":"Garantie"},"content":{"rendered":"<p>Vous b\u00e9n\u00e9ficiez toujours d&rsquo;une garantie d&rsquo;usine d&rsquo;un an, mais vous pouvez facilement l&rsquo;\u00e9tendre \u00e0 deux ans sur les tiltrotateurs, les attaches rapides et les syst\u00e8mes de direction en quelques \u00e9tapes simples.<\/p>\n<p>La garantie standard comprend 12 mois ou 1600 heures (selon le premier terme atteint) et comprend:<br \/>\n&#8211; Toutes les defauts de construction et de fabrication sur tous les produits.<\/p>\n<p>Pour obtenir la garantie prolong\u00e9e jusqu&rsquo;\u00e0 24 mois et 3200 heures sur les tiltrotateurs, les attaches rapides et les syst\u00e8mes de direction (premi\u00e8re terme atteint), vous devez vous assurer que vous, en tant qu&rsquo;utilisateur final:<\/p>\n<ul>\n<li>Le tiltrotateur et \/ ou l&rsquo;attache rapide sont enregistr\u00e9s ici dans un d\u00e9lai d&rsquo;un mois \u00e0 compter de la r\u00e9ception par votre concessionnaire.<\/li>\n<li>Suivez le programme d&rsquo;entretien contenu dans le manuel d&rsquo;utilisation, que vous recevez avec la livraison de la machine.<\/li>\n<\/ul>\n","protected":false},"excerpt":{"rendered":"<p>Vous b\u00e9n\u00e9ficiez toujours d&rsquo;une garantie d&rsquo;usine d&rsquo;un an, mais vous pouvez facilement l&rsquo;\u00e9tendre \u00e0 deux ans sur les tiltrotateurs, les attaches rapides et les syst\u00e8mes de direction en quelques \u00e9tapes simples. La garantie standard comprend 12 mois ou 1600 heures&#8230;<\/p>\n","protected":false},"author":1,"featured_media":0,"parent":304534,"menu_order":0,"comment_status":"closed","ping_status":"closed","template":"","meta":{"footnotes":""},"class_list":["post-304530","page","type-page","status-publish","hentry"],"acf":[],"_links":{"self":[{"href":"https:\/\/steelwrist.com\/fr-be\/wp-json\/wp\/v2\/pages\/304530","targetHints":{"allow":["GET"]}}],"collection":[{"href":"https:\/\/steelwrist.com\/fr-be\/wp-json\/wp\/v2\/pages"}],"about":[{"href":"https:\/\/steelwrist.com\/fr-be\/wp-json\/wp\/v2\/types\/page"}],"author":[{"embeddable":true,"href":"https:\/\/steelwrist.com\/fr-be\/wp-json\/wp\/v2\/users\/1"}],"replies":[{"embeddable":true,"href":"https:\/\/steelwrist.com\/fr-be\/wp-json\/wp\/v2\/comments?post=304530"}],"version-history":[{"count":0,"href":"https:\/\/steelwrist.com\/fr-be\/wp-json\/wp\/v2\/pages\/304530\/revisions"}],"up":[{"embeddable":true,"href":"https:\/\/steelwrist.com\/fr-be\/wp-json\/wp\/v2\/pages\/304534"}],"wp:attachment":[{"href":"https:\/\/steelwrist.com\/fr-be\/wp-json\/wp\/v2\/media?parent=304530"}],"curies":[{"name":"wp","href":"https:\/\/api.w.org\/{rel}","templated":true}]}}