{"id":304529,"date":"2016-02-17T14:36:23","date_gmt":"2016-02-17T13:36:23","guid":{"rendered":"https:\/\/steelwrist.com\/formation\/"},"modified":"2016-02-17T14:36:23","modified_gmt":"2016-02-17T13:36:23","slug":"formation","status":"publish","type":"page","link":"https:\/\/steelwrist.com\/fr-be\/service\/formation\/","title":{"rendered":"Formation"},"content":{"rendered":"<h2>L&rsquo;expertise mise \u00e0 jour permet une installation et un service efficace<\/h2>\n<p>Nous offrons \u00e0 tous nos concessionnaires la formation sur nos produits, que ce soit dans notre centre de formation \u00e0 Rosersberg ou sur site chez le concessionnaire. Compl\u00e8tement d\u00e9pendant de ce qui est le plus facile. Nous attachons une grande importance \u00e0 notre syst\u00e8me de contr\u00f4le puisque nous savons que cela est la partie difficile pour de nombreux concessionnaires. Certains de nos cours qui font partie du programme de formation servent \u00e0 etre certifi\u00e9 Partner Steelwrist. Contactez-nous pour plus d&rsquo;informations sur les cours, le contenu des cours et les exigences d&rsquo;entr\u00e9e.<\/p>\n<p><iframe src=\"https:\/\/pages.upsales.com\/6936uaaa22be57863466fbfdcb6a313604aaf-frame\" \t\twidth=\"100%\" \t\theight=\"674\" \t\tstyle=\"border:0\"><\/iframe><\/p>\n","protected":false},"excerpt":{"rendered":"<p>L&rsquo;expertise mise \u00e0 jour permet une installation et un service efficace Nous offrons \u00e0 tous nos concessionnaires la formation sur nos produits, que ce soit dans notre centre de formation \u00e0 Rosersberg ou sur site chez le concessionnaire. Compl\u00e8tement d\u00e9pendant&#8230;<\/p>\n","protected":false},"author":1,"featured_media":0,"parent":304534,"menu_order":0,"comment_status":"closed","ping_status":"closed","template":"","meta":{"footnotes":""},"class_list":["post-304529","page","type-page","status-publish","hentry"],"acf":[],"_links":{"self":[{"href":"https:\/\/steelwrist.com\/fr-be\/wp-json\/wp\/v2\/pages\/304529","targetHints":{"allow":["GET"]}}],"collection":[{"href":"https:\/\/steelwrist.com\/fr-be\/wp-json\/wp\/v2\/pages"}],"about":[{"href":"https:\/\/steelwrist.com\/fr-be\/wp-json\/wp\/v2\/types\/page"}],"author":[{"embeddable":true,"href":"https:\/\/steelwrist.com\/fr-be\/wp-json\/wp\/v2\/users\/1"}],"replies":[{"embeddable":true,"href":"https:\/\/steelwrist.com\/fr-be\/wp-json\/wp\/v2\/comments?post=304529"}],"version-history":[{"count":0,"href":"https:\/\/steelwrist.com\/fr-be\/wp-json\/wp\/v2\/pages\/304529\/revisions"}],"up":[{"embeddable":true,"href":"https:\/\/steelwrist.com\/fr-be\/wp-json\/wp\/v2\/pages\/304534"}],"wp:attachment":[{"href":"https:\/\/steelwrist.com\/fr-be\/wp-json\/wp\/v2\/media?parent=304529"}],"curies":[{"name":"wp","href":"https:\/\/api.w.org\/{rel}","templated":true}]}}