{"id":304488,"date":"2016-04-06T16:17:39","date_gmt":"2016-04-06T14:17:39","guid":{"rendered":"https:\/\/steelwrist.com\/regles-reglementations-et-normes\/"},"modified":"2016-04-06T16:17:39","modified_gmt":"2016-04-06T14:17:39","slug":"regles-reglementations-et-normes","status":"publish","type":"page","link":"https:\/\/steelwrist.com\/fr-be\/faq\/regles-reglementations-et-normes\/","title":{"rendered":"Questions et r\u00e9ponses &#8211; R\u00e8gles, r\u00e8glementations et normes"},"content":{"rendered":"<p class=\"ingress\">Nous ne pouvons pas vous dire ce qu&rsquo;il faut faire, mais nous pouvons vous aider \u00e0 comprendre ce que vous devez faire. Nous recevons suffisamment de questions concernant les r\u00e8gles qui sont applicables et ce qui peut arriver si elles ne sont pas suivies. Ici, nous essayons de donner des r\u00e9ponses \u00e0 certaines questions courantes. Notez que ce ne sont pas toutes les r\u00e9gles applicables, mais nous nous concentrons sur quelques-unes qui peuvent \u00eatre bonne \u00e0 savoir.<\/p>\n<h3>Qu&rsquo;est-ce que la directive Machines?<\/h3>\n<p>La nouvelle directive Machines (2006\/42 \/ CE) est entr\u00e9e en vigueur le 29 D\u00e9cembre 2009 et r\u00e9glemente les conditions pour les machines \u00e0 \u00eatre marqu\u00e9es CE.<\/p>\n<p><strong>La marque CE montre que:<\/strong><\/p>\n<ul>\n<li>Le fabricant garantit que la machine est conforme \u00e0 la directive<\/li>\n<li>Le fabricant assume la responsabilit\u00e9 de la s\u00e9curit\u00e9 de la machine<\/li>\n<li>La machine doit \u00eatre aussi s\u00fbre que possible<\/li>\n<li>L&rsquo;acheteur doit avoir la d\u00e9claration de conformit\u00e9<\/li>\n<li>Le fabricant doit avoir la documentation technique<\/li>\n<li>La machine peut \u00eatre vendue librement dans l&rsquo;UE<\/li>\n<\/ul>\n<h3>Quelle est la norme Symmetric pour Attaches rapides?<\/h3>\n<p>La norme sym\u00e9trique est une norme ind\u00e9pendante de machine g\u00e9r\u00e9e par l&rsquo;association commerciale su\u00e9doise pour les fournisseurs de machines mobiles.<\/p>\n<p><strong>Le but de la normalisation est de:<\/strong><\/p>\n<ul>\n<li>Cr\u00e9er une norme qui est s\u00fbr et facile \u00e0 utiliser, ainsi que l&rsquo;harmonisation avec les normes internationales telles que EN474 et la future ISO13031.<\/li>\n<li>Cr\u00e9er une norme industrielle comp\u00e9titive et ouverte non contr\u00f4l\u00e9e par un seul fabricant, mais par une organisation professionnelle reconnue et impartiale.<\/li>\n<li>Cr\u00e9er une d\u00e9signation uniforme pour les fixations rapides de diff\u00e9rentes tailles dans la norme.<\/li>\n<li>Cr\u00e9er une fabrication standard uniforme avec des dimensions et des tol\u00e9rances, et adapt\u00e9 pour une fabrication efficace.<\/li>\n<li>Cr\u00e9er un design qui le rend pas cher et facile \u00e0 construire sur des godets et des accessoires neufs et d&rsquo;occasion.<\/li>\n<li>Cr\u00e9er un design qui est adapt\u00e9 \u00e0 l&rsquo;installation sur les diff\u00e9rents types de syst\u00e8mes d&rsquo;engrenages avec l&rsquo;outil que l&rsquo;on appelle un sandwich, type Rototilt \/ Tiltrotator et similaires avec des connexions rapides \u00e0 la fois au-dessus et en-dessous.<\/li>\n<li>Cr\u00e9er une norme dans la mesure du possible, conserver des propri\u00e9t\u00e9s normales \u00e0 creuser pour la pelle.<\/li>\n<li>Avoir une largeur uniforme et coh\u00e9rente de l&rsquo;adaptateur, qui est accord\u00e9 \u00e0 la g\u00e9om\u00e9trie des godets les plus communs de la pelle.<\/li>\n<li>\u00catre sans jeu et sans n\u00e9cessit\u00e9 de calage individuel<\/li>\n<li>Avoir une conception qui permet une installation future des syst\u00e8mes enti\u00e8rement automatis\u00e9s pour le raccordement des tuyaux hydrauliques et les c\u00e2bles \u00e9lectriques.<\/li>\n<li>La norme devrait \u00eatre soutenue par la majorit\u00e9 des fournisseurs su\u00e9dois et nordique de machines et d&rsquo;\u00e9quipements.<\/li>\n<\/ul>\n","protected":false},"excerpt":{"rendered":"<p>Nous ne pouvons pas vous dire ce qu&rsquo;il faut faire, mais nous pouvons vous aider \u00e0 comprendre ce que vous devez faire. Nous recevons suffisamment de questions concernant les r\u00e8gles qui sont applicables et ce qui peut arriver si elles&#8230;<\/p>\n","protected":false},"author":12,"featured_media":0,"parent":304490,"menu_order":53,"comment_status":"closed","ping_status":"closed","template":"","meta":{"footnotes":""},"class_list":["post-304488","page","type-page","status-publish","hentry"],"acf":[],"_links":{"self":[{"href":"https:\/\/steelwrist.com\/fr-be\/wp-json\/wp\/v2\/pages\/304488","targetHints":{"allow":["GET"]}}],"collection":[{"href":"https:\/\/steelwrist.com\/fr-be\/wp-json\/wp\/v2\/pages"}],"about":[{"href":"https:\/\/steelwrist.com\/fr-be\/wp-json\/wp\/v2\/types\/page"}],"author":[{"embeddable":true,"href":"https:\/\/steelwrist.com\/fr-be\/wp-json\/wp\/v2\/users\/12"}],"replies":[{"embeddable":true,"href":"https:\/\/steelwrist.com\/fr-be\/wp-json\/wp\/v2\/comments?post=304488"}],"version-history":[{"count":0,"href":"https:\/\/steelwrist.com\/fr-be\/wp-json\/wp\/v2\/pages\/304488\/revisions"}],"up":[{"embeddable":true,"href":"https:\/\/steelwrist.com\/fr-be\/wp-json\/wp\/v2\/pages\/304490"}],"wp:attachment":[{"href":"https:\/\/steelwrist.com\/fr-be\/wp-json\/wp\/v2\/media?parent=304488"}],"curies":[{"name":"wp","href":"https:\/\/api.w.org\/{rel}","templated":true}]}}