{"id":304482,"date":"2016-04-19T10:51:53","date_gmt":"2016-04-19T08:51:53","guid":{"rendered":"https:\/\/steelwrist.com\/sany\/"},"modified":"2026-01-16T17:22:00","modified_gmt":"2026-01-16T16:22:00","slug":"sany","status":"publish","type":"page","link":"https:\/\/steelwrist.com\/fr-be\/votre-pelle\/sany\/","title":{"rendered":"Sany"},"content":{"rendered":"<p>Que vous ayez besoin d&rsquo;une attache rapide s\u00fbre et robuste, d&rsquo;une attache rotative ou \u00e0 inclinaison plus avanc\u00e9e ou du tiltrotateur le plus efficace, nous avons la solution pour vous. Choisissez parmi une large gamme d&rsquo;accessoires, d&rsquo;outils de travail et de godets, tous con\u00e7us pour fonctionner parfaitement sous le tiltrotateur. La pelle m\u00e9canique sera pr\u00eate \u00e0 effectuer de multiples types de t\u00e2ches, qu&rsquo;il s&rsquo;agisse de creuser, de soulever, de niveler, de trier, de compacter, de d\u00e9molir, etc.<\/p>\n<p><span data-sheets-root=\"1\">Filtrez les r\u00e9sultats ci-dessous en fonction du poids de votre excavatrice pour trouver l&rsquo;\u00e9quipement Steelwrist compatible avec votre machine.<\/span><\/p>\n<h4><strong><span data-sheets-root=\"1\">QUESTIONS<\/span>?<\/strong><\/h4>\n<p><span data-sheets-root=\"1\">Contactez votre concessionnaire pour obtenir un devis, ou appelez-nous au <a href=\"tel:+31527744151\">+31 527 744151<\/a>\u00a0et nous serons ravis de vous aider.<\/span><\/p>\n\n","protected":false},"excerpt":{"rendered":"","protected":false},"author":12,"featured_media":0,"parent":304555,"menu_order":1,"comment_status":"closed","ping_status":"closed","template":"template-excavator-brand.php","meta":{"footnotes":""},"class_list":["post-304482","page","type-page","status-publish","hentry"],"acf":[],"_links":{"self":[{"href":"https:\/\/steelwrist.com\/fr-be\/wp-json\/wp\/v2\/pages\/304482","targetHints":{"allow":["GET"]}}],"collection":[{"href":"https:\/\/steelwrist.com\/fr-be\/wp-json\/wp\/v2\/pages"}],"about":[{"href":"https:\/\/steelwrist.com\/fr-be\/wp-json\/wp\/v2\/types\/page"}],"author":[{"embeddable":true,"href":"https:\/\/steelwrist.com\/fr-be\/wp-json\/wp\/v2\/users\/12"}],"replies":[{"embeddable":true,"href":"https:\/\/steelwrist.com\/fr-be\/wp-json\/wp\/v2\/comments?post=304482"}],"version-history":[{"count":2,"href":"https:\/\/steelwrist.com\/fr-be\/wp-json\/wp\/v2\/pages\/304482\/revisions"}],"predecessor-version":[{"id":312526,"href":"https:\/\/steelwrist.com\/fr-be\/wp-json\/wp\/v2\/pages\/304482\/revisions\/312526"}],"up":[{"embeddable":true,"href":"https:\/\/steelwrist.com\/fr-be\/wp-json\/wp\/v2\/pages\/304555"}],"wp:attachment":[{"href":"https:\/\/steelwrist.com\/fr-be\/wp-json\/wp\/v2\/media?parent=304482"}],"curies":[{"name":"wp","href":"https:\/\/api.w.org\/{rel}","templated":true}]}}